{"id":193,"date":"2014-09-18T11:27:26","date_gmt":"2014-09-18T11:27:26","guid":{"rendered":"http:\/\/csot.semmelweis.hu\/?page_id=193"},"modified":"2025-05-17T16:07:48","modified_gmt":"2025-05-17T14:07:48","slug":"deutsches-studium-erstes-yahr","status":"publish","type":"page","link":"https:\/\/semmelweis.hu\/csot\/de\/deutsches-studium\/deutsches-studium-erstes-yahr\/","title":{"rendered":"Berufsfelderkundung"},"content":{"rendered":"<h1>Berufsfelderkundung<\/h1>\n<p>Kreditpunkte: 2<\/p>\n<p>Semester: 2<\/p>\n<p>Semesterwochenstunde: 35<\/p>\n<p>Vorlesung: 7<\/p>\n<p>Praktikum: 28<\/p>\n<p>Typ des Kurses: Pflichtfach<\/p>\n<p>Studienjahr: 1<\/p>\n<p><strong>Unterrichtssprache des Studienfaches im Falle von Wahlpflicht- und Wahlf\u00e4chern:<\/strong> deutsch<\/p>\n<p><strong>Code des Studienfaches:<\/strong> AOKCSA1138_1N<\/p>\n<p><strong>Name der\/des Studienfachverantwortlichen:<\/strong> Prof. Dr. Torzsa P\u00e9ter<\/p>\n<p><strong>Arbeitsstelle und Kontaktdaten der\/des Studienverantwortlichen:<\/strong><\/p>\n<p>Lehrstuhl f\u00fcr Familienmedizin +36-1-355-8530<\/p>\n<p><strong>Position der\/des Studienverantwortlichen:<\/strong> Direktor<\/p>\n<p><strong>Datum und Nummer der Habilitationsurkunde:<\/strong> 2020.07.21., 11\/2020<\/p>\n<p><strong>Lernzielsetzung des Faches und dessen Stellenwert im medizinischen Curriculum:<\/strong><\/p>\n<ol>\n<li>Ein anstrebenswertes Bild \u00fcber den \u00e4rztlichen Beruf geben<\/li>\n<li>Demonstration des \u00e4rztlichen Verhaltens, der Kommunikation mit den Kollegen und dem Personal des Gesundheitswesens<\/li>\n<li>Die Formierung des \u00e4rztlichen Standesbewusstseins, nach M\u00f6glichkeit durch Vorstellung einerbestimmten \u00e4rztlichen Karriere<\/li>\n<li>Darlegung der Spezifik der klinischen Arbeit<\/li>\n<li>Gewinnung eines \u00dcberblickes zu den verschiedenen Etappen der Gesundheitsversorgung<\/li>\n<li>Demonstration der Organisation, des Aufbaues und der T\u00e4tigkeit der Klinik und der <br \/>\nHausarztpraxen,<\/li>\n<li>Vorf\u00fchrung der wissenschaftlichen Arbeit der Klinik, das Interesse an der klinischen <br \/>\nund haus\u00e4rztlichen Forschungsarbeit erwecken.<\/li>\n<\/ol>\n<p><strong>Dem Studienfach zugeordneter Unterrichtsort (Adresse des Vorlesungssaals, Seminarraums, usw.)<\/strong><\/p>\n<p><strong>Vorlesungen:<\/strong><\/p>\n<p><strong>Vorlesungssaal:<\/strong> NET Barna el\u0151ad\u00f3terem<\/p>\n<p><strong>Praktika:<\/strong><\/p>\n<p><strong>Zertifizierten Lehrpraxen in Budapest und Umgebung:<\/strong><\/p>\n<ul>\n<li>Dr. T\u00f6r\u00f6k Katalin, 1121 Bp., Zugligeti u. 58-60.<\/li>\n<li>Dr. Reis Marianne, 1139 Bp., Szegedi u. 17.<\/li>\n<li>Dr. Szab\u00f3 Endre, 1105 Bp., Zsivaj u. 2.<\/li>\n<li>Dr. Bak Mih\u00e1ly, 1025 Bp., V\u00e9rhalom t\u00e9r 10.<\/li>\n<li>Dr. Kot\u00e1nyi P\u00e9ter, 1097 Budapest,<\/li>\n<li>Dr. Horv\u00e1th Edit, 1039 Budapest, Csob\u00e1nka t\u00e9r 6.<\/li>\n<li>Dr. Becze \u00c1d\u00e1m, 1163 Budapest, Margit u. 33.<\/li>\n<li>Dr. Somos \u00c9va, 1025 Budapest, V\u00e9rhalom t\u00e9r 10.<\/li>\n<li>Dr. Szab\u00f3 Endre, 1105 Bp., Zsivaj u. 2.<\/li>\n<li>Dr. B\u00edr\u00f3 Mariann, 1065 Budapest, Bajcsy-Zsilinszky \u00fat 33.<\/li>\n<li>Dr. B\u00e1nhidi Eszter, 1172 Budapest, Diadal u. 40.<\/li>\n<li>Dr. Csatl\u00f3s Dalma, 1131 Budapest, T\u00e1tra utca 11.<\/li>\n<li>Dr. Dani Vilmos, 1116 Bp., Albertfalva u. 3.<\/li>\n<\/ul>\n<p><strong>Kliniken:<\/strong><\/p>\n<ul>\n<li>Klinik f\u00fcr Neurochirurgie und Neurointervention &#8211; Lehrstuhl f\u00fcr Neurochirurgie<\/li>\n<li>Klinik f\u00fcr Rehabilitation<\/li>\n<li>Lehrstuhl f\u00fcr Familienmedizin<\/li>\n<li>Klinik f\u00fcr Neurologie<\/li>\n<li>Klinik f\u00fcr Gebursthilfe und Frauenheilkunde<\/li>\n<li>Klinik f\u00fcr Hals-, Nasen- und Ohrenheilkunde, Kopf und Halschirurgie<\/li>\n<li>Klinik f\u00fcr Psychiatrie und Psychoterapie<\/li>\n<li>Herz und Gef\u00e4\u00dfklinik der Semmelweis Universit\u00e4t in Varosmajor<\/li>\n<li>Institut f\u00fcr Preventivmedizin und Public Health<\/li>\n<li>Klinik f\u00fcr Kinderheilkunde<\/li>\n<li>Klinik f\u00fcr Chirurgie, Transplantation und Gastroenteorologie<\/li>\n<li>Skill Labor<\/li>\n<\/ul>\n<p><strong>Erworbene Kompetenzen bei erfolgreicher Ableistung des Studienfaches:<\/strong><\/p>\n<ul>\n<li>Einf\u00fchrung in die \u00e4rztliche Gespr\u00e4chsf\u00fchrung<\/li>\n<li>Einf\u00fchrung in die Anamneseerhebung und in grundlegende<\/li>\n<li>Kommunikationstechniken<\/li>\n<li>Einf\u00fchrung in die k\u00f6rperliche Untersuchung<\/li>\n<li>Erlernen grundlegender Untersuchungstechniken<\/li>\n<li>Erlernen der Basisfertigkeiten in der k\u00f6rperlichen Untersuchung<\/li>\n<li>Einf\u00fchrung in die H\u00e4ndedesinfektion und Blutnehmen<\/li>\n<\/ul>\n<p><strong>Vorherige Studienvoraussetzung\/en f\u00fcr die Belegung bzw. das Absolvieren des gegebenen Studienfaches: <\/strong>&#8212;<\/p>\n<p><strong>Im Falle eines mehrsemestrigen Studienfachs die Meinung der Organisationseinheit f\u00fcr Bildung und Forschung bez\u00fcglich M\u00f6glichkeiten einer parallelen Einschreibung bzw. der Bedingungen ihrer Genehmigung: <\/strong>&#8212;<\/p>\n<p><strong>Mindest- und H\u00f6chstzahl von Studierenden, die f\u00fcr das Zustandekommen des Kurses erforderlich ist sowie die Kriterien f\u00fcr die Auswahl der Studierenden: <\/strong>15\/350<\/p>\n<p>Das Fach besteht aus 7 Vorlesungen (1 Stunde\/Woche), 1 Konsultation (1 Stunde), 8 klinischen Praktika (3 Stunden\/Woche) und 1 Skill Lab Praktikum (3 Stunden). Insgesammt 7 theoretische Stunden und 28 Stunden Praktika.<\/p>\n<p>An der Lehre beteiligte Institute: <\/p>\n<ul>\n<li>Klinik f\u00fcr Neurochirurgie und Neurointervention &#8211; Lehrstuhl f\u00fcr Neurochirurgie<\/li>\n<li>Klinik f\u00fcr Rehabilitation<\/li>\n<li>Lehrstuhl f\u00fcr Familienmedizin<\/li>\n<li>Klinik f\u00fcr Neurologie<\/li>\n<li>Klinik f\u00fcr Gebursthilfe und Frauenheilkunde<\/li>\n<li>Klinik f\u00fcr Hals-, Nasen- und Ohrenheilkunde, Kopf und Halschirurgie<\/li>\n<li>Klinik f\u00fcr Psychiatrie und Psychoterapie<\/li>\n<li>Herz und Gef\u00e4\u00dfklinik der Semmelweis Universit\u00e4t in Varosmajor<\/li>\n<li>Institut f\u00fcr Preventivmedizin und Public Health<\/li>\n<li>Klinik f\u00fcr Kinderheilkunde<\/li>\n<li>Klinik f\u00fcr Chirurgie, Transplantation und Gastroenteorologie<\/li>\n<li>Skill Labor<\/li>\n<\/ul>\n<p><strong>Vorlesungen:<\/strong><\/p>\n<ol>\n<li>Woche: Psychiatrie\u00a0\u00a0 Prof. Dr. R\u00e9thelyi J\u00e1nos<\/li>\n<li>Woche: Kinderheilkunde:\u00a0\u00a0 Prof. Dr. Reusz Gy\u00f6rgy<\/li>\n<li>Woche: Rehabilitation: unter der Organisation<\/li>\n<li>Woche: Neurochirurgie : unter der Organisation<\/li>\n<li>Woche: Geburtshilfe und Gynekologie: Dr. Szab\u00f3 G\u00e1bor<\/li>\n<li>Woche: Preventivmedizin: Dr. Terebessy Andr\u00e1s<\/li>\n<li>Woche: Allgemeinmedizin: \u00a0Dr. Sz\u00e9lv\u00e1ri \u00c1gnes\u00a0<\/li>\n<li>Woche: Konsultation \u00fcber den Essay und die Pr\u00fcfungsanforderungen, Fallbesprechung: Dr. Sz\u00e9lv\u00e1ri \u00c1gnes\u00a0\u00a0<\/li>\n<\/ol>\n<p><strong>Praktika:<\/strong><\/p>\n<ol>\n<li>Woche: Innere Medizin, Neurochirurgie, Kinderheilkunde, Psychiatrie, Geburtshilfe und Gynekologie, Allgemeinmedizin, Kardiologie, HNO,\u00a0 Preventieve Medizin, Rehabilitation Neurologie nach Einteilung<\/li>\n<li>Woche: Innere Medizin, Neurochirurgie, Kinderheilkunde, Psychiatrie, Geburtshilfe und Gynekologie, Allgemeinmedizin, Kardiologie, HNO,\u00a0 Preventieve Medizin, Rehabilitation Neurologie nach Einteilung<\/li>\n<li>Woche: Innere Medizin, Neurochirurgie, Kinderheilkunde, Psychiatrie, Geburtshilfe und Gynekologie, Allgemeinmedizin, Kardiologie, HNO,\u00a0 Preventieve Medizin, Rehabilitation Neurologie nach Einteilung<\/li>\n<li>Woche: Innere Medizin, Neurochirurgie, Kinderheilkunde, Psychiatrie, Geburtshilfe und Gynekologie, Allgemeinmedizin, Kardiologie, HNO,\u00a0 Preventieve Medizin, Rehabilitation Neurologie nach Einteilung<\/li>\n<li>Woche: Innere Medizin, Neurochirurgie, Kinderheilkunde, Psychiatrie, Geburtshilfe und Gynekologie, Allgemeinmedizin, Kardiologie, HNO,\u00a0 Preventieve Medizin, Rehabilitation Neurologie nach Einteilung<\/li>\n<li>Woche: Innere Medizin, Neurochirurgie, Kinderheilkunde, Psychiatrie, Geburtshilfe und Gynekologie, Allgemeinmedizin, Kardiologie, HNO,\u00a0 Preventieve Medizin, Rehabilitation Neurologie nach Einteilung<\/li>\n<li>Woche: Innere Medizin, Neurochirurgie, Kinderheilkunde, Psychiatrie, Geburtshilfe und Gynekologie, Allgemeinmedizin, Kardiologie, HNO,\u00a0 Preventieve Medizin, Rehabilitation Neurologie nach Einteilung<\/li>\n<li>Woche: Innere Medizin, Neurochirurgie, Kinderheilkunde, Psychiatrie, Geburtshilfe und Gynekologie, Allgemeinmedizin, Kardiologie, HNO,\u00a0 Preventieve Medizin, Rehabilitation Neurologie nach Einteilung<\/li>\n<\/ol>\n<p><strong>Zertifizierten Lehrpraxen in Budapest und Umgebung:<\/strong><\/p>\n<ul>\n<li>Dr. T\u00f6r\u00f6k Katalin, 1121 Bp., Zugligeti u. 58-60.<\/li>\n<li>Dr. Reis Marianne, 1139 Bp., Szegedi u. 17.<\/li>\n<li>Dr. Szab\u00f3 Endre, 1105 Bp., Zsivaj u. 2.<\/li>\n<li>Dr. Bak Mih\u00e1ly, 1025 Bp., V\u00e9rhalom t\u00e9r 10.<\/li>\n<li>Dr. Kot\u00e1nyi P\u00e9ter, 1097 Budapest,<\/li>\n<li>Dr. Horv\u00e1th Edit, 1039 Budapest, Csob\u00e1nka t\u00e9r 6.<\/li>\n<li>Dr. Becze \u00c1d\u00e1m, 1163 Budapest, Margit u. 33.<\/li>\n<li>Dr. Somos \u00c9va, 1025 Budapest, V\u00e9rhalom t\u00e9r 10.<\/li>\n<li>Dr. Szab\u00f3 Endre, 1105 Bp., Zsivaj u. 2.<\/li>\n<li>Dr. B\u00edr\u00f3 Mariann, 1065 Budapest, Bajcsy-Zsilinszky \u00fat 33.<\/li>\n<li>Dr. B\u00e1nhidi Eszter, 1172 Budapest, Diadal u. 40.<\/li>\n<li>Dr. Csatl\u00f3s Dalma, 1131 Budapest, T\u00e1tra utca 11.<\/li>\n<li>Dr. Dani Vilmos, 1116 Bp., Albertfalva u. 3.<\/li>\n<\/ul>\n<p>Aufbau der Vorlesungen:<br \/>\n1. eine kurze Geschichte des Fachgebiets<br \/>\n2. die wichtigsten Disziplinen des Fachgebiets<br \/>\n3. interdisziplin\u00e4re Bereiche, Zusammenarbeit mit anderen Disziplinen<br \/>\n4. berufliche Laufbahn<br \/>\n5. die Forschungsrichtungen<br \/>\n6. Fallstudien<\/p>\n<p><strong>Aufbau der Praktika:<\/strong><br \/>\nDie Studenten, die zum Institut kommen, werden in 3 rotierenden Gruppen eingeteilt:<\/p>\n<ol>\n<li>Demonstration der t\u00e4glichen klinischen Arbeit anhand eines vorbereiteten Falles<br \/>\nVorgefertigte Fallszenarien mit Pr\u00e4sentation von Patientenwegen, im Arbeitsbuch oder online<\/li>\n<li>Demonstration von Orten, Werkzeugen und Strukturen der Patientenversorgung<\/li>\n<li>Pr\u00e4sentation von Patienten<\/li>\n<\/ol>\n<p><strong>Weitere Themen, die im Zusammenhang mit Randgebieten des Studienfaches stehen (sowohl bei Pflicht- als auch bei Wahlf\u00e4chern). M\u00f6gliche \u00dcberschneidungen von Thematiken:<\/strong><\/p>\n<p>Einf\u00fchrung in die Klinische Medizin, Arztliche Kommunikation<\/p>\n<p><strong>Teilnahmevoraussetzungen f\u00fcr die Lehrveranstaltungen, Nachholm\u00f6glichkeiten, Art und Weise einer Entschuldigung im Abwesenheitsfall.<\/strong><\/p>\n<p>Das Fach besteht aus insgesamt 7 Vorlesungen und 9 Praktika, wobei sowohl Vorlesungen als auch Praktika obligatorisch sind.<\/p>\n<p>2 Vorlesungen und 2 Praktika k\u00f6nnen vers\u00e4umt werden, Fehlzeiten k\u00f6nnen in einer anderen Gruppe nachgeholt werden.<\/p>\n<p><strong>Art von Leistungskontrollen w\u00e4hrend der Vorlesungszeit:<\/strong><\/p>\n<p>(Anzahl, Themen und Termine von Referaten sowie Abschlussklausuren, die Art ihrer Anrechnung bei der Bewertung bzw. M\u00f6glichkeiten zum Nachholen und zur Verbesserung) &#8212;<\/p>\n<p><strong>Anzahl, Art und Abgabefrist von Aufgaben, die Studierende individuell zu erledigen haben: <\/strong>&#8212;<\/p>\n<p><strong>Bedingungen f\u00fcr den Erwerb der Unterschrift:<\/strong><\/p>\n<p>Teilnehmen in Vorlesungen und Praktika, die notwendige Unterschrifte f\u00fcr Praktika zu erschwingen. (Die Studenten erhalten einen &#8220;Zeitplan&#8221; f\u00fcr ihre Praktika, der muss von dem Praktikumsleiter unterschreiben lassen. Damit wird die Teilnahme bescheinigt.)<\/p>\n<p><strong>Formen des Leistungsnachweises<\/strong> (Rigorosum, Kolloquium, praktische Pr\u00fcfung, praktische Note mit Bewertung anhand einer dreistufigen Skala &#8211; oder keine Pr\u00fcfung): Praktische Note<\/p>\n<p><strong>Pr\u00fcfungsanforderungen:<\/strong><\/p>\n<p>(Aufgabenliste, Themenbereiche der Testpr\u00fcfungen, obligatorische Parameter, Abbildungen, Begrifflichkeiten, Listen von Berechnungen, praktische Fertigkeiten)<\/p>\n<p>Essay: 1800 Zeichen mit Pausen,<\/p>\n<p>Thematik:<\/p>\n<ol>\n<li>Die Erfahrungen von den Studenten (Vorlesungen und Praktika) \u00fcber den artzlichen Beruf, mit kurzen Fallbeispielen.<\/li>\n<li>F\u00fcr welchem Fachgebiet sich der Student interessiert, mit Begr\u00fcndung<br \/>\nAbgabe: 14. Woche<\/li>\n<\/ol>\n<p><strong>Zusammensetzung der Benotung (TVSZ 2022 die Art der Festlegung der Note):<\/strong><\/p>\n<p>(die Art der Anrechnung der theoretischen und praktischen Pr\u00fcfung in der Bewertung. Die Art der Anrechnung der Ergebnisse von Semesterpr\u00fcfungen. M\u00f6glichkeiten und Bedingungen f\u00fcr eine Benotung.)<\/p>\n<p>Die Bewertung erfolgt mit der 5-stufigen Benotung:<\/p>\n<p>Note 1: Pr\u00fcfungstermin zu verpassen, Zeichenzahl &lt;1800, nicht selbst\u00e4ndiger Arbeit<\/p>\n<p>Note 2: kein Fallbeispiel<\/p>\n<p>Note 3: 1 Fallbeispiel, zu allgemeinliche Abfassung, ohne pers\u00f6nliches Erlebnis<\/p>\n<p>Note 4: 1 kleiner fachlicher Fehler<\/p>\n<p>Note 5 : prazise Abfassung, 4-5 pers\u00f6nliche Beispiel<\/p>\n<p><strong>Liste von \u00dcbungsmaterialien, Lehrb\u00fcchern, Lernhilfen sowie Fachliteratur, die zur Aneignung des Lernstoffes bzw. der f\u00fcr die Leistungskontrollen notwendigen Kenntnisse verwendet werden k\u00f6nnen. Dabei ist genau zuzuordnen, welche Kenntnisse notwendig sind, um welche Anforderungen erf\u00fcllen zu k\u00f6nnen (beispielsweise sortiert nach Pr\u00fcfungsaufgaben). Auch die wichtigsten verwendbaren technischen und sonstigen Hilfsmittel und Studienhilfen sind anzugeben:<\/strong><\/p>\n<p>Tischendorff: Der Diagnostische Blick, Schattauer-Verlag 2007.<\/p>\n","protected":false},"excerpt":{"rendered":"<p>Berufsfelderkundung Kreditpunkte: 2 Semester: 2 Semesterwochenstunde: 35 Vorlesung: 7 Praktikum: 28 Typ des Kurses: Pflichtfach Studienjahr: 1 Unterrichtssprache des Studienfaches im Falle von Wahlpflicht- und Wahlf\u00e4chern: deutsch Code des Studienfaches: AOKCSA1138_1N Name der\/des Studienfachverantwortlichen: Prof. Dr. Torzsa P\u00e9ter Arbeitsstelle und Kontaktdaten der\/des Studienverantwortlichen: Lehrstuhl f\u00fcr Familienmedizin +36-1-355-8530 Position der\/des Studienverantwortlichen: Direktor Datum und Nummer der &hellip;<\/p>\n","protected":false},"author":158,"featured_media":0,"parent":191,"menu_order":1,"comment_status":"closed","ping_status":"closed","template":"","meta":{"_acf_changed":false,"footnotes":""},"categories":[],"tags":[],"class_list":["post-193","page","type-page","status-publish","hentry"],"acf":[],"publishpress_future_action":{"enabled":false,"date":"1970-01-01 01:00:00","action":"","terms":[],"taxonomy":"","browser_timezone_offset":0},"_links":{"self":[{"href":"https:\/\/semmelweis.hu\/csot\/wp-json\/wp\/v2\/pages\/193","targetHints":{"allow":["GET"]}}],"collection":[{"href":"https:\/\/semmelweis.hu\/csot\/wp-json\/wp\/v2\/pages"}],"about":[{"href":"https:\/\/semmelweis.hu\/csot\/wp-json\/wp\/v2\/types\/page"}],"author":[{"embeddable":true,"href":"https:\/\/semmelweis.hu\/csot\/wp-json\/wp\/v2\/users\/158"}],"replies":[{"embeddable":true,"href":"https:\/\/semmelweis.hu\/csot\/wp-json\/wp\/v2\/comments?post=193"}],"version-history":[{"count":7,"href":"https:\/\/semmelweis.hu\/csot\/wp-json\/wp\/v2\/pages\/193\/revisions"}],"predecessor-version":[{"id":7637,"href":"https:\/\/semmelweis.hu\/csot\/wp-json\/wp\/v2\/pages\/193\/revisions\/7637"}],"up":[{"embeddable":true,"href":"https:\/\/semmelweis.hu\/csot\/wp-json\/wp\/v2\/pages\/191"}],"wp:attachment":[{"href":"https:\/\/semmelweis.hu\/csot\/wp-json\/wp\/v2\/media?parent=193"}],"wp:term":[{"taxonomy":"category","embeddable":true,"href":"https:\/\/semmelweis.hu\/csot\/wp-json\/wp\/v2\/categories?post=193"},{"taxonomy":"post_tag","embeddable":true,"href":"https:\/\/semmelweis.hu\/csot\/wp-json\/wp\/v2\/tags?post=193"}],"curies":[{"name":"wp","href":"https:\/\/api.w.org\/{rel}","templated":true}]}}