{"id":159,"date":"2014-09-18T09:58:34","date_gmt":"2014-09-18T07:58:34","guid":{"rendered":"http:\/\/csot.semmelweis.hu\/?page_id=159"},"modified":"2025-02-24T14:19:41","modified_gmt":"2025-02-24T13:19:41","slug":"impresszum","status":"publish","type":"page","link":"https:\/\/semmelweis.hu\/csot\/impresszum\/","title":{"rendered":"Impresszum"},"content":{"rendered":"<p><a href=\"https:\/\/semmelweis.hu\/csot\/files\/2014\/09\/csot.logo_.2014.png\"><img loading=\"lazy\" decoding=\"async\" class=\"size-thumbnail wp-image-161 alignright\" src=\"https:\/\/semmelweis.hu\/csot\/files\/2014\/09\/csot.logo_.2014-150x150.png\" alt=\"csot logo\" width=\"150\" height=\"150\" \/><\/a><strong>Felel\u0151s kiad\u00f3<\/strong><br \/>\nDr. Kalabay L\u00e1szl\u00f3<\/p>\n<p><strong>Honlap felel\u0151s, szerkeszt\u0151<\/strong><br \/>\nDr. V\u00f6r\u00f6s Kriszti\u00e1n<\/p>\n<p><strong>Bevezet\u00e9s a klinikumba felel\u0151se<\/strong><br \/>\nDr. Hargittay Csenge<\/p>\n<p><strong>El\u0151ad\u00e1sok, fakult\u00e1ci\u00f3 felel\u0151se<\/strong><br \/>\nDr. V\u00f6r\u00f6s Kriszti\u00e1n<\/p>\n<p><strong>Szakdolgozat, TDK \u00e9s hatod\u00e9ves gyakorlat felel\u0151se<\/strong><br \/>\nDr. Vajer P\u00e9ter<\/p>\n<p><strong>Angol oktat\u00e1s felel\u0151se<\/strong><br \/>\nDr. Torzsa P\u00e9ter<\/p>\n<p><strong>N\u00e9met oktat\u00e1s felel\u0151se<\/strong><br \/>\nDr. Sz\u00e9lv\u00e1ri \u00c1gnes<\/p>\n<p><strong>Rezidensk\u00e9pz\u00e9s, szakk\u00e9pz\u00e9s felel\u0151se<\/strong><br \/>\nDr. M\u00e1rkus Bernadett<\/p>\n    <!-- Ez a teljes form sima html-ben -->\r\n    <div class=\"exp-col-content-holder\" style=\"border:none;\"><a class=\"expand-cnt-link ecf_closed\" href=\"#\">\u00cdrjon a honlap szerkeszt\u0151inek<\/a><p><\/p>\r\n        <div class=\"hidden-content\" style=\"display: none;\">\r\n            <form action=\"\" method=\"post\" id=\"impressum-form\">\r\n                <div id=\"formContainer\">\r\n                    <!-- Ide \u00edrom ki php-val az oldal nev\u00e9t -->\r\n                    <h4>Csal\u00e1dorvosi Tansz\u00e9k<\/h4>\r\n                    <div id=\"nameContainer\">\r\n                        <label for=\"nev\">Az \u00d6n neve:<\/label><br>\r\n                        <input type=\"text\" name=\"nev\" id=\"nev\" style=\"max-width:none;\">\r\n                    <\/div>\r\n\r\n                    <div id=\"emailContainer\" class=\"mt-3\">\r\n                        <label for=\"level\">E-mail c\u00edme:<\/label><br>\r\n                        <input type=\"email\" name=\"level\" id=\"level\" style=\"max-width:none;\">\r\n                    <\/div>\r\n\r\n                    <div id=\"subjectContainer\" class=\"mt-3\">\r\n                        <label for=\"targy\">\u00dczenet t\u00e1rgya:<\/label><br>\r\n                        <input type=\"text\" name=\"targy\" id=\"targy\" style=\"max-width:none;\">\r\n                    <\/div>\r\n\r\n                    <div id=\"messageContainer\" class=\"mt-3\">\r\n                        <label for=\"uzenet\">\u00dczenet:<\/label><br>\r\n                        <textarea name=\"uzenet\" id=\"uzenet\" placeholder=\"Ide \u00edrja \u00fczenet\u00e9t\" style=\"max-width:none;\"><\/textarea>\r\n                    <\/div>\r\n                    <div id=\"gdprContainer\" style=\"width:100%;\" class=\"mt-3\">\r\n                        <span style=\"font-size:16px;\">K\u00e9rj\u00fck, az \u00fczenetben ne adjon meg szem\u00e9lyes adatokat. A Semmelweis Egyetem a megadott nevet \u00e9s e-mail c\u00edmet kiz\u00e1r\u00f3lag arra haszn\u00e1lja, hogy a bek\u00fcld\u00f6tt \u00fczenetre v\u00e1laszoljon. Az adatok kezel\u00e9se \u00e9s v\u00e9delme a jogszab\u00e1lyoknak megfelel\u0151en t\u00f6rt\u00e9nik. Az adatkezel\u00e9sr\u0151l b\u0151vebben ezen a fel\u00fcleten t\u00e1j\u00e9koz\u00f3dhat: <a href=\"http:\/\/semmelweis.hu\/adatvedelem\/\" target=\"_blank\">http:\/\/semmelweis.hu\/adatvedelem\/<\/a><\/span> \r\n                        <div class=\"mt-3\">\r\n                            <p style=\"font-size:16px;\"><label><input type=\"checkbox\" name=\"gdpr\" id=\"gdpr\" style=\"margin-right:10px;\" required><em>Az adatv\u00e9delmi t\u00e1j\u00e9koztat\u00f3t megismertem, az \u00fczenetk\u00fcld\u00e9shez bevitt inform\u00e1ci\u00f3kat \u00f6nk\u00e9nt adtam meg \u00e9s kezel\u00e9s\u00fckh\u00f6z hozz\u00e1j\u00e1rulok.<\/em><\/label><\/p>\r\n                        <\/div>\r\n                    <\/div>\r\n                    <!--\r\n                    <div id=\"captchaContainer\">\r\n                            <label for=\"captcha\"><span id=\"tenyezo\" style=\"color:red;\">5<\/span> x 10 = <\/label>\r\n                            <input type=\"number\" id=\"captcha\" name=\"captcha\">\r\n                            <p id=\"message\"><\/p>\r\n                    <\/div>\r\n                    -->\r\n                <\/div> \r\n                <button id=\"btn-submit\" class=\"g-recaptcha\" data-sitekey=\"6LdtjfoqAAAAAKXI2vUrBiwBECYHUBRXZVjO8DmK\" data-callback='onSubmit' data-action='submit' style=\"margin-top:15px;\">\u00dczenetk\u00fcld\u00e9s<\/button>\r\n                \r\n            <\/form>\r\n\r\n            <!-- Google reCaptcha v3 -->\r\n\r\n            <script src=\"https:\/\/www.google.com\/recaptcha\/api.js\"><\/script>\r\n\r\n            <script>\r\n                function onSubmit(token) {\r\n                    document.getElementById(\"impressum-form\").submit();\r\n                }\r\n            <\/script>\r\n\r\n            <!-- end of Google reCaptcha v3 -->\r\n\r\n            <!--\r\n            <script>\r\n            \/\/ captcha k\u00f3d\r\n            jQuery(document).ready(function(){\r\n                \/\/ ez a h\u00e1rom sor l\u00e9trehoz egy random sz\u00e1mot 1 \u00e9s 10 k\u00f6z\u00f6tt \u00e9s a megfelel\u0151 html elembe bele\u00edrja\r\n                var random = Math.floor(Math.random() * 10) + 1;\r\n                var tenyezo = jQuery(\"#tenyezo\");\r\n                tenyezo[0].innerHTML = random;\r\n                \/\/a captcha mez\u0151 inicializ\u00e1l\u00e1sa, \u00e9s a k\u00fcld\u00e9s gomb letilt\u00e1sa\r\n                var captcha = jQuery(\"#captcha\");\r\n                captcha[0].value=0;\r\n                jQuery('#btn-submit').prop('disabled', true);\r\n\r\n                \/\/m\u00e1r belekattint\u00e1sn\u00e1l is ellen\u0151riz, illetve minden billenty\u0171le\u00fct\u00e9sre\r\n                captcha.bind('keyup mouseup',function(){\r\n                    \/\/ha rosszat \u00edrt be, a submit gomb letilt\u00f3dik, \u00e9s piros hiba\u00fczenet jelenik meg\r\n                    if((captcha[0].value) != (tenyezo[0].innerHTML * 10)){\r\n                        jQuery('#message')[0].innerHTML = \"Add meg a helyes v\u00e1laszt.\";\r\n                        jQuery('#message')[0].style.color = \"red\";\r\n                        jQuery('#btn-submit').prop('disabled', true);\r\n                    }else{\r\n                        \/\/ha pedig j\u00f3t, akkor z\u00f6ld \"rendben\" felirat, \u00e9s el\u00e9rhet\u0151 lesz a submit gomb\r\n                        jQuery('#message')[0].innerHTML = \"Rendben.\";\r\n                        jQuery('#message')[0].style.color = \"green\";\r\n                        jQuery('#btn-submit').prop('disabled', false);\r\n                    }\r\n                });\r\n            });\r\n            <\/script>\r\n            -->\r\n        <\/div>\r\n    <\/div>\r\n\r\n    ","protected":false},"excerpt":{"rendered":"<p><a href=\"https:\/\/semmelweis.hu\/csot\/files\/2014\/09\/csot.logo_.2014.png\"><\/a> Felel\u0151s kiad\u00f3 Dr. Kalabay L\u00e1szl\u00f3 Honlap felel\u0151s, szerkeszt\u0151 Dr. V\u00f6r\u00f6s Kriszti\u00e1n Bevezet\u00e9s a klinikumba felel\u0151se Dr. Hargittay Csenge El\u0151ad\u00e1sok, fakult\u00e1ci\u00f3 felel\u0151se Dr. V\u00f6r\u00f6s Kriszti\u00e1n Szakdolgozat, TDK \u00e9s hatod\u00e9ves gyakorlat felel\u0151se Dr. Vajer P\u00e9ter Angol oktat\u00e1s felel\u0151se Dr. Torzsa P\u00e9ter N\u00e9met oktat\u00e1s felel\u0151se Dr. Sz\u00e9lv\u00e1ri \u00c1gnes Rezidensk\u00e9pz\u00e9s, szakk\u00e9pz\u00e9s felel\u0151se Dr. M\u00e1rkus Bernadett <a class=\"expand-cnt-link ecf_closed\" href=\"#\">\u00cdrjon a honlap szerkeszt\u0151inek<\/a> Csal\u00e1dorvosi Tansz\u00e9k Az \u00d6n &hellip;<\/p>\n","protected":false},"author":158,"featured_media":0,"parent":0,"menu_order":101,"comment_status":"closed","ping_status":"closed","template":"","meta":{"_acf_changed":false,"footnotes":""},"categories":[],"tags":[],"class_list":["post-159","page","type-page","status-publish","hentry"],"acf":[],"publishpress_future_action":{"enabled":false,"date":"1970-01-01 01:00:00","action":"","terms":[],"taxonomy":"","browser_timezone_offset":0},"_links":{"self":[{"href":"https:\/\/semmelweis.hu\/csot\/wp-json\/wp\/v2\/pages\/159","targetHints":{"allow":["GET"]}}],"collection":[{"href":"https:\/\/semmelweis.hu\/csot\/wp-json\/wp\/v2\/pages"}],"about":[{"href":"https:\/\/semmelweis.hu\/csot\/wp-json\/wp\/v2\/types\/page"}],"author":[{"embeddable":true,"href":"https:\/\/semmelweis.hu\/csot\/wp-json\/wp\/v2\/users\/158"}],"replies":[{"embeddable":true,"href":"https:\/\/semmelweis.hu\/csot\/wp-json\/wp\/v2\/comments?post=159"}],"version-history":[{"count":3,"href":"https:\/\/semmelweis.hu\/csot\/wp-json\/wp\/v2\/pages\/159\/revisions"}],"predecessor-version":[{"id":7410,"href":"https:\/\/semmelweis.hu\/csot\/wp-json\/wp\/v2\/pages\/159\/revisions\/7410"}],"wp:attachment":[{"href":"https:\/\/semmelweis.hu\/csot\/wp-json\/wp\/v2\/media?parent=159"}],"wp:term":[{"taxonomy":"category","embeddable":true,"href":"https:\/\/semmelweis.hu\/csot\/wp-json\/wp\/v2\/categories?post=159"},{"taxonomy":"post_tag","embeddable":true,"href":"https:\/\/semmelweis.hu\/csot\/wp-json\/wp\/v2\/tags?post=159"}],"curies":[{"name":"wp","href":"https:\/\/api.w.org\/{rel}","templated":true}]}}