{"id":135,"date":"2014-09-18T08:22:38","date_gmt":"2014-09-18T06:22:38","guid":{"rendered":"http:\/\/csot.semmelweis.hu\/?page_id=135"},"modified":"2019-12-09T14:23:36","modified_gmt":"2019-12-09T13:23:36","slug":"egeszsegnevelesi-esszekerdesek","status":"publish","type":"page","link":"https:\/\/semmelweis.hu\/csot\/rezidenskepzes\/szakkepzes\/egeszsegnevelesi-esszekerdesek\/","title":{"rendered":"Eg\u00e9szs\u00e9gnevel\u00e9si essz\u00e9k\u00e9rd\u00e9sek"},"content":{"rendered":"<p>01\/<br \/>\n52 \u00e9ves k\u00f6zepesen elh\u00edzott \u00e1ltal\u00e1nos iskolai magyar tan\u00e1r beteg\u00e9n\u00e9l <b><i>diabetes mellitust diagnosztiz\u00e1l. <\/i><\/b>\u00c9homi v\u00e9rcukor \u00e9rt\u00e9ke: 11,2 mmol\/l postprandialis v\u00e9rcukor \u00e9rt\u00e9ke: 14,8 mmol\/l.<br \/>\nAdjon \u00e9letm\u00f3di tan\u00e1csokat beteg\u00e9nek.<br \/>\nK\u00e9sz\u00edtsen a beteg r\u00e9sz\u00e9re eml\u00e9keztet\u0151t az elmondottakr\u00f3l.<br \/>\n02\/<br \/>\n42 \u00e9ves fogamz\u00e1sg\u00e1tl\u00f3t szed\u0151, egy\u00e9bk\u00e9nt eg\u00e9szs\u00e9ges \u00e9lelmiszerbolti el\u0151ad\u00f3 betege l\u00e1bsz\u00e1rf\u00e1jdalom panaszaival keresi f\u00f6l. Vizsg\u00e1lat sor\u00e1n mindk\u00e9t l\u00e1bsz\u00e1ron kiterjedt <b><i>varicositas crurist <\/i><\/b>tal\u00e1l, a beteg a m\u0171t\u00e9ti megold\u00e1sr\u00f3l hallani sem akar.<br \/>\nAdjon tan\u00e1csokat beteg\u00e9nek \u00e9s k\u00e9sz\u00edtsen eml\u00e9keztet\u0151t az elmondottakr\u00f3l.<br \/>\n03.\/<br \/>\n49 \u00e9ves hypertoni\u00e1s, gyakori der\u00e9kt\u00e1ji f\u00e1jdalmakt\u00f3l is szenved\u0151 betege phlebotrombosis profundus miatt k\u00f3rh\u00e1zi kezel\u00e9s alatt \u00e1llt.<br \/>\nA k\u00f3rh\u00e1zban kr\u00f3nikus antikoagul\u00e1ns ter\u00e1pi\u00e1t kezdtek, jelenleg a beteg <b><i>Syncumart szed,<\/i><\/b> de nem kapott felvil\u00e1gos\u00edt\u00e1st a gy\u00f3gyszerr\u0151l.<br \/>\nT\u00e1j\u00e9koztassa beteg\u00e9t az antikoagul\u00e1ns ter\u00e1pi\u00e1n\u00e1l sz\u00fcks\u00e9ges ismeretekr\u0151l \u00e9s k\u00e9sz\u00edtsen eml\u00e9keztet\u0151t r\u00e9sz\u00e9re.<br \/>\n04.\/<br \/>\nAz \u00f3v\u00f3n\u0151 megk\u00e9ri, hogy a nagycsoportos \u00f3vod\u00e1soknak tartson foglalkoz\u00e1st az <b><i>eg\u00e9szs\u00e9ges \u00e9letm\u00f3dr\u00f3l.<\/i><\/b><br \/>\n\u00c1ll\u00edtsa \u00f6ssze a foglalkoz\u00e1s v\u00e1zlat\u00e1t &#8211; a v\u00e1zlatpontokhoz tegyen r\u00f6vid kieg\u00e9sz\u00edt\u00e9seket, megjegyz\u00e9seket, \u00e9s k\u00e9sz\u00edtsen eml\u00e9keztet\u0151t az \u00f3vod\u00e1soknak az elmondottakr\u00f3l.<br \/>\n05.\/<br \/>\n42 \u00e9ves aut\u00f3szerel\u0151 betege haza\u00e9rkezik a k\u00f3rh\u00e1zb\u00f3l, ahol akut <b><i>miokardialis infarktus<\/i><\/b> miatt fek\u00fcdt. K\u00e9ri, hogy adjon \u00e9letvezet\u00e9si tan\u00e1csokat sz\u00e1m\u00e1ra.<br \/>\nK\u00e9sz\u00edtsen v\u00e1zlatot a tan\u00e1csad\u00e1shoz \u00e9s eml\u00e9keztet\u0151t beteg\u00e9nek.<br \/>\n06.\/<br \/>\nSz\u0171r\u0151vizsg\u00e1lat alkalm\u00e1val beteg\u00e9n\u00e9l enyh\u00e9n <b><i>emelkedett lipidszinteket<\/i><\/b> \u00e9szlel.<br \/>\nAdjon tan\u00e1csokat beteg\u00e9nek, amivel lipidszint cs\u00f6kken\u00e9s \u00e9rhet\u0151 el, \u00e9s k\u00e9sz\u00edtsen eml\u00e9keztet\u0151t r\u00e9sz\u00e9re.<br \/>\n07.\/<br \/>\nBeteg\u00e9nek lezajlott \u00e9lete els\u0151 <b><i>k\u00f6szv\u00e9nyes rohama.<\/i><\/b> H\u00fagysavszintje jelent\u0151sen emelkedett, gy\u00f3gyszeres ter\u00e1pi\u00e1j\u00e1t be\u00e1ll\u00edtotta.<br \/>\nAdjon \u00e9letvezet\u00e9si \u00e9s di\u00e9t\u00e1s tan\u00e1csokat beteg\u00e9nek \u00e9s k\u00e9sz\u00edtsen eml\u00e9keztet\u0151t.<br \/>\n08.\/<br \/>\nFiatal h\u00e1zasp\u00e1r keresi f\u00f6l. Mindketten eg\u00e9szs\u00e9gesek. Elmondj\u00e1k, hogy most h\u00e1zasodtak \u00f6ssze, k\u00f6z\u00f6s h\u00e1ztart\u00e1suk berendez\u00e9s\u00e9n\u00e9l a <b><i>h\u00e1zi patika <\/i><\/b>felt\u00f6lt\u00e9s\u00e9hez \u00e9rkeztek, k\u00e9rik, seg\u00edtsen a sz\u00fcks\u00e9ges gy\u00f3gyszerek kiv\u00e1laszt\u00e1s\u00e1ban.<br \/>\nAdjon tan\u00e1csot a fiatal p\u00e1rnak \u00e9s k\u00e9sz\u00edtsen eml\u00e9keztet\u0151t r\u00e9sz\u00fckre.<br \/>\n09.\/<br \/>\nT\u00e9l van, nagyon nagy h\u00f3 esett, igen mostoha k\u00f6zleked\u00e9si viszonyok k\u00f6z\u00f6tt \u00fcgyeletes orvos. Fiatal \u00e9desanya h\u00edvja ki 1,5 \u00e9ves gyermek\u00e9hez, akinek 39,5 C l\u00e1za van.<br \/>\nAdjon tan\u00e1csot az \u00e9desany\u00e1nak, amivel ki\u00e9rkez\u00e9s\u00e9ig seg\u00edthet a <b><i>gyermek l\u00e1zcsillap\u00edt\u00e1s\u00e1ban. <\/i><\/b><br \/>\nK\u00e9sz\u00edtsen eml\u00e9keztet\u0151t, melyet az ell\u00e1t\u00e1s ut\u00e1n odaadhat a sz\u00fcl\u0151knek, hogy a j\u00f6v\u0151ben tudj\u00e1k, mit tegyenek.<br \/>\n10.\/<br \/>\n34 \u00e9ves n\u0151beteg\u00e9n\u00e9l f\u00e1rad\u00e9konys\u00e1ga okak\u00e9nt <b><i>vashi\u00e1nyos anaemi\u00e1t <\/i><\/b>\u00e9szlel. A beteg a gy\u00f3gyszerszed\u00e9st elutas\u00edtja.<br \/>\nAdjon di\u00e9t\u00e1s tan\u00e1csokat beteg\u00e9nek.<br \/>\nAz elmondottakr\u00f3l k\u00e9sz\u00edtsen eml\u00e9keztet\u0151t betege r\u00e9sz\u00e9re.<br \/>\n11.\/<br \/>\n62 \u00e9ves beteg\u00e9t <b><i>obstipatioja <\/i><\/b>miatt vizsg\u00e1ltatta ki. A gastroenterol\u00f3giai kivizsg\u00e1l\u00e1s sor\u00e1n k\u00f3ros elt\u00e9r\u00e9st nem tal\u00e1ltak.<br \/>\nAdjon tan\u00e1csokat beteg\u00e9nek, mellyel sz\u00e9kreked\u00e9s\u00e9t megsz\u00fcntetheti. Az elmondottakr\u00f3l k\u00e9sz\u00edtsen eml\u00e9keztet\u0151t.<br \/>\n12.\/<br \/>\nA nyolcadik oszt\u00e1ly oszt\u00e1lyf\u0151n\u00f6ke felk\u00e9ri, hogy tartson \u00f3r\u00e1t a tanul\u00f3knak a <b><i>szexu\u00e1lis felvil\u00e1gos\u00edt\u00e1s <\/i><\/b>t\u00e9mak\u00f6r\u00e9ben.<br \/>\n\u00c1ll\u00edtsa \u00f6ssze az \u00f3rav\u00e1zlatot \u00e9s a v\u00e1zlatpontokat eg\u00e9sz\u00edtse ki r\u00f6vid magyar\u00e1zatokkal. K\u00e9sz\u00edtsen eml\u00e9keztet\u0151t az elmondottakr\u00f3l.<br \/>\n13.\/<br \/>\n52 \u00e9ves n\u0151beteg\u00e9n\u00e9l <b><i>csontdenzitometrias <\/i><\/b>vizsg\u00e1laton cs\u00f6kkent denzit\u00e1st \u00edrnak le, de gy\u00f3gyszeres ter\u00e1pi\u00e1t m\u00e9g nem tartanak sz\u00fcks\u00e9gesnek.<br \/>\nAdjon di\u00e9t\u00e1s \u00e9s \u00e9letvezet\u00e9si tan\u00e1csokat. Az elmondottakr\u00f3l k\u00e9sz\u00edtsen eml\u00e9keztet\u0151t betege r\u00e9sz\u00e9re.<br \/>\n14.\/<br \/>\nA helyi varroda vezet\u0151je felk\u00e9ri, hogy tartson el\u0151ad\u00e1st a varr\u00f3n\u0151knek.<br \/>\nA dolgoz\u00f3k f\u0151leg a <b><i>n\u0151ket \u00e9rint\u0151 betegs\u00e9gek <\/i><\/b>megel\u0151z\u00e9s\u00e9r\u0151l szeretn\u00e9nek hallani.<br \/>\nK\u00e9sz\u00edtsen el\u0151ad\u00e1sv\u00e1zlatot, a v\u00e1zlatpontokhoz f\u0171zz\u00f6n r\u00f6vid megjegyz\u00e9seket, \u00e9s k\u00e9sz\u00edtsen eml\u00e9keztet\u0151t, melyet az asszonyoknak odaad.<br \/>\n15.\/<br \/>\n63 \u00e9ves f\u00e9rfibeteg\u00e9n\u00e9l alhasi discomfortja okak\u00e9nt <b><i>prostata hypertrophiat<\/i><\/b> \u00e9s <b><i>kr\u00f3nikus prostatitist <\/i><\/b>diagnosztiz\u00e1l.<br \/>\nUrol\u00f3giai szakvizsg\u00e1laton a malignit\u00e1st kiz\u00e1rt\u00e1k, de a nagy betegforgalom miatt egy\u00e9b t\u00e1j\u00e9koztat\u00e1st nem adtak.<br \/>\nAdjon tan\u00e1csot beteg\u00e9nek \u00e9s az elmondottakr\u00f3l k\u00e9sz\u00edtsen eml\u00e9keztet\u0151t r\u00e9sz\u00e9re.<br \/>\n16.\/<br \/>\nJelent\u0151sen elh\u00edzott betege k\u00e9ri seg\u00edts\u00e9g\u00e9t <b><i>fogy\u00f3k\u00far\u00e1hoz.<\/i><\/b><br \/>\nAdjon tan\u00e1csokat a fogy\u00f3k\u00far\u00e1hoz, \u00e9s mindehhez k\u00e9sz\u00edtsen eml\u00e9kezt\u0151t beteg\u00e9nek.<br \/>\n17.\/<br \/>\n41 \u00e9ves k\u0151m\u0171ves beteg\u00e9nek <b><i>ischias sy-t <\/i><\/b>gy\u00f3gy\u00edtotta. A beteg panaszmentes, k\u00e9ri potest\u00e1l\u00e1s\u00e1t.<br \/>\nAdjon tan\u00e1csokat beteg\u00e9nek, mellyel megel\u0151zheti a panasz ism\u00e9telt jelentkez\u00e9s\u00e9t. Az elmondottakr\u00f3l k\u00e9sz\u00edtsen eml\u00e9keztet\u0151t beteg\u00e9nek.<br \/>\n18.\/<br \/>\n18 \u00e9ves k\u00f6z\u00e9piskol\u00e1s fi\u00fa keresi f\u00f6l <b><i>diarrhoea <\/i><\/b>panasz\u00e1val. Napi 8-12 h\u00edg vizes sz\u00e9klete van, l\u00e1ztalan, puha, betapinthat\u00f3 has, \u00e9l\u00e9nk peristaltica \u00e9szlelhet\u0151. Gy\u00f3gyszerrel ell\u00e1tta, adjon tan\u00e1csokat a di\u00e9t\u00e1hoz, \u00e9s k\u00e9sz\u00edtsen eml\u00e9keztet\u0151t r\u00e9sz\u00e9re.<br \/>\n19.\/<br \/>\nK\u00e9t \u00e9ves <b><i>cholecystectomi\u00e1n \u00e1tesett <\/i><\/b>51 \u00e9ves obes n\u0151betege panaszolja, hogy az ut\u00f3bbi id\u0151ben <b><i>\u00fajra puffad, <\/i><\/b>\u00e9s vas\u00e1rnap az eb\u00e9d ut\u00e1n, amikor t\u00f6lt\u00f6tt k\u00e1poszt\u00e1t evett, ism\u00e9t h\u00e1nyt, \u00e9s m\u00e1jt\u00e1ji g\u00f6rcsei voltak, pedig azt gondolta, hogy a m\u0171t\u00e9ttel megold\u00f3dtak probl\u00e9m\u00e1i.<br \/>\nAdjon di\u00e9t\u00e1s \u00e9s \u00e9letvezet\u00e9si tan\u00e1csot beteg\u00e9nek. Az elhangzottakr\u00f3l k\u00e9sz\u00edtsen r\u00e9sz\u00e9re eml\u00e9keztet\u0151t.<br \/>\n20.\/<br \/>\nVesebeteg klub alakul a telep\u00fcl\u00e9sen, ahol dolgozik. Felk\u00e9rik, hogy tartson el\u0151ad\u00e1st a <b><i>vesebetegek di\u00e9t\u00e1j\u00e1r\u00f3l.<\/i><\/b><br \/>\nK\u00e9sz\u00edtsen el\u0151ad\u00e1sv\u00e1zlatot, a v\u00e1zlatpontokat eg\u00e9sz\u00edtse ki r\u00f6vid magyar\u00e1zatokkal. K\u00e9sz\u00edtsen eml\u00e9keztet\u0151t a klub tagjainak az elmondottakr\u00f3l.<br \/>\n21.\/<br \/>\nFiatal h\u00e1zasp\u00e1r keresi f\u00f6l. Elmondj\u00e1k, hogy 5 \u00e9ve h\u00e1zasok, de eddig nem siker\u00fclt teherbe esnie. Elhat\u00e1rozt\u00e1k, hogy seg\u00edts\u00e9get k\u00e9rnek a probl\u00e9ma tiszt\u00e1z\u00e1s\u00e1ban.<br \/>\nK\u00e9rik, mondja el, mi lehet az oka a medd\u0151s\u00e9gnek, \u00e9s hogyan lehet az okokat kider\u00edteni. Adjon tan\u00e1csot a fiatal p\u00e1rnak, \u00e9s k\u00e9sz\u00edtsen eml\u00e9keztet\u0151t sz\u00e1mukra az elmondottakr\u00f3l.<br \/>\n22.\/<br \/>\nA szakmunk\u00e1sk\u00e9pz\u0151 int\u00e9zet 2. oszt\u00e1ly\u00e1nak oszt\u00e1lyf\u0151n\u00f6ke felk\u00e9ri, hogy tartson oszt\u00e1lyf\u0151n\u00f6ki \u00f3r\u00e1t a <b><i>drogoz\u00e1sr\u00f3l.<\/i><\/b><br \/>\nK\u00e9sz\u00edtsen v\u00e1zlatot az \u00f3r\u00e1r\u00f3l \u00e9s eml\u00e9keztet\u0151t a fiataloknak az elmondottakr\u00f3l.<br \/>\n23.\/<br \/>\n36 \u00e9ves alkoholbeteg paciense keresi f\u00f6l. Elmondja, hogy szeretne <b><i>leszokni az iv\u00e1sr\u00f3l, <\/i><\/b>seg\u00edts\u00e9g\u00e9t k\u00e9ri. K\u00e9ri, besz\u00e9ljen arr\u00f3l is, mi t\u00f6rt\u00e9nhet, ha nem siker\u00fcl leszokni k\u00e1ros szenved\u00e9ly\u00e9r\u0151l.<br \/>\nAdjon tan\u00e1csot beteg\u00e9nek, melyr\u0151l k\u00e9sz\u00edtsen v\u00e1zlatot \u00e9s eml\u00e9keztet\u0151t betege r\u00e9sz\u00e9re.<br \/>\n24.\/<br \/>\nA Diabetes Klub tagjai felk\u00e9rik, hogy besz\u00e9ljen nekik a <b><i>cukorbetegs\u00e9g sz\u00f6v\u0151dm\u00e9nyeir\u0151l <\/i><\/b>\u00e9s azok <b><i>megel\u0151z\u00e9s\u00e9nek <\/i><\/b>lehet\u0151s\u00e9geir\u0151l.<br \/>\nK\u00e9sz\u00edtsen v\u00e1zlatot a klubfoglalkoz\u00e1shoz \u00e9s eml\u00e9keztet\u0151t a klubtagoknak az elmondottakr\u00f3l.<br \/>\n25.\/<br \/>\n26 \u00e9ves k\u00f6zgazd\u00e1szn\u0151 <b><i>vegetari\u00e1nus betege <\/i><\/b>az ut\u00f3bbi id\u0151ben gyeng\u00e9bbnek \u00e9rzi mag\u00e1t, vizsg\u00e1latai sor\u00e1n k\u00f3ros elt\u00e9r\u00e9st nem \u00e9szleltek. K\u00e9ri, hogy adjon \u00e9letvezet\u00e9si tan\u00e1csokat r\u00e9sz\u00e9re. K\u00e9sz\u00edtsen eml\u00e9keztet\u0151t az elmondottakr\u00f3l beteg\u00e9nek.<br \/>\n26.\/<br \/>\nAz eg\u00e9szs\u00e9gklub vezet\u0151je felk\u00e9ri, hogy besz\u00e9ljen a klubban a <b><i>v\u00e9d\u0151olt\u00e1sokr\u00f3l,<\/i><\/b> \u00e9s arr\u00f3l, kinek, milyen egy\u00e9ni v\u00e9d\u0151olt\u00e1st javasol.<br \/>\nK\u00e9sz\u00edtsen v\u00e1zlatot az el\u0151ad\u00e1shoz \u00e9s eml\u00e9keztet\u0151t betegei r\u00e9sz\u00e9re.<br \/>\n27.\/<br \/>\nA k\u00f6z\u00e9piskol\u00e1ban iskolanapot tartanak, az egyik di\u00e1kigazgat\u00f3 jel\u00f6lt f\u00f6lk\u00e9ri, hogy besz\u00e9lgessen a k\u00f6z\u00e9piskol\u00e1sokkal valamilyen igen fontos eg\u00e9szs\u00e9g\u00fcgyi t\u00e9m\u00e1r\u00f3l. \u00dagy d\u00f6nt, hogy a <b><i>daganatos betegs\u00e9gek megel\u0151z\u00e9s\u00e9r\u0151l, sz\u0171r\u00e9s\u00e9r\u0151l \u00a0fog<\/i><\/b> besz\u00e9lni.<br \/>\nK\u00e9sz\u00edtsen v\u00e1zlatot az el\u0151ad\u00e1shoz, \u00e9s eml\u00e9keztet\u0151t az elhangzottakr\u00f3l a di\u00e1kok r\u00e9sz\u00e9re.<br \/>\n28.\/<br \/>\nA faluban ahol dolgozik, nagy a felh\u00e1borod\u00e1s, mert a k\u00f6zeli v\u00e1ros psychi\u00e1triai int\u00e9zete h\u00e1rom h\u00e1zat v\u00e1s\u00e1rolt, ahov\u00e1 elmebetegeket fog k\u00f6lt\u00f6ztetni.<br \/>\nFalugy\u0171l\u00e9st tartanak, \u00e9s a polg\u00e1rmester felk\u00e9ri, hogy besz\u00e9ljen az embereknek az<br \/>\n<b><i>elmebetegs\u00e9gekr\u0151l<\/i><\/b><b><i>,<\/i><\/b> arr\u00f3l, mi a jellemz\u0151 ezekre az emberekre, \u00e9rveljen az elmebetegekkel t\u00f6rt\u00e9n\u0151 vesz\u00e9lytelen egy\u00fctt\u00e9l\u00e9s mellett, vagy ellen.<br \/>\n29.\/<br \/>\n73 \u00e9ves betege hazaker\u00fclt a rehabilit\u00e1ci\u00f3s oszt\u00e1lyr\u00f3l, r\u00e9szleges <b><i>motoros af\u00e1zi\u00e1ja, hemipl\u00e9gi\u00e1ja <\/i><\/b>miatt fekv\u0151beteg.<br \/>\nBesz\u00e9lje meg a csal\u00e1ddal a beteg \u00e1pol\u00e1s\u00e1nak teend\u0151it. K\u00e9sz\u00edtsen v\u00e1zlatot \u00e9s eml\u00e9keztet\u0151 arr\u00f3l, amit elmondana a csal\u00e1dnak a fekv\u0151beteg \u00e1pol\u00e1s\u00e1val kapcsolatban.<\/p>\n","protected":false},"excerpt":{"rendered":"<p>01\/ 52 \u00e9ves k\u00f6zepesen elh\u00edzott \u00e1ltal\u00e1nos iskolai magyar tan\u00e1r beteg\u00e9n\u00e9l diabetes mellitust diagnosztiz\u00e1l. \u00c9homi v\u00e9rcukor \u00e9rt\u00e9ke: 11,2 mmol\/l postprandialis v\u00e9rcukor \u00e9rt\u00e9ke: 14,8 mmol\/l. Adjon \u00e9letm\u00f3di tan\u00e1csokat beteg\u00e9nek. K\u00e9sz\u00edtsen a beteg r\u00e9sz\u00e9re eml\u00e9keztet\u0151t az elmondottakr\u00f3l. 02\/ 42 \u00e9ves fogamz\u00e1sg\u00e1tl\u00f3t szed\u0151, egy\u00e9bk\u00e9nt eg\u00e9szs\u00e9ges \u00e9lelmiszerbolti el\u0151ad\u00f3 betege l\u00e1bsz\u00e1rf\u00e1jdalom panaszaival keresi f\u00f6l. Vizsg\u00e1lat sor\u00e1n mindk\u00e9t l\u00e1bsz\u00e1ron kiterjedt varicositas crurist &hellip;<\/p>\n","protected":false},"author":158,"featured_media":0,"parent":129,"menu_order":2,"comment_status":"closed","ping_status":"closed","template":"","meta":{"_acf_changed":false,"footnotes":""},"categories":[],"tags":[],"class_list":["post-135","page","type-page","status-publish","hentry"],"acf":[],"publishpress_future_action":{"enabled":false,"date":"1970-01-01 01:00:00","action":"","terms":[],"taxonomy":"","browser_timezone_offset":0},"_links":{"self":[{"href":"https:\/\/semmelweis.hu\/csot\/wp-json\/wp\/v2\/pages\/135","targetHints":{"allow":["GET"]}}],"collection":[{"href":"https:\/\/semmelweis.hu\/csot\/wp-json\/wp\/v2\/pages"}],"about":[{"href":"https:\/\/semmelweis.hu\/csot\/wp-json\/wp\/v2\/types\/page"}],"author":[{"embeddable":true,"href":"https:\/\/semmelweis.hu\/csot\/wp-json\/wp\/v2\/users\/158"}],"replies":[{"embeddable":true,"href":"https:\/\/semmelweis.hu\/csot\/wp-json\/wp\/v2\/comments?post=135"}],"version-history":[{"count":2,"href":"https:\/\/semmelweis.hu\/csot\/wp-json\/wp\/v2\/pages\/135\/revisions"}],"predecessor-version":[{"id":4828,"href":"https:\/\/semmelweis.hu\/csot\/wp-json\/wp\/v2\/pages\/135\/revisions\/4828"}],"up":[{"embeddable":true,"href":"https:\/\/semmelweis.hu\/csot\/wp-json\/wp\/v2\/pages\/129"}],"wp:attachment":[{"href":"https:\/\/semmelweis.hu\/csot\/wp-json\/wp\/v2\/media?parent=135"}],"wp:term":[{"taxonomy":"category","embeddable":true,"href":"https:\/\/semmelweis.hu\/csot\/wp-json\/wp\/v2\/categories?post=135"},{"taxonomy":"post_tag","embeddable":true,"href":"https:\/\/semmelweis.hu\/csot\/wp-json\/wp\/v2\/tags?post=135"}],"curies":[{"name":"wp","href":"https:\/\/api.w.org\/{rel}","templated":true}]}}