{"id":133,"date":"2014-09-18T08:21:53","date_gmt":"2014-09-18T06:21:53","guid":{"rendered":"http:\/\/csot.semmelweis.hu\/?page_id=133"},"modified":"2024-08-12T12:35:33","modified_gmt":"2024-08-12T10:35:33","slug":"szakvizsga-kerdesek","status":"publish","type":"page","link":"https:\/\/semmelweis.hu\/csot\/rezidenskepzes\/szakkepzes\/szakvizsga-kerdesek\/","title":{"rendered":"Szakvizsga k\u00e9rd\u00e9sek"},"content":{"rendered":"<h1>Egys\u00e9ges h\u00e1ziorvostan szakvizsga k\u00e9rd\u00e9sek<\/h1>\n<p style=\"text-align: center\"><strong>I.<\/strong><\/p>\n<ol>\n<li>Kardiovaszkul\u00e1ris rizik\u00f3faktorok, felismer\u00e9s\u00fck. A kardiovaszkul\u00e1ris rizik\u00f3 becsl\u00e9se.<\/li>\n<li>A hipert\u00f3nia klinikai form\u00e1i, diagnosztik\u00e1ja.<\/li>\n<li>Hipert\u00f3nia kezel\u00e9se, hipert\u00f3ni\u00e1s beteg gondoz\u00e1sa.<\/li>\n<li>Hipert\u00f3ni\u00e1s s\u00fcrg\u0151ss\u00e9gi \u00e1llapotok, ell\u00e1t\u00e1suk.<\/li>\n<li>Acut coronaria szindr\u00f3ma<\/li>\n<li>A mellkasi f\u00e1jdalom differenci\u00e1l-diagnosztik\u00e1ja.<\/li>\n<li>Akut bal sz\u00edvf\u00e9l el\u00e9gtelens\u00e9g (t\u00fcnettan, diagnosztika, ell\u00e1t\u00e1s).<\/li>\n<li>Kr\u00f3nikus sz\u00edvel\u00e9gtelens\u00e9g. H\u00e1ziorvosi teend\u0151k.<\/li>\n<li>Neh\u00e9zl\u00e9gz\u00e9s, fullad\u00e1s \u00e9rz\u00e9s differenci\u00e1l-diagn\u00f3zisa, h\u00e1ziorvosi kivizsg\u00e1l\u00e1sa<\/li>\n<li>Pitvarfibrill\u00e1ci\u00f3. Felismer\u00e9s, h\u00e1ziorvosi teend\u0151k.<\/li>\n<li>Sz\u00edvritmus- \u00e9s ingervezet\u00e9si zavarok a pitvarfibrill\u00e1ci\u00f3n k\u00edv\u00fcl. Felismer\u00e9s, h\u00e1ziorvosi teend\u0151k.<\/li>\n<li>Korszer\u0171 antikoagul\u00e1ns kezel\u00e9s (indik\u00e1ci\u00f3k, gy\u00f3gyszerek, ellen\u0151rz\u00e9s).<\/li>\n<li>Perif\u00e9ri\u00e1s \u00e9rsz\u0171k\u00fclet felismer\u00e9se, h\u00e1ziorvosi kezel\u00e9se \u00e9s gondoz\u00e1sa.<\/li>\n<li>M\u00e9lyv\u00e9n\u00e1s thrombosis, pulmon\u00e1lis embolia.<\/li>\n<li>Varicositas cruris, fel\u00fcletes thrombophlebitis.<\/li>\n<li>Gyakori fels\u0151 l\u00e9g\u00fati gyullad\u00e1sos betegs\u00e9gek diagnosztik\u00e1ja \u00e9s kezel\u00e9se.<\/li>\n<li>Pneum\u00f3ni\u00e1k diagnosztik\u00e1j\u00e1nak \u00e9s kezel\u00e9s\u00e9nek lehet\u0151s\u00e9gei a csal\u00e1dorvos gyakorlat\u00e1ban.<\/li>\n<li>Asthma bronchiale klinikuma, kezel\u00e9se, gondoz\u00e1sa.<\/li>\n<li>COPD (kr\u00f3nikus obstrukt\u00edv t\u00fcd\u0151betegs\u00e9g). H\u00e1ziorvosi teend\u0151k.<\/li>\n<li>T\u00fcd\u0151daganatok (rizik\u00f3\u00e1llapotok, sz\u0171r\u00e9si lehet\u0151s\u00e9gek, t\u00fcnetek, gondoz\u00e1s).<\/li>\n<li>L\u00e9g\u00fati idegentest (t\u00fcnetek, diagnosztika, ell\u00e1t\u00e1s).<\/li>\n<li>Gastroenteritisek (k\u00f3rokok, kezel\u00e9si elvek, j\u00e1rv\u00e1ny\u00fcgyi teend\u0151k).<\/li>\n<li>Reflux betegs\u00e9g (GORB) (t\u00fcnettana, diagnosztika, kezel\u00e9s).<\/li>\n<li>Gastrointestinalis ulcus betegs\u00e9g (differenci\u00e1l-diagnosztika, kezel\u00e9s).<\/li>\n<li>A hasmen\u00e9s okai, kivizsg\u00e1l\u00e1sa, kezel\u00e9se.<\/li>\n<li>A sz\u00e9kreked\u00e9s okai, kivizsg\u00e1l\u00e1sa, kezel\u00e9se.<\/li>\n<li>Gyullad\u00e1sos b\u00e9lbetegs\u00e9gek. Funkcion\u00e1lis b\u00e9lbetegs\u00e9gek.<\/li>\n<li>Em\u00e9szt\u0151szervi daganatos betegs\u00e9gek.<\/li>\n<li>Akut hasi k\u00f3rk\u00e9pek (t\u00fcnetek, differenci\u00e1l-diagnosztika, h\u00e1ziorvosi teend\u0151k).<\/li>\n<li>Arany\u00e9r-betegs\u00e9g \u00e9s kezel\u00e9se.<\/li>\n<li>M\u00e1jbetegs\u00e9gek (hepatitisek, cirrhosis hepatis, m\u00e1jdaganatok).<\/li>\n<li>Gastrointestinalis v\u00e9rz\u00e9sek.<\/li>\n<li>Icterusok differenci\u00e1l-diagnosztik\u00e1ja.<\/li>\n<li>Epe\u00fati betegs\u00e9gek (cholelithiasis, cholecystitis, cholangitis).<\/li>\n<li>Akut \u00e9s kr\u00f3nikus pancreatitis (t\u00fcnetek, diagnosztika, kezel\u00e9s).<\/li>\n<li>H\u00fagy\u00fati infekci\u00f3k (akut, kr\u00f3nikus, recidiv\u00e1l\u00f3).<\/li>\n<li>Akut h\u00fagy\u00fati infekci\u00f3 terhess\u00e9gben.<\/li>\n<li>Nephrolithiasis (t\u00fcnetek, diagnosztika, ell\u00e1t\u00e1s).<\/li>\n<li>A haematuria differenci\u00e1l-diagnosztik\u00e1ja.<\/li>\n<li>Akut veseel\u00e9gtelens\u00e9g. Felismer\u00e9s, h\u00e1ziorvosi teend\u0151k.<\/li>\n<li>Nephritis, nephrosis a h\u00e1ziorvosi gyakorlatban.<\/li>\n<li>Kr\u00f3nikus veseel\u00e9gtelens\u00e9g. H\u00e1ziorvosi feladatok.<\/li>\n<li>A h\u00fagy\u00fati retenci\u00f3 felismer\u00e9se, kivizsg\u00e1l\u00e1sa \u00e9s kezel\u00e9se.<\/li>\n<li>Vizelet-incontinencia. okai, kezel\u00e9si lehet\u0151s\u00e9gek.<\/li>\n<li>A prostata hyperplasiaja \u00e9s carcinom\u00e1ja.<\/li>\n<li>A hyperthyreosis \u00e9s hypothyreosis a csal\u00e1dorvos gyakorlat\u00e1ban (a felismer\u00e9s lehet\u0151s\u00e9gei, gondoz\u00e1si teend\u0151k).<\/li>\n<li>Elh\u00edz\u00e1s (klinikai form\u00e1k, kezel\u00e9si lehet\u0151s\u00e9gek, gondoz\u00e1s).<\/li>\n<li>Metabolikus syndroma (krit\u00e9riumok, kezel\u00e9si lehet\u0151s\u00e9gek, gondoz\u00e1s).<\/li>\n<li>1-es t\u00edpus\u00fa diabetes mellitus (felismer\u00e9s, kezel\u00e9s, gondoz\u00e1s).<\/li>\n<li>2-es t\u00edpus\u00fa diabetes mellitus (felismer\u00e9s, kezel\u00e9s, gondoz\u00e1s).<\/li>\n<li>A diab\u00e9teszes l\u00e1b.<\/li>\n<li>Diabeteses beteg (di\u00e9t\u00e1ja, t\u00e1pl\u00e1lkoz\u00e1sa, \u00e9letm\u00f3dja, gondoz\u00e1si feladatok).<\/li>\n<li>A hypoglycaemia okai, kezel\u00e9se.<\/li>\n<li>Hyperlipoproteinaemi\u00e1k (c\u00e9l\u00e9rt\u00e9kek, sz\u0171r\u00e9s, gondoz\u00e1s)<\/li>\n<li>A hyperuricaemia \u00e9s a k\u00f6szv\u00e9ny okai, felismer\u00e9se, kezel\u00e9se, gondoz\u00e1sa.<\/li>\n<li>Mell\u00e9kvesek\u00e9reg-el\u00e9gtelens\u00e9g (diagnosztika, h\u00e1ziorvosi feladatok)<\/li>\n<li>Az anaemi\u00e1k f\u0151bb csoportjai \u00e9s elk\u00fcl\u00f6n\u00edt\u00e9s\u00fck szempontjai (differenci\u00e1l-diagnosztika).<\/li>\n<li>Vashi\u00e1nyos anaemia (t\u00fcnetek, diagnosztika, kezel\u00e9s).<\/li>\n<li>Leukocytosis, leukopenia differenci\u00e1l-diagn\u00f3zisa, h\u00e1ziorvosi teend\u0151k.<\/li>\n<li>Thrombocytosis, thrombopenia okai, differenci\u00e1l-diagn\u00f3zisa, h\u00e1ziorvosi teend\u0151k.<\/li>\n<li>A gyorsult s\u00fcllyed\u00e9s differenci\u00e1ldiagn\u00f3zisa. Teend\u0151k.<\/li>\n<li>Anaphylaxia, allergi\u00e1s s\u00fcrg\u0151ss\u00e9gi \u00e1llapotok<\/li>\n<li>Rheumatoid arthritis (t\u00fcnetek, differenci\u00e1l-diagnosztika, kezel\u00e9si elvek).<\/li>\n<li>Autoimmun betegs\u00e9gekre utal\u00f3 panaszok \u00e9s t\u00fcnetek a h\u00e1ziorvosi gyakorlatban.<\/li>\n<li>Arthrosisok (t\u00fcnetek, diagn\u00f3zis, kezel\u00e9s).<\/li>\n<li>Osteoporosis (megel\u0151z\u00e9s, diagn\u00f3zis, gondoz\u00e1s).<\/li>\n<li>Der\u00e9kf\u00e1j\u00e1s, porckorongs\u00e9rv<\/li>\n<li>Kar-, k\u00e9zzsibbad\u00e1s.<\/li>\n<li>Sz\u0171r\u0151vizsg\u00e1lati m\u00f3dszerek a gyakori daganatos betegs\u00e9gek felismer\u00e9s\u00e9re. A csal\u00e1dorvos feladatai.<\/li>\n<li>F\u00e1jdalomcsillap\u00edt\u00e1s daganatos betegs\u00e9gekben.<\/li>\n<li>Vastagb\u00e9ldaganat miatt oper\u00e1lt beteg gondoz\u00e1sa.<\/li>\n<li>A gy\u00f3gy\u00edthatatlan beteg \u00e9s csal\u00e1dja.<\/li>\n<li>A szorong\u00e1s \u00e9s a depresszi\u00f3 felismer\u00e9se, kezel\u00e9se \u00e9s gondoz\u00e1sa a h\u00e1ziorvosi gyakorlatban.<\/li>\n<li>A demencia felismer\u00e9se, kezel\u00e9se \u00e9s gondoz\u00e1sa a h\u00e1ziorvosi gyakorlatban.<\/li>\n<li>Alv\u00e1s-\u00e9brenl\u00e9t zavarok felismer\u00e9se. Diagnosztikai \u00e9s ter\u00e1pi\u00e1s lehet\u0151s\u00e9gek.<\/li>\n<li>Erysipelas.<\/li>\n<li>Ulcus cruris okai, kezel\u00e9se. Decubitus kezel\u00e9se.<\/li>\n<li>Heveny l\u00e1t\u00e1szavar okai, h\u00e1ziorvosi teend\u0151k.<\/li>\n<li>Szem\u00e9szeti idegentestek felismer\u00e9se \u00e9s elt\u00e1vol\u00edt\u00e1sa.<\/li>\n<li>A glaucoma felismer\u00e9se \u00e9s ell\u00e1t\u00e1sa a h\u00e1ziorvosi gyakorlatban.<\/li>\n<li>A drogfogyaszt\u00f3k kezel\u00e9s\u00e9nek gyakorlati szempontjai.<\/li>\n<li>Id\u0151s betegek gy\u00f3gyszeres kezel\u00e9s\u00e9nek szempontjai.<\/li>\n<li>Id\u0151s, mozg\u00e1skorl\u00e1tozott betegek otthoni kezel\u00e9se.<\/li>\n<li>Kr\u00edzishelyzet a k\u00fcl\u00f6nb\u00f6z\u0151 \u00e9letkorokban.<\/li>\n<li>Lyme borreliosis felismer\u00e9se, h\u00e1ziorvosi teend\u0151k, megel\u0151z\u00e9s.<\/li>\n<li>Csal\u00e1dtervez\u00e9s, fogamz\u00e1sg\u00e1tl\u00e1s.<\/li>\n<li>A terhesgondoz\u00e1s feladatmegoszt\u00e1sa (v\u00e9d\u0151n\u0151, csal\u00e1dorvos, n\u0151gy\u00f3gy\u00e1sz), a csal\u00e1dorvos teend\u0151i.<\/li>\n<li>Vesz\u00e9lyeztetett terhess\u00e9g (okok, teend\u0151k).<\/li>\n<li>Terhess\u00e9gi toxaemia (okok, diagnosztika, teend\u0151k).<\/li>\n<li>Geszt\u00e1ci\u00f3s diabetes (diagnosztika, gondoz\u00e1s, ut\u00f3gondoz\u00e1s).<\/li>\n<li>N\u0151gy\u00f3gy\u00e1szati s\u00fcrg\u0151ss\u00e9gi \u00e1llapotok felismer\u00e9se \u00e9s helysz\u00edni ell\u00e1t\u00e1sa.<\/li>\n<li>Fejf\u00e1j\u00e1sok.<\/li>\n<li>A sz\u00e9d\u00fcl\u00e9s okai, kivizsg\u00e1l\u00e1sa<\/li>\n<li>Agyi kering\u00e9si zavarok (stroke, TIA). T\u00fcnetek, diagn\u00f3zis, akut ell\u00e1t\u00e1s.<\/li>\n<li>Meningitis, encephalitis felismer\u00e9se, h\u00e1ziorvosi teend\u0151k.<\/li>\n<li>K\u00f6zponti idegrendszeri tumorok, koponya\u0171ri nyom\u00e1sfokoz\u00f3d\u00e1s.<\/li>\n<li>Epilepszi\u00e1k, convulsioval j\u00e1r\u00f3 \u00e1llapotok.<\/li>\n<li>Parkinson-k\u00f3r, Parkinson syndrom\u00e1k (okok, t\u00fcnetek, gondoz\u00e1s).<\/li>\n<li>Sebek t\u00edpusai, sebell\u00e1t\u00e1s, tetanusz profilaxis.<\/li>\n<li>A csal\u00e1dorvos teend\u0151i m\u00e9rgez\u00e9s gyan\u00faja eset\u00e9n.<\/li>\n<li>\u00c9g\u00e9s, fagy\u00e1s, mar\u00f3anyag okozta s\u00e9r\u00fcl\u00e9s helysz\u00edni ell\u00e1t\u00e1sa.<\/li>\n<li>V\u00e9rz\u00e9sek \u00e9s v\u00e9rz\u00e9scsillap\u00edt\u00e1s.<\/li>\n<li>R\u00e1ndul\u00e1sok, ficamok, t\u00f6r\u00e9sek els\u0151 ell\u00e1t\u00e1sa.<\/li>\n<li>A csal\u00e1dorvosl\u00e1s saj\u00e1toss\u00e1gai.<\/li>\n<li>A csal\u00e1dorvosi team kapcsolatrendszere, feladatai.<\/li>\n<li>A csal\u00e1dorvos diagnosztikus tev\u00e9kenys\u00e9g\u00e9nek saj\u00e1toss\u00e1gai.<\/li>\n<li>Az orvos-beteg kapcsolat a csal\u00e1dorvosl\u00e1sban, holisztikus szeml\u00e9let, a konzult\u00e1ci\u00f3 saj\u00e1toss\u00e1gai.<\/li>\n<li>A prevenci\u00f3 szintjei \u00e9s strat\u00e9gi\u00e1i.<\/li>\n<li>Feln\u0151ttkori v\u00e9d\u0151olt\u00e1sok.<\/li>\n<li>Gondoz\u00e1si tev\u00e9kenys\u00e9g a csal\u00e1dorvosl\u00e1sban.<\/li>\n<li>Az eg\u00e9szs\u00e9gmeg\u0151rz\u00e9s feladatai az alapell\u00e1t\u00e1sban.<\/li>\n<li>Rehabilit\u00e1ci\u00f3 a csal\u00e1dorvosi gyakorlatban.<\/li>\n<li>A h\u00e1ziorvos hat\u00f3s\u00e1gi feladatai.<\/li>\n<li>Halottszemle, halottk\u00e9ml\u00e9s. Teend\u0151k.<\/li>\n<li>A csal\u00e1dorvos dokument\u00e1ci\u00f3ja.<\/li>\n<li>K\u00e1b\u00edt\u00f3szer-rendel\u00e9s, nyilv\u00e1ntart\u00e1s.<\/li>\n<\/ol>\n<p style=\"text-align: center\"><strong>II.<\/strong><\/p>\n<ol>\n<li>Az eg\u00e9szs\u00e9ges \u00fajsz\u00fcl\u00f6tt jellemz\u0151i \u00e9s ell\u00e1t\u00e1sa.<\/li>\n<li>Az \u00fajsz\u00fcl\u00f6ttel kapcsolatos teend\u0151k otthoni sz\u00fcl\u00e9s eset\u00e9n.<\/li>\n<li>Csecsem\u0151t\u00e1pl\u00e1l\u00e1s.<\/li>\n<li>\u00dajsz\u00fcl\u00f6ttkorban felismerhet\u0151 fejl\u0151d\u00e9si rendelleness\u00e9gek.<\/li>\n<li>V\u00e9d\u0151olt\u00e1sok csecsem\u0151- \u00e9s gyermekkorban.<\/li>\n<li>Rachitis \u00e9s profilaxisa.<\/li>\n<li>Primer prevenci\u00f3 \u00fajsz\u00fcl\u00f6tt-, csecsem\u0151- \u00e9s gyermekkorban.<\/li>\n<li>Sz\u0171r\u0151vizsg\u00e1latok \u00fajsz\u00fcl\u00f6tt-, csecsem\u0151- \u00e9s gyermekkorban.<\/li>\n<li>Hypertonia a gyermek- \u00e9s serd\u00fcl\u0151korban.<\/li>\n<li>Akut fels\u0151- \u00e9s als\u00f3 l\u00e9g\u00fati betegs\u00e9gek saj\u00e1toss\u00e1gai csecsem\u0151- \u00e9s gyermekkorban.<\/li>\n<li>Rhinitis allergica a gyermekkorban.<\/li>\n<li>Asthma bronchiale kezel\u00e9se a gyermekkorban.<\/li>\n<li>Epiglottitis, laryngitis sublgottica.<\/li>\n<li>Tonsillectomia \u00e9s adenotomia indik\u00e1ci\u00f3i<\/li>\n<li>Epistaxis<\/li>\n<li>Fert\u0151z\u0151 betegs\u00e9gek gyermek- \u00e9s fiatal feln\u0151ttkorban.<\/li>\n<li>A l\u00e1zas gyermek. L\u00e1zcsillap\u00edt\u00e1s csecsem\u0151- \u00e9s gyermekkorban.<\/li>\n<li>Az em\u00e9szt\u0151rendszer betegs\u00e9gei gyermek- \u00e9s serd\u00fcl\u0151korban.<\/li>\n<li>Csecsem\u0151kori \u00e9s gyermekkori hasi f\u00e1jdalom.<\/li>\n<li>Hasmen\u00e9ssel j\u00e1r\u00f3 betegs\u00e9gek csecsem\u0151-gyermekkorban.<\/li>\n<li>V\u00e9res sz\u00e9klet differenci\u00e1l-diagnosztik\u00e1ja csecsem\u0151 \u00e9s gyermekkorban.<\/li>\n<li>Akut has csecsem\u0151- \u00e9s gyermekkorban.<\/li>\n<li>Pylorus stenosis, invaginatio.<\/li>\n<li>H\u00fagy\u00fati fert\u0151z\u00e9sek csecsem\u0151- \u00e9s gyermekkorban.<\/li>\n<li>Haematuria a gyermek- \u00e9s serd\u00fcl\u0151korban.<\/li>\n<li>Enuresis a gyermekkorban.<\/li>\n<li>\u00c9tv\u00e1gytalans\u00e1g, fogy\u00e1s a gyermekkorban.<\/li>\n<li>Anorexia nervosa \u00e9s bulimia gyermek- \u00e9s serd\u00fcl\u0151korban.<\/li>\n<li>S\u00f3-v\u00edz h\u00e1ztart\u00e1si zavarok csecsem\u0151- \u00e9s gyermekkorban.<\/li>\n<li>A n\u00f6veked\u00e9s zavarai (differenci\u00e1l-diagnosztika).<\/li>\n<li>Elh\u00edz\u00e1s a gyermekkorban.<\/li>\n<li>Cukorbetegs\u00e9g a gyermekkorban.<\/li>\n<li>Anaemia csecsem\u0151- \u00e9s gyermekkorban.<\/li>\n<li>Haematol\u00f3giai malignus betegs\u00e9gek gyermekkorban.<\/li>\n<li>Haemorrhagi\u00e1s diathesisek a gyermekkorban.<\/li>\n<li>L\u00e1zzal \u00e9s exanthem\u00e1val j\u00e1r\u00f3 betegs\u00e9gek a gyermekkorban.<\/li>\n<li>Gyermekbalesetek, m\u00e9rgez\u00e9sek.<\/li>\n<li>Csecsem\u0151kori hirtelen hal\u00e1l szindr\u00f3ma.<\/li>\n<li>Fejf\u00e1j\u00e1s gyermekkorban.<\/li>\n<li>Convulsi\u00f3val j\u00e1r\u00f3 \u00e1llapotok a gyermekkorban.<\/li>\n<li>Meningitis, encephalitis a gyermekkorban.<\/li>\n<li>A reum\u00e1s l\u00e1z t\u00fcnettana \u00e9s kezel\u00e9se gyermekkorban.<\/li>\n<li>Myocarditisek t\u00fcnettana \u00e9s kezel\u00e9se gyermek- \u00e9s serd\u00fcl\u0151korban.<\/li>\n<li>Orthopediai probl\u00e9m\u00e1k csecsem\u0151 \u00e9s gyermekkorban.<\/li>\n<li>Juvenilis rheumatoid arthritis.<\/li>\n<li>B\u0151rviszket\u00e9s, b\u0151rki\u00fct\u00e9s a gyermekkorban.<\/li>\n<li>Viselked\u00e9si zavarok, psych\u00e9s probl\u00e9m\u00e1k a gyermek- \u00e9s serd\u00fcl\u0151korban.<\/li>\n<li>Iskolaorvosi feladatok: \u00f3vodai \u00e9s iskola\u00e9retts\u00e9gi vizsg\u00e1latok, p\u00e1lyav\u00e1laszt\u00e1si tan\u00e1csad\u00e1s.<\/li>\n<li>A b\u00e1ntalmazott gyermek.<\/li>\n<li>Gy\u00f3gyszeres kezel\u00e9s elvei a csecsem\u0151- \u00e9s gyermekkorban.<\/li>\n<li>Kommunik\u00e1ci\u00f3 a beteg gyermekkel \u00e9s csal\u00e1dj\u00e1val.<\/li>\n<\/ol>\n","protected":false},"excerpt":{"rendered":"<p>Egys\u00e9ges h\u00e1ziorvostan szakvizsga k\u00e9rd\u00e9sek I. Kardiovaszkul\u00e1ris rizik\u00f3faktorok, felismer\u00e9s\u00fck. A kardiovaszkul\u00e1ris rizik\u00f3 becsl\u00e9se. A hipert\u00f3nia klinikai form\u00e1i, diagnosztik\u00e1ja. Hipert\u00f3nia kezel\u00e9se, hipert\u00f3ni\u00e1s beteg gondoz\u00e1sa. Hipert\u00f3ni\u00e1s s\u00fcrg\u0151ss\u00e9gi \u00e1llapotok, ell\u00e1t\u00e1suk. Acut coronaria szindr\u00f3ma A mellkasi f\u00e1jdalom differenci\u00e1l-diagnosztik\u00e1ja. Akut bal sz\u00edvf\u00e9l el\u00e9gtelens\u00e9g (t\u00fcnettan, diagnosztika, ell\u00e1t\u00e1s). Kr\u00f3nikus sz\u00edvel\u00e9gtelens\u00e9g. H\u00e1ziorvosi teend\u0151k. Neh\u00e9zl\u00e9gz\u00e9s, fullad\u00e1s \u00e9rz\u00e9s differenci\u00e1l-diagn\u00f3zisa, h\u00e1ziorvosi kivizsg\u00e1l\u00e1sa Pitvarfibrill\u00e1ci\u00f3. Felismer\u00e9s, h\u00e1ziorvosi teend\u0151k. Sz\u00edvritmus- &hellip;<\/p>\n","protected":false},"author":158,"featured_media":0,"parent":129,"menu_order":3,"comment_status":"closed","ping_status":"closed","template":"","meta":{"_acf_changed":false,"footnotes":""},"categories":[],"tags":[],"class_list":["post-133","page","type-page","status-publish","hentry"],"acf":[],"publishpress_future_action":{"enabled":false,"date":"1970-01-01 01:00:00","action":"","terms":[],"taxonomy":"","browser_timezone_offset":0},"_links":{"self":[{"href":"https:\/\/semmelweis.hu\/csot\/wp-json\/wp\/v2\/pages\/133","targetHints":{"allow":["GET"]}}],"collection":[{"href":"https:\/\/semmelweis.hu\/csot\/wp-json\/wp\/v2\/pages"}],"about":[{"href":"https:\/\/semmelweis.hu\/csot\/wp-json\/wp\/v2\/types\/page"}],"author":[{"embeddable":true,"href":"https:\/\/semmelweis.hu\/csot\/wp-json\/wp\/v2\/users\/158"}],"replies":[{"embeddable":true,"href":"https:\/\/semmelweis.hu\/csot\/wp-json\/wp\/v2\/comments?post=133"}],"version-history":[{"count":3,"href":"https:\/\/semmelweis.hu\/csot\/wp-json\/wp\/v2\/pages\/133\/revisions"}],"predecessor-version":[{"id":6956,"href":"https:\/\/semmelweis.hu\/csot\/wp-json\/wp\/v2\/pages\/133\/revisions\/6956"}],"up":[{"embeddable":true,"href":"https:\/\/semmelweis.hu\/csot\/wp-json\/wp\/v2\/pages\/129"}],"wp:attachment":[{"href":"https:\/\/semmelweis.hu\/csot\/wp-json\/wp\/v2\/media?parent=133"}],"wp:term":[{"taxonomy":"category","embeddable":true,"href":"https:\/\/semmelweis.hu\/csot\/wp-json\/wp\/v2\/categories?post=133"},{"taxonomy":"post_tag","embeddable":true,"href":"https:\/\/semmelweis.hu\/csot\/wp-json\/wp\/v2\/tags?post=133"}],"curies":[{"name":"wp","href":"https:\/\/api.w.org\/{rel}","templated":true}]}}