{"id":129,"date":"2014-09-18T08:16:32","date_gmt":"2014-09-18T06:16:32","guid":{"rendered":"http:\/\/csot.semmelweis.hu\/?page_id=129"},"modified":"2026-01-20T14:52:38","modified_gmt":"2026-01-20T13:52:38","slug":"szakkepzes","status":"publish","type":"page","link":"https:\/\/semmelweis.hu\/csot\/rezidenskepzes\/szakkepzes\/","title":{"rendered":"H\u00e1ziorvostan szakvizsga"},"content":{"rendered":"<p><strong>H\u00e1ziorvostan szakvizsga<\/strong><\/p>\n<p>A szakvizsg\u00e1ra vonatkoz\u00f3 hat\u00e1lyos rendelkez\u00e9seket a 16\/2010. (IV. 15.) E\u00fcM \u00e9s a 22\/2012 (IX.14.) EMMI rendelet tartalmazza.<br \/>\nH\u00e1ziorvostan szakvizsga let\u00e9tel\u00e9re \u00e9vente k\u00e9tszer, a tavaszi (\u00e1ltal\u00e1ban m\u00e1jus h\u00f3napban) \u00e9s az \u0151szi vizsgaid\u0151szakban (\u00e1ltal\u00e1ban november h\u00f3napban) van lehet\u0151s\u00e9g. A szakvizsg\u00e1ra val\u00f3 jelentkez\u00e9s hat\u00e1rideje k\u00f6r\u00fclbel\u00fcl a vizsga el\u0151tt f\u00e9l \u00e9vvel sz\u00fcks\u00e9ges.<\/p>\n<p><strong>A szakvizsg\u00e1ztat\u00e1st az OKF\u0150 Nemzeti Vizsgabizotts\u00e1ga szervezi<\/strong>. <br \/>\nEl\u00e9rhet\u0151s\u00e9geik: https:\/\/www.enkk.hu\/index.php\/hun\/elerhetosegek\/ugyfelfogadas\/nemzeti-vizsgabizottsag<\/p>\n<p>A H\u00e1ziorvostan szakvizsg\u00e1val kapcsolatos inform\u00e1ci\u00f3k (\u00e1ltal\u00e1nos t\u00e1j\u00e9koztat\u00f3, vizsganapt\u00e1r, beny\u00fajtand\u00f3 dokumentumok list\u00e1ja, szakvizsga d\u00edja, halaszt\u00e1si k\u00e9relem) r\u00e9szletesen megtal\u00e1lhat\u00f3k a Nemzeti Vizsgabizotts\u00e1g honlapj\u00e1n: <a href=\"https:\/\/www.enkk.hu\/index.php\/hun\/nemzeti-vizsgabizottsag-2\/ogyfk-vizsganaptar\">https:\/\/www.enkk.hu\/index.php\/hun\/nemzeti-vizsgabizottsag-2\/ogyfk-vizsganaptar<\/a><\/p>\n<p>Szakvizsg\u00e1ra jelentkezni a vizsgaport\u00e1ljukon t\u00f6rt\u00e9n\u0151 regisztr\u00e1ci\u00f3t k\u00f6vet\u0151en lehets\u00e9ges az al\u00e1bbi linken: nvb.okfo.gov.hu<\/p>\n<p>A h\u00e1ziorvostan szakvizsg\u00e1t a Nemzeti Vizsgabizotts\u00e1g szervezi, az id\u0151pontokat, a bizotts\u00e1gok \u00f6sszet\u00e9tel\u00e9t a Csal\u00e1dorvosi Tansz\u00e9kkel egyezteti, majd a vizsg\u00e1z\u00f3kat ki\u00e9rtes\u00edti a vizsgaid\u0151pontokr\u00f3l.<\/p>\n<p><strong>Szakvizsg\u00e1ra bocs\u00e1t\u00e1shoz beny\u00fajtand\u00f3 dokumentumok<\/strong><\/p>\n<ol>\n<li><strong>H\u00e1ziorvos rezidenseknek a Csal\u00e1dorvosi Tansz\u00e9kre a szakvizsg\u00e1ra bocs\u00e1t\u00e1shoz a beny\u00fajtand\u00f3 dokumentumai:<\/strong><\/li>\n<\/ol>\n<ul>\n<li>a teljes k\u00e9pz\u00e9si id\u0151re vonatkoz\u00f3an az \u00f6sszes gyakorlat teljes\u00edt\u00e9s\u00e9r\u0151l sz\u00f3l\u00f3 hiteles (tutor al\u00e1\u00edr\u00e1sa \u00e9s orvosi b\u00e9lyegz\u0151je, valamint a k\u00e9pz\u0151hely b\u00e9lyegz\u0151je) igazol\u00e1sok a leckek\u00f6nyvben<\/li>\n<li>a szakvizsg\u00e1ra bocs\u00e1t\u00e1s felt\u00e9telek\u00e9nt elv\u00e9gzend\u0151 beavatkoz\u00e1sok, vizsg\u00e1latok igazol\u00e1sai a munkanapl\u00f3ban,<\/li>\n<li>a jogszab\u00e1lyban el\u0151\u00edrt k\u00f6telez\u0151 tanfolyam\/ok elv\u00e9gz\u00e9se \u00e9s az err\u0151l sz\u00f3l\u00f3 igazol\u00e1s\/ok lead\u00e1sa,<\/li>\n<li>amennyiben a szakorvosjel\u00f6lt h\u00e1ziorvostan szakk\u00e9pz\u00e9s\u00e9nek adminisztr\u00e1ci\u00f3ja teljes eg\u00e9sz\u00e9ben a reny.hu oldalon ker\u00fclt r\u00f6gz\u00edt\u00e9sre, \u00fagy az abszolut\u00f3rium ki\u00e1ll\u00edt\u00e1sa a Szak- \u00e9s Tov\u00e1bbk\u00e9pz\u00e9si K\u00f6zpont (SZTOK) tanulm\u00e1nyi \u00fcgyint\u00e9z\u0151inek bevon\u00e1s\u00e1val t\u00f6rt\u00e9nik, miut\u00e1n a szakorvosjel\u00f6lt az abszolut\u00f3rium ki\u00e1ll\u00edt\u00e1s\u00e1t k\u00e9relmezte<\/li>\n<\/ul>\n<p>A beny\u00fajtott dokumentumok alapj\u00e1n a H\u00e1ziorvostan szakk\u00e9pz\u00e9si gr\u00e9mium eln\u00f6ke enged\u00e9lyezi a szakvizsg\u00e1ra bocs\u00e1jt\u00e1st. <br \/>\nAz enged\u00e9lyt a fenti dokumentumokkal egy\u00fctt a szakorvosjel\u00f6ltnek a Szak- \u00e9s Tov\u00e1bbk\u00e9pz\u00e9si K\u00f6zpontban a tanulm\u00e1nyi \u00fcgyint\u00e9z\u0151j\u00e9nek kell leadni, ahol ki\u00e1ll\u00edt\u00e1sra ker\u00fcl az abszolut\u00f3rium.<\/p>\n<ol start=\"2\">\n<li><strong>\u00dajabb els\u0151k\u00e9nt megszerezhet\u0151 h\u00e1ziorvostan szakvizsga<\/strong><\/li>\n<\/ol>\n<p><strong>Az \u00dajabb els\u0151k\u00e9nt megszerezhet\u0151 k\u00e9pz\u00e9sben r\u00e9sztvev\u0151 szakorvosjel\u00f6lteknek a szakvizsg\u00e1ra bocs\u00e1t\u00e1shoz a beny\u00fajtand\u00f3 dokumentumaikat a Szak- \u00e9s Tov\u00e1bbk\u00e9pz\u00e9si K\u00f6zpont (SZTOK) tanulm\u00e1nyi \u00fcgyint\u00e9z\u0151j\u00e9nek kell leadni<\/strong>:<\/p>\n<ul>\n<li>a teljes k\u00e9pz\u00e9si id\u0151re vonatkoz\u00f3an az \u00f6sszes gyakorlat teljes\u00edt\u00e9s\u00e9r\u0151l sz\u00f3l\u00f3 hiteles (tutor al\u00e1\u00edr\u00e1sa \u00e9s orvosi b\u00e9lyegz\u0151je, valamint a k\u00e9pz\u0151hely b\u00e9lyegz\u0151je) igazol\u00e1sokat,<\/li>\n<\/ul>\n<ul>\n<li>a szakvizsg\u00e1ra bocs\u00e1t\u00e1s felt\u00e9telek\u00e9nt elv\u00e9gzend\u0151 beavatkoz\u00e1sok, vizsg\u00e1latok igazol\u00e1sait,<\/li>\n<li>a jogszab\u00e1lyban el\u0151\u00edrt k\u00f6telez\u0151 tanfolyam\/ok elv\u00e9gz\u00e9s\u00e9r\u0151l sz\u00f3l\u00f3 igazol\u00e1s\/okat.<\/li>\n<\/ul>\n<p><strong>\u00dcgyint\u00e9z\u0151 \u2013 \u00fajabb els\u0151 szakk\u00e9pz\u00e9s: So\u00f3sn\u00e9 Korp\u00e1s T\u00fcnde <br \/>\n<\/strong>tel: +36-1-459-1500\/62248 mell\u00e9k <br \/>\ne-mail: <a href=\"mailto:korpas.tunde@semmelweis.hu\">korpas.tunde@semmelweis.hu<\/a><\/p>\n<p><a href=\"https:\/\/semmelweis.hu\/szak-es-tovabbkepzes\/aok\/ujabb-elsokent-megszerezheto\/\">https:\/\/semmelweis.hu\/szak-es-tovabbkepzes\/aok\/ujabb-elsokent-megszerezheto\/<\/a><\/p>\n<p>A SZTOK tanulm\u00e1nyi \u00fcgyint\u00e9z\u0151je \u00e1ltal megk\u00fcld\u00f6tt dokumentumok alapj\u00e1n a H\u00e1ziorvostan szakk\u00e9pz\u00e9si gr\u00e9mium eln\u00f6ke enged\u00e9lyezi a szakvizsg\u00e1ra bocs\u00e1jt\u00e1st, s megk\u00fcldi azt a tanulm\u00e1nyi \u00fcgyint\u00e9z\u0151 r\u00e9sz\u00e9re, majd a SZTOK-ban ki\u00e1ll\u00edt\u00e1sra ker\u00fcl az abszolut\u00f3rium.<\/p>\n<p><strong>A h\u00e1ziorvostan szakvizsga r\u00e9szei<\/strong><\/p>\n<p><strong>Esettanulm\u00e1nyok<\/strong><\/p>\n<p>A szakvizsg\u00e1hoz az akkredit\u00e1lt h\u00e1ziorvosi praxisokban, f\u0151k\u00e9nt a szakgyakorlati id\u0151 alatt megismert 4 feln\u0151tt \u00e9s 1 gyermek p\u00e1ciens eset\u00e9nek bemutat\u00e1s\u00e1t k\u00e9rj\u00fck. <br \/>\nAz esettanulm\u00e1nyok lead\u00e1si hat\u00e1rideje: 2 h\u00f3nappal a szakvizsga el\u0151tt. <br \/>\nT\u00e1j\u00e9koztat\u00f3 az esettanulm\u00e1nyok tartalmi \u00e9s formai k\u00f6vetelm\u00e9nyeir\u0151l:<br \/>\n<a href=\"https:\/\/semmelweis.hu\/csot\/szakkepzes\/esettanulmanyok\/\">https:\/\/semmelweis.hu\/csot\/szakkepzes\/esettanulmanyok\/<\/a><\/p>\n<p><strong>Gyakorlati vizsga<\/strong><\/p>\n<p>A h\u00e1ziorvostan szakvizsga h\u00e1rom napon zajlik. <br \/>\nAz els\u0151 k\u00e9t napon sz\u00f3beli gyakorlati vizsg\u00e1k vannak, melynek r\u00e9szei: <br \/>\ns\u00fcrg\u0151ss\u00e9gi betegell\u00e1t\u00e1s, eg\u00e9szs\u00e9gnevel\u00e9si essz\u00e9k\u00e9rd\u00e9sek, laborat\u00f3riumi diagnosztika, EKG g\u00f6rb\u00e9k elemz\u00e9se, illetve t\u00e1rsadalombiztos\u00edt\u00e1si, gazdas\u00e1gi, praxisszervez\u00e9si, jogi ismeretek.<\/p>\n<p><strong>Sz\u00f3beli vizsga<\/strong><\/p>\n<p>A gyakorlati vizsg\u00e1k ut\u00e1n, egy harmadik napon ker\u00fcl lebonyol\u00edt\u00e1sra a sz\u00f3beli vizsga, ahol vizsgabizotts\u00e1g el\u0151tt az el\u0151re megadott t\u00e9telsor alapj\u00e1n (egy feln\u0151tt \u00e9s egy gyermekgy\u00f3gy\u00e1szati t\u00e9telb\u0151l) kell vizsg\u00e1t tenni.<br \/>\n<a href=\"https:\/\/semmelweis.hu\/csot\/szakkepzes\/szakvizsga-kerdesek\/\">https:\/\/semmelweis.hu\/csot\/szakkepzes\/szakvizsga-kerdesek\/<\/a><\/p>\n","protected":false},"excerpt":{"rendered":"<p>H\u00e1ziorvostan szakvizsga A szakvizsg\u00e1ra vonatkoz\u00f3 hat\u00e1lyos rendelkez\u00e9seket a 16\/2010. (IV. 15.) E\u00fcM \u00e9s a 22\/2012 (IX.14.) EMMI rendelet tartalmazza. H\u00e1ziorvostan szakvizsga let\u00e9tel\u00e9re \u00e9vente k\u00e9tszer, a tavaszi (\u00e1ltal\u00e1ban m\u00e1jus h\u00f3napban) \u00e9s az \u0151szi vizsgaid\u0151szakban (\u00e1ltal\u00e1ban november h\u00f3napban) van lehet\u0151s\u00e9g. A szakvizsg\u00e1ra val\u00f3 jelentkez\u00e9s hat\u00e1rideje k\u00f6r\u00fclbel\u00fcl a vizsga el\u0151tt f\u00e9l \u00e9vvel sz\u00fcks\u00e9ges. A szakvizsg\u00e1ztat\u00e1st az OKF\u0150 Nemzeti &hellip;<\/p>\n","protected":false},"author":158,"featured_media":0,"parent":106,"menu_order":4,"comment_status":"closed","ping_status":"closed","template":"","meta":{"_acf_changed":false,"footnotes":""},"categories":[],"tags":[],"class_list":["post-129","page","type-page","status-publish","hentry"],"acf":[],"publishpress_future_action":{"enabled":false,"date":"1970-01-01 01:00:00","action":"","terms":[],"taxonomy":"","browser_timezone_offset":0},"_links":{"self":[{"href":"https:\/\/semmelweis.hu\/csot\/wp-json\/wp\/v2\/pages\/129","targetHints":{"allow":["GET"]}}],"collection":[{"href":"https:\/\/semmelweis.hu\/csot\/wp-json\/wp\/v2\/pages"}],"about":[{"href":"https:\/\/semmelweis.hu\/csot\/wp-json\/wp\/v2\/types\/page"}],"author":[{"embeddable":true,"href":"https:\/\/semmelweis.hu\/csot\/wp-json\/wp\/v2\/users\/158"}],"replies":[{"embeddable":true,"href":"https:\/\/semmelweis.hu\/csot\/wp-json\/wp\/v2\/comments?post=129"}],"version-history":[{"count":7,"href":"https:\/\/semmelweis.hu\/csot\/wp-json\/wp\/v2\/pages\/129\/revisions"}],"predecessor-version":[{"id":8157,"href":"https:\/\/semmelweis.hu\/csot\/wp-json\/wp\/v2\/pages\/129\/revisions\/8157"}],"up":[{"embeddable":true,"href":"https:\/\/semmelweis.hu\/csot\/wp-json\/wp\/v2\/pages\/106"}],"wp:attachment":[{"href":"https:\/\/semmelweis.hu\/csot\/wp-json\/wp\/v2\/media?parent=129"}],"wp:term":[{"taxonomy":"category","embeddable":true,"href":"https:\/\/semmelweis.hu\/csot\/wp-json\/wp\/v2\/categories?post=129"},{"taxonomy":"post_tag","embeddable":true,"href":"https:\/\/semmelweis.hu\/csot\/wp-json\/wp\/v2\/tags?post=129"}],"curies":[{"name":"wp","href":"https:\/\/api.w.org\/{rel}","templated":true}]}}