{"id":108,"date":"2014-09-16T10:37:36","date_gmt":"2014-09-16T08:37:36","guid":{"rendered":"http:\/\/csot.semmelweis.hu\/?page_id=108"},"modified":"2024-10-24T12:15:02","modified_gmt":"2024-10-24T10:15:02","slug":"rezidenskepzes-zarovizsga-kerdesei","status":"publish","type":"page","link":"https:\/\/semmelweis.hu\/csot\/rezidenskepzes\/3-reszvizsga-menete\/rezidenskepzes-zarovizsga-kerdesei\/","title":{"rendered":"Sz\u00f3beli r\u00e9szvizsga k\u00e9rd\u00e9sei"},"content":{"rendered":"<table>\n<tbody>\n<tr>\n<td>\n<p><strong>\u00a0<\/strong><\/p>\n<\/td>\n<td>\n<p><strong>R\u00e9szvizsga k\u00e9rd\u00e9s <\/strong><\/p>\n<\/td>\n<td>\n<p><strong>Kompetencia megnevez\u00e9se <\/strong><\/p>\n<\/td>\n<td>\n<p><strong>Ter\u00fclet <\/strong><\/p>\n<\/td>\n<\/tr>\n<tr>\n<td>\n<p>1.<\/p>\n<\/td>\n<td>\n<p>A 2-es t\u00edpus\u00fa cukorbetegs\u00e9g ter\u00e1pi\u00e1s lehet\u0151s\u00e9gei.<\/p>\n<\/td>\n<td>\n<p>Diabeteses akut anyagcserezavar kivizsg\u00e1l\u00e1sa, kezel\u00e9se<\/p>\n<\/td>\n<td>\n<p>Belgy\u00f3gy\u00e1szat gyakorlat<\/p>\n<\/td>\n<\/tr>\n<tr>\n<td>\n<p>2.<\/p>\n<\/td>\n<td>\n<p>A leukocytosis differenci\u00e1ldiagn\u00f3zisa, teend\u0151k.<\/p>\n<\/td>\n<td>\n<p>Laborleletek \u00e9rt\u00e9kel\u00e9se<\/p>\n<\/td>\n<td>\n<p>Belgy\u00f3gy\u00e1szat gyakorlat<\/p>\n<\/td>\n<\/tr>\n<tr>\n<td>\n<p>3.<\/p>\n<\/td>\n<td>\n<p>A tuberculosis jelent\u0151s\u00e9ge, felismer\u00e9se.<\/p>\n<\/td>\n<td>\n<p>K\u00e9palkot\u00f3 elj\u00e1r\u00e1sok \u00e9rt\u00e9kel\u00e9se (hasi UH, rtg. vizsg\u00e1latok, CT)<\/p>\n<\/td>\n<td>\n<p>Belgy\u00f3gy\u00e1szat gyakorlat<\/p>\n<\/td>\n<\/tr>\n<tr>\n<td>\n<p>4.<\/p>\n<\/td>\n<td>\n<p>Anaemi\u00e1k differenci\u00e1ldiagnosztik\u00e1ja \u00e9s kezel\u00e9se.<\/p>\n<\/td>\n<td>\n<p>Laborleletek \u00e9rt\u00e9kel\u00e9se<\/p>\n<\/td>\n<td>\n<p>Belgy\u00f3gy\u00e1szat gyakorlat<\/p>\n<\/td>\n<\/tr>\n<tr>\n<td>\n<p>5.<\/p>\n<\/td>\n<td>\n<p>Bakteriol\u00f3giai vizsg\u00e1latok a h\u00e1ziorvosi gyakorlatban.<\/p>\n<\/td>\n<td>\n<p>Bakteriol\u00f3giai mintav\u00e9tel<\/p>\n<\/td>\n<td>\n<p>Belgy\u00f3gy\u00e1szat gyakorlat<\/p>\n<\/td>\n<\/tr>\n<tr>\n<td>\n<p>6.<\/p>\n<\/td>\n<td>\n<p>Cirrhosis hepatis. Korai felismer\u00e9s lehet\u0151s\u00e9gei, gondoz\u00e1s.<\/p>\n<\/td>\n<td>\n<p>K\u00e9palkot\u00f3 elj\u00e1r\u00e1sok \u00e9rt\u00e9kel\u00e9se (hasi UH, rtg. vizsg\u00e1latok, CT)<\/p>\n<\/td>\n<td>\n<p>Belgy\u00f3gy\u00e1szat gyakorlat<\/p>\n<\/td>\n<\/tr>\n<tr>\n<td>\n<p>7.<\/p>\n<\/td>\n<td>\n<p>Hyperthyreosis.<\/p>\n<\/td>\n<td>\n<p>Endokrin betegs\u00e9gek ell\u00e1t\u00e1sa<\/p>\n<\/td>\n<td>\n<p>Belgy\u00f3gy\u00e1szat gyakorlat<\/p>\n<\/td>\n<\/tr>\n<tr>\n<td>\n<p>8.<\/p>\n<\/td>\n<td>\n<p>Hypothyreosis.<\/p>\n<\/td>\n<td>\n<p>Endokrin betegs\u00e9gek ell\u00e1t\u00e1sa<\/p>\n<\/td>\n<td>\n<p>Belgy\u00f3gy\u00e1szat gyakorlat<\/p>\n<\/td>\n<\/tr>\n<tr>\n<td>\n<p>9.<\/p>\n<\/td>\n<td>\n<p>S\u00e1rgas\u00e1ggal j\u00e1r\u00f3 k\u00f3rk\u00e9pek.<\/p>\n<\/td>\n<td>\n<p>Fizik\u00e1lis vizsg\u00e1lat<\/p>\n<\/td>\n<td>\n<p>Belgy\u00f3gy\u00e1szat gyakorlat<\/p>\n<\/td>\n<\/tr>\n<tr>\n<td>\n<p>10.<\/p>\n<\/td>\n<td>\n<p>Sz\u00edvel\u00e9gtelens\u00e9g okai, diagn\u00f3zisa, kezel\u00e9se.<\/p>\n<\/td>\n<td>\n<p>Sz\u00edv-\u00e9rrendszeri beteg gondoz\u00e1sa, rehabilit\u00e1ci\u00f3ja<\/p>\n<\/td>\n<td>\n<p>Belgy\u00f3gy\u00e1szat gyakorlat<\/p>\n<\/td>\n<\/tr>\n<tr>\n<td>\n<p>11.<\/p>\n<\/td>\n<td>\n<p>Perif\u00e9ri\u00e1s \u00e9rsz\u0171k\u00fclet.<\/p>\n<\/td>\n<td>\n<p>Boka-kar index meghat\u00e1roz\u00e1sa<\/p>\n<\/td>\n<td>\n<p>Belgy\u00f3gy\u00e1szat gyakorlat<\/p>\n<\/td>\n<\/tr>\n<tr>\n<td>\n<p>12.<\/p>\n<\/td>\n<td>\n<p>Akut nephritis, nephrosis.<\/p>\n<p>T\u00fcnetek, a kezel\u00e9s alapelvei.<\/p>\n<\/td>\n<td>\n<p>Laborleletek \u00e9rt\u00e9kel\u00e9se<\/p>\n<\/td>\n<td>\n<p>Belgy\u00f3gy\u00e1szat gyakorlat<\/p>\n<\/td>\n<\/tr>\n<tr>\n<td>\n<p>13.<\/p>\n<\/td>\n<td>\n<p>Sz\u00edvritmuszavarok.<\/p>\n<\/td>\n<td>\n<p>EKG monitoroz\u00e1s (Holter) elv\u00e9gz\u00e9se, az eredm\u00e9nyek \u00e9rtelmez\u00e9se<\/p>\n<\/td>\n<td>\n<p>Belgy\u00f3gy\u00e1szat gyakorlat<\/p>\n<\/td>\n<\/tr>\n<tr>\n<td>\n<p>14.<\/p>\n<\/td>\n<td>\n<p>Erysipelas.<\/p>\n<\/td>\n<td>\n<p>A b\u0151r mikr\u00f3b\u00e1k okozta betegs\u00e9geinek felismer\u00e9se, az enyh\u00e9bb fert\u0151z\u00e9sek lok\u00e1lis \u00e9s sziszt\u00e9m\u00e1s kezel\u00e9se<\/p>\n<\/td>\n<td>\n<p>B\u0151rgy\u00f3gy\u00e1szat<\/p>\n<\/td>\n<\/tr>\n<tr>\n<td>\n<p>15.<\/p>\n<\/td>\n<td>\n<p>Herpes zoster.<\/p>\n<\/td>\n<td>\n<p>A b\u0151r mikr\u00f3b\u00e1k okozta betegs\u00e9geinek felismer\u00e9se, az enyh\u00e9bb fert\u0151z\u00e9sek lok\u00e1lis \u00e9s sziszt\u00e9m\u00e1s kezel\u00e9se<\/p>\n<\/td>\n<td>\n<p>B\u0151rgy\u00f3gy\u00e1szat<\/p>\n<\/td>\n<\/tr>\n<tr>\n<td>\n<p>16.<\/p>\n<\/td>\n<td>\n<p>Urticaria differenci\u00e1l-diagn\u00f3zisa \u00e9s kezel\u00e9se.<\/p>\n<\/td>\n<td>\n<p>Akut korai t\u00edpus\u00fa allergi\u00e1s reakci\u00f3k felismer\u00e9se \u00e9s ell\u00e1t\u00e1sa<\/p>\n<\/td>\n<td>\n<p>B\u0151rgy\u00f3gy\u00e1szat<\/p>\n<\/td>\n<\/tr>\n<tr>\n<td>\n<p>17.<\/p>\n<\/td>\n<td>\n<p>Akut fels\u0151 l\u00e9g\u00fati betegs\u00e9gek.<\/p>\n<p>Tonsillitis, sinusitis, otitis media.<\/p>\n<\/td>\n<td>\n<p>H\u00e1ziorvosi szint\u0171 f\u00fcl-orrg\u00e9g\u00e9szeti vizsg\u00e1lat (dobh\u00e1rtya, hall\u00f3j\u00e1rat, vesztibul\u00e1ris rendszer fizik\u00e1lis vizsg\u00e1lata)<\/p>\n<\/td>\n<td>\n<p>F\u00fcl-orr-g\u00e9g\u00e9szeti gyakorlat<\/p>\n<\/td>\n<\/tr>\n<tr>\n<td>\n<p>18.<\/p>\n<\/td>\n<td>\n<p>Asthma bronchiale.<\/p>\n<\/td>\n<td>\n<p>COPD, asthm\u00e1s beteg gondoz\u00e1si programj\u00e1nak \u00f6ssze\u00e1ll\u00edt\u00e1sa<\/p>\n<\/td>\n<td>\n<p>Gondoz\u00e1s, rehabilit\u00e1ci\u00f3<\/p>\n<\/td>\n<\/tr>\n<tr>\n<td>\n<p>19.<\/p>\n<\/td>\n<td>\n<p>Az eml\u0151 gyullad\u00e1sos \u00e9s malignus betegs\u00e9geinek felismer\u00e9se \u00e9s gondoz\u00e1sa.<\/p>\n<\/td>\n<td>\n<p>Daganatos beteg gondoz\u00e1sa, rehabilit\u00e1ci\u00f3ja<\/p>\n<\/td>\n<td>\n<p>Gondoz\u00e1s, rehabilit\u00e1ci\u00f3<\/p>\n<\/td>\n<\/tr>\n<tr>\n<td>\n<p>20.<\/p>\n<\/td>\n<td>\n<p>Colorect\u00e1lis tumorok: t\u00fcnetek, sz\u0171r\u00e9s, megel\u0151z\u00e9s, gondoz\u00e1s.<\/p>\n<\/td>\n<td>\n<p>Daganatos beteg gondoz\u00e1sa, rehabilit\u00e1ci\u00f3ja<\/p>\n<\/td>\n<td>\n<p>Gondoz\u00e1s, rehabilit\u00e1ci\u00f3<\/p>\n<\/td>\n<\/tr>\n<tr>\n<td>\n<p>21.<\/p>\n<\/td>\n<td>\n<p>Diabetes mellitus form\u00e1i, diagn\u00f3zisa, kompetenci\u00e1k a gondoz\u00e1sban.<\/p>\n<\/td>\n<td>\n<p>Cukorbeteg, anyagcserebeteg gondoz\u00e1sa, rehabilit\u00e1ci\u00f3ja<\/p>\n<\/td>\n<td>\n<p>Gondoz\u00e1s, rehabilit\u00e1ci\u00f3<\/p>\n<\/td>\n<\/tr>\n<tr>\n<td>\n<p>22.<\/p>\n<\/td>\n<td>\n<p>Diabetes sz\u00f6v\u0151dm\u00e9nyei.<\/p>\n<\/td>\n<td>\n<p>Cukorbeteg, anyagcserebeteg gondoz\u00e1sa, rehabilit\u00e1ci\u00f3ja<\/p>\n<\/td>\n<td>\n<p>Gondoz\u00e1s, rehabilit\u00e1ci\u00f3<\/p>\n<\/td>\n<\/tr>\n<tr>\n<td>\n<p>23.<\/p>\n<\/td>\n<td>\n<p>Hypert\u00f3ni\u00e1s beteg vezet\u00e9se: nem gy\u00f3gyszeres, gy\u00f3gyszeres kezel\u00e9s, gondoz\u00e1s.<\/p>\n<\/td>\n<td>\n<p>Sz\u00edv-\u00e9rrendszeri beteg gondoz\u00e1sa, rehabilit\u00e1ci\u00f3ja<\/p>\n<\/td>\n<td>\n<p>Gondoz\u00e1s, rehabilit\u00e1ci\u00f3<\/p>\n<\/td>\n<\/tr>\n<tr>\n<td>\n<p>24.<\/p>\n<\/td>\n<td>\n<p>Id\u0151s betegek otthoni gondoz\u00e1sa, probl\u00e9m\u00e1k, lehet\u0151s\u00e9gek.<\/p>\n<\/td>\n<td>\n<p>Hospice ell\u00e1t\u00e1s a beteg otthon\u00e1ban<\/p>\n<\/td>\n<td>\n<p>Gondoz\u00e1s, rehabilit\u00e1ci\u00f3<\/p>\n<\/td>\n<\/tr>\n<tr>\n<td>\n<p>25.<\/p>\n<\/td>\n<td>\n<p>Postinfarctusos betegek rehabilit\u00e1ci\u00f3ja.<\/p>\n<\/td>\n<td>\n<p>Sz\u00edv-\u00e9rrendszeri beteg gondoz\u00e1sa, rehabilit\u00e1ci\u00f3ja<\/p>\n<\/td>\n<td>\n<p>Gondoz\u00e1s, rehabilit\u00e1ci\u00f3<\/p>\n<\/td>\n<\/tr>\n<tr>\n<td>\n<p>26.<\/p>\n<\/td>\n<td>\n<p>Stabil angina pectoris, teend\u0151k, gondoz\u00e1s.<\/p>\n<\/td>\n<td>\n<p>Sz\u00edv-\u00e9rrendszeri beteg gondoz\u00e1sa, rehabilit\u00e1ci\u00f3ja<\/p>\n<\/td>\n<td>\n<p>Gondoz\u00e1s, rehabilit\u00e1ci\u00f3<\/p>\n<\/td>\n<\/tr>\n<tr>\n<td>\n<p>27.<\/p>\n<\/td>\n<td>\n<p>Sz\u00e9kreked\u00e9s lehets\u00e9ges okai, kezel\u00e9se.<\/p>\n<\/td>\n<td>\n<p>Hospice ell\u00e1t\u00e1s a beteg otthon\u00e1ban<\/p>\n<\/td>\n<td>\n<p>Gondoz\u00e1s, rehabilit\u00e1ci\u00f3<\/p>\n<\/td>\n<\/tr>\n<tr>\n<td>\n<p>28.<\/p>\n<\/td>\n<td>\n<p>A csal\u00e1dorvos teend\u0151i \u00e9g\u00e9s, fagy\u00e1s, mar\u00f3anyag okozta s\u00e9r\u00fcl\u00e9s eset\u00e9n.<\/p>\n<\/td>\n<td>\n<p>\u00c9g\u00e9sek els\u0151 ell\u00e1t\u00e1sa<\/p>\n<\/td>\n<td>\n<p>Gyakorlati k\u00e9szs\u00e9gek a praxisban<\/p>\n<\/td>\n<\/tr>\n<tr>\n<td>\n<p>29.<\/p>\n<\/td>\n<td>\n<p>Alkoholbeteg felkutat\u00e1sa, kivizsg\u00e1l\u00e1sa, kezel\u00e9se. A sz\u00f6v\u0151dm\u00e9nyek felismer\u00e9se, megel\u0151z\u00e9se, kezel\u00e9se.<\/p>\n<\/td>\n<td>\n<p>Szenved\u00e9lybeteg\/gy\u00f3gyszerf\u00fcgg \u0151 beteg ell\u00e1t\u00e1sa<\/p>\n<\/td>\n<td>\n<p>Gyakorlati k\u00e9szs\u00e9gek a praxisban<\/p>\n<\/td>\n<\/tr>\n<tr>\n<td>\n<p>30.<\/p>\n<\/td>\n<td>\n<p>Hasmen\u00e9s lehets\u00e9ges okai, kezel\u00e9se.<\/p>\n<\/td>\n<td>\n<p>Sz\u00e9klet parazitol\u00f3giai, bakteriol\u00f3giai vizsg\u00e1lat, eredm\u00e9nyek \u00e9rt\u00e9kel\u00e9se<\/p>\n<\/td>\n<td>\n<p>Gyakorlati k\u00e9szs\u00e9gek a praxisban<\/p>\n<\/td>\n<\/tr>\n<tr>\n<td>\n<p>31.<\/p>\n<\/td>\n<td>\n<p>Hypert\u00f3nia diagn\u00f3zisa, kivizsg\u00e1l\u00e1si strat\u00e9gi\u00e1ja,<\/p>\n<p>v\u00e9rnyom\u00e1smonitoroz\u00e1s \u00e9rt\u00e9kel\u00e9se.<\/p>\n<\/td>\n<td>\n<p>V\u00e9rnyom\u00e1sm\u00e9r\u00e9s (als\u00f3, fels\u0151 v\u00e9gtagokon)<\/p>\n<\/td>\n<td>\n<p>Gyakorlati k\u00e9szs\u00e9gek a praxisban<\/p>\n<\/td>\n<\/tr>\n<tr>\n<td>\n<p>32.<\/p>\n<\/td>\n<td>\n<p>Kr\u00f3nikus antithrombotikus ter\u00e1pia kardiovaszkul\u00e1ris betegs\u00e9gekben.<\/p>\n<\/td>\n<td>\n<p>Tromb\u00f3zis profilaxis megszervez\u00e9se, biztos\u00edt\u00e1sa<\/p>\n<\/td>\n<td>\n<p>Gyakorlati k\u00e9szs\u00e9gek a praxisban<\/p>\n<\/td>\n<\/tr>\n<tr>\n<td>\n<p>33.<\/p>\n<\/td>\n<td>\n<p>A csal\u00e1dorvos teend\u0151i m\u00e9rgez\u00e9s gyan\u00faja eset\u00e9n.<\/p>\n<\/td>\n<td>\n<p>S\u00e9r\u00fcl\u00e9sek, m\u00e9rgez\u00e9sek ell\u00e1t\u00e1sa, idegentest elt\u00e1vol\u00edt\u00e1s<\/p>\n<\/td>\n<td>\n<p>Gyermekgy\u00f3gy\u00e1szat<\/p>\n<p>i oszt\u00e1lyos gyakorlat<\/p>\n<\/td>\n<\/tr>\n<tr>\n<td>\n<p>34.<\/p>\n<\/td>\n<td>\n<p>H\u00e1ny\u00e1s-hasmen\u00e9s ell\u00e1t\u00e1sa gyerekkorban.<\/p>\n<\/td>\n<td>\n<p>H\u00e1ny\u00e1s-hasmen\u00e9s ell\u00e1t\u00e1sa<\/p>\n<\/td>\n<td>\n<p>Gyermekgy\u00f3gy\u00e1szat<\/p>\n<p>i oszt\u00e1lyos gyakorlat<\/p>\n<\/td>\n<\/tr>\n<tr>\n<td>\n<p>35.<\/p>\n<\/td>\n<td>\n<p>Hasi f\u00e1jdalom differenci\u00e1ldiagnosztik\u00e1ja gyerekkorban.<\/p>\n<\/td>\n<td>\n<p>Hasi panaszok miatti ell\u00e1t\u00e1s<\/p>\n<\/td>\n<td>\n<p>Gyermekgy\u00f3gy\u00e1szat<\/p>\n<p>i oszt\u00e1lyos gyakorlat<\/p>\n<\/td>\n<\/tr>\n<tr>\n<td>\n<p>36.<\/p>\n<\/td>\n<td>\n<p>Gyermekkori k\u00f6telez\u0151 \u00e9s serd\u00fcl\u0151kori \u00f6nk\u00e9ntes v\u00e9d\u0151olt\u00e1sok alkalmaz\u00e1sa, immuniz\u00e1l\u00e1s.<\/p>\n<\/td>\n<td>\n<p>Gyermekkori k\u00f6telez\u0151 \u00e9s serd\u00fcl\u0151kori \u00f6nk\u00e9ntes v\u00e9d\u0151olt\u00e1sok alkalmaz\u00e1sa, immuniz\u00e1l\u00e1s<\/p>\n<\/td>\n<td>\n<p>Gyermekgy\u00f3gy\u00e1szat<\/p>\n<p>i oszt\u00e1lyos gyakorlat<\/p>\n<\/td>\n<\/tr>\n<tr>\n<td>\n<p>37.<\/p>\n<\/td>\n<td>\n<p>Csecsem\u0151 tan\u00e1csad\u00e1s (szoptat\u00e1si, t\u00e1pl\u00e1l\u00e1si tan\u00e1csok, profilaktikus kezel\u00e9sek).<\/p>\n<\/td>\n<td>\n<p>Csecsem\u0151 tan\u00e1csad\u00e1son<\/p>\n<p>r\u00e9szv\u00e9tel (szoptat\u00e1si, t\u00e1pl\u00e1l\u00e1si tan\u00e1csok, profilaktikus kezel\u00e9sek), a v\u00e9d\u0151n\u0151vel k\u00f6z\u00f6sen<\/p>\n<\/td>\n<td>\n<p>Gyermekgy\u00f3gy\u00e1szat<\/p>\n<p>i oszt\u00e1lyos gyakorlat<\/p>\n<\/td>\n<\/tr>\n<tr>\n<td>\n<p>38.<\/p>\n<\/td>\n<td>\n<p>Fels\u0151 l\u00e9g\u00fati fert\u0151z\u00e9sek csecsem\u0151- \u00e9s gyerekkori saj\u00e1toss\u00e1gai.<\/p>\n<\/td>\n<td>\n<p>L\u00e9g\u00fati beteg ell\u00e1t\u00e1sa<\/p>\n<\/td>\n<td>\n<p>Gyermekgy\u00f3gy\u00e1szat<\/p>\n<p>i oszt\u00e1lyos gyakorlat<\/p>\n<\/td>\n<\/tr>\n<tr>\n<td>\n<p>39.<\/p>\n<\/td>\n<td>\n<p>Als\u00f3 l\u00e9g\u00fati fert\u0151z\u00e9sek csecsem\u0151- \u00e9s gyerekkori saj\u00e1toss\u00e1gai.<\/p>\n<\/td>\n<td>\n<p>L\u00e9g\u00fati beteg ell\u00e1t\u00e1sa<\/p>\n<\/td>\n<td>\n<p>Gyermekgy\u00f3gy\u00e1szat<\/p>\n<p>i oszt\u00e1lyos gyakorlat<\/p>\n<\/td>\n<\/tr>\n<tr>\n<td>\n<p>40.<\/p>\n<\/td>\n<td>\n<p>.\u00c9letkor szerinti sz\u0171r\u00e9sek csecsem\u0151- \u00e9s gyerekkorban<\/p>\n<\/td>\n<td>\n<p>\u00c9letkor szerinti sz\u0171r\u00e9s<\/p>\n<\/td>\n<td>\n<p>Gyermekgy\u00f3gy\u00e1szat<\/p>\n<p>i oszt\u00e1lyos gyakorlat<\/p>\n<\/td>\n<\/tr>\n<tr>\n<td>\n<p>41.<\/p>\n<\/td>\n<td>\n<p>Az antibiotikus kezel\u00e9s elvei.<\/p>\n<\/td>\n<td>\n<p>A fert\u0151z\u0151 beteg \u00e1pol\u00e1s\u00e1nak, ell\u00e1t\u00e1s\u00e1nak saj\u00e1toss\u00e1gai<\/p>\n<\/td>\n<td>\n<p>Infektol\u00f3gia<\/p>\n<\/td>\n<\/tr>\n<tr>\n<td>\n<p>42.<\/p>\n<\/td>\n<td>\n<p>Fejf\u00e1j\u00e1s differenci\u00e1ldiagnosztik\u00e1ja, ell\u00e1t\u00e1sa.<\/p>\n<\/td>\n<td>\n<p>Fejf\u00e1j\u00e1s differenci\u00e1ldiagnosztik\u00e1ja, ell\u00e1t\u00e1sa<\/p>\n<\/td>\n<td>\n<p>Neurol\u00f3gia gyakorlat<\/p>\n<\/td>\n<\/tr>\n<tr>\n<td>\n<p>43.<\/p>\n<\/td>\n<td>\n<p>Stroke, TIA felismer\u00e9se, teend\u0151k. Strokot elszenved\u0151 beteg otthoni rehabilit\u00e1ci\u00f3ja.<\/p>\n<\/td>\n<td>\n<p>Stroke diagnosztikus, ter\u00e1pi\u00e1s \u00e9s rehabilit\u00e1ci\u00f3s m\u00f3dszerek megismer\u00e9se<\/p>\n<\/td>\n<td>\n<p>Neurol\u00f3gia gyakorlat<\/p>\n<\/td>\n<\/tr>\n<tr>\n<td>\n<p>44.<\/p>\n<\/td>\n<td>\n<p>Perif\u00e9ri\u00e1s neuropathi\u00e1k.<\/p>\n<\/td>\n<td>\n<p>Perif\u00e9ri\u00e1s neuropathi\u00e1k vizsg\u00e1lata<\/p>\n<\/td>\n<td>\n<p>Neurol\u00f3gia gyakorlat<\/p>\n<\/td>\n<\/tr>\n<tr>\n<td>\n<p>45.<\/p>\n<\/td>\n<td>\n<p>Parkinson betegs\u00e9g felismer\u00e9s\u00e9nek, kezel\u00e9s\u00e9nek, k\u00f6vet\u00e9s\u00e9nek h\u00e1zirovosi saj\u00e1ts\u00e1gai<\/p>\n<\/td>\n<td>\n<p>Parkinson beteg kezel\u00e9se, k\u00f6vet\u00e9se<\/p>\n<\/td>\n<td>\n<p>Neurol\u00f3gia gyakorlat<\/p>\n<\/td>\n<\/tr>\n<tr>\n<td>\n<p>46.<\/p>\n<\/td>\n<td>\n<p>Epilepszia\u00a0 felismer\u00e9s\u00e9nek, kezel\u00e9s\u00e9nek, k\u00f6vet\u00e9s\u00e9nek h\u00e1zirovosi saj\u00e1ts\u00e1gai.<\/p>\n<\/td>\n<td>\n<p>Epilepszi\u00e1s beteg vizsg\u00e1lata, ell\u00e1t\u00e1sa<\/p>\n<\/td>\n<td>\n<p>Neurol\u00f3gia gyakorlat<\/p>\n<\/td>\n<\/tr>\n<tr>\n<td>\n<p>47.<\/p>\n<\/td>\n<td>\n<p>Alv\u00e1szavarok felismer\u00e9se, diagnosztikai \u00e9s ter\u00e1pi\u00e1s lehet\u0151s\u00e9gek.<\/p>\n<\/td>\n<td>\n<p>OSAS sz\u0171r\u00e9se k\u00e9rd\u0151\u00edvvel<\/p>\n<\/td>\n<td>\n<p>Neurol\u00f3gia gyakorlat<\/p>\n<\/td>\n<\/tr>\n<tr>\n<td>\n<p>48.<\/p>\n<\/td>\n<td>\n<p>\u00c9tv\u00e1gytalans\u00e1g-fogy\u00e1s lehets\u00e9ges okai, kivizsg\u00e1l\u00e1s lehet\u0151s\u00e9gei.<\/p>\n<\/td>\n<td>\n<p>Daganatos beteg beutal\u00e1sa, kivizsg\u00e1l\u00e1sa<\/p>\n<\/td>\n<td>\n<p>Onkol\u00f3gia<\/p>\n<\/td>\n<\/tr>\n<tr>\n<td>\n<p>49.<\/p>\n<\/td>\n<td>\n<p>Daganatos beteg f\u00e1jdalomcsillap\u00edt\u00e1s\u00e1nak lehet\u0151s\u00e9gei.<\/p>\n<\/td>\n<td>\n<p>Kombin\u00e1lt f\u00e1jdalomcsillap\u00edt\u00e1s be\u00e1ll\u00edt\u00e1sa, ellen\u0151rz\u00e9se<\/p>\n<\/td>\n<td>\n<p>Palliat\u00edv medicina<\/p>\n<\/td>\n<\/tr>\n<tr>\n<td>\n<p>50.<\/p>\n<\/td>\n<td>\n<p>Az elh\u00edz\u00e1s okai, k\u00f6vetkezm\u00e9nyei, metabolikus szindr\u00f3ma.<\/p>\n<\/td>\n<td>\n<p>Eg\u00e9szs\u00e9ges \u00e9letm\u00f3di tan\u00e1csad\u00e1s<\/p>\n<\/td>\n<td>\n<p>Prevenci\u00f3<\/p>\n<\/td>\n<\/tr>\n<tr>\n<td>\n<p>51.<\/p>\n<\/td>\n<td>\n<p>Daganatos betegs\u00e9gek korai felismer\u00e9se. Onkol\u00f3giai sz\u0171r\u0151vizsg\u00e1latok.<\/p>\n<\/td>\n<td>\n<p>\u00c9letkori daganat sz\u0171r\u0151vizsg\u00e1lati program \u00f6ssze\u00e1ll\u00edt\u00e1sa \u00e9s v\u00e9grehajt\u00e1sa k\u00fcl\u00f6nb\u00f6z\u0151 korcsoportokban<\/p>\n<\/td>\n<td>\n<p>Prevenci\u00f3<\/p>\n<\/td>\n<\/tr>\n<tr>\n<td>\n<p>52.<\/p>\n<\/td>\n<td>\n<p>Sz\u00edv-\u00e9rrendszeri\/anyagcserebeteg sz\u0171r\u00e9s (komplex sz\u00edv-\u00e9rrendszeri kock\u00e1zat meghat\u00e1roz\u00e1s, Findrisk).<\/p>\n<\/td>\n<td>\n<p>Sz\u00edv-<\/p>\n<p>\u00e9rrendszeri\/anyagcserebeteg sz\u0171r\u00e9s (komplex sz\u00edv-\u00e9rrendszeri<\/p>\n<p>kock\u00e1zat meghat\u00e1roz\u00e1s,<\/p>\n<p>Findrisk)<\/p>\n<\/td>\n<td>\n<p>Prevenci\u00f3<\/p>\n<\/td>\n<\/tr>\n<tr>\n<td>\n<p>53.<\/p>\n<\/td>\n<td>\n<p>A depresszi\u00f3 \u00e9s szorong\u00e1s felismer\u00e9se \u00e9s kezel\u00e9se.<\/p>\n<\/td>\n<td>\n<p>Depresszi\u00f3 vizsg\u00e1lata, kezel\u00e9se<\/p>\n<\/td>\n<td>\n<p>Pszichi\u00e1tria gyakorlat<\/p>\n<\/td>\n<\/tr>\n<tr>\n<td>\n<p>54.<\/p>\n<\/td>\n<td>\n<p>P\u00e1nik syndroma a csal\u00e1dorvosi praxisban.<\/p>\n<\/td>\n<td>\n<p>P\u00e1nikbetegs\u00e9g vizsg\u00e1lata, kezel\u00e9se<\/p>\n<\/td>\n<td>\n<p>Pszichi\u00e1tria gyakorlat<\/p>\n<\/td>\n<\/tr>\n<tr>\n<td>\n<p>55.<\/p>\n<\/td>\n<td>\n<p>Pszichi\u00e1triai, pszichol\u00f3giai sz\u0171r\u0151 k\u00e9rd\u0151\u00edvek alkalmaz\u00e1sa.<\/p>\n<\/td>\n<td>\n<p>Pszichi\u00e1triai, pszichol\u00f3giai sz\u0171r\u0151 k\u00e9rd\u0151\u00edvek alkalmaz\u00e1sa (Beck Depresszi\u00f3 K\u00e9rd\u0151\u00edv, Berlin k\u00e9rd\u0151\u00edv, DN4, Hamilton Szorong\u00e1s Sk\u00e1la, Mini Ment\u00e1l Teszt)<\/p>\n<\/td>\n<td>\n<p>Pszichi\u00e1tria gyakorlat<\/p>\n<\/td>\n<\/tr>\n<tr>\n<td>\n<p>56.<\/p>\n<\/td>\n<td>\n<p>COPD. A doh\u00e1nyz\u00e1sr\u00f3l leszok\u00e1s t\u00e1mogat\u00e1s lehet\u0151s\u00e9gei.<\/p>\n<\/td>\n<td>\n<p>COPD korai diagn\u00f3zis, eg\u00e9szs\u00e9gi \u00e1llapot felm\u00e9r\u00e9s (mMRC, CAT)<\/p>\n<\/td>\n<td>\n<p>Pulmonol\u00f3gia<\/p>\n<\/td>\n<\/tr>\n<tr>\n<td>\n<p>57.<\/p>\n<\/td>\n<td>\n<p>Pneumonia.<\/p>\n<\/td>\n<td>\n<p>L\u00e9g\u00fati infekci\u00f3k felismer\u00e9se, diagn\u00f3zis, ter\u00e1pia alapelvei<\/p>\n<\/td>\n<td>\n<p>Pulmonol\u00f3gia<\/p>\n<\/td>\n<\/tr>\n<tr>\n<td>\n<p>58.<\/p>\n<\/td>\n<td>\n<p>Rhinitis allergica.<\/p>\n<\/td>\n<td>\n<p>L\u00e9g\u00fati allergi\u00e1s betegs\u00e9gek korai diagn\u00f3zisa, ell\u00e1t\u00e1s gyakorlata\u00a0<\/p>\n<\/td>\n<td>\n<p>Pulmonol\u00f3gia<\/p>\n<\/td>\n<\/tr>\n<tr>\n<td>\n<p>59.<\/p>\n<\/td>\n<td>\n<p>Alag\u00fat syndrom\u00e1k.<\/p>\n<\/td>\n<td>\n<p>A gerinc \u00e9s v\u00e9gtagi \u00edz\u00fcletek teljesk\u00f6r\u0171 vizsg\u00e1lata, synovitis \u00e9szlel\u00e9se, akt\u00edv diagnosztikai teend\u0151t ig\u00e9nyl\u0151 gerincbetegs\u00e9g kisz\u0171r\u00e9se, gyakoribb l\u00e1gyr\u00e9szreumatismusok \u00e9s alag\u00fat syndrom\u00e1k felismer\u00e9se<\/p>\n<\/td>\n<td>\n<p>Reumatol\u00f3gia, mozg\u00e1sszervi ell\u00e1t\u00e1s \u00e9s rehabilit\u00e1ci\u00f3<\/p>\n<\/td>\n<\/tr>\n<tr>\n<td>\n<p>60.<\/p>\n<\/td>\n<td>\n<p>Az akut der\u00e9kf\u00e1j\u00e1s \u00e9s ischialgia diagn\u00f3zisa, kezel\u00e9se.<\/p>\n<\/td>\n<td>\n<p>A gerinc \u00e9s v\u00e9gtagi \u00edz\u00fcletek teljesk\u00f6r\u0171 vizsg\u00e1lata, synovitis \u00e9szlel\u00e9se, akt\u00edv diagnosztikai teend\u0151t ig\u00e9nyl\u0151 gerincbetegs\u00e9g kisz\u0171r\u00e9se, gyakoribb l\u00e1gyr\u00e9szreumatismusok \u00e9s alag\u00fat syndrom\u00e1k felismer\u00e9se<\/p>\n<\/td>\n<td>\n<p>Reumatol\u00f3gia, mozg\u00e1sszervi ell\u00e1t\u00e1s \u00e9s rehabilit\u00e1ci\u00f3<\/p>\n<\/td>\n<\/tr>\n<tr>\n<td>\n<p>61.<\/p>\n<\/td>\n<td>\n<p>Osteoporosis.<\/p>\n<\/td>\n<td>\n<p>Osteoporosis ir\u00e1ny\u00fa kivizsg\u00e1l\u00e1s, gondoz\u00e1s, antiporotikus kezel\u00e9s vezet\u00e9se, prevenci\u00f3ja<\/p>\n<\/td>\n<td>\n<p>Reumatol\u00f3gia, mozg\u00e1sszervi ell\u00e1t\u00e1s \u00e9s rehabilit\u00e1ci\u00f3<\/p>\n<\/td>\n<\/tr>\n<tr>\n<td>\n<p>62.<\/p>\n<\/td>\n<td>\n<p>Ulcus cruris okai, kezel\u00e9se. Decubitus kezel\u00e9se.<\/p>\n<\/td>\n<td>\n<p>Els\u0151dleges \u00e9s kr\u00f3nikus seb (l\u00e1bsz\u00e1rfek\u00e9ly, dekubitusz, egy\u00e9b) ell\u00e1t\u00e1sa<\/p>\n<\/td>\n<td>\n<p>Seb\u00e9szet<\/p>\n<\/td>\n<\/tr>\n<tr>\n<td>\n<p>63.<\/p>\n<\/td>\n<td>\n<p>Vastagb\u00e9ldaganat miatt oper\u00e1lt beteg gondoz\u00e1sa.<\/p>\n<\/td>\n<td>\n<p>Szt\u00f3m\u00e1s beteg gondoz\u00e1sa<\/p>\n<\/td>\n<td>\n<p>Seb\u00e9szet<\/p>\n<\/td>\n<\/tr>\n<tr>\n<td>\n<p>64.<\/p>\n<\/td>\n<td>\n<p>A mellkasi f\u00e1jdalom differenci\u00e1ldiagn\u00f3zisa.<\/p>\n<\/td>\n<td>\n<p>Akut belgy\u00f3gy\u00e1szati k\u00f3r\u00e1llapotok diagnosztikus \u00e9s<\/p>\n<p>ter\u00e1pi\u00e1s ell\u00e1t\u00e1sa, dokument\u00e1l\u00e1sa<\/p>\n<\/td>\n<td>\n<p>S\u00fcrg\u0151ss\u00e9gi gyakorlat<\/p>\n<\/td>\n<\/tr>\n<tr>\n<td>\n<p>65.<\/p>\n<\/td>\n<td>\n<p>A sz\u00edvinfarctus t\u00fcnetei, helysz\u00edni ell\u00e1t\u00e1sa.<\/p>\n<\/td>\n<td>\n<p>Akut belgy\u00f3gy\u00e1szati k\u00f3r\u00e1llapotok diagnosztikus \u00e9s<\/p>\n<p>ter\u00e1pi\u00e1s ell\u00e1t\u00e1sa, dokument\u00e1l\u00e1sa<\/p>\n<\/td>\n<td>\n<p>S\u00fcrg\u0151ss\u00e9gi gyakorlat<\/p>\n<\/td>\n<\/tr>\n<tr>\n<td>\n<p>66.<\/p>\n<\/td>\n<td>\n<p>Akut sz\u00edvel\u00e9gtelens\u00e9g lehets\u00e9ges okai, ell\u00e1t\u00e1sa.<\/p>\n<\/td>\n<td>\n<p>Akut belgy\u00f3gy\u00e1szati k\u00f3r\u00e1llapotok diagnosztikus \u00e9s<\/p>\n<p>ter\u00e1pi\u00e1s ell\u00e1t\u00e1sa, dokument\u00e1l\u00e1sa<\/p>\n<\/td>\n<td>\n<p>S\u00fcrg\u0151ss\u00e9gi gyakorlat<\/p>\n<\/td>\n<\/tr>\n<tr>\n<td>\n<p>67.<\/p>\n<\/td>\n<td>\n<p>Anaphylaxi\u00e1s shock.<\/p>\n<\/td>\n<td>\n<p>Cardiopulmonaris resuscitato<\/p>\n<\/td>\n<td>\n<p>S\u00fcrg\u0151ss\u00e9gi gyakorlat<\/p>\n<\/td>\n<\/tr>\n<tr>\n<td>\n<p>68.<\/p>\n<\/td>\n<td>\n<p>Fullad\u00e1s.<\/p>\n<\/td>\n<td>\n<p>L\u00e9g\u00fatbiztos\u00edt\u00e1s, l\u00e9legeztet\u00e9s<\/p>\n<\/td>\n<td>\n<p>S\u00fcrg\u0151ss\u00e9gi gyakorlat<\/p>\n<\/td>\n<\/tr>\n<tr>\n<td>\n<p>69.<\/p>\n<\/td>\n<td>\n<p>Hasi f\u00e1jdalom. Akut has felismer\u00e9se, differenci\u00e1ldiagnosztik\u00e1ja.<\/p>\n<\/td>\n<td>\n<p>Sz\u00e9klet parazitol\u00f3giai, bakteriol\u00f3giai vizsg\u00e1lat, eredm\u00e9nyek \u00e9rt\u00e9kel\u00e9se<\/p>\n<\/td>\n<td>\n<p>S\u00fcrg\u0151ss\u00e9gi gyakorlat<\/p>\n<\/td>\n<\/tr>\n<tr>\n<td>\n<p>70.<\/p>\n<\/td>\n<td>\n<p>Hypoglycaemia lehets\u00e9ges okai, k\u00f6vetkezm\u00e9nyei, kezel\u00e9se.<\/p>\n<\/td>\n<td>\n<p>Laborleletek \u00e9rt\u00e9kel\u00e9se<\/p>\n<\/td>\n<td>\n<p>S\u00fcrg\u0151ss\u00e9gi gyakorlat<\/p>\n<\/td>\n<\/tr>\n<tr>\n<td>\n<p>71.<\/p>\n<\/td>\n<td>\n<p>M\u00e9lyv\u00e9n\u00e1s tromb\u00f3zis, pulmon\u00e1lis emb\u00f3lia.<\/p>\n<\/td>\n<td>\n<p>Akut belgy\u00f3gy\u00e1szati k\u00f3r\u00e1llapotok diagnosztikus \u00e9s<\/p>\n<p>ter\u00e1pi\u00e1s ell\u00e1t\u00e1sa, dokument\u00e1l\u00e1sa<\/p>\n<\/td>\n<td>\n<p>S\u00fcrg\u0151ss\u00e9gi gyakorlat<\/p>\n<\/td>\n<\/tr>\n<tr>\n<td>\n<p>72.<\/p>\n<\/td>\n<td>\n<p>Tudatzavar.<\/p>\n<\/td>\n<td>\n<p>R\u00e9szv\u00e9tel eszm\u00e9letlen betegek ell\u00e1t\u00e1s\u00e1ban<\/p>\n<\/td>\n<td>\n<p>S\u00fcrg\u0151ss\u00e9gi gyakorlat<\/p>\n<\/td>\n<\/tr>\n<tr>\n<td>\n<p>73.<\/p>\n<\/td>\n<td>\n<p>Halottszemle. L\u00e1tlelet.<\/p>\n<\/td>\n<td>\n<p>Halottszemle, halottvizsg\u00e1lati bizony\u00edtv\u00e1ny ki\u00e1ll\u00edt\u00e1sa<\/p>\n<\/td>\n<td>\n<p>Szak\u00e9rt\u0151i tev\u00e9kenys\u00e9g<\/p>\n<\/td>\n<\/tr>\n<tr>\n<td>\n<p>74.<\/p>\n<\/td>\n<td>\n<p>Szak\u00e9rt\u0151i tev\u00e9kenys\u00e9g a csal\u00e1dorvosi praxisban.<\/p>\n<p>Keres\u0151k\u00e9ptelens\u00e9g, alkalmass\u00e1g.<\/p>\n<\/td>\n<td>\n<p>G\u00e9pj\u00e1rm\u0171 alkalmass\u00e1gi vizsg\u00e1latok<\/p>\n<\/td>\n<td>\n<p>Szak\u00e9rt\u0151i tev\u00e9kenys\u00e9g<\/p>\n<\/td>\n<\/tr>\n<tr>\n<td>\n<p>75.<\/p>\n<\/td>\n<td>\n<p>Terhesgondoz\u00e1s. Rizik\u00f3szem\u00e9lyek. Mi a h\u00e1ziorvos teend\u0151je?<\/p>\n<\/td>\n<td>\n<p>V\u00e1rand\u00f3sgondoz\u00e1s<\/p>\n<\/td>\n<td>\n<p>Sz\u00fcl\u00e9szetn\u0151gy\u00f3gy\u00e1szat gyakorlat<\/p>\n<\/td>\n<\/tr>\n<tr>\n<td>\n<p>76.<\/p>\n<\/td>\n<td>\n<p>N\u0151gy\u00f3gy\u00e1szati v\u00e9rz\u00e9szavarok.<\/p>\n<p>PCOS, endometriosis jelent\u0151s\u00e9ge.<\/p>\n<\/td>\n<td>\n<p>V\u00e9rz\u00e9szavarok, PCOS ell\u00e1t\u00e1sa<\/p>\n<\/td>\n<td>\n<p>Sz\u00fcl\u00e9szetn\u0151gy\u00f3gy\u00e1szat gyakorlat<\/p>\n<\/td>\n<\/tr>\n<tr>\n<td>\n<p>77.<\/p>\n<\/td>\n<td>\n<p>N\u0151gy\u00f3gy\u00e1szati sz\u0171r\u0151vizsg\u00e1latok.<\/p>\n<\/td>\n<td>\n<p>Mintav\u00e9tel h\u00fcvelyb\u0151l, cervixb\u0151l, az eredm\u00e9ny \u00e9rtelmez\u00e9se<\/p>\n<\/td>\n<td>\n<p>Sz\u00fcl\u00e9szetn\u0151gy\u00f3gy\u00e1szat gyakorlat<\/p>\n<\/td>\n<\/tr>\n<tr>\n<td>\n<p>78.<\/p>\n<\/td>\n<td>\n<p>H\u00fagy\u00fati infekci\u00f3k feln\u0151tt korban, terhess\u00e9gben.<\/p>\n<\/td>\n<td>\n<p>Laborleletek \u00e9rt\u00e9kel\u00e9se<\/p>\n<\/td>\n<td>\n<p>Urol\u00f3gia<\/p>\n<\/td>\n<\/tr>\n<tr>\n<td>\n<p>79.<\/p>\n<\/td>\n<td>\n<p>Incontinencia lehets\u00e9ges okai, kezel\u00e9si lehet\u0151s\u00e9gek.<\/p>\n<\/td>\n<td>\n<p>A vizeletveszt\u00e9s kivizsg\u00e1l\u00e1sa, ter\u00e1pi\u00e1ja, gondoz\u00e1sa.<\/p>\n<\/td>\n<td>\n<p>Urol\u00f3gia<\/p>\n<\/td>\n<\/tr>\n<\/tbody>\n<\/table>\n<p>&nbsp;<\/p>\n","protected":false},"excerpt":{"rendered":"<p>\u00a0 R\u00e9szvizsga k\u00e9rd\u00e9s Kompetencia megnevez\u00e9se Ter\u00fclet 1. A 2-es t\u00edpus\u00fa cukorbetegs\u00e9g ter\u00e1pi\u00e1s lehet\u0151s\u00e9gei. Diabeteses akut anyagcserezavar kivizsg\u00e1l\u00e1sa, kezel\u00e9se Belgy\u00f3gy\u00e1szat gyakorlat 2. A leukocytosis differenci\u00e1ldiagn\u00f3zisa, teend\u0151k. Laborleletek \u00e9rt\u00e9kel\u00e9se Belgy\u00f3gy\u00e1szat gyakorlat 3. A tuberculosis jelent\u0151s\u00e9ge, felismer\u00e9se. K\u00e9palkot\u00f3 elj\u00e1r\u00e1sok \u00e9rt\u00e9kel\u00e9se (hasi UH, rtg. vizsg\u00e1latok, CT) Belgy\u00f3gy\u00e1szat gyakorlat 4. Anaemi\u00e1k differenci\u00e1ldiagnosztik\u00e1ja \u00e9s kezel\u00e9se. Laborleletek \u00e9rt\u00e9kel\u00e9se Belgy\u00f3gy\u00e1szat gyakorlat 5. Bakteriol\u00f3giai &hellip;<\/p>\n","protected":false},"author":158,"featured_media":0,"parent":5458,"menu_order":1,"comment_status":"closed","ping_status":"closed","template":"","meta":{"_acf_changed":false,"footnotes":""},"categories":[],"tags":[],"class_list":["post-108","page","type-page","status-publish","hentry"],"acf":[],"publishpress_future_action":{"enabled":false,"date":"1970-01-01 01:00:00","action":"","terms":[],"taxonomy":"","browser_timezone_offset":0},"_links":{"self":[{"href":"https:\/\/semmelweis.hu\/csot\/wp-json\/wp\/v2\/pages\/108","targetHints":{"allow":["GET"]}}],"collection":[{"href":"https:\/\/semmelweis.hu\/csot\/wp-json\/wp\/v2\/pages"}],"about":[{"href":"https:\/\/semmelweis.hu\/csot\/wp-json\/wp\/v2\/types\/page"}],"author":[{"embeddable":true,"href":"https:\/\/semmelweis.hu\/csot\/wp-json\/wp\/v2\/users\/158"}],"replies":[{"embeddable":true,"href":"https:\/\/semmelweis.hu\/csot\/wp-json\/wp\/v2\/comments?post=108"}],"version-history":[{"count":9,"href":"https:\/\/semmelweis.hu\/csot\/wp-json\/wp\/v2\/pages\/108\/revisions"}],"predecessor-version":[{"id":7145,"href":"https:\/\/semmelweis.hu\/csot\/wp-json\/wp\/v2\/pages\/108\/revisions\/7145"}],"up":[{"embeddable":true,"href":"https:\/\/semmelweis.hu\/csot\/wp-json\/wp\/v2\/pages\/5458"}],"wp:attachment":[{"href":"https:\/\/semmelweis.hu\/csot\/wp-json\/wp\/v2\/media?parent=108"}],"wp:term":[{"taxonomy":"category","embeddable":true,"href":"https:\/\/semmelweis.hu\/csot\/wp-json\/wp\/v2\/categories?post=108"},{"taxonomy":"post_tag","embeddable":true,"href":"https:\/\/semmelweis.hu\/csot\/wp-json\/wp\/v2\/tags?post=108"}],"curies":[{"name":"wp","href":"https:\/\/api.w.org\/{rel}","templated":true}]}}