{"id":106,"date":"2014-09-16T10:33:53","date_gmt":"2014-09-16T08:33:53","guid":{"rendered":"http:\/\/csot.semmelweis.hu\/?page_id=106"},"modified":"2024-09-24T11:44:12","modified_gmt":"2024-09-24T09:44:12","slug":"rezidenskepzes","status":"publish","type":"page","link":"https:\/\/semmelweis.hu\/csot\/rezidenskepzes\/","title":{"rendered":"T\u00e1j\u00e9koztat\u00f3"},"content":{"rendered":"<p>A Csal\u00e1dorvosi Tansz\u00e9k 1992-ben alakult meg. Egyik els\u0151 feladata volt a h\u00e1ziorvostan szakorvosk\u00e9pz\u00e9s megszervez\u00e9se. V\u00e1ltozatlanul kiemelt figyelemmel foglalkozunk a leend\u0151 csal\u00e1dorvosok k\u00e9pz\u00e9s\u00e9nek megszervez\u00e9s\u00e9vel. H\u00e1ziorvostan szakvizsga megszerz\u00e9s\u00e9re t\u00f6bb k\u00e9pz\u00e9si lehet\u0151s\u00e9get adott.<\/p>\n<p><strong>A h\u00e1ziorvostan szakorvosk\u00e9pz\u00e9s k\u00e9pz\u00e9si form\u00e1i:<\/strong><\/p>\n<ul>\n<li>els\u0151 alap szakk\u00e9pz\u00e9sk\u00e9nt \u2013 rezidensk\u00e9pz\u00e9s<\/li>\n<li>\u00fajabb els\u0151 szakk\u00e9pes\u00edt\u00e9sk\u00e9nt<\/li>\n<li>praxisprogram keret\u00e9ben<\/li>\n<\/ul>\n<h1>ELS\u0150 ALAP SZAKK\u00c9PZ\u00c9S, REZIDENSK\u00c9PZ\u00c9S<\/h1>\n<p>Az els\u0151 alap szakk\u00e9pz\u00e9s, a h\u00e1ziorvos rezidensk\u00e9pz\u00e9s szervez\u00e9se, \u00fcgyint\u00e9z\u00e9se a Csal\u00e1dorvosi Tansz\u00e9ken t\u00f6rt\u00e9nik. <br \/>\nAz eg\u00e9szs\u00e9g\u00fcgyi fels\u0151fok\u00fa szakir\u00e1ny\u00fa szakk\u00e9pz\u00e9si rendszerr\u0151l sz\u00f3l\u00f3 162\/2015. (IV.30) Korm\u00e1nyrendelet alapj\u00e1n a Semmelweis Egyetem r\u00e9gi\u00f3j\u00e1ban az \u00e9vente meghirdetett h\u00e1ziorvostan rezidensi \u00e1ll\u00e1shelyekre p\u00e1ly\u00e1zat ny\u00fajthat\u00f3 be.\u00a0<\/p>\n<p>A t\u00e1mogatott h\u00e1ziorvosi szakk\u00e9pz\u00e9sben (els\u0151 szakorvosi k\u00e9pz\u00e9sben) r\u00e9sztvev\u0151k az e rendelet alapj\u00e1n meghat\u00e1rozott keretsz\u00e1mok erej\u00e9ig, az OKF\u0150 \u00e1ltal eg\u00e9szs\u00e9g\u00fcgyi szolg\u00e1lati jogviszonyban foglalkoztatottk\u00e9nt vehetnek r\u00e9szt.<\/p>\n<p>A beny\u00fajtott p\u00e1ly\u00e1zatok \u00e9rt\u00e9kel\u00e9se rendszerbev\u00e9teli elj\u00e1r\u00e1s keret\u00e9ben, sz\u00f3beli meghallgat\u00e1s ut\u00e1n t\u00f6rt\u00e9nik. Az \u00e9vente t\u00f6bb alkalommal meghirdetett id\u0151pontok minden \u00e9v elej\u00e9n ki\u00edr\u00e1sra ker\u00fclnek a Csal\u00e1dorvosi Tansz\u00e9k \u00e9s Szak- \u00e9s Tov\u00e1bbk\u00e9pz\u00e9si K\u00f6zpont honlapjain is.<\/p>\n<p>A h\u00e1ziorvostan szakk\u00e9pz\u00e9ssel kapcsolatos friss inform\u00e1ci\u00f3k, hirdetm\u00e9nyek, let\u00f6lthet\u0151 dokumentumok, jelentkez\u00e9si lap az al\u00e1bbi oldalon el\u00e9rhet\u0151k: <a href=\"https:\/\/semmelweis.hu\/szak-es-tovabbkepzes\/szakkepzes\/haziorvostan\/\" target=\"_blank\" rel=\"noopener noreferrer\">https:\/\/semmelweis.hu\/szak-es-tovabbkepzes\/szakkepzes\/haziorvostan\/<\/a><\/p>\n<h1>\u00daJABB ELS\u0150 SZAKK\u00c9PES\u00cdT\u00c9S<\/h1>\n<p>Szakvizsg\u00e1val m\u00e1r rendelkez\u0151 orvosok r\u00e9sz\u00e9re el\u00e9rhet\u0151 szakk\u00e9pz\u00e9si forma a 22\/2012. (IX.14.) EMMI rendelet alapj\u00e1n. <br \/>\nA Semmelweis Egyetem Szak \u00e9s Tov\u00e1bbk\u00e9pz\u00e9si K\u00f6zpontj\u00e1ban zajlik az \u00fcgyint\u00e9z\u00e9s. <br \/>\nA r\u00e9szletes t\u00e1j\u00e9koztat\u00f3k, jelentkez\u00e9si lapok megtal\u00e1lhat\u00f3k oldalukon: <br \/>\nhttps:\/\/semmelweis.hu\/szak-es-tovabbkepzes\/aok\/ujabb-elsokent-megszerezheto\/<\/p>\n<p>\u00dcgyint\u00e9z\u0151: So\u00f3sn\u00e9 Korp\u00e1s T\u00fcnde <br \/>\nHelye: 1085 Budapest, Baross u. 22.<br \/>\ntel: +36-1-459-1500\/62248 mell\u00e9k<br \/>\ne-mail: <a href=\"mailto:korpas.tunde@semmelweis.hu\">korpas.tunde@semmelweis.hu<\/a><\/p>\n<p>A Szak \u00e9s Tov\u00e1bbk\u00e9pz\u00e9si K\u00f6zpont szakorvosk\u00e9pz\u00e9ssel kapcsolatos \u00fcgyf\u00e9lfogad\u00e1sa el\u0151zetes bejelentkez\u00e9s alapj\u00e1n t\u00f6rt\u00e9nik.<\/p>\n<h1>PRAXISPROGRAMOK<\/h1>\n<p>Praxisprogramokat az OKF\u0150 Alapell\u00e1t\u00e1sfejleszt\u00e9si Igazgat\u00f3s\u00e1ga szervezi \u00e9s \u00fcgyint\u00e9zi. <br \/>\nEl\u00e9rhet\u0151s\u00e9gek, t\u00e1j\u00e9koztat\u00f3k:<\/p>\n<p><a class=\"moz-txt-link-freetext\" href=\"https:\/\/alapellatas.okfo.gov.hu\/category\/praxisprogramok\/\">https:\/\/alapellatas.okfo.gov.hu\/category\/praxisprogramok\/<\/a><\/p>\n<p><a class=\"moz-txt-link-freetext\" href=\"https:\/\/alapellatas.okfo.gov.hu\/elerhetosegek\/\">https:\/\/alapellatas.okfo.gov.hu\/elerhetosegek\/<\/a><\/p>\n<h2>Praxisprogram I.<\/h2>\n<p>Helyettes\u00edt\u0151 h\u00e1ziorvosi tev\u00e9kenys\u00e9g h\u00e1ziorvostani szakvizsg\u00e1val nem rendelkez\u0151 orvosok r\u00e9sz\u00e9re. A program keret\u00e9ben olyan orvosok l\u00e1thatnak el helyettes\u00edt\u0151 h\u00e1ziorvosi tev\u00e9kenys\u00e9get legal\u00e1bb 6 h\u00f3napja bet\u00f6ltetlen feln\u0151tt vagy vegyes t\u00edpus\u00fa h\u00e1ziorvosi k\u00f6rzetekben, akik m\u00e9g nem rendelkeznek h\u00e1ziorvostani szakvizsg\u00e1val.<\/p>\n<h2>Praxisprogram II.<\/h2>\n<p>H\u00e1ziorvosi tev\u00e9kenys\u00e9g v\u00e9gz\u00e9s\u00e9nek lehet\u0151s\u00e9ge klinikai szakk\u00e9pes\u00edt\u00e9ssel rendelkez\u0151 orvosok r\u00e9sz\u00e9re. A program keret\u00e9ben \u201eA h\u00e1ziorvosi, h\u00e1zi gyermekorvosi \u00e9s fogorvosi tev\u00e9kenys\u00e9gr\u0151l\u201d sz\u00f3l\u00f3 4\/2000. (II. 25.) E\u00fcM rendeletben meghat\u00e1rozott szakvizsg\u00e1val rendelkez\u0151 szakorvosok vehetnek r\u00e9szt.<\/p>\n","protected":false},"excerpt":{"rendered":"<p>A Csal\u00e1dorvosi Tansz\u00e9k 1992-ben alakult meg. Egyik els\u0151 feladata volt a h\u00e1ziorvostan szakorvosk\u00e9pz\u00e9s megszervez\u00e9se. V\u00e1ltozatlanul kiemelt figyelemmel foglalkozunk a leend\u0151 csal\u00e1dorvosok k\u00e9pz\u00e9s\u00e9nek megszervez\u00e9s\u00e9vel. H\u00e1ziorvostan szakvizsga megszerz\u00e9s\u00e9re t\u00f6bb k\u00e9pz\u00e9si lehet\u0151s\u00e9get adott. A h\u00e1ziorvostan szakorvosk\u00e9pz\u00e9s k\u00e9pz\u00e9si form\u00e1i: els\u0151 alap szakk\u00e9pz\u00e9sk\u00e9nt \u2013 rezidensk\u00e9pz\u00e9s \u00fajabb els\u0151 szakk\u00e9pes\u00edt\u00e9sk\u00e9nt praxisprogram keret\u00e9ben ELS\u0150 ALAP SZAKK\u00c9PZ\u00c9S, REZIDENSK\u00c9PZ\u00c9S Az els\u0151 alap szakk\u00e9pz\u00e9s, a h\u00e1ziorvos &hellip;<\/p>\n","protected":false},"author":158,"featured_media":0,"parent":0,"menu_order":3,"comment_status":"closed","ping_status":"closed","template":"","meta":{"_acf_changed":false,"footnotes":""},"categories":[],"tags":[],"class_list":["post-106","page","type-page","status-publish","hentry"],"acf":[],"publishpress_future_action":{"enabled":false,"date":"1970-01-01 01:00:00","action":"","terms":[],"taxonomy":"","browser_timezone_offset":0},"_links":{"self":[{"href":"https:\/\/semmelweis.hu\/csot\/wp-json\/wp\/v2\/pages\/106","targetHints":{"allow":["GET"]}}],"collection":[{"href":"https:\/\/semmelweis.hu\/csot\/wp-json\/wp\/v2\/pages"}],"about":[{"href":"https:\/\/semmelweis.hu\/csot\/wp-json\/wp\/v2\/types\/page"}],"author":[{"embeddable":true,"href":"https:\/\/semmelweis.hu\/csot\/wp-json\/wp\/v2\/users\/158"}],"replies":[{"embeddable":true,"href":"https:\/\/semmelweis.hu\/csot\/wp-json\/wp\/v2\/comments?post=106"}],"version-history":[{"count":10,"href":"https:\/\/semmelweis.hu\/csot\/wp-json\/wp\/v2\/pages\/106\/revisions"}],"predecessor-version":[{"id":7045,"href":"https:\/\/semmelweis.hu\/csot\/wp-json\/wp\/v2\/pages\/106\/revisions\/7045"}],"wp:attachment":[{"href":"https:\/\/semmelweis.hu\/csot\/wp-json\/wp\/v2\/media?parent=106"}],"wp:term":[{"taxonomy":"category","embeddable":true,"href":"https:\/\/semmelweis.hu\/csot\/wp-json\/wp\/v2\/categories?post=106"},{"taxonomy":"post_tag","embeddable":true,"href":"https:\/\/semmelweis.hu\/csot\/wp-json\/wp\/v2\/tags?post=106"}],"curies":[{"name":"wp","href":"https:\/\/api.w.org\/{rel}","templated":true}]}}