{"id":9459,"date":"2025-07-07T13:44:13","date_gmt":"2025-07-07T11:44:13","guid":{"rendered":"https:\/\/semmelweis.hu\/csaladbarat\/?page_id=9459"},"modified":"2025-07-07T13:44:13","modified_gmt":"2025-07-07T11:44:13","slug":"nursery","status":"publish","type":"page","link":"https:\/\/semmelweis.hu\/csaladbarat\/en\/nursery\/","title":{"rendered":"Nursery"},"content":{"rendered":"<p>Semmelweis University is committed to providing its colleagues with working conditions that facilitate the reconciliation of starting a family and raising children with work, in addition to professional recognition and career support. One option for this is to provide assistance in supervising young children.<\/p>\n<p>Since 17.5 percent of respondents in our survey related to the Family-Friendly University program at the end of November 2021 indicated that they would be happy to use the nursery space provided by the university, we are entering into a cooperation agreement with the <a href=\"http:\/\/www.bolcsode-bp08.hu\/index.html\">J\u00f3zsefv\u00e1rosi Egyes\u00edtett B\u00f6lcs\u0151d\u00e9k<\/a>.<\/p>\n<p>As part of the cooperation, 30 places are already provided annually in the member institutions of the 8th district for the young children of employees and students.<\/p>\n<p>Please indicate your interest or intention to apply by email to <a href=\"mailto:csaladbart@semmelweis.hu\">csaladbart@semmelweis.hu<\/a>. Please include your name, organizational unit, and telephone number in the email.<\/p>\n<div class=\"keretes w-100\">\n<h5>The following nurseries are available for Semmelweis Citizens:<\/h5>\n<ul>\n<li>Mini-Elf Nursery (1083 Budapest, Baross u. 103\/A.)<\/li>\n<li>Baby Nursery (1083 Budapest, Baross u. 117.)<\/li>\n<li>Play Castle Nursery (1085 Budapest, Hor\u00e1nszky u. 21.)<\/li>\n<li>Kyermekkert Nursery (1082 Budapest, Nagy Templom u. 3.)<\/li>\n<li>Fecseg\u0151-tipeg\u0151k Nursery (1087 Budapest, Sz\u00e1zados \u00fat 1.)<\/li>\n<li>T\u00fccs\u00f6k-lak Nursery (1084 Budapest, Tolnai Lajos u. 19.)<\/li>\n<li>Ladybug Nursery (1089 Budapest, Vajda P\u00e9ter u. 37-39.)<\/li>\n<\/ul>\n<p>More information about the nurseries is available by <a href=\"http:\/\/www.bolcsode-bp08.hu\/index.html\">CLICKING HERE!<\/a><\/p>\n<p>&nbsp;<\/p>\n<\/div>\n","protected":false},"excerpt":{"rendered":"<p>Semmelweis University is committed to providing its colleagues with working conditions that facilitate the reconciliation of starting a family and raising children with work, in addition to professional recognition and career support. One option for this is to provide assistance in supervising young children. Since 17.5 percent of respondents in our survey related to the &hellip;<\/p>\n","protected":false},"author":102441,"featured_media":0,"parent":0,"menu_order":0,"comment_status":"closed","ping_status":"closed","template":"","meta":{"_acf_changed":false,"footnotes":""},"categories":[],"tags":[],"class_list":["post-9459","page","type-page","status-publish","hentry"],"acf":[],"_links":{"self":[{"href":"https:\/\/semmelweis.hu\/csaladbarat\/wp-json\/wp\/v2\/pages\/9459","targetHints":{"allow":["GET"]}}],"collection":[{"href":"https:\/\/semmelweis.hu\/csaladbarat\/wp-json\/wp\/v2\/pages"}],"about":[{"href":"https:\/\/semmelweis.hu\/csaladbarat\/wp-json\/wp\/v2\/types\/page"}],"author":[{"embeddable":true,"href":"https:\/\/semmelweis.hu\/csaladbarat\/wp-json\/wp\/v2\/users\/102441"}],"replies":[{"embeddable":true,"href":"https:\/\/semmelweis.hu\/csaladbarat\/wp-json\/wp\/v2\/comments?post=9459"}],"version-history":[{"count":1,"href":"https:\/\/semmelweis.hu\/csaladbarat\/wp-json\/wp\/v2\/pages\/9459\/revisions"}],"predecessor-version":[{"id":9463,"href":"https:\/\/semmelweis.hu\/csaladbarat\/wp-json\/wp\/v2\/pages\/9459\/revisions\/9463"}],"wp:attachment":[{"href":"https:\/\/semmelweis.hu\/csaladbarat\/wp-json\/wp\/v2\/media?parent=9459"}],"wp:term":[{"taxonomy":"category","embeddable":true,"href":"https:\/\/semmelweis.hu\/csaladbarat\/wp-json\/wp\/v2\/categories?post=9459"},{"taxonomy":"post_tag","embeddable":true,"href":"https:\/\/semmelweis.hu\/csaladbarat\/wp-json\/wp\/v2\/tags?post=9459"}],"curies":[{"name":"wp","href":"https:\/\/api.w.org\/{rel}","templated":true}]}}