{"id":9453,"date":"2025-07-07T10:56:23","date_gmt":"2025-07-07T08:56:23","guid":{"rendered":"https:\/\/semmelweis.hu\/csaladbarat\/?page_id=9453"},"modified":"2025-07-07T10:56:23","modified_gmt":"2025-07-07T08:56:23","slug":"university-kindergarten","status":"publish","type":"page","link":"https:\/\/semmelweis.hu\/csaladbarat\/en\/university-kindergarten\/","title":{"rendered":"University Kindergarten"},"content":{"rendered":"<div class=\"wrap container\" role=\"document\">\n<div class=\"content row\"><main class=\"main col-12 col-md-8 pt-0 pb-4 px-0\"><\/p>\n<div class=\"row mx-0\">\n<article class=\"entry-content col-12 px-normal\">\n<h3>Semmelweis University Daycare Kindergarten<\/h3>\n<p style=\"text-align: justify\">At the Semmelweis University Daycare Center, children of parents working at the university and university students can spend their everyday lives in a homely, loving, and peaceful environment. Gymnastics, swimming, puppetry, playful English, drama, and a science club enrich kindergarten life.<\/p>\n<p><strong>Address: <\/strong>1089 Budapest, Eln\u00f6k utca 4.<\/p>\n<p><a class=\"button\" href=\"https:\/\/semmelweis.hu\/ovoda\/\" target=\"_blank\" rel=\"noopener noreferrer\">To the webpage<\/a><\/p>\n<hr \/>\n<h3>Semmelweis University Andr\u00e1s Pet\u0151 Practical Kindergarten<\/h3>\n<p style=\"text-align: justify\">The complex program of the nationally-provided kindergarten ensures harmonious personality development for children with and without disabilities. The integration group provides for the education of children with and without disabilities with central nervous system (CP) disorders between the ages of 3 and 7, as well as children with and without disabilities with mild disabilities. The kindergarten is an integral part of the public education system, and the complex program of the groups is in line with the national basic program of kindergarten education and takes into account the guidelines for the education of children with special educational needs.<\/p>\n<p><strong>Address: <\/strong>1125 Budapest, K\u00fatv\u00f6lgyi \u00fat 8.<\/p>\n<p><a class=\"button\" href=\"https:\/\/semmelweis.hu\/peto-ovoda\/\" target=\"_blank\" rel=\"noopener noreferrer\">To the webpage<\/a><\/p>\n<section><\/section>\n<\/article>\n<\/div>\n<p><\/main><\/div>\n<\/div>\n<footer class=\"mt-4 mb-2\">\n<div class=\"container footer-widgets pb-4\">\u00a0<\/div>\n<\/footer>\n","protected":false},"excerpt":{"rendered":"<p>Semmelweis University Daycare Kindergarten At the Semmelweis University Daycare Center, children of parents working at the university and university students can spend their everyday lives in a homely, loving, and peaceful environment. Gymnastics, swimming, puppetry, playful English, drama, and a science club enrich kindergarten life. Address: 1089 Budapest, Eln\u00f6k utca 4. <a class=\"button\" href=\"https:\/\/semmelweis.hu\/ovoda\/\" target=\"_blank\" rel=\"noopener noreferrer\">To the webpage<\/a> Semmelweis University Andr\u00e1s Pet\u0151 &hellip;<\/p>\n","protected":false},"author":102441,"featured_media":0,"parent":0,"menu_order":0,"comment_status":"closed","ping_status":"closed","template":"","meta":{"_acf_changed":false,"footnotes":""},"categories":[],"tags":[],"class_list":["post-9453","page","type-page","status-publish","hentry"],"acf":[],"_links":{"self":[{"href":"https:\/\/semmelweis.hu\/csaladbarat\/wp-json\/wp\/v2\/pages\/9453","targetHints":{"allow":["GET"]}}],"collection":[{"href":"https:\/\/semmelweis.hu\/csaladbarat\/wp-json\/wp\/v2\/pages"}],"about":[{"href":"https:\/\/semmelweis.hu\/csaladbarat\/wp-json\/wp\/v2\/types\/page"}],"author":[{"embeddable":true,"href":"https:\/\/semmelweis.hu\/csaladbarat\/wp-json\/wp\/v2\/users\/102441"}],"replies":[{"embeddable":true,"href":"https:\/\/semmelweis.hu\/csaladbarat\/wp-json\/wp\/v2\/comments?post=9453"}],"version-history":[{"count":1,"href":"https:\/\/semmelweis.hu\/csaladbarat\/wp-json\/wp\/v2\/pages\/9453\/revisions"}],"predecessor-version":[{"id":9454,"href":"https:\/\/semmelweis.hu\/csaladbarat\/wp-json\/wp\/v2\/pages\/9453\/revisions\/9454"}],"wp:attachment":[{"href":"https:\/\/semmelweis.hu\/csaladbarat\/wp-json\/wp\/v2\/media?parent=9453"}],"wp:term":[{"taxonomy":"category","embeddable":true,"href":"https:\/\/semmelweis.hu\/csaladbarat\/wp-json\/wp\/v2\/categories?post=9453"},{"taxonomy":"post_tag","embeddable":true,"href":"https:\/\/semmelweis.hu\/csaladbarat\/wp-json\/wp\/v2\/tags?post=9453"}],"curies":[{"name":"wp","href":"https:\/\/api.w.org\/{rel}","templated":true}]}}