{"id":9405,"date":"2025-07-02T14:50:02","date_gmt":"2025-07-02T12:50:02","guid":{"rendered":"https:\/\/semmelweis.hu\/csaladbarat\/?page_id=9405"},"modified":"2025-07-02T14:50:14","modified_gmt":"2025-07-02T12:50:14","slug":"9405-2","status":"publish","type":"page","link":"https:\/\/semmelweis.hu\/csaladbarat\/en\/9405-2\/","title":{"rendered":"Semmelweis Study"},"content":{"rendered":"<h5 style=\"text-align: center\">Join the Semmelweis Study and gain access to an exclusive health care package!<\/h5>\n<p style=\"text-align: justify\">Semmelweis University has launched the Semmelweis Study, which opens a unique gateway to health care and preventive care for university employees. If you join, you will not only receive a free health screening package worth 100,000 HUF, but you will also have access to numerous health care services available exclusively to participants!<\/p>\n<p style=\"text-align: center\"><a class=\"btn btn-warning\" href=\"https:\/\/kerdoiv.szinapszis.hu\/SE\/1\/SZ231116\/?tui=auto&amp;nocookie=1\" target=\"_blank\" rel=\"noopener\"><strong>JOIN<\/strong><\/a><\/p>\n<p style=\"text-align: center\"><span style=\"color: #000000\"><a class=\"btn btn-warning\" href=\"https:\/\/semmelweis.hu\/dolgozoivizsgalat\/se-study-idopontfoglalo\/\" target=\"_blank\" rel=\"noopener\"><strong>book appointment for examinations<\/strong><\/a><\/span><\/p>\n<p><strong>What do you gain by participating?<\/strong><\/p>\n<p>Comprehensive health screening \u2013 completely free of charge!<\/p>\n<p>The program offers you a comprehensive management screening, which includes:<\/p>\n<ul>\n<li>A detailed laboratory examination, which will give you a picture of your health<\/li>\n<li>An ECG to assess the condition of the heart<\/li>\n<li>Body composition measurement<\/li>\n<li>Retina examination<\/li>\n<li>Blood pressure and vascular system tests<\/li>\n<li>Gait coordination and grip strength measurement, which are important indicators of your overall health<\/li>\n<\/ul>\n<p><strong>Health care service package<\/strong><\/p>\n<div class=\"keretes\">\n<p><span style=\"font-size: 12pt\"><strong>Szem\u00e9lyes besz\u00e1mol\u00f3 Zsuzsit\u00f3l:<\/strong><\/span><\/p>\n<p style=\"text-align: justify\"><span style=\"font-size: 12pt\">\u201cA Semmelweis Study sor\u00e1n a laboreredm\u00e9nyeim vashi\u00e1nyos v\u00e9rszeg\u00e9nys\u00e9get mutattak ki. A vizsg\u00e1latokat k\u00f6vet\u0151en a prevenci\u00f3s rendel\u00e9sen kapott orvosi javaslatok alapj\u00e1n c\u00e9lzott ter\u00e1pi\u00e1t kezdtem a vashi\u00e1ny cs\u00f6kkent\u00e9s\u00e9re. Nagyon \u00f6r\u00fcl\u00f6k, hogy a kutat\u00e1snak k\u00f6sz\u00f6nhet\u0151en id\u0151ben f\u00e9ny der\u00fclt a probl\u00e9m\u00e1ra, \u00e9s hamar megkezdhettem a kezel\u00e9st. Az\u00f3ta energikusabbnak \u00e9rzem magam, jobb a k\u00f6z\u00e9rzetem \u00e9s a hajhull\u00e1som is megsz\u0171nt.\u201d<\/span><\/p>\n<\/div>\n<p>By joining the Semmelweis Study, you join an exclusive health program that includes:<\/p>\n<ul>\n<li>Preventive medical appointments \u2013 expert consultation based on results<\/li>\n<li>University general practitioner service \u2013 priority care and ongoing health support<\/li>\n<li>Mental health counseling \u2013 psychological support, stress management<\/li>\n<li>Smoking cessation program \u2013 expert support to quit smoking<\/li>\n<li>Lifestyle counseling and weight loss program<\/li>\n<li>Dietary consultation \u2013 personalized dietary advice<\/li>\n<li>Targeted screening tests to prevent lifestyle-related diseases<\/li>\n<\/ul>\n<p><strong>Health promotion programs<\/strong><\/p>\n<p>As a member of the Semmelweis Study, you can participate in community health promotion and health promotion programs, such as:<\/p>\n<ul>\n<li>Regular health screenings<\/li>\n<li>Lifestyle change programs<\/li>\n<li>Priority access to the latest university health initiatives<\/li>\n<\/ul>\n<p style=\"text-align: center\"><a class=\"btn btn-warning\" href=\"https:\/\/kerdoiv.szinapszis.hu\/SE\/1\/SZ231116\/?tui=auto&amp;nocookie=1\" target=\"_blank\" rel=\"noopener\"><strong>join<\/strong><\/a><\/p>\n<p style=\"text-align: center\"><strong><span style=\"color: #000000\"><a class=\"btn btn-warning\" href=\"https:\/\/semmelweis.hu\/dolgozoivizsgalat\/se-study-idopontfoglalo\/\" target=\"_blank\" rel=\"noopener\">book appointment for examinations<\/a><\/span><\/strong><\/p>\n<p><strong>Research program<\/strong><\/p>\n<p style=\"text-align: justify\">The Semmelweis Study research program is a unique, prospective workplace cohort study in Europe, conducted with the participation of University employees and the Institute of Preventive Medicine and Public Health.<\/p>\n<p style=\"text-align: justify\"><strong>The aim of the research is to reveal the determinants of unhealthy aging in employees and to develop scientifically based prevention strategies for university citizens.<\/strong><\/p>\n<p style=\"text-align: justify\">All participants are included in the study program anonymously, and the data will be used in strict confidence, for scientific purposes, to develop programs aimed at preserving the health of university citizens. The research program follows the health status of the participants over the long term, with sequential data collection waves. In each new measurement cycle, the most modern diagnostic and research methods are used. The knowledge gained in this way also contributes to the development of more effective strategies to promote healthy aging in Hungary and internationally.<\/p>\n<p><strong>How does it work?<\/strong><\/p>\n<ol>\n<li><strong>Register for the program <a href=\"https:\/\/kerdoiv.szinapszis.hu\/SE\/1\/SZ231116\/?tui=auto&amp;nocookie=1\">here<\/a>.<\/strong><\/li>\n<li>Specialists will perform the screening tests and you will receive your results in a personalized health file. You can <strong>register for the tests <a href=\"https:\/\/semmelweis.hu\/dolgozoivizsgalat\/se-study-idopontfoglalo\/\">here<\/a>.<\/strong><\/li>\n<li>You will subscribe to the health care package, which is only available to participants<\/li>\n<\/ol>\n<p><strong>Why join?<\/strong><\/p>\n<ul>\n<li>\u00a0Get to know your health status through a professional screening.<\/li>\n<li>\u00a0Access the best health services on campus.<\/li>\n<li>\u00a0Get a unique support system that helps you maintain a healthy lifestyle.<\/li>\n<li>All this for free! Don&#8217;t miss this opportunity! Join now and take the first step towards a healthier future!<\/li>\n<\/ul>\n<h5 style=\"text-align: center\">Registration, further information and the possibility of booking an examination appointment:<\/h5>\n<h5 style=\"text-align: center\"><a href=\"https:\/\/semmelweis.hu\/dolgozoivizsgalat\/\">Semmelweis Dolgoz\u00f3i Kutat\u00e1s \u2013 Semmelweis Egyetem \u2013 Semmelweis Study<\/a><\/h5>\n<p style=\"text-align: center\">If you have any questions, please write to <a href=\"mailto:semmelweis.study@semmelweis.hu\">semmelweis.study@semmelweis.hu<\/a>.<\/p>\n<p style=\"text-align: center\"><a class=\"btn btn-warning\" href=\"https:\/\/kerdoiv.szinapszis.hu\/SE\/1\/SZ231116\/?tui=auto&amp;nocookie=1\" target=\"_blank\" rel=\"noopener\"><strong>JOIN<\/strong><\/a><\/p>\n","protected":false},"excerpt":{"rendered":"<p>Join the Semmelweis Study and gain access to an exclusive health care package! Semmelweis University has launched the Semmelweis Study, which opens a unique gateway to health care and preventive care for university employees. If you join, you will not only receive a free health screening package worth 100,000 HUF, but you will also have &hellip;<\/p>\n","protected":false},"author":102441,"featured_media":0,"parent":0,"menu_order":0,"comment_status":"closed","ping_status":"closed","template":"","meta":{"_acf_changed":false,"footnotes":""},"categories":[],"tags":[],"class_list":["post-9405","page","type-page","status-publish","hentry"],"acf":[],"_links":{"self":[{"href":"https:\/\/semmelweis.hu\/csaladbarat\/wp-json\/wp\/v2\/pages\/9405","targetHints":{"allow":["GET"]}}],"collection":[{"href":"https:\/\/semmelweis.hu\/csaladbarat\/wp-json\/wp\/v2\/pages"}],"about":[{"href":"https:\/\/semmelweis.hu\/csaladbarat\/wp-json\/wp\/v2\/types\/page"}],"author":[{"embeddable":true,"href":"https:\/\/semmelweis.hu\/csaladbarat\/wp-json\/wp\/v2\/users\/102441"}],"replies":[{"embeddable":true,"href":"https:\/\/semmelweis.hu\/csaladbarat\/wp-json\/wp\/v2\/comments?post=9405"}],"version-history":[{"count":2,"href":"https:\/\/semmelweis.hu\/csaladbarat\/wp-json\/wp\/v2\/pages\/9405\/revisions"}],"predecessor-version":[{"id":9411,"href":"https:\/\/semmelweis.hu\/csaladbarat\/wp-json\/wp\/v2\/pages\/9405\/revisions\/9411"}],"wp:attachment":[{"href":"https:\/\/semmelweis.hu\/csaladbarat\/wp-json\/wp\/v2\/media?parent=9405"}],"wp:term":[{"taxonomy":"category","embeddable":true,"href":"https:\/\/semmelweis.hu\/csaladbarat\/wp-json\/wp\/v2\/categories?post=9405"},{"taxonomy":"post_tag","embeddable":true,"href":"https:\/\/semmelweis.hu\/csaladbarat\/wp-json\/wp\/v2\/tags?post=9405"}],"curies":[{"name":"wp","href":"https:\/\/api.w.org\/{rel}","templated":true}]}}