{"id":8616,"date":"2025-04-22T16:35:26","date_gmt":"2025-04-22T14:35:26","guid":{"rendered":"https:\/\/semmelweis.hu\/csaladbarat\/?page_id=8616"},"modified":"2025-05-12T11:31:00","modified_gmt":"2025-05-12T09:31:00","slug":"semmelweis-study","status":"publish","type":"page","link":"https:\/\/semmelweis.hu\/csaladbarat\/egeszseg\/semmelweis-study\/","title":{"rendered":"Semmelweis Study"},"content":{"rendered":"<h5 style=\"text-align: center\">Csatlakozzon \u00d6n is a Semmelweis Study-hoz, \u00e9s f\u00e9rjen hozz\u00e1 egy exkluz\u00edv eg\u00e9szs\u00e9gmeg\u0151rz\u0151 szolg\u00e1ltat\u00e1scsomaghoz!<\/h5>\n<p style=\"text-align: justify\">A Semmelweis Egyetem elind\u00edtotta a Semmelweis Study-t, amely az egyetem munkav\u00e1llal\u00f3i sz\u00e1m\u00e1ra egyed\u00fcl\u00e1ll\u00f3 kaput nyit az eg\u00e9szs\u00e9gmeg\u0151rz\u00e9shez \u00e9s a prevent\u00edv ell\u00e1t\u00e1sokhoz. Ha csatlakozik, nemcsak egy 100.000 Ft \u00e9rt\u00e9k\u0171 eg\u00e9szs\u00e9g\u00fcgyi sz\u0171r\u0151csomagban r\u00e9szes\u00fcl ingyenesen, hanem sz\u00e1mos, kiz\u00e1r\u00f3lag a r\u00e9sztvev\u0151k sz\u00e1m\u00e1ra el\u00e9rhet\u0151 eg\u00e9szs\u00e9gmeg\u0151rz\u0151 szolg\u00e1ltat\u00e1shoz is hozz\u00e1f\u00e9rhet!<\/p>\n<p style=\"text-align: center\"><a class=\"btn btn-warning\" href=\"https:\/\/kerdoiv.szinapszis.hu\/SE\/1\/SZ231116\/?tui=auto&amp;nocookie=1\" target=\"_blank\" rel=\"noopener\"><strong>csatlakozom<\/strong><\/a><\/p>\n<p style=\"text-align: center\"><span style=\"color: #000000\"><a class=\"btn btn-warning\" href=\"https:\/\/semmelweis.hu\/dolgozoivizsgalat\/se-study-idopontfoglalo\/\" target=\"_blank\" rel=\"noopener\"><strong>Id\u0151pontot foglalok a m\u0171szeres vizsg\u00e1latokra<\/strong><\/a><\/span><\/p>\n<p><strong>Mit kap a r\u00e9szv\u00e9tellel?<\/strong><\/p>\n<p>\u2705 <strong>Komplex eg\u00e9szs\u00e9g\u00fcgyi sz\u0171r\u00e9s \u2013 teljesen ingyenesen!<\/strong><\/p>\n<p>A program egy teljes k\u00f6r\u0171 menedzsersz\u0171r\u00e9st k\u00edn\u00e1l \u00d6nnek, amely tartalmaz:<\/p>\n<ul>\n<li>R\u00e9szletes laborvizsg\u00e1latot, amelyb\u0151l k\u00e9pet kaphat eg\u00e9szs\u00e9gi \u00e1llapot\u00e1r\u00f3l<\/li>\n<li>EKG-t a sz\u00edv \u00e1llapot\u00e1nak felm\u00e9r\u00e9s\u00e9re<\/li>\n<li>Test\u00f6sszet\u00e9tel-m\u00e9r\u00e9st<\/li>\n<li>Retinavizsg\u00e1latot<\/li>\n<li>V\u00e9rnyom\u00e1s- \u00e9s \u00e9rrendszeri vizsg\u00e1latokat<\/li>\n<li>J\u00e1r\u00e1skoordin\u00e1ci\u00f3 \u00e9s marokszor\u00edt\u00f3-er\u0151 m\u00e9r\u00e9st, amelyek fontos indik\u00e1torai az \u00e1ltal\u00e1nos eg\u00e9szs\u00e9gi \u00e1llapotnak<\/li>\n<\/ul>\n<p>\u2705 <strong>Eg\u00e9szs\u00e9gmeg\u0151rz\u0151 szolg\u00e1ltat\u00e1scsomag<\/strong><\/p>\n<div class=\"keretes\">\n<p><span style=\"font-size: 12pt\"><strong>Szem\u00e9lyes besz\u00e1mol\u00f3 Zsuzsit\u00f3l:<\/strong><\/span><\/p>\n<p style=\"text-align: justify\"><span style=\"font-size: 12pt\">\u201cA Semmelweis Study sor\u00e1n a laboreredm\u00e9nyeim vashi\u00e1nyos v\u00e9rszeg\u00e9nys\u00e9get mutattak ki. A vizsg\u00e1latokat k\u00f6vet\u0151en a prevenci\u00f3s rendel\u00e9sen kapott orvosi javaslatok alapj\u00e1n c\u00e9lzott ter\u00e1pi\u00e1t kezdtem a vashi\u00e1ny cs\u00f6kkent\u00e9s\u00e9re. Nagyon \u00f6r\u00fcl\u00f6k, hogy a kutat\u00e1snak k\u00f6sz\u00f6nhet\u0151en id\u0151ben f\u00e9ny der\u00fclt a probl\u00e9m\u00e1ra, \u00e9s hamar megkezdhettem a kezel\u00e9st. Az\u00f3ta energikusabbnak \u00e9rzem magam, jobb a k\u00f6z\u00e9rzetem \u00e9s a hajhull\u00e1som is megsz\u0171nt.\u201d<\/span><\/p>\n<\/div>\n<p>A Semmelweis Study-ba val\u00f3 bel\u00e9p\u00e9ssel egy exkluz\u00edv eg\u00e9szs\u00e9gprogramhoz csatlakozik, amely mag\u00e1ban foglalja:<\/p>\n<ul>\n<li>Megel\u0151z\u0151 orvostani szakrendel\u00e9st \u2013 szak\u00e9rt\u0151i konzult\u00e1ci\u00f3 az eredm\u00e9nyek alapj\u00e1n<\/li>\n<li>Egyetemi h\u00e1ziorvosi szolg\u00e1ltat\u00e1st \u2013 kiemelt ell\u00e1t\u00e1s \u00e9s folyamatos eg\u00e9szs\u00e9g\u00fcgyi t\u00e1mogat\u00e1s<\/li>\n<li>Ment\u00e1lhigi\u00e9n\u00e9s tan\u00e1csad\u00e1st \u2013 pszichol\u00f3giai t\u00e1mogat\u00e1s, stresszkezel\u00e9s<\/li>\n<li>Doh\u00e1nyz\u00e1sleszoktat\u00f3 programot \u2013 szak\u00e9rt\u0151i t\u00e1mogat\u00e1s a doh\u00e1nyz\u00e1sr\u00f3l val\u00f3 leszok\u00e1shoz<\/li>\n<li>\u00c9letm\u00f3d-tan\u00e1csad\u00e1st \u00e9s fogy\u00e1st seg\u00edt\u0151 programot<\/li>\n<li>Dietetikai konzult\u00e1ci\u00f3t \u2013 szem\u00e9lyre szabott \u00e9trendi tan\u00e1csok<\/li>\n<li>C\u00e9lzott sz\u0171r\u0151vizsg\u00e1latokat az \u00e9letm\u00f3db\u00f3l ad\u00f3d\u00f3 betegs\u00e9gek megel\u0151z\u00e9s\u00e9re<\/li>\n<\/ul>\n<p><strong>\u2705<\/strong><strong> Eg\u00e9szs\u00e9gfejleszt\u00e9si programok<\/strong><\/p>\n<p style=\"text-align: justify\">A Semmelweis Study tagjak\u00e9nt r\u00e9szt vehet k\u00f6z\u00f6ss\u00e9gi eg\u00e9szs\u00e9gmeg\u0151rz\u0151 \u00e9s eg\u00e9szs\u00e9gfejleszt\u0151 programokban, p\u00e9ld\u00e1ul:<\/p>\n<ul>\n<li>Rendszeres eg\u00e9szs\u00e9g\u00fcgyi sz\u0171r\u0151vizsg\u00e1latok<\/li>\n<li>\u00c9letm\u00f3dv\u00e1lt\u00f3 programok<\/li>\n<li>Kiemelt hozz\u00e1f\u00e9r\u00e9s a leg\u00fajabb egyetemi eg\u00e9szs\u00e9g\u00fcgyi kezdem\u00e9nyez\u00e9sekhez<\/li>\n<\/ul>\n<p style=\"text-align: center\"><a class=\"btn btn-warning\" href=\"https:\/\/kerdoiv.szinapszis.hu\/SE\/1\/SZ231116\/?tui=auto&amp;nocookie=1\" target=\"_blank\" rel=\"noopener\"><strong>csatlakozom<\/strong><\/a><\/p>\n<p style=\"text-align: center\"><span style=\"color: #000000\"><a class=\"btn btn-warning\" href=\"https:\/\/semmelweis.hu\/dolgozoivizsgalat\/se-study-idopontfoglalo\/\" target=\"_blank\" rel=\"noopener\"><strong>Id\u0151pontot foglalok a m\u0171szeres vizsg\u00e1latokra<\/strong><\/a><\/span><\/p>\n<p><strong>\u2705<\/strong><strong> Kutat\u00e1si program<\/strong><\/p>\n<p style=\"text-align: justify\">A Semmelweis Study kutat\u00e1si programja Eur\u00f3p\u00e1ban is egyed\u00fcl\u00e1ll\u00f3, prospekt\u00edv munkahelyi kohorszvizsg\u00e1lat, amely az Egyetem dolgoz\u00f3inak r\u00e9szv\u00e9tel\u00e9vel, a Megel\u0151z\u0151 Orvostani \u00e9s N\u00e9peg\u00e9szs\u00e9gtani Int\u00e9zet r\u00e9szv\u00e9tel\u00e9vel zajlik.<\/p>\n<p style=\"text-align: justify\"><strong>A kutat\u00e1s c\u00e9lja, hogy felt\u00e1rja a dolgoz\u00f3k eg\u00e9szs\u00e9gtelen id\u0151s\u00f6d\u00e9s\u00e9nek meghat\u00e1roz\u00f3 t\u00e9nyez\u0151it, \u00e9s tudom\u00e1nyosan megalapozott prevenci\u00f3s strat\u00e9gi\u00e1kat dolgozzon ki az egyetemi polg\u00e1rok sz\u00e1m\u00e1ra. <\/strong><\/p>\n<p style=\"text-align: justify\">A vizsg\u00e1lati programba minden r\u00e9sztvev\u0151 anonim m\u00f3don ker\u00fcl be, \u00e9s az adatok szigor\u00faan bizalmasan, tudom\u00e1nyos c\u00e9lokra, az egyetemi polg\u00e1rok eg\u00e9szs\u00e9g\u00e9nek meg\u0151rz\u00e9s\u00e9re ir\u00e1nyul\u00f3 programok kidolgoz\u00e1s\u00e1ra ker\u00fclnek felhaszn\u00e1l\u00e1sra. A kutat\u00e1si program hossz\u00fa t\u00e1von k\u00f6veti a r\u00e9sztvev\u0151k eg\u00e9szs\u00e9gi \u00e1llapot\u00e1t, szekvenci\u00e1lis adatgy\u0171jt\u00e9si hull\u00e1mokkal. Minden \u00faj m\u00e9r\u00e9si ciklusban a legmodernebb diagnosztikai \u00e9s kutat\u00e1si m\u00f3dszereket alkalmazzuk. Az \u00edgy szerzett tud\u00e1s hozz\u00e1j\u00e1rul ahhoz is, hogy Magyarorsz\u00e1gon \u00e9s nemzetk\u00f6zi szinten is hat\u00e9konyabb strat\u00e9gi\u00e1k sz\u00fclessenek az eg\u00e9szs\u00e9ges id\u0151s\u00f6d\u00e9s el\u0151seg\u00edt\u00e9s\u00e9re.<\/p>\n<p><strong>Hogyan m\u0171k\u00f6dik?<\/strong><\/p>\n<ol>\n<li>Regisztr\u00e1ljon a programba <a href=\"https:\/\/kerdoiv.szinapszis.hu\/SE\/1\/SZ231116\/?tui=auto&amp;nocookie=1\"><strong>ezen a fel\u00fcleten<\/strong><\/a>.<\/li>\n<li style=\"text-align: justify\">A szakemberek elv\u00e9gzik a sz\u0171r\u0151vizsg\u00e1latokat, \u00e9s \u00d6n megkapja az eredm\u00e9nyeit egy szem\u00e9lyre szabott eg\u00e9szs\u00e9g\u00fcgyi dosszi\u00e9ban.\u00a0<strong>A vizsg\u00e1latokra <a href=\"https:\/\/semmelweis.hu\/dolgozoivizsgalat\/se-study-idopontfoglalo\/\">itt<\/a> jelentkezhet.<\/strong><\/li>\n<li style=\"text-align: justify\">Feliratkozik az eg\u00e9szs\u00e9gmeg\u0151rz\u0151 szolg\u00e1ltat\u00e1scsomagra, amelyhez kiz\u00e1r\u00f3lag a r\u00e9sztvev\u0151k f\u00e9rhetnek hozz\u00e1.<\/li>\n<\/ol>\n<p><strong>Mi\u00e9rt \u00e9rdemes csatlakozni?<\/strong><\/p>\n<p>\ud83d\udd39 Megismerheti eg\u00e9szs\u00e9gi \u00e1llapot\u00e1t egy professzion\u00e1lis sz\u0171r\u00e9s r\u00e9v\u00e9n.<\/p>\n<p>\ud83d\udd39 Hozz\u00e1f\u00e9rhet az egyetem legjobb eg\u00e9szs\u00e9g\u00fcgyi szolg\u00e1ltat\u00e1saihoz.<\/p>\n<p>\ud83d\udd39 Egyed\u00fcl\u00e1ll\u00f3 t\u00e1mogat\u00e1si rendszert kap, amely seg\u00edt az eg\u00e9szs\u00e9ges \u00e9letm\u00f3d fenntart\u00e1s\u00e1ban.<\/p>\n<p>\ud83d\udd39 Mindezt teljesen ingyenesen! Ne hagyja ki ezt a lehet\u0151s\u00e9get! Csatlakozzon most, \u00e9s tegye meg az els\u0151 l\u00e9p\u00e9st egy eg\u00e9szs\u00e9gesebb j\u00f6v\u0151 fel\u00e9!<\/p>\n<h5 style=\"text-align: center\">\ud83d\udce9 Regisztr\u00e1ci\u00f3, tov\u00e1bbi inform\u00e1ci\u00f3k \u00e9s vizsg\u00e1lati id\u0151pont foglal\u00e1si lehet\u0151s\u00e9g:<\/h5>\n<h5 style=\"text-align: center\"><a href=\"https:\/\/semmelweis.hu\/dolgozoivizsgalat\/\">Semmelweis Dolgoz\u00f3i Kutat\u00e1s \u2013 Semmelweis Egyetem \u2013 Semmelweis Study<\/a><\/h5>\n<p>\ud83d\udce7 K\u00e9rd\u00e9s eset\u00e9n \u00edrjon a semmelweis.study@semmelweis.hu e-mail c\u00edmre.<\/p>\n<p style=\"text-align: center\"><a class=\"btn btn-warning\" href=\"https:\/\/kerdoiv.szinapszis.hu\/SE\/1\/SZ231116\/?tui=auto&amp;nocookie=1\" target=\"_blank\" rel=\"noopener\"><strong>csatlakozom<\/strong><\/a><\/p>\n","protected":false},"excerpt":{"rendered":"<p>Csatlakozzon \u00d6n is a Semmelweis Study-hoz, \u00e9s f\u00e9rjen hozz\u00e1 egy exkluz\u00edv eg\u00e9szs\u00e9gmeg\u0151rz\u0151 szolg\u00e1ltat\u00e1scsomaghoz! A Semmelweis Egyetem elind\u00edtotta a Semmelweis Study-t, amely az egyetem munkav\u00e1llal\u00f3i sz\u00e1m\u00e1ra egyed\u00fcl\u00e1ll\u00f3 kaput nyit az eg\u00e9szs\u00e9gmeg\u0151rz\u00e9shez \u00e9s a prevent\u00edv ell\u00e1t\u00e1sokhoz. Ha csatlakozik, nemcsak egy 100.000 Ft \u00e9rt\u00e9k\u0171 eg\u00e9szs\u00e9g\u00fcgyi sz\u0171r\u0151csomagban r\u00e9szes\u00fcl ingyenesen, hanem sz\u00e1mos, kiz\u00e1r\u00f3lag a r\u00e9sztvev\u0151k sz\u00e1m\u00e1ra el\u00e9rhet\u0151 eg\u00e9szs\u00e9gmeg\u0151rz\u0151 szolg\u00e1ltat\u00e1shoz is &hellip;<\/p>\n","protected":false},"author":101174,"featured_media":0,"parent":7204,"menu_order":4,"comment_status":"closed","ping_status":"closed","template":"","meta":{"_acf_changed":false,"footnotes":""},"categories":[],"tags":[],"class_list":["post-8616","page","type-page","status-publish","hentry"],"acf":[],"_links":{"self":[{"href":"https:\/\/semmelweis.hu\/csaladbarat\/wp-json\/wp\/v2\/pages\/8616","targetHints":{"allow":["GET"]}}],"collection":[{"href":"https:\/\/semmelweis.hu\/csaladbarat\/wp-json\/wp\/v2\/pages"}],"about":[{"href":"https:\/\/semmelweis.hu\/csaladbarat\/wp-json\/wp\/v2\/types\/page"}],"author":[{"embeddable":true,"href":"https:\/\/semmelweis.hu\/csaladbarat\/wp-json\/wp\/v2\/users\/101174"}],"replies":[{"embeddable":true,"href":"https:\/\/semmelweis.hu\/csaladbarat\/wp-json\/wp\/v2\/comments?post=8616"}],"version-history":[{"count":3,"href":"https:\/\/semmelweis.hu\/csaladbarat\/wp-json\/wp\/v2\/pages\/8616\/revisions"}],"predecessor-version":[{"id":8785,"href":"https:\/\/semmelweis.hu\/csaladbarat\/wp-json\/wp\/v2\/pages\/8616\/revisions\/8785"}],"up":[{"embeddable":true,"href":"https:\/\/semmelweis.hu\/csaladbarat\/wp-json\/wp\/v2\/pages\/7204"}],"wp:attachment":[{"href":"https:\/\/semmelweis.hu\/csaladbarat\/wp-json\/wp\/v2\/media?parent=8616"}],"wp:term":[{"taxonomy":"category","embeddable":true,"href":"https:\/\/semmelweis.hu\/csaladbarat\/wp-json\/wp\/v2\/categories?post=8616"},{"taxonomy":"post_tag","embeddable":true,"href":"https:\/\/semmelweis.hu\/csaladbarat\/wp-json\/wp\/v2\/tags?post=8616"}],"curies":[{"name":"wp","href":"https:\/\/api.w.org\/{rel}","templated":true}]}}