{"id":8259,"date":"2025-03-12T10:11:55","date_gmt":"2025-03-12T09:11:55","guid":{"rendered":"https:\/\/semmelweis.hu\/csaladbarat\/?page_id=8259"},"modified":"2025-11-04T14:27:02","modified_gmt":"2025-11-04T13:27:02","slug":"neuropszchiologiai-rendeles","status":"publish","type":"page","link":"https:\/\/semmelweis.hu\/csaladbarat\/egeszseg\/neuropszchiologiai-rendeles\/","title":{"rendered":"Neuropszchiol\u00f3giai rendel\u00e9s"},"content":{"rendered":"<h5>M\u00e1rciust\u00f3l elindult a neuropszichol\u00f3giai rendel\u00e9s a Csal\u00e1dbar\u00e1t Egyetem Program keret\u00e9ben. A rendel\u00e9st <strong>Szab\u00f3 G\u00e1bor, a Rehabilit\u00e1ci\u00f3s Klinika neuropszichol\u00f3gusa<\/strong>\u00a0vezeti, aki szak\u00e9rtelm\u00e9vel t\u00e1mogat\u00e1st ny\u00fajt azoknak, akik neuropszichol\u00f3giai tan\u00e1csad\u00e1sra vagy vizsg\u00e1latra szorulnak. A szolg\u00e1ltat\u00e1sra az egyetem munkat\u00e1rsai, valamint k\u00f6zeli hozz\u00e1tartoz\u00f3ik \u2013 sz\u00fcl\u0151k, nagysz\u00fcl\u0151k \u00e9s h\u00e1zast\u00e1rsak \u2013 jelentkezhetnek be.<\/h5>\n<p><strong>Mi az a neuropszichol\u00f3gia?<\/strong><\/p>\n<p>A neuropszichol\u00f3gia\u00a0<strong>velesz\u00fcletett vagy szerzett agyi k\u00e1rosod\u00e1sok nyom\u00e1n fell\u00e9p\u0151 pszich\u00e9s zavarok<\/strong>\u00a0\u2013 kognit\u00edv (pl. eml\u00e9kezet, figyelem, \u00edr\u00e1s- \u00e9s besz\u00e9dk\u00e9szs\u00e9g),\u00a0<strong>viselked\u00e9si \u00e9s \u00e9rzelmi probl\u00e9m\u00e1k<\/strong>\u00a0\u2013 diagnosztik\u00e1j\u00e1val \u00e9s ter\u00e1pi\u00e1j\u00e1val foglalkozik.<\/p>\n<p><strong>Milyen panaszokkal fordulhat a szakrendel\u00e9shez?<\/strong><\/p>\n<ul>\n<li>Stroke vagy egy\u00e9b szerzett neurol\u00f3giai betegs\u00e9g ut\u00e1ni kognit\u00edv panaszok<\/li>\n<li>Demencia, vagy annak gyan\u00faja<\/li>\n<li>Mem\u00f3riazavar<\/li>\n<li>Figyelemzavar<\/li>\n<li>Neglekt szindr\u00f3ma<\/li>\n<\/ul>\n<p><strong>Mi t\u00f6rt\u00e9nik a rendel\u00e9s sor\u00e1n?<\/strong><\/p>\n<ul>\n<li>Els\u0151 k\u00f6rben egy\u00a0<strong>10 perces online konzult\u00e1ci\u00f3<\/strong>\u00a0t\u00f6rt\u00e9nik, ahol a szakpszichol\u00f3gus felm\u00e9ri, hogy val\u00f3ban indokolt-e a tov\u00e1bbi vizsg\u00e1lat \u00e9s kezel\u00e9s.<\/li>\n<li>Ezt, amennyiben indokolt a vizsg\u00e1lat,\u00a0<strong>legal\u00e1bb 1 alkalommal, minimum 60 perces konzult\u00e1ci\u00f3\u00a0<\/strong>k\u00f6veti, a probl\u00e9ma pontos felt\u00e9rk\u00e9pez\u00e9s\u00e9hez<\/li>\n<li>Ezt k\u00f6vet\u0151en\u00a0<strong>szem\u00e9lyes foglalkoz\u00e1sok<\/strong>on vesz r\u00e9szt a p\u00e1ciens, a rehabilit\u00e1ci\u00f3 el\u0151seg\u00edt\u00e9s\u00e9rt.\n<div class=\"pictureSemmelweis\"><img loading=\"lazy\" decoding=\"async\" class=\"wp-image-8248 aligncenter\" src=\"https:\/\/semmelweis.hu\/csaladbarat\/files\/2025\/03\/medium-shot-doctor-patient-discussing-400x270.jpg\" alt=\"\" width=\"311\" height=\"210\" srcset=\"https:\/\/semmelweis.hu\/csaladbarat\/files\/2025\/03\/medium-shot-doctor-patient-discussing-400x270.jpg 400w, https:\/\/semmelweis.hu\/csaladbarat\/files\/2025\/03\/medium-shot-doctor-patient-discussing-1024x692.jpg 1024w, https:\/\/semmelweis.hu\/csaladbarat\/files\/2025\/03\/medium-shot-doctor-patient-discussing-768x519.jpg 768w, https:\/\/semmelweis.hu\/csaladbarat\/files\/2025\/03\/medium-shot-doctor-patient-discussing-1536x1038.jpg 1536w, https:\/\/semmelweis.hu\/csaladbarat\/files\/2025\/03\/medium-shot-doctor-patient-discussing-2048x1385.jpg 2048w, https:\/\/semmelweis.hu\/csaladbarat\/files\/2025\/03\/medium-shot-doctor-patient-discussing-753x509.jpg 753w\" sizes=\"auto, (max-width: 311px) 100vw, 311px\" \/><\/div>\n<\/li>\n<\/ul>\n<p><strong>Bejelentkez\u00e9s menete:<\/strong><\/p>\n<ul>\n<li>Bejelentkez\u00e9shez k\u00e9rj\u00fck\u00a0<strong>\u00edrjon e-mailt<\/strong>\u00a0a\u00a0<a href=\"mailto:csaladbarat@semmelweis.hu\">csaladbarat@semmelweis.hu<\/a>\u00a0e-mail c\u00edmre.<\/li>\n<li>A 10 perces el\u0151zetes online konzult\u00e1ci\u00f3t k\u00f6vet\u0151 vizsg\u00e1latra\u00a0<strong>beutal\u00f3 sz\u00fcks\u00e9ges<\/strong>, melyet a\u00a0<strong>Csal\u00e1dorvosi Praxis munkat\u00e1rsait\u00f3l, vagy szakorvos\u00e1t\u00f3l (pszichi\u00e1ter\/neurol\u00f3gus) ig\u00e9nyelhet.<\/strong><\/li>\n<\/ul>\n","protected":false},"excerpt":{"rendered":"<p>M\u00e1rciust\u00f3l elindult a neuropszichol\u00f3giai rendel\u00e9s a Csal\u00e1dbar\u00e1t Egyetem Program keret\u00e9ben. A rendel\u00e9st Szab\u00f3 G\u00e1bor, a Rehabilit\u00e1ci\u00f3s Klinika neuropszichol\u00f3gusa\u00a0vezeti, aki szak\u00e9rtelm\u00e9vel t\u00e1mogat\u00e1st ny\u00fajt azoknak, akik neuropszichol\u00f3giai tan\u00e1csad\u00e1sra vagy vizsg\u00e1latra szorulnak. A szolg\u00e1ltat\u00e1sra az egyetem munkat\u00e1rsai, valamint k\u00f6zeli hozz\u00e1tartoz\u00f3ik \u2013 sz\u00fcl\u0151k, nagysz\u00fcl\u0151k \u00e9s h\u00e1zast\u00e1rsak \u2013 jelentkezhetnek be. Mi az a neuropszichol\u00f3gia? A neuropszichol\u00f3gia\u00a0velesz\u00fcletett vagy szerzett agyi k\u00e1rosod\u00e1sok &hellip;<\/p>\n","protected":false},"author":102441,"featured_media":8247,"parent":7204,"menu_order":0,"comment_status":"closed","ping_status":"closed","template":"","meta":{"_acf_changed":false,"footnotes":""},"categories":[],"tags":[],"class_list":["post-8259","page","type-page","status-publish","has-post-thumbnail","hentry"],"acf":[],"_links":{"self":[{"href":"https:\/\/semmelweis.hu\/csaladbarat\/wp-json\/wp\/v2\/pages\/8259","targetHints":{"allow":["GET"]}}],"collection":[{"href":"https:\/\/semmelweis.hu\/csaladbarat\/wp-json\/wp\/v2\/pages"}],"about":[{"href":"https:\/\/semmelweis.hu\/csaladbarat\/wp-json\/wp\/v2\/types\/page"}],"author":[{"embeddable":true,"href":"https:\/\/semmelweis.hu\/csaladbarat\/wp-json\/wp\/v2\/users\/102441"}],"replies":[{"embeddable":true,"href":"https:\/\/semmelweis.hu\/csaladbarat\/wp-json\/wp\/v2\/comments?post=8259"}],"version-history":[{"count":3,"href":"https:\/\/semmelweis.hu\/csaladbarat\/wp-json\/wp\/v2\/pages\/8259\/revisions"}],"predecessor-version":[{"id":10502,"href":"https:\/\/semmelweis.hu\/csaladbarat\/wp-json\/wp\/v2\/pages\/8259\/revisions\/10502"}],"up":[{"embeddable":true,"href":"https:\/\/semmelweis.hu\/csaladbarat\/wp-json\/wp\/v2\/pages\/7204"}],"wp:featuredmedia":[{"embeddable":true,"href":"https:\/\/semmelweis.hu\/csaladbarat\/wp-json\/wp\/v2\/media\/8247"}],"wp:attachment":[{"href":"https:\/\/semmelweis.hu\/csaladbarat\/wp-json\/wp\/v2\/media?parent=8259"}],"wp:term":[{"taxonomy":"category","embeddable":true,"href":"https:\/\/semmelweis.hu\/csaladbarat\/wp-json\/wp\/v2\/categories?post=8259"},{"taxonomy":"post_tag","embeddable":true,"href":"https:\/\/semmelweis.hu\/csaladbarat\/wp-json\/wp\/v2\/tags?post=8259"}],"curies":[{"name":"wp","href":"https:\/\/api.w.org\/{rel}","templated":true}]}}