{"id":8,"date":"2020-09-25T16:00:11","date_gmt":"2020-09-25T14:00:11","guid":{"rendered":"https:\/\/semmelweis.hu\/csaladbarat\/?page_id=8"},"modified":"2023-06-07T12:25:02","modified_gmt":"2023-06-07T10:25:02","slug":"a-program-bemutatasa","status":"publish","type":"page","link":"https:\/\/semmelweis.hu\/csaladbarat\/a-program-bemutatasa\/","title":{"rendered":"A program bemutat\u00e1sa"},"content":{"rendered":"<div class=\"lead\" style=\"text-align: justify\">\u00d6sszhangban az Alapt\u00f6rv\u00e9nnyel \u00e9s a Csal\u00e1dok v\u00e9delm\u00e9r\u0151l sz\u00f3l\u00f3 t\u00f6rv\u00e9nnyel, valamint a korm\u00e1nyzat csal\u00e1dokat t\u00e1mogat\u00f3 politik\u00e1j\u00e1val azt k\u00edv\u00e1njuk el\u00e9rni, hogy int\u00e9zm\u00e9ny\u00fcnk olyan hely legyen, ahol a csal\u00e1dokat t\u00e1mogatj\u00e1k, a gyermekv\u00e1llal\u00e1st elismerik.<\/div>\n<p style=\"text-align: justify\">A Semmelweis Egyetem Szen\u00e1tusa 2019. december\u00e9ben egyhang\u00falag t\u00e1mogatta a Csal\u00e1dbar\u00e1t Egyetem Program elind\u00edt\u00e1s\u00e1t, \u00e9s n\u00e9gy munkacsoport fel\u00e1ll\u00edt\u00e1s\u00e1r\u00f3l d\u00f6nt\u00f6tt. A munkacsoportok kidolgozt\u00e1k a program r\u00e9szleteit, \u00edgy 2020. j\u00fanius\u00e1ban elfogad\u00e1sra ker\u00fclhetett a v\u00e9gleges koncepci\u00f3. A <a href=\"https:\/\/semmelweis.hu\/hirek\/2020\/07\/30\/szeptembertol-elindul-a-semmelweis-csaladbarat-egyetem-program\/\" target=\"_blank\" rel=\"noopener noreferrer\"><strong>Semmelweis Egyetem rektora j\u00faliusban bejelentette<\/strong><\/a>, hogy 2020. \u0151sz\u00e9t\u0151l fokozatosan ker\u00fclnek megval\u00f3s\u00edt\u00e1sra a program elemei. \u00cdgy fogalmazott:<\/p>\n<blockquote>\n<p>Tenni szeretn\u00e9k az\u00e9rt, hogy a Semmelweis Egyetem olyan munkahely legyen, ahova reggelente \u00f6r\u00f6mmel \u00e9s tettre k\u00e9szen l\u00e9p be minden egyetemi polg\u00e1r; \u00e9s miut\u00e1n ell\u00e1tt\u00e1k napi feladatukat, az elv\u00e9gzett eredm\u00e9nyes munka \u00e9lm\u00e9ny\u00e9vel t\u00e9rnek haza csal\u00e1djukhoz.&#8221;<\/p>\n<\/blockquote>\n<p style=\"text-align: justify\"><img loading=\"lazy\" decoding=\"async\" class=\" wp-image-83 alignright\" src=\"https:\/\/semmelweis.hu\/csaladbarat\/files\/2020\/10\/RS121007_C19A8005-scr-400x267.jpg\" alt=\"\" width=\"728\" height=\"486\" srcset=\"https:\/\/semmelweis.hu\/csaladbarat\/files\/2020\/10\/RS121007_C19A8005-scr-400x267.jpg 400w, https:\/\/semmelweis.hu\/csaladbarat\/files\/2020\/10\/RS121007_C19A8005-scr-1024x683.jpg 1024w, https:\/\/semmelweis.hu\/csaladbarat\/files\/2020\/10\/RS121007_C19A8005-scr-768x512.jpg 768w, https:\/\/semmelweis.hu\/csaladbarat\/files\/2020\/10\/RS121007_C19A8005-scr-753x502.jpg 753w, https:\/\/semmelweis.hu\/csaladbarat\/files\/2020\/10\/RS121007_C19A8005-scr-203x135.jpg 203w, https:\/\/semmelweis.hu\/csaladbarat\/files\/2020\/10\/RS121007_C19A8005-scr.jpg 1200w\" sizes=\"auto, (max-width: 728px) 100vw, 728px\" \/>A csal\u00e1dbar\u00e1ts\u00e1g \u00e1ltal\u00e1nosan a csal\u00e1dform\u00e1kra, a csal\u00e1dban bet\u00f6lt\u00f6tt szerepek v\u00e1ltoz\u00e1s\u00e1ra, a felmer\u00fcl\u0151 feladatok \u00e9s felel\u0151ss\u00e9gek megoszt\u00e1s\u00e1nak dinamik\u00e1j\u00e1ra, valamint a munkaer\u0151piaci kih\u00edv\u00e1sokra \u00e9rdemben reag\u00e1l\u00f3 szeml\u00e9letm\u00f3d, amely c\u00e9lzott int\u00e9zked\u00e9sekkel \u00e9s eszk\u00f6z\u00f6kkel lehet\u0151v\u00e9 teszi a rugalmas alkalmazkod\u00e1st, a sz\u00e9lesebb k\u00f6r\u0171 v\u00e1laszt\u00e1si lehet\u0151s\u00e9geket \u00e9s nagyobb d\u00f6nt\u00e9si szabads\u00e1got a munka \u00e9s mag\u00e1n\u00e9let \u00f6sszeegyeztet\u00e9s\u00e9ben.<\/p>\n<p style=\"text-align: justify\">A csal\u00e1dbar\u00e1t m\u00f3don m\u0171k\u00f6d\u0151 munkahely f\u0151 jellemz\u0151je, hogy a munk\u00e1ltat\u00f3 tudatosan figyel \u00e9s tesz az\u00e9rt, hogy a munkav\u00e1llal\u00f3 k\u00e9pes legyen \u00f6sszehangolni a munk\u00e1j\u00e1b\u00f3l ad\u00f3d\u00f3 k\u00f6telezetts\u00e9geit a mag\u00e1n\u00e9letben r\u00e1nehezed\u0151 feladatokkal.<\/p>\n<p style=\"text-align: justify\"><img loading=\"lazy\" decoding=\"async\" class=\"size-large wp-image-100 aligncenter\" src=\"https:\/\/semmelweis.hu\/csaladbarat\/files\/2020\/10\/pexels-vlada-karpovich-4617316-1024x683.jpg\" alt=\"\" width=\"753\" height=\"502\" srcset=\"https:\/\/semmelweis.hu\/csaladbarat\/files\/2020\/10\/pexels-vlada-karpovich-4617316-1024x683.jpg 1024w, https:\/\/semmelweis.hu\/csaladbarat\/files\/2020\/10\/pexels-vlada-karpovich-4617316-400x267.jpg 400w, https:\/\/semmelweis.hu\/csaladbarat\/files\/2020\/10\/pexels-vlada-karpovich-4617316-768x512.jpg 768w, https:\/\/semmelweis.hu\/csaladbarat\/files\/2020\/10\/pexels-vlada-karpovich-4617316-1536x1024.jpg 1536w, https:\/\/semmelweis.hu\/csaladbarat\/files\/2020\/10\/pexels-vlada-karpovich-4617316-2048x1365.jpg 2048w, https:\/\/semmelweis.hu\/csaladbarat\/files\/2020\/10\/pexels-vlada-karpovich-4617316-753x502.jpg 753w, https:\/\/semmelweis.hu\/csaladbarat\/files\/2020\/10\/pexels-vlada-karpovich-4617316-203x135.jpg 203w\" sizes=\"auto, (max-width: 753px) 100vw, 753px\" \/><\/p>\n<p style=\"text-align: justify\">A munkav\u00e1llal\u00f3k megbecs\u00fcl\u00e9s\u00e9nek csak egy alkot\u00f3r\u00e9sze a megfelel\u0151 anyagi \u00e9s erk\u00f6lcsi elismer\u00e9s, ez\u00e9rt kiemelt figyelmet kell ford\u00edtanunk a dolgoz\u00f3k \u00e9letmin\u0151s\u00e9g\u00e9t nagyban meghat\u00e1roz\u00f3 munkahelyi k\u00f6rnyezet kialak\u00edt\u00e1s\u00e1ra. Szakmai elismer\u00e9s\u00fck \u00e9s karrierj\u00fck t\u00e1mogat\u00e1sa mellett elemi fontoss\u00e1g\u00fa olyan munkak\u00f6r\u00fclm\u00e9nyek biztos\u00edt\u00e1sa, mely el\u0151seg\u00edti a csal\u00e1dalap\u00edt\u00e1s \u00e9s gyermeknevel\u00e9s munkav\u00e1llal\u00e1ssal t\u00f6rt\u00e9n\u0151 flexibilis \u00f6sszeegyeztet\u00e9s\u00e9t. A Semmelweis Egyetem hallgat\u00f3inak k\u00e9tharmada, dolgoz\u00f3inak t\u00f6bb mint 70%-a n\u0151. A n\u0151i alkalmazottak karrier-csal\u00e1d egy\u00fcttes\u00e9nek harmoniz\u00e1l\u00e1sa, \u00e9s \u00edgy Magyarorsz\u00e1gon els\u0151k\u00e9nt a Csal\u00e1dbar\u00e1t Egyetem \u00e9s csal\u00e1dbar\u00e1t munkahely megteremt\u00e9se az egyetem kiemelt priorit\u00e1s\u00fa c\u00e9lkit\u0171z\u00e9se.<\/p>\n<p style=\"text-align: justify\">A program mag\u00e1ban foglalja majd a Semmelweis Egyetem polg\u00e1rainak eg\u00e9szs\u00e9g\u00fcgyi ell\u00e1t\u00e1s\u00e1t fokozatos bevezet\u00e9ssel, valamint sz\u00e1mos,\u00a0 m\u00e1r jelenleg is el\u00e9rhet\u0151 kedvezm\u00e9nyt: ilyen az egyetem gy\u00f3gyszert\u00e1raiban el\u00e9rhet\u0151 gy\u00f3gyszert\u00e1ri kedvezm\u00e9ny; a t\u00e1pl\u00e1lkoz\u00e1si \u00e9s \u00e9letm\u00f3d tan\u00e1csad\u00e1s ig\u00e9nybev\u00e9tele \u00e9s az egyetem \u00e1ltal szervezett k\u00f6z\u00f6ss\u00e9gi mozg\u00e1sprogramokon val\u00f3 r\u00e9szv\u00e9tel is. A k\u00e1rty\u00e1val tov\u00e1bb b\u0151v\u00fclnek a sport, kult\u00fara \u00e9s egy\u00e9b ter\u00fcleteken ig\u00e9nyelhet\u0151 kedvezm\u00e9nyek, tov\u00e1bb\u00e1 m\u00e9g sz\u00e9lesebb k\u00f6rben ig\u00e9nybe vehet\u0151k majd az ment\u00e1lis tan\u00e1csad\u00e1si, eg\u00e9szs\u00e9gprevenci\u00f3s \u00e9s eg\u00e9szs\u00e9gfejleszt\u00e9si szolg\u00e1ltat\u00e1sok, \u00e9s a mag\u00e1n\u00fcgyek int\u00e9z\u00e9s\u00e9ben k\u00edn\u00e1lt seg\u00edts\u00e9gny\u00fajt\u00e1s is. A k\u00fcl\u00f6nb\u00f6z\u0151 rendezv\u00e9nyeken val\u00f3 r\u00e9szv\u00e9tel kapcs\u00e1n felh\u00edvjuk az egyetemi polg\u00e1rok figyelm\u00e9t a <strong><a href=\"https:\/\/semmelweis.hu\/koronavirus\/mit-tehetunk\/jarvanyugyi-etikai-iranymutatas\/\" target=\"_blank\" rel=\"noopener noreferrer\">J\u00e1rv\u00e1ny\u00fcgyi Etikai Ir\u00e1nymutat\u00e1s<\/a><\/strong>ban foglaltak betart\u00e1s\u00e1ra.<\/p>\n<p>&nbsp;<\/p>\n","protected":false},"excerpt":{"rendered":"<p>A rektori program nyom\u00e1n a Semmelweis Egyetem Szen\u00e1tusa 2019. december\u00e9ben d\u00f6nt\u00f6tt a Csal\u00e1dbar\u00e1t Egyetem Program elind\u00edt\u00e1s\u00e1r\u00f3l. A v\u00e9gleges koncepci\u00f3 megsz\u00fclet\u00e9s\u00e9t k\u00f6vet\u0151en 2022. janu\u00e1rj\u00e1ban l\u00e9trej\u00f6tt a Csal\u00e1dbar\u00e1t Egyetem K\u00f6zpont. Csapatunkkal azon dolgozunk, hogy az egyetemi polg\u00e1rok j\u00f3ll\u00e9t\u00e9t, a munka-mag\u00e1n\u00e9let egyens\u00faly\u00e1nak megteremt\u00e9s\u00e9t t\u00e1mogassuk. Magyarorsz\u00e1g legnagyobb eg\u00e9szs\u00e9g\u00fcgyi int\u00e9zm\u00e9nyek\u00e9nt kiemelt hangs\u00falyt fektet\u00fcnk a munkav\u00e1llal\u00f3k testi-lelki eg\u00e9szs\u00e9gmeg\u0151rz\u00e9s\u00e9re, melyet t\u00f6bbek k\u00f6z\u00f6tt sz\u0171r\u0151programokkal, valamint alapell\u00e1t\u00e1si szolg\u00e1ltat\u00e1ssal k\u00edv\u00e1nunk t\u00e1mogatni. Csal\u00e1dt\u00e1mogat\u00e1si int\u00e9zked\u00e9seink els\u0151sorban a kisgyermekes csal\u00e1doknak kedveznek, folyamatosan b\u0151v\u00fcl\u0151 sport, kultur\u00e1lis \u00e9s szabadid\u0151s kedvezm\u00e9nyeink pedig minden munkat\u00e1rsunk sz\u00e1m\u00e1ra k\u00edn\u00e1lnak rekre\u00e1ci\u00f3s lehet\u0151s\u00e9geket.<\/p>\n","protected":false},"author":12,"featured_media":946,"parent":0,"menu_order":0,"comment_status":"closed","ping_status":"closed","template":"","meta":{"_acf_changed":false,"footnotes":""},"categories":[],"tags":[],"class_list":["post-8","page","type-page","status-publish","has-post-thumbnail","hentry"],"acf":[],"_links":{"self":[{"href":"https:\/\/semmelweis.hu\/csaladbarat\/wp-json\/wp\/v2\/pages\/8","targetHints":{"allow":["GET"]}}],"collection":[{"href":"https:\/\/semmelweis.hu\/csaladbarat\/wp-json\/wp\/v2\/pages"}],"about":[{"href":"https:\/\/semmelweis.hu\/csaladbarat\/wp-json\/wp\/v2\/types\/page"}],"author":[{"embeddable":true,"href":"https:\/\/semmelweis.hu\/csaladbarat\/wp-json\/wp\/v2\/users\/12"}],"replies":[{"embeddable":true,"href":"https:\/\/semmelweis.hu\/csaladbarat\/wp-json\/wp\/v2\/comments?post=8"}],"version-history":[{"count":12,"href":"https:\/\/semmelweis.hu\/csaladbarat\/wp-json\/wp\/v2\/pages\/8\/revisions"}],"predecessor-version":[{"id":2882,"href":"https:\/\/semmelweis.hu\/csaladbarat\/wp-json\/wp\/v2\/pages\/8\/revisions\/2882"}],"wp:featuredmedia":[{"embeddable":true,"href":"https:\/\/semmelweis.hu\/csaladbarat\/wp-json\/wp\/v2\/media\/946"}],"wp:attachment":[{"href":"https:\/\/semmelweis.hu\/csaladbarat\/wp-json\/wp\/v2\/media?parent=8"}],"wp:term":[{"taxonomy":"category","embeddable":true,"href":"https:\/\/semmelweis.hu\/csaladbarat\/wp-json\/wp\/v2\/categories?post=8"},{"taxonomy":"post_tag","embeddable":true,"href":"https:\/\/semmelweis.hu\/csaladbarat\/wp-json\/wp\/v2\/tags?post=8"}],"curies":[{"name":"wp","href":"https:\/\/api.w.org\/{rel}","templated":true}]}}