{"id":7707,"date":"2025-02-19T17:17:15","date_gmt":"2025-02-19T16:17:15","guid":{"rendered":"https:\/\/semmelweis.hu\/csaladbarat\/?page_id=7707"},"modified":"2025-03-06T08:10:24","modified_gmt":"2025-03-06T07:10:24","slug":"lelki-egeszseg","status":"publish","type":"page","link":"https:\/\/semmelweis.hu\/csaladbarat\/egeszsegfejlesztes\/munkahelyi-egeszsegfejlesztesi-programok\/lelki-egeszseg\/","title":{"rendered":"Lelki eg\u00e9szs\u00e9g"},"content":{"rendered":"<script type=\"text\/javascript\" src=\"https:\/\/semmelweis.hu\/csaladbarat\/wp-content\/themes\/se18\/dist\/scripts\/carousel.js\"><\/script>    <section class=\"post-cards shortcode-wrapper\">\r\n        <div id=\"news-container\" class=\" d-none d-sm-flex flex-column  full-width-post-cards-shortcode-card news-container-for-card-code\" style=\"\">\r\n            \r\n            <div class=\"row card-row my-2 pt-3 pb-0 mx-0 w-100 \">\r\n               \r\n                \ufeff\r\n    <div class=\"card-format col col-12 col-md-4 col-lg-4 pl-1 pl-md-0 pr-1 pr-md-2 mb-2\">\r\n        <a class=\"d-block w-100\"  href=\"https:\/\/semmelweis.hu\/csaladbarat\/2025\/01\/22\/indul-a-baby-blues-tanacsadas\/\">\r\n      <!--  <a class=\"d-block w-100\" target=\"_blank\" href=\" \"> -->\r\n            <div class=\"card\">\r\n                                    <div class=\"card-image img-fluid \">\r\n                         \r\n                        <img loading=\"lazy\" decoding=\"async\" width=\"753\" height=\"502\" src=\"https:\/\/semmelweis.hu\/csaladbarat\/files\/2025\/01\/side-view-worried-woman-sitting-inside-768x512.jpg\" class=\"landscape wp-post-image\" alt=\"\" srcset=\"https:\/\/semmelweis.hu\/csaladbarat\/files\/2025\/01\/side-view-worried-woman-sitting-inside-768x512.jpg 768w, https:\/\/semmelweis.hu\/csaladbarat\/files\/2025\/01\/side-view-worried-woman-sitting-inside-400x267.jpg 400w, https:\/\/semmelweis.hu\/csaladbarat\/files\/2025\/01\/side-view-worried-woman-sitting-inside-1024x682.jpg 1024w, https:\/\/semmelweis.hu\/csaladbarat\/files\/2025\/01\/side-view-worried-woman-sitting-inside-1536x1024.jpg 1536w, https:\/\/semmelweis.hu\/csaladbarat\/files\/2025\/01\/side-view-worried-woman-sitting-inside-753x502.jpg 753w, https:\/\/semmelweis.hu\/csaladbarat\/files\/2025\/01\/side-view-worried-woman-sitting-inside-203x135.jpg 203w, https:\/\/semmelweis.hu\/csaladbarat\/files\/2025\/01\/side-view-worried-woman-sitting-inside.jpg 2000w\" sizes=\"auto, (max-width: 753px) 100vw, 753px\" \/>                    <\/div>\r\n                \r\n                <div class=\"card-body\">\r\n                    <div class=\"card-date text-uppercase  d-none  \">\r\n                                                    <h5><span class=\"font-weight-normal\">2025. <\/span>febru\u00e1r 20.<\/h5>\r\n                                            <\/div>\r\n                    <div class=\"card-title\">\r\n                        <h3 class=\"mt-2 entry-title\">Baby blues tan\u00e1csad\u00e1s dolgoz\u00f3knak<\/h3>\r\n                    <\/div>\r\n                    <style>\r\n                        .card-text-inside{\r\n                                                 display: -webkit-box;\r\n                    -webkit-line-clamp: 4;\r\n                    -webkit-box-orient: vertical;\r\n                     overflow:hidden;\r\n                     text-overflow: ellipsis;\r\n                        }\r\n                        <\/style>\r\n                                    <\/div>\r\n            <\/div>\r\n        <\/a>\r\n    <\/div>\r\n\r\n\r\n\ufeff\r\n    <div class=\"card-format col col-12 col-md-4 col-lg-4 pl-1 pl-md-0 pr-1 pr-md-2 mb-2\">\r\n        <a class=\"d-block w-100\"  href=\"https:\/\/semmelweis.hu\/human\/category\/belso-kepzesek\/\">\r\n      <!--  <a class=\"d-block w-100\" target=\"_blank\" href=\" \"> -->\r\n            <div class=\"card\">\r\n                                    <div class=\"card-image img-fluid \">\r\n                         \r\n                        <img loading=\"lazy\" decoding=\"async\" width=\"753\" height=\"502\" src=\"https:\/\/semmelweis.hu\/csaladbarat\/files\/2025\/02\/belso-kepzesek-treningek-illusztracio-768x512.jpg\" class=\"landscape wp-post-image\" alt=\"\" srcset=\"https:\/\/semmelweis.hu\/csaladbarat\/files\/2025\/02\/belso-kepzesek-treningek-illusztracio-768x512.jpg 768w, https:\/\/semmelweis.hu\/csaladbarat\/files\/2025\/02\/belso-kepzesek-treningek-illusztracio-400x267.jpg 400w, https:\/\/semmelweis.hu\/csaladbarat\/files\/2025\/02\/belso-kepzesek-treningek-illusztracio-1024x683.jpg 1024w, https:\/\/semmelweis.hu\/csaladbarat\/files\/2025\/02\/belso-kepzesek-treningek-illusztracio-753x502.jpg 753w, https:\/\/semmelweis.hu\/csaladbarat\/files\/2025\/02\/belso-kepzesek-treningek-illusztracio-203x135.jpg 203w, https:\/\/semmelweis.hu\/csaladbarat\/files\/2025\/02\/belso-kepzesek-treningek-illusztracio.jpg 1200w\" sizes=\"auto, (max-width: 753px) 100vw, 753px\" \/>                    <\/div>\r\n                \r\n                <div class=\"card-body\">\r\n                    <div class=\"card-date text-uppercase  d-none  \">\r\n                                                    <h5><span class=\"font-weight-normal\">2025. <\/span>febru\u00e1r 20.<\/h5>\r\n                                            <\/div>\r\n                    <div class=\"card-title\">\r\n                        <h3 class=\"mt-2 entry-title\">Bels\u0151 k\u00e9pz\u00e9sek, tr\u00e9ningek<\/h3>\r\n                    <\/div>\r\n                    <style>\r\n                        .card-text-inside{\r\n                                                 display: -webkit-box;\r\n                    -webkit-line-clamp: 4;\r\n                    -webkit-box-orient: vertical;\r\n                     overflow:hidden;\r\n                     text-overflow: ellipsis;\r\n                        }\r\n                        <\/style>\r\n                                    <\/div>\r\n            <\/div>\r\n        <\/a>\r\n    <\/div>\r\n\r\n\r\n\ufeff\r\n    <div class=\"card-format col col-12 col-md-4 col-lg-4 pl-1 pl-md-0 pr-1 pr-md-2 mb-2\">\r\n        <a class=\"d-block w-100\"  href=\"https:\/\/semmelweis.hu\/human\/csapatepito-trening\/\">\r\n      <!--  <a class=\"d-block w-100\" target=\"_blank\" href=\" \"> -->\r\n            <div class=\"card\">\r\n                                    <div class=\"card-image img-fluid \">\r\n                         \r\n                        <img loading=\"lazy\" decoding=\"async\" width=\"400\" height=\"267\" src=\"https:\/\/semmelweis.hu\/csaladbarat\/files\/2025\/02\/Csapatepites-400x267-1.jpg\" class=\"landscape wp-post-image\" alt=\"\" srcset=\"https:\/\/semmelweis.hu\/csaladbarat\/files\/2025\/02\/Csapatepites-400x267-1.jpg 400w, https:\/\/semmelweis.hu\/csaladbarat\/files\/2025\/02\/Csapatepites-400x267-1-203x135.jpg 203w\" sizes=\"auto, (max-width: 400px) 100vw, 400px\" \/>                    <\/div>\r\n                \r\n                <div class=\"card-body\">\r\n                    <div class=\"card-date text-uppercase  d-none  \">\r\n                                                    <h5><span class=\"font-weight-normal\">2025. <\/span>febru\u00e1r 20.<\/h5>\r\n                                            <\/div>\r\n                    <div class=\"card-title\">\r\n                        <h3 class=\"mt-2 entry-title\">Csapat\u00e9p\u00edt\u0151 tr\u00e9ning<\/h3>\r\n                    <\/div>\r\n                    <style>\r\n                        .card-text-inside{\r\n                                                 display: -webkit-box;\r\n                    -webkit-line-clamp: 4;\r\n                    -webkit-box-orient: vertical;\r\n                     overflow:hidden;\r\n                     text-overflow: ellipsis;\r\n                        }\r\n                        <\/style>\r\n                                    <\/div>\r\n            <\/div>\r\n        <\/a>\r\n    <\/div>\r\n\r\n\r\n\ufeff\r\n    <div class=\"card-format col col-12 col-md-4 col-lg-4 pl-1 pl-md-0 pr-1 pr-md-2 mb-2\">\r\n        <a class=\"d-block w-100\"  href=\"https:\/\/semmelweis.hu\/egeszsegfejlesztes\/szolgaltatasok-semmelweis-polgaroknak\/dolgozoi-mentalis-egeszsegtanacsado\/csoportos-foglalkozasok\/\">\r\n      <!--  <a class=\"d-block w-100\" target=\"_blank\" href=\" \"> -->\r\n            <div class=\"card\">\r\n                                    <div class=\"card-image img-fluid \">\r\n                         \r\n                        <img loading=\"lazy\" decoding=\"async\" width=\"753\" height=\"536\" src=\"https:\/\/semmelweis.hu\/csaladbarat\/files\/2023\/10\/3803041-768x547.jpg\" class=\"landscape wp-post-image\" alt=\"\" srcset=\"https:\/\/semmelweis.hu\/csaladbarat\/files\/2023\/10\/3803041-768x547.jpg 768w, https:\/\/semmelweis.hu\/csaladbarat\/files\/2023\/10\/3803041-400x285.jpg 400w, https:\/\/semmelweis.hu\/csaladbarat\/files\/2023\/10\/3803041-1024x729.jpg 1024w, https:\/\/semmelweis.hu\/csaladbarat\/files\/2023\/10\/3803041-1536x1094.jpg 1536w, https:\/\/semmelweis.hu\/csaladbarat\/files\/2023\/10\/3803041-753x536.jpg 753w, https:\/\/semmelweis.hu\/csaladbarat\/files\/2023\/10\/3803041.jpg 2000w\" sizes=\"auto, (max-width: 753px) 100vw, 753px\" \/>                    <\/div>\r\n                \r\n                <div class=\"card-body\">\r\n                    <div class=\"card-date text-uppercase  d-none  \">\r\n                                                    <h5><span class=\"font-weight-normal\">2025. <\/span>febru\u00e1r 20.<\/h5>\r\n                                            <\/div>\r\n                    <div class=\"card-title\">\r\n                        <h3 class=\"mt-2 entry-title\">Ment\u00e1lis eg\u00e9szs\u00e9gtan\u00e1csad\u00f3 csoportos foglalkoz\u00e1sok<\/h3>\r\n                    <\/div>\r\n                    <style>\r\n                        .card-text-inside{\r\n                                                 display: -webkit-box;\r\n                    -webkit-line-clamp: 4;\r\n                    -webkit-box-orient: vertical;\r\n                     overflow:hidden;\r\n                     text-overflow: ellipsis;\r\n                        }\r\n                        <\/style>\r\n                                    <\/div>\r\n            <\/div>\r\n        <\/a>\r\n    <\/div>\r\n\r\n\r\n\ufeff\r\n    <div class=\"card-format col col-12 col-md-4 col-lg-4 pl-1 pl-md-0 pr-1 pr-md-2 mb-2\">\r\n        <a class=\"d-block w-100\"  href=\"https:\/\/semmelweis.hu\/csaladbarat\/2024\/10\/30\/coaching-a-semmelweis-polgarok-szakmai-celjainak-elereseert\/\">\r\n      <!--  <a class=\"d-block w-100\" target=\"_blank\" href=\" \"> -->\r\n            <div class=\"card\">\r\n                                    <div class=\"card-image img-fluid \">\r\n                         \r\n                        <img loading=\"lazy\" decoding=\"async\" width=\"753\" height=\"612\" src=\"https:\/\/semmelweis.hu\/csaladbarat\/files\/2025\/02\/coaching-768x624.jpg\" class=\"landscape wp-post-image\" alt=\"\" srcset=\"https:\/\/semmelweis.hu\/csaladbarat\/files\/2025\/02\/coaching-768x624.jpg 768w, https:\/\/semmelweis.hu\/csaladbarat\/files\/2025\/02\/coaching-400x325.jpg 400w, https:\/\/semmelweis.hu\/csaladbarat\/files\/2025\/02\/coaching-1024x832.jpg 1024w, https:\/\/semmelweis.hu\/csaladbarat\/files\/2025\/02\/coaching-753x612.jpg 753w, https:\/\/semmelweis.hu\/csaladbarat\/files\/2025\/02\/coaching.jpg 1200w\" sizes=\"auto, (max-width: 753px) 100vw, 753px\" \/>                    <\/div>\r\n                \r\n                <div class=\"card-body\">\r\n                    <div class=\"card-date text-uppercase  d-none  \">\r\n                                                    <h5><span class=\"font-weight-normal\">2025. <\/span>febru\u00e1r 20.<\/h5>\r\n                                            <\/div>\r\n                    <div class=\"card-title\">\r\n                        <h3 class=\"mt-2 entry-title\">Coaching &#8211; munkav\u00e1llal\u00f3k szakmai c\u00e9ljainak el\u00e9r\u00e9s\u00e9\u00e9rt<\/h3>\r\n                    <\/div>\r\n                    <style>\r\n                        .card-text-inside{\r\n                                                 display: -webkit-box;\r\n                    -webkit-line-clamp: 4;\r\n                    -webkit-box-orient: vertical;\r\n                     overflow:hidden;\r\n                     text-overflow: ellipsis;\r\n                        }\r\n                        <\/style>\r\n                                    <\/div>\r\n            <\/div>\r\n        <\/a>\r\n    <\/div>\r\n\r\n\r\n\ufeff\r\n    <div class=\"card-format col col-12 col-md-4 col-lg-4 pl-1 pl-md-0 pr-1 pr-md-2 mb-2\">\r\n        <a class=\"d-block w-100\"  href=\"https:\/\/semmelweis.hu\/csaladbarat\/eletmod\/mentalis-egeszseg\/\">\r\n      <!--  <a class=\"d-block w-100\" target=\"_blank\" href=\" \"> -->\r\n            <div class=\"card\">\r\n                                    <div class=\"card-image img-fluid \">\r\n                         \r\n                        <img loading=\"lazy\" decoding=\"async\" width=\"500\" height=\"389\" src=\"https:\/\/semmelweis.hu\/csaladbarat\/files\/2024\/12\/freepik__expand__78648.png\" class=\"landscape wp-post-image\" alt=\"\" srcset=\"https:\/\/semmelweis.hu\/csaladbarat\/files\/2024\/12\/freepik__expand__78648.png 500w, https:\/\/semmelweis.hu\/csaladbarat\/files\/2024\/12\/freepik__expand__78648-400x311.png 400w\" sizes=\"auto, (max-width: 500px) 100vw, 500px\" \/>                    <\/div>\r\n                \r\n                <div class=\"card-body\">\r\n                    <div class=\"card-date text-uppercase  d-none  \">\r\n                                                    <h5><span class=\"font-weight-normal\">2025. <\/span>febru\u00e1r 20.<\/h5>\r\n                                            <\/div>\r\n                    <div class=\"card-title\">\r\n                        <h3 class=\"mt-2 entry-title\">Ment\u00e1lis, pszichol\u00f3giai eg\u00e9szs\u00e9gprogramok<\/h3>\r\n                    <\/div>\r\n                    <style>\r\n                        .card-text-inside{\r\n                                                 display: -webkit-box;\r\n                    -webkit-line-clamp: 4;\r\n                    -webkit-box-orient: vertical;\r\n                     overflow:hidden;\r\n                     text-overflow: ellipsis;\r\n                        }\r\n                        <\/style>\r\n                                    <\/div>\r\n            <\/div>\r\n        <\/a>\r\n    <\/div>\r\n\r\n\r\n                \r\n            <\/div>\r\n        <\/div>\r\n\r\n                        <div class=\"post-slide-hirek row px-0\">\r\n            <style>\r\n                .post-slide-hirek .owl-nav button {\r\n                    margin: 0px !important;\r\n                    height: 100% !important;\r\n                }\r\n\r\n                .card-custom-title {\r\n                    font-size: 17px;\r\n                    line-height: 23px;\r\n                    overflow: hidden;\r\n                    text-overflow: ellipsis;\r\n                    display: -webkit-box;\r\n                    -webkit-line-clamp: 3;\r\n                    -webkit-box-orient: vertical;\r\n                    min-height: 72px;\r\n                }\r\n\r\n                .card-custom-max-h {\r\n                    max-height: 235px !important;\r\n                    object-fit: cover;\r\n                }\r\n\r\n                .post-slide-hirek .owl-item .card-img img {\r\n                    opacity: 1 !important;\r\n                    aspect-ratio: 3\/ 2;\r\n\r\n                }\r\n                .card:has(.card-date:not(.d-none)):not(:has(img)) {\r\n                    margin-top: 20px;\r\n                }\r\n            <\/style>\r\n                            <div class=\"owl-carousel col-12 px-0 mt-2 mb-4 md-md-0 d-sm-none\">\r\n                                            <a class=\"item-1\" href=\"https:\/\/semmelweis.hu\/csaladbarat\/2025\/01\/22\/indul-a-baby-blues-tanacsadas\/\">\r\n\r\n                            <div class=\"card-img \">\r\n                                <img loading=\"lazy\" decoding=\"async\" width=\"560\" height=\"373\" src=\"https:\/\/semmelweis.hu\/csaladbarat\/files\/2025\/01\/side-view-worried-woman-sitting-inside.jpg\" class=\"d-block card-custom-max-h  img-fluid n-1 wp-post-image\" alt=\"\" srcset=\"https:\/\/semmelweis.hu\/csaladbarat\/files\/2025\/01\/side-view-worried-woman-sitting-inside.jpg 2000w, https:\/\/semmelweis.hu\/csaladbarat\/files\/2025\/01\/side-view-worried-woman-sitting-inside-400x267.jpg 400w, https:\/\/semmelweis.hu\/csaladbarat\/files\/2025\/01\/side-view-worried-woman-sitting-inside-1024x682.jpg 1024w, https:\/\/semmelweis.hu\/csaladbarat\/files\/2025\/01\/side-view-worried-woman-sitting-inside-768x512.jpg 768w, https:\/\/semmelweis.hu\/csaladbarat\/files\/2025\/01\/side-view-worried-woman-sitting-inside-1536x1024.jpg 1536w, https:\/\/semmelweis.hu\/csaladbarat\/files\/2025\/01\/side-view-worried-woman-sitting-inside-753x502.jpg 753w, https:\/\/semmelweis.hu\/csaladbarat\/files\/2025\/01\/side-view-worried-woman-sitting-inside-203x135.jpg 203w\" sizes=\"auto, (max-width: 560px) 100vw, 560px\" \/>                            <\/div>\r\n                            <div class=\"card-title mb-1\">\r\n                                <h3 class=\"mt-0 pt-1 mb-0 px-2 card-custom-title d-flex align-items-center d-md-block\">\r\n                                    <span class=\"entry-title pt-0 pt-md-1\">Baby blues tan\u00e1csad\u00e1s dolgoz\u00f3knak                                <\/h3>\r\n                            <\/div>\r\n                            \r\n\r\n                        <\/a>\r\n                                            <a class=\"item-2\" href=\"https:\/\/semmelweis.hu\/human\/category\/belso-kepzesek\/\">\r\n\r\n                            <div class=\"card-img \">\r\n                                <img loading=\"lazy\" decoding=\"async\" width=\"560\" height=\"373\" src=\"https:\/\/semmelweis.hu\/csaladbarat\/files\/2025\/02\/belso-kepzesek-treningek-illusztracio.jpg\" class=\"d-block card-custom-max-h  img-fluid n-2 wp-post-image\" alt=\"\" srcset=\"https:\/\/semmelweis.hu\/csaladbarat\/files\/2025\/02\/belso-kepzesek-treningek-illusztracio.jpg 1200w, https:\/\/semmelweis.hu\/csaladbarat\/files\/2025\/02\/belso-kepzesek-treningek-illusztracio-400x267.jpg 400w, https:\/\/semmelweis.hu\/csaladbarat\/files\/2025\/02\/belso-kepzesek-treningek-illusztracio-1024x683.jpg 1024w, https:\/\/semmelweis.hu\/csaladbarat\/files\/2025\/02\/belso-kepzesek-treningek-illusztracio-768x512.jpg 768w, https:\/\/semmelweis.hu\/csaladbarat\/files\/2025\/02\/belso-kepzesek-treningek-illusztracio-753x502.jpg 753w, https:\/\/semmelweis.hu\/csaladbarat\/files\/2025\/02\/belso-kepzesek-treningek-illusztracio-203x135.jpg 203w\" sizes=\"auto, (max-width: 560px) 100vw, 560px\" \/>                            <\/div>\r\n                            <div class=\"card-title mb-1\">\r\n                                <h3 class=\"mt-0 pt-1 mb-0 px-2 card-custom-title d-flex align-items-center d-md-block\">\r\n                                    <span class=\"entry-title pt-0 pt-md-1\">Bels\u0151 k\u00e9pz\u00e9sek, tr\u00e9ningek                                <\/h3>\r\n                            <\/div>\r\n                            \r\n\r\n                        <\/a>\r\n                                            <a class=\"item-3\" href=\"https:\/\/semmelweis.hu\/human\/csapatepito-trening\/\">\r\n\r\n                            <div class=\"card-img \">\r\n                                <img loading=\"lazy\" decoding=\"async\" width=\"400\" height=\"267\" src=\"https:\/\/semmelweis.hu\/csaladbarat\/files\/2025\/02\/Csapatepites-400x267-1.jpg\" class=\"d-block card-custom-max-h  img-fluid n-3 wp-post-image\" alt=\"\" srcset=\"https:\/\/semmelweis.hu\/csaladbarat\/files\/2025\/02\/Csapatepites-400x267-1.jpg 400w, https:\/\/semmelweis.hu\/csaladbarat\/files\/2025\/02\/Csapatepites-400x267-1-203x135.jpg 203w\" sizes=\"auto, (max-width: 400px) 100vw, 400px\" \/>                            <\/div>\r\n                            <div class=\"card-title mb-1\">\r\n                                <h3 class=\"mt-0 pt-1 mb-0 px-2 card-custom-title d-flex align-items-center d-md-block\">\r\n                                    <span class=\"entry-title pt-0 pt-md-1\">Csapat\u00e9p\u00edt\u0151 tr\u00e9ning                                <\/h3>\r\n                            <\/div>\r\n                            \r\n\r\n                        <\/a>\r\n                                            <a class=\"item-4\" href=\"https:\/\/semmelweis.hu\/egeszsegfejlesztes\/szolgaltatasok-semmelweis-polgaroknak\/dolgozoi-mentalis-egeszsegtanacsado\/csoportos-foglalkozasok\/\">\r\n\r\n                            <div class=\"card-img \">\r\n                                <img loading=\"lazy\" decoding=\"async\" width=\"560\" height=\"399\" src=\"https:\/\/semmelweis.hu\/csaladbarat\/files\/2023\/10\/3803041.jpg\" class=\"d-block card-custom-max-h  img-fluid n-4 wp-post-image\" alt=\"\" srcset=\"https:\/\/semmelweis.hu\/csaladbarat\/files\/2023\/10\/3803041.jpg 2000w, https:\/\/semmelweis.hu\/csaladbarat\/files\/2023\/10\/3803041-400x285.jpg 400w, https:\/\/semmelweis.hu\/csaladbarat\/files\/2023\/10\/3803041-1024x729.jpg 1024w, https:\/\/semmelweis.hu\/csaladbarat\/files\/2023\/10\/3803041-768x547.jpg 768w, https:\/\/semmelweis.hu\/csaladbarat\/files\/2023\/10\/3803041-1536x1094.jpg 1536w, https:\/\/semmelweis.hu\/csaladbarat\/files\/2023\/10\/3803041-753x536.jpg 753w\" sizes=\"auto, (max-width: 560px) 100vw, 560px\" \/>                            <\/div>\r\n                            <div class=\"card-title mb-1\">\r\n                                <h3 class=\"mt-0 pt-1 mb-0 px-2 card-custom-title d-flex align-items-center d-md-block\">\r\n                                    <span class=\"entry-title pt-0 pt-md-1\">Ment\u00e1lis eg\u00e9szs\u00e9gtan\u00e1csad\u00f3 csoportos foglalkoz\u00e1sok                                <\/h3>\r\n                            <\/div>\r\n                            \r\n\r\n                        <\/a>\r\n                                            <a class=\"item-5\" href=\"https:\/\/semmelweis.hu\/csaladbarat\/2024\/10\/30\/coaching-a-semmelweis-polgarok-szakmai-celjainak-elereseert\/\">\r\n\r\n                            <div class=\"card-img \">\r\n                                <img loading=\"lazy\" decoding=\"async\" width=\"560\" height=\"455\" src=\"https:\/\/semmelweis.hu\/csaladbarat\/files\/2025\/02\/coaching.jpg\" class=\"d-block card-custom-max-h  img-fluid n-5 wp-post-image\" alt=\"\" srcset=\"https:\/\/semmelweis.hu\/csaladbarat\/files\/2025\/02\/coaching.jpg 1200w, https:\/\/semmelweis.hu\/csaladbarat\/files\/2025\/02\/coaching-400x325.jpg 400w, https:\/\/semmelweis.hu\/csaladbarat\/files\/2025\/02\/coaching-1024x832.jpg 1024w, https:\/\/semmelweis.hu\/csaladbarat\/files\/2025\/02\/coaching-768x624.jpg 768w, https:\/\/semmelweis.hu\/csaladbarat\/files\/2025\/02\/coaching-753x612.jpg 753w\" sizes=\"auto, (max-width: 560px) 100vw, 560px\" \/>                            <\/div>\r\n                            <div class=\"card-title mb-1\">\r\n                                <h3 class=\"mt-0 pt-1 mb-0 px-2 card-custom-title d-flex align-items-center d-md-block\">\r\n                                    <span class=\"entry-title pt-0 pt-md-1\">Coaching &#8211; munkav\u00e1llal\u00f3k szakmai c\u00e9ljainak el\u00e9r\u00e9s\u00e9\u00e9rt                                <\/h3>\r\n                            <\/div>\r\n                            \r\n\r\n                        <\/a>\r\n                                            <a class=\"item-6\" href=\"https:\/\/semmelweis.hu\/csaladbarat\/eletmod\/mentalis-egeszseg\/\">\r\n\r\n                            <div class=\"card-img \">\r\n                                <img loading=\"lazy\" decoding=\"async\" width=\"500\" height=\"389\" src=\"https:\/\/semmelweis.hu\/csaladbarat\/files\/2024\/12\/freepik__expand__78648.png\" class=\"d-block card-custom-max-h  img-fluid n-6 wp-post-image\" alt=\"\" srcset=\"https:\/\/semmelweis.hu\/csaladbarat\/files\/2024\/12\/freepik__expand__78648.png 500w, https:\/\/semmelweis.hu\/csaladbarat\/files\/2024\/12\/freepik__expand__78648-400x311.png 400w\" sizes=\"auto, (max-width: 500px) 100vw, 500px\" \/>                            <\/div>\r\n                            <div class=\"card-title mb-1\">\r\n                                <h3 class=\"mt-0 pt-1 mb-0 px-2 card-custom-title d-flex align-items-center d-md-block\">\r\n                                    <span class=\"entry-title pt-0 pt-md-1\">Ment\u00e1lis, pszichol\u00f3giai eg\u00e9szs\u00e9gprogramok                                <\/h3>\r\n                            <\/div>\r\n                            \r\n\r\n                        <\/a>\r\n                                    <\/div>\r\n\r\n                    \r\n        <\/div><!-- owl-carousel -->\r\n    <\/section>\r\n\r\n\n","protected":false},"excerpt":{"rendered":"","protected":false},"author":101905,"featured_media":7708,"parent":7450,"menu_order":0,"comment_status":"closed","ping_status":"closed","template":"template-fullwidth.php","meta":{"_acf_changed":false,"footnotes":""},"categories":[284],"tags":[],"class_list":["post-7707","page","type-page","status-publish","has-post-thumbnail","hentry","category-x-efk-lelki"],"acf":[],"_links":{"self":[{"href":"https:\/\/semmelweis.hu\/csaladbarat\/wp-json\/wp\/v2\/pages\/7707","targetHints":{"allow":["GET"]}}],"collection":[{"href":"https:\/\/semmelweis.hu\/csaladbarat\/wp-json\/wp\/v2\/pages"}],"about":[{"href":"https:\/\/semmelweis.hu\/csaladbarat\/wp-json\/wp\/v2\/types\/page"}],"author":[{"embeddable":true,"href":"https:\/\/semmelweis.hu\/csaladbarat\/wp-json\/wp\/v2\/users\/101905"}],"replies":[{"embeddable":true,"href":"https:\/\/semmelweis.hu\/csaladbarat\/wp-json\/wp\/v2\/comments?post=7707"}],"version-history":[{"count":10,"href":"https:\/\/semmelweis.hu\/csaladbarat\/wp-json\/wp\/v2\/pages\/7707\/revisions"}],"predecessor-version":[{"id":7991,"href":"https:\/\/semmelweis.hu\/csaladbarat\/wp-json\/wp\/v2\/pages\/7707\/revisions\/7991"}],"up":[{"embeddable":true,"href":"https:\/\/semmelweis.hu\/csaladbarat\/wp-json\/wp\/v2\/pages\/7450"}],"wp:featuredmedia":[{"embeddable":true,"href":"https:\/\/semmelweis.hu\/csaladbarat\/wp-json\/wp\/v2\/media\/7708"}],"wp:attachment":[{"href":"https:\/\/semmelweis.hu\/csaladbarat\/wp-json\/wp\/v2\/media?parent=7707"}],"wp:term":[{"taxonomy":"category","embeddable":true,"href":"https:\/\/semmelweis.hu\/csaladbarat\/wp-json\/wp\/v2\/categories?post=7707"},{"taxonomy":"post_tag","embeddable":true,"href":"https:\/\/semmelweis.hu\/csaladbarat\/wp-json\/wp\/v2\/tags?post=7707"}],"curies":[{"name":"wp","href":"https:\/\/api.w.org\/{rel}","templated":true}]}}