{"id":7587,"date":"2025-02-19T12:18:55","date_gmt":"2025-02-19T11:18:55","guid":{"rendered":"https:\/\/semmelweis.hu\/csaladbarat\/?page_id=7587"},"modified":"2025-03-06T08:04:42","modified_gmt":"2025-03-06T07:04:42","slug":"egyuttmukodes-ismert-emberekkel","status":"publish","type":"page","link":"https:\/\/semmelweis.hu\/csaladbarat\/egeszsegfejlesztes\/egyuttmukodes-ismert-emberekkel\/","title":{"rendered":"Ismert emberek is aj\u00e1nlj\u00e1k az alkalmaz\u00e1st"},"content":{"rendered":"<div class=\"keretes w-100\">\n<h6><strong>A Semmelweis HELP alkalmaz\u00e1st t\u00f6bb hazai influenszer kipr\u00f3b\u00e1lta \u00e9s aj\u00e1nlja.<\/strong><\/h6>\n<\/div>\n<div class=\"keretes\" style=\"float: left !important;border: 1px solid white !important;background-color: #ffff !important\">\n<p><iframe loading=\"lazy\" src=\"https:\/\/www.facebook.com\/plugins\/video.php?height=314&amp;href=https%3A%2F%2Fwww.facebook.com%2Fnanasiekofficial%2Fvideos%2F572128632430678%2F&amp;show_text=true&amp;width=560&amp;t=0\" width=\"100%\" height=\"429\"><\/iframe><\/p>\n<p>&nbsp;<\/p>\n<\/div>\n<div class=\"keretes\" style=\"border: 1px solid white !important;background-color: #ffff !important\">\n<p><iframe loading=\"lazy\" src=\"https:\/\/www.facebook.com\/plugins\/video.php?height=314&amp;href=https%3A%2F%2Fwww.facebook.com%2Fsemmelweishelp%2Fvideos%2F979856907052793%2F&amp;show_text=true&amp;width=560&amp;t=0\" width=\"560\" height=\"429\"><\/iframe><\/p>\n<\/div>\n","protected":false},"excerpt":{"rendered":"<p>A Semmelweis HELP alkalmaz\u00e1st t\u00f6bb hazai influenszer kipr\u00f3b\u00e1lta \u00e9s aj\u00e1nlja.<\/p>\n<p>&nbsp;<\/p>\n","protected":false},"author":101905,"featured_media":8061,"parent":7513,"menu_order":4,"comment_status":"closed","ping_status":"closed","template":"template-fullwidth.php","meta":{"_acf_changed":false,"footnotes":""},"categories":[290],"tags":[],"class_list":["post-7587","page","type-page","status-publish","has-post-thumbnail","hentry","category-x-efk-help"],"acf":[],"_links":{"self":[{"href":"https:\/\/semmelweis.hu\/csaladbarat\/wp-json\/wp\/v2\/pages\/7587","targetHints":{"allow":["GET"]}}],"collection":[{"href":"https:\/\/semmelweis.hu\/csaladbarat\/wp-json\/wp\/v2\/pages"}],"about":[{"href":"https:\/\/semmelweis.hu\/csaladbarat\/wp-json\/wp\/v2\/types\/page"}],"author":[{"embeddable":true,"href":"https:\/\/semmelweis.hu\/csaladbarat\/wp-json\/wp\/v2\/users\/101905"}],"replies":[{"embeddable":true,"href":"https:\/\/semmelweis.hu\/csaladbarat\/wp-json\/wp\/v2\/comments?post=7587"}],"version-history":[{"count":9,"href":"https:\/\/semmelweis.hu\/csaladbarat\/wp-json\/wp\/v2\/pages\/7587\/revisions"}],"predecessor-version":[{"id":8084,"href":"https:\/\/semmelweis.hu\/csaladbarat\/wp-json\/wp\/v2\/pages\/7587\/revisions\/8084"}],"up":[{"embeddable":true,"href":"https:\/\/semmelweis.hu\/csaladbarat\/wp-json\/wp\/v2\/pages\/7513"}],"wp:featuredmedia":[{"embeddable":true,"href":"https:\/\/semmelweis.hu\/csaladbarat\/wp-json\/wp\/v2\/media\/8061"}],"wp:attachment":[{"href":"https:\/\/semmelweis.hu\/csaladbarat\/wp-json\/wp\/v2\/media?parent=7587"}],"wp:term":[{"taxonomy":"category","embeddable":true,"href":"https:\/\/semmelweis.hu\/csaladbarat\/wp-json\/wp\/v2\/categories?post=7587"},{"taxonomy":"post_tag","embeddable":true,"href":"https:\/\/semmelweis.hu\/csaladbarat\/wp-json\/wp\/v2\/tags?post=7587"}],"curies":[{"name":"wp","href":"https:\/\/api.w.org\/{rel}","templated":true}]}}