{"id":68,"date":"2020-10-21T14:40:00","date_gmt":"2020-10-21T12:40:00","guid":{"rendered":"https:\/\/semmelweis.hu\/csaladbarat\/?page_id=68"},"modified":"2025-01-29T12:26:28","modified_gmt":"2025-01-29T11:26:28","slug":"egyetemi-ovodak","status":"publish","type":"page","link":"https:\/\/semmelweis.hu\/csaladbarat\/csalad\/egyetemi-ovodak\/","title":{"rendered":"Egyetemi \u00f3vod\u00e1k"},"content":{"rendered":"<h3>Semmelweis Egyetem Napk\u00f6ziotthonos \u00d3vod\u00e1ja<\/h3>\n<p>A Semmelweis Egyetem Napk\u00f6ziotthonos \u00d3vod\u00e1j\u00e1ban az egyetemen dolgoz\u00f3 sz\u00fcl\u0151k \u00e9s egyetemi hallgat\u00f3k gyermekei otthonos, szeretetteli, nyugodt k\u00f6rnyezetben t\u00f6lthetik mindennapjaikat. Torna, \u00fasz\u00e1s, b\u00e1boz\u00e1s, j\u00e1t\u00e9kos angol, dr\u00e1maj\u00e1t\u00e9k, tud\u00f3sklub sz\u00ednes\u00edti az \u00f3vodai \u00e9letet.<\/p>\n<p><strong>C\u00edm:\u00a0<\/strong>1089 Budapest, Eln\u00f6k utca 4.<\/p>\n<p><a class=\"button\" href=\"https:\/\/semmelweis.hu\/ovoda\/\" target=\"_blank\" rel=\"noopener noreferrer\">Tov\u00e1bb a honlapra<\/a><\/p>\n<hr \/>\n<h3>Semmelweis Egyetem\u00a0Pet\u0151 Andr\u00e1s Gyakorl\u00f3 \u00d3vod\u00e1ja<\/h3>\n<p>Az orsz\u00e1gos ell\u00e1t\u00e1st biztos\u00edt\u00f3 gyakorl\u00f3 \u00f3voda komplex programja harmonikus szem\u00e9lyis\u00e9gfejleszt\u00e9st biztos\u00edt a mozg\u00e1ss\u00e9r\u00fclt \u00e9s \u00e9p mozg\u00e1s\u00fa gyermekek sz\u00e1m\u00e1ra. A\u00a0 3-7 \u00e9v k\u00f6z\u00f6tti k\u00f6zponti idegrendszeri s\u00e9r\u00fclt (CP-s) saj\u00e1tos nevel\u00e9si ig\u00e9ny\u0171, valamint az integr\u00e1ci\u00f3s csoportban \u00e9p mozg\u00e1s\u00fa \u00e9s enyh\u00e9n s\u00e9r\u00fclt gyermekek egy\u00fctt nevel\u00e9se biztos\u00edtott. A gyakorl\u00f3 \u00f3voda a k\u00f6znevel\u00e9si rendszer szerves r\u00e9sze, a csoportok komplex programja \u00f6sszhangban van az \u00f3vodai nevel\u00e9s orsz\u00e1gos alapprogramj\u00e1val, illetve figyelembe veszi a saj\u00e1tos nevel\u00e9si ig\u00e9ny\u0171 gyermekek nevel\u00e9s\u00e9nek ir\u00e1nyelveit.<\/p>\n<p><strong>C\u00edm:\u00a0<\/strong>1125 Budapest, K\u00fatv\u00f6lgyi \u00fat 8.<\/p>\n<p><a class=\"button\" href=\"https:\/\/semmelweis.hu\/peto-ovoda\/\" target=\"_blank\" rel=\"noopener noreferrer\">Tov\u00e1bb a honlapra<\/a><\/p>\n","protected":false},"excerpt":{"rendered":"<p>Semmelweis Egyetem Napk\u00f6ziotthonos \u00d3vod\u00e1ja A Semmelweis Egyetem Napk\u00f6ziotthonos \u00d3vod\u00e1j\u00e1ban az egyetemen dolgoz\u00f3 sz\u00fcl\u0151k \u00e9s egyetemi hallgat\u00f3k gyermekei otthonos, szeretetteli, nyugodt k\u00f6rnyezetben t\u00f6lthetik mindennapjaikat. Torna, \u00fasz\u00e1s, b\u00e1boz\u00e1s, j\u00e1t\u00e9kos angol, dr\u00e1maj\u00e1t\u00e9k, tud\u00f3sklub sz\u00ednes\u00edti az \u00f3vodai \u00e9letet. C\u00edm:\u00a01089 Budapest, Eln\u00f6k utca 4. <a class=\"button\" href=\"https:\/\/semmelweis.hu\/ovoda\/\" target=\"_blank\" rel=\"noopener noreferrer\">Tov\u00e1bb a honlapra<\/a> Semmelweis Egyetem\u00a0Pet\u0151 Andr\u00e1s Gyakorl\u00f3 \u00d3vod\u00e1ja Az orsz\u00e1gos ell\u00e1t\u00e1st biztos\u00edt\u00f3 gyakorl\u00f3 \u00f3voda komplex programja harmonikus szem\u00e9lyis\u00e9gfejleszt\u00e9st biztos\u00edt &hellip;<\/p>\n","protected":false},"author":12,"featured_media":0,"parent":6484,"menu_order":3,"comment_status":"closed","ping_status":"closed","template":"template-fullwidth.php","meta":{"_acf_changed":false,"footnotes":""},"categories":[],"tags":[],"class_list":["post-68","page","type-page","status-publish","hentry"],"acf":[],"_links":{"self":[{"href":"https:\/\/semmelweis.hu\/csaladbarat\/wp-json\/wp\/v2\/pages\/68","targetHints":{"allow":["GET"]}}],"collection":[{"href":"https:\/\/semmelweis.hu\/csaladbarat\/wp-json\/wp\/v2\/pages"}],"about":[{"href":"https:\/\/semmelweis.hu\/csaladbarat\/wp-json\/wp\/v2\/types\/page"}],"author":[{"embeddable":true,"href":"https:\/\/semmelweis.hu\/csaladbarat\/wp-json\/wp\/v2\/users\/12"}],"replies":[{"embeddable":true,"href":"https:\/\/semmelweis.hu\/csaladbarat\/wp-json\/wp\/v2\/comments?post=68"}],"version-history":[{"count":2,"href":"https:\/\/semmelweis.hu\/csaladbarat\/wp-json\/wp\/v2\/pages\/68\/revisions"}],"predecessor-version":[{"id":1407,"href":"https:\/\/semmelweis.hu\/csaladbarat\/wp-json\/wp\/v2\/pages\/68\/revisions\/1407"}],"up":[{"embeddable":true,"href":"https:\/\/semmelweis.hu\/csaladbarat\/wp-json\/wp\/v2\/pages\/6484"}],"wp:attachment":[{"href":"https:\/\/semmelweis.hu\/csaladbarat\/wp-json\/wp\/v2\/media?parent=68"}],"wp:term":[{"taxonomy":"category","embeddable":true,"href":"https:\/\/semmelweis.hu\/csaladbarat\/wp-json\/wp\/v2\/categories?post=68"},{"taxonomy":"post_tag","embeddable":true,"href":"https:\/\/semmelweis.hu\/csaladbarat\/wp-json\/wp\/v2\/tags?post=68"}],"curies":[{"name":"wp","href":"https:\/\/api.w.org\/{rel}","templated":true}]}}