{"id":6493,"date":"2024-11-20T12:16:02","date_gmt":"2024-11-20T11:16:02","guid":{"rendered":"https:\/\/semmelweis.hu\/csaladbarat\/?page_id=6493"},"modified":"2025-11-13T15:25:15","modified_gmt":"2025-11-13T14:25:15","slug":"babacsomag","status":"publish","type":"page","link":"https:\/\/semmelweis.hu\/csaladbarat\/csalad\/babacsomag\/","title":{"rendered":"Babacsomag"},"content":{"rendered":"<div class=\"keretes w-100\">\n<p><strong>Fontos inform\u00e1ci\u00f3k:<\/strong><\/p>\n<ul>\n<li style=\"text-align: justify\">A babacsomagot minden olyan egyetemi munkav\u00e1llal\u00f3 megig\u00e9nyelheti, aki v\u00e1rand\u00f3s vagy akinek a partnere\/h\u00e1zast\u00e1rsa v\u00e1rand\u00f3s.<\/li>\n<li>\n<h5>A csomag \u00e1tv\u00e9tele:<\/h5>\n<ul>\n<li>\n<h5>szem\u00e9lyesen a BC22 irodah\u00e1z 5. emelet\u00e9n (h\u00e9tf\u0151-cs\u00fct\u00f6rt\u00f6k: 9-16 \u00f3ra)<\/h5>\n<\/li>\n<li>\n<h5>ezen id\u0151pontokon k\u00edv\u00fcl minden h\u00e9tk\u00f6znap 7-19 \u00f3r\u00e1ig az irodah\u00e1z recepci\u00f3j\u00e1n.<\/h5>\n<\/li>\n<li>\n<h5>C\u00edm: 1085 Budapest, Baross utca 22.<\/h5>\n<\/li>\n<\/ul>\n<\/li>\n<li style=\"text-align: justify\">A babacsomag \u00e1tv\u00e9tel\u00e9hez k\u00e9rj\u00fck, hogy hozzon mag\u00e1val (b\u00e1rmilyen hivatalos) dokumentumot, mely igazolja a v\u00e1rand\u00f3s\u00e1got (m\u00e1solat is megfelel\u0151, nem kell leadni, csak bemutatni).<\/li>\n<li>Egy gyermek sz\u00e1m\u00e1ra egy babacsomag ig\u00e9nyelhet\u0151.<\/li>\n<li>A babacsomagot az ig\u00e9nyl\u0151 Semmelweis Polg\u00e1r megb\u00edzottja is \u00e1tveheti.<\/li>\n<\/ul>\n<p style=\"text-align: center\"><a class=\"btn btn-warning\" href=\"https:\/\/forms.office.com\/e\/5ZR16Ux5c4?origin=lprLink\" target=\"_blank\" rel=\"noopener\">babacsomag ig\u00e9nyl\u00e9se<\/a><\/p>\n<\/div>\n<h5 class=\"cvGsUA direction-ltr align-center para-style-body\" style=\"text-align: center\"><span class=\"OYPEnA font-feature-liga-off font-feature-clig-off font-feature-calt-off text-decoration-none text-strikethrough-none\">K\u00f6sz\u00f6ntj\u00fck a Semmelweis Csal\u00e1d legifjabb tagj\u00e1t, \u00e9s k\u00f6sz\u00f6ntj\u00fck \u00d6nt, kedves munkat\u00e1rsunk, \u00fajdons\u00fclt sz\u00fcl\u0151k\u00e9nt!<\/span><\/h5>\n<p class=\"cvGsUA direction-ltr align-justify para-style-body\" style=\"text-align: justify\"><span class=\"OYPEnA font-feature-liga-off font-feature-clig-off font-feature-calt-off text-decoration-none text-strikethrough-none\">Ha esetleg m\u00e9g nem tal\u00e1lkozott a Csal\u00e1dbar\u00e1t Egyetem Programmal, \u00f6r\u00f6m\u00fcnkre szolg\u00e1l, hogy egy ilyen csod\u00e1latos aprop\u00f3 hoz \u00f6ssze minket.<\/span><\/p>\n<p class=\"cvGsUA direction-ltr align-justify para-style-body\" style=\"text-align: justify\"><span class=\"OYPEnA font-feature-liga-off font-feature-clig-off font-feature-calt-off text-decoration-none text-strikethrough-none\">A csal\u00e1dbar\u00e1t program c\u00e9lja, hogy seg\u00edtse a koll\u00e9g\u00e1kat a munka \u00e9s a mag\u00e1n\u00e9let \u00f6sszeegyeztet\u00e9s\u00e9ben. Ennek a feladatnak egyik legk\u00e9zenfekv\u0151bb m\u00f3don akkor tudunk eleget tenni, ha a kisgyermeket nevel\u0151 csal\u00e1dokat t\u00e1mogatjuk.\u00a0<\/span><\/p>\n<p style=\"text-align: justify\"><img loading=\"lazy\" decoding=\"async\" class=\"size-medium wp-image-6342 alignleft\" src=\"https:\/\/semmelweis.hu\/csaladbarat\/files\/2024\/11\/9db7bafd-1961-4684-ba00-cb0c123a5308-400x300.jpg\" alt=\"\" width=\"400\" height=\"300\" srcset=\"https:\/\/semmelweis.hu\/csaladbarat\/files\/2024\/11\/9db7bafd-1961-4684-ba00-cb0c123a5308-400x300.jpg 400w, https:\/\/semmelweis.hu\/csaladbarat\/files\/2024\/11\/9db7bafd-1961-4684-ba00-cb0c123a5308-1024x768.jpg 1024w, https:\/\/semmelweis.hu\/csaladbarat\/files\/2024\/11\/9db7bafd-1961-4684-ba00-cb0c123a5308-768x576.jpg 768w, https:\/\/semmelweis.hu\/csaladbarat\/files\/2024\/11\/9db7bafd-1961-4684-ba00-cb0c123a5308-1536x1152.jpg 1536w, https:\/\/semmelweis.hu\/csaladbarat\/files\/2024\/11\/9db7bafd-1961-4684-ba00-cb0c123a5308-753x565.jpg 753w, https:\/\/semmelweis.hu\/csaladbarat\/files\/2024\/11\/9db7bafd-1961-4684-ba00-cb0c123a5308.jpg 2048w\" sizes=\"auto, (max-width: 400px) 100vw, 400px\" \/>Ennek a t\u00e1mogat\u00e1snak a k\u00f6vetkez\u0151 l\u00e9pcs\u0151foka, hogy egy gondosan \u00f6ssze\u00e1ll\u00edtott babacsomaggal tessz\u00fck g\u00f6rd\u00fcl\u00e9kenyebb\u00e9 a gyermekek sz\u00fclet\u00e9s\u00e9t k\u00f6vet\u0151 els\u0151 h\u00f3napokat.<\/p>\n<p style=\"text-align: justify\">A csomagban log\u00f3zott baby body \u00e9s baba takar\u00f3, popsikr\u00e9m, baba f\u00fcrdet\u0151, baba olaj, tejszapor\u00edt\u00f3 tea, pelenka, relax\u00e1ci\u00f3s gyertya, m\u00e9rf\u00f6ldk\u0151 k\u00e1rty\u00e1k \u00e9s egy (sz\u00e1mos kedvezm\u00e9nyt, szolg\u00e1ltat\u00e1st tartalmaz\u00f3) magazin is helyet kapott.\u00a0<\/p>\n<p class=\"cvGsUA direction-ltr align-justify para-style-body\"><span class=\"OYPEnA font-feature-liga-off font-feature-clig-off font-feature-calt-off text-decoration-none text-strikethrough-none\">\u0150szint\u00e9n rem\u00e9lj\u00fck, hogy a babacsomag eg\u00e9szs\u00e9gben tal\u00e1lja majd \u00d6n\u00f6ket \u00e9s \u00f6r\u00f6m\u00fcket lelik benne.<\/span><\/p>\n<p class=\"cvGsUA direction-ltr align-center para-style-body\"><span class=\"OYPEnA font-feature-liga-off font-feature-clig-off font-feature-calt-off text-decoration-none text-strikethrough-none\">V\u00e1rjuk vissza a Semmelweis Egyetemre!<\/span><\/p>\n<p style=\"text-align: center\"><a class=\"btn btn-warning\" href=\"https:\/\/forms.office.com\/e\/5ZR16Ux5c4?origin=lprLink\" target=\"_blank\" rel=\"noopener\">babacsomag ig\u00e9nyl\u00e9se<\/a><\/p>\n","protected":false},"excerpt":{"rendered":"<p>Fontos inform\u00e1ci\u00f3k: A babacsomagot minden olyan egyetemi munkav\u00e1llal\u00f3 megig\u00e9nyelheti, aki v\u00e1rand\u00f3s vagy akinek a partnere\/h\u00e1zast\u00e1rsa v\u00e1rand\u00f3s. A csomag \u00e1tv\u00e9tele: szem\u00e9lyesen a BC22 irodah\u00e1z 5. emelet\u00e9n (h\u00e9tf\u0151-cs\u00fct\u00f6rt\u00f6k: 9-16 \u00f3ra) ezen id\u0151pontokon k\u00edv\u00fcl minden h\u00e9tk\u00f6znap 7-19 \u00f3r\u00e1ig az irodah\u00e1z recepci\u00f3j\u00e1n. C\u00edm: 1085 Budapest, Baross utca 22. A babacsomag \u00e1tv\u00e9tel\u00e9hez k\u00e9rj\u00fck, hogy hozzon mag\u00e1val (b\u00e1rmilyen hivatalos) dokumentumot, mely &hellip;<\/p>\n","protected":false},"author":101174,"featured_media":0,"parent":6484,"menu_order":1,"comment_status":"closed","ping_status":"closed","template":"","meta":{"_acf_changed":false,"footnotes":""},"categories":[],"tags":[],"class_list":["post-6493","page","type-page","status-publish","hentry"],"acf":[],"_links":{"self":[{"href":"https:\/\/semmelweis.hu\/csaladbarat\/wp-json\/wp\/v2\/pages\/6493","targetHints":{"allow":["GET"]}}],"collection":[{"href":"https:\/\/semmelweis.hu\/csaladbarat\/wp-json\/wp\/v2\/pages"}],"about":[{"href":"https:\/\/semmelweis.hu\/csaladbarat\/wp-json\/wp\/v2\/types\/page"}],"author":[{"embeddable":true,"href":"https:\/\/semmelweis.hu\/csaladbarat\/wp-json\/wp\/v2\/users\/101174"}],"replies":[{"embeddable":true,"href":"https:\/\/semmelweis.hu\/csaladbarat\/wp-json\/wp\/v2\/comments?post=6493"}],"version-history":[{"count":10,"href":"https:\/\/semmelweis.hu\/csaladbarat\/wp-json\/wp\/v2\/pages\/6493\/revisions"}],"predecessor-version":[{"id":10621,"href":"https:\/\/semmelweis.hu\/csaladbarat\/wp-json\/wp\/v2\/pages\/6493\/revisions\/10621"}],"up":[{"embeddable":true,"href":"https:\/\/semmelweis.hu\/csaladbarat\/wp-json\/wp\/v2\/pages\/6484"}],"wp:attachment":[{"href":"https:\/\/semmelweis.hu\/csaladbarat\/wp-json\/wp\/v2\/media?parent=6493"}],"wp:term":[{"taxonomy":"category","embeddable":true,"href":"https:\/\/semmelweis.hu\/csaladbarat\/wp-json\/wp\/v2\/categories?post=6493"},{"taxonomy":"post_tag","embeddable":true,"href":"https:\/\/semmelweis.hu\/csaladbarat\/wp-json\/wp\/v2\/tags?post=6493"}],"curies":[{"name":"wp","href":"https:\/\/api.w.org\/{rel}","templated":true}]}}