{"id":6451,"date":"2024-11-19T11:22:49","date_gmt":"2024-11-19T10:22:49","guid":{"rendered":"https:\/\/semmelweis.hu\/csaladbarat\/?page_id=6451"},"modified":"2025-09-10T13:13:23","modified_gmt":"2025-09-10T11:13:23","slug":"utazasorvosi-rendeles-es-nemzetkozi-oltopont","status":"publish","type":"page","link":"https:\/\/semmelweis.hu\/csaladbarat\/eletmod\/utazasorvosi-rendeles-es-nemzetkozi-oltopont\/","title":{"rendered":"Utaz\u00e1sorvosi Rendel\u00e9s \u00e9s Nemzetk\u00f6zi Olt\u00f3pont"},"content":{"rendered":"<p><strong>Ha egzotikus orsz\u00e1gba tervezi nyaral\u00e1s\u00e1t, \u00e9rdemes id\u0151ben felk\u00e9sz\u00fclni eg\u00e9szs\u00e9g\u00fcgyi szempontb\u00f3l is! Az utasbiztos\u00edt\u00e1st m\u00e1r szinte automatikusan megk\u00f6tj\u00fck egy-egy k\u00fclf\u00f6ldi utaz\u00e1s el\u0151tt, de ha Eur\u00f3p\u00e1n k\u00edv\u00fcli ter\u00fcletre utazunk, \u00e9rdemes inform\u00e1l\u00f3dnunk az adott orsz\u00e1gban k\u00f6telez\u0151en vagy aj\u00e1nlottan beadand\u00f3 olt\u00e1sokr\u00f3l.<\/strong><\/p>\n<p>Az utaz\u00e1s el\u0151tt aj\u00e1nlott olt\u00e1sok az \u00fati c\u00e9lt\u00f3l, a l\u00e1togat\u00e1s id\u0151tartam\u00e1t\u00f3l, az utaz\u00f3 eg\u00e9szs\u00e9gi \u00e1llapot\u00e1t\u00f3l, valamint az egy\u00e9ni utaz\u00e1si tervek \u00e9s tev\u00e9kenys\u00e9gek alapj\u00e1n v\u00e1ltoznak. Az al\u00e1bbi olt\u00e1sokat \u00e9rdemes fontol\u00f3ra venni bizonyos orsz\u00e1gokba val\u00f3 utaz\u00e1s el\u0151tt:<\/p>\n<p><img loading=\"lazy\" decoding=\"async\" class=\"wp-image-5886 aligncenter\" src=\"https:\/\/semmelweis.hu\/csaladbarat\/files\/2024\/07\/oltas-utazas-2-400x225.png\" alt=\"\" width=\"724\" height=\"407\" srcset=\"https:\/\/semmelweis.hu\/csaladbarat\/files\/2024\/07\/oltas-utazas-2-400x225.png 400w, https:\/\/semmelweis.hu\/csaladbarat\/files\/2024\/07\/oltas-utazas-2-1024x576.png 1024w, https:\/\/semmelweis.hu\/csaladbarat\/files\/2024\/07\/oltas-utazas-2-768x432.png 768w, https:\/\/semmelweis.hu\/csaladbarat\/files\/2024\/07\/oltas-utazas-2-753x424.png 753w, https:\/\/semmelweis.hu\/csaladbarat\/files\/2024\/07\/oltas-utazas-2.png 1280w\" sizes=\"auto, (max-width: 724px) 100vw, 724px\" \/><\/p>\n<p><strong>Az utaz\u00e1s el\u0151tt egy h\u00f3nappal jelentkezzen be az Semmelweis Egyetem Utaz\u00e1sorvosi Rendel\u00e9s \u00e9s Nemzetk\u00f6zi Olt\u00f3pontj\u00e1ra! A rendel\u00e9s sor\u00e1n a szakorvosok eg\u00e9szs\u00e9g\u00fcgyi tan\u00e1csokkal l\u00e1tj\u00e1k el az \u00fatic\u00e9lj\u00e1val kapcsolatban, valamint javaslatot tesznek az aj\u00e1nlott olt\u00e1s(ok)ra vonatkoz\u00f3an. A tan\u00e1csad\u00e1s v\u00e9g\u00e9n ki\u00edrj\u00e1k a gy\u00f3gyszert\u00e1rban kiv\u00e1ltand\u00f3 olt\u00f3anyag(ok) v\u00e9ny\u00e9t \u00e9s id\u0151pontot egyeztetnek \u00d6nnel az olt\u00e1s(ok) bead\u00e1s\u00e1ra.\u00a0<\/strong><\/p>\n<p><strong>Amennyiben \u00fagy \u00e9rzi, hogy olyan t\u00fcnete alakult ki \u00d6nnek vagy csal\u00e1dtagjainak, ami kapcsolatban \u00e1llhat egy elm\u00falt utaz\u00e1s\u00e1val (pl. l\u00e1z), akkor is b\u00e1tran fordulhat az Utaz\u00e1sorvosi Rendel\u00e9s szakembereihez!<\/strong><\/p>\n<p><strong>Bejelentkez\u00e9s:<\/strong><\/p>\n<p style=\"text-align: center;\"><strong>\u00a0<span style=\"font-size: 18pt;\"><a href=\"mailto:prevenciosrendelo.nepegeszsegtan@semmelweis.hu\">prevenciosrendelo.nepegeszsegtan@semmelweis.hu<\/a><\/span><\/strong><\/p>\n<p><strong>A rendel\u00e9s sor\u00e1n a szakemberek felm\u00e9rik:<\/strong><\/p>\n<ul>\n<li>az utaz\u00e1sa k\u00f6r\u00fclm\u00e9nyeit, id\u0151tartam\u00e1t,<\/li>\n<li>az utaz\u00f3(k) kor\u00e1t, eg\u00e9szs\u00e9gi \u00e1llapot\u00e1t,\u00a0<\/li>\n<li>az eddig felvett olt\u00e1sokat.<\/li>\n<\/ul>\n<p><strong>Leggyakoribb olt\u00e1sok:<\/strong><\/p>\n<p>Az aj\u00e1nlott olt\u00e1sok k\u00f6z\u00f6tt els\u0151 helyen a\u00a0<strong>hepatitis A<\/strong>\u00a0elleni vakcina \u00e1ll. Mivel egyes orsz\u00e1gokban magas ar\u00e1ny\u00fa az ezzel val\u00f3 \u00e1tfert\u0151z\u00f6tts\u00e9g, valamint a higi\u00e9n\u00e9s sz\u00ednvonal is alacsonyabb, a hat\u00e1sos v\u00e9detts\u00e9g biztos\u00edt\u00e1sa felt\u00e9tlen\u00fcl sz\u00fcks\u00e9ges.\u00a0<\/p>\n<p>A\u00a0<strong>hepatitis B<\/strong>\u00a0elleni olt\u00e1s ink\u00e1bb csak hosszabb tart\u00f3zkod\u00e1s eset\u00e9n indokolt. Az el\u00e9rhet\u0151 kombin\u00e1lt olt\u00f3anyag mindk\u00e9t betegs\u00e9g ellen v\u00e9delmet biztos\u00edt.<\/p>\n<p>A\u00a0<strong>j\u00e1rv\u00e1nyos agyh\u00e1rtyagyullad\u00e1s<\/strong>\u00a0k\u00f3rokoz\u00f3i<strong>\u00a0(meningococcusok<\/strong>) elleni immuniz\u00e1l\u00e1s k\u00fcl\u00f6n\u00f6sen azok sz\u00e1m\u00e1ra indokolt, akik j\u00e1rv\u00e1nyos ter\u00fcletre utaznak. Kiemelten vesz\u00e9lyes az afrikai \u201emeningitis \u00f6vezet\u201d (\u201emeningitis belt\u201d), amely a Szahar\u00e1t\u00f3l d\u00e9lre, az Egyenl\u00edt\u0151t\u0151l \u00e9szakra fekv\u0151 ter\u00fcleten, Gambi\u00e1t\u00f3l Eti\u00f3pi\u00e1ig h\u00faz\u00f3dik.\u00a0<\/p>\n<p>A\u00a0<strong>s\u00e1rgal\u00e1z\u00a0<\/strong>elleni v\u00e9d\u0151olt\u00e1s igazol\u00e1sa k\u00f6telez\u0151 olyan orsz\u00e1gba t\u00f6rt\u00e9n\u0151 beutaz\u00e1s eset\u00e9n, ahol s\u00e1rgal\u00e1zvesz\u00e9ly van, vagy ha az adott orsz\u00e1g ezt az olt\u00e1st megk\u00f6veteli. K\u00f6telez\u0151 p\u00e9ld\u00e1ul ez a vakcina a K\u00f6z\u00e9p-Afrik\u00e1ba \u00e9s D\u00e9l-Amerika fert\u0151z\u00f6tt ter\u00fcleteire utaz\u00f3k sz\u00e1m\u00e1ra.\u00a0<\/p>\n<p style=\"text-align: justify;\"><strong>NE FELEDJE! ID\u0150BEN KELL A V\u00c9D\u0150OLT\u00c1ST MEGKAPNIA, MERT A V\u00c9DETTS\u00c9G KIALAKUL\u00c1S\u00c1HOZ 2 H\u00c9T SZ\u00dcKS\u00c9GES!<\/strong><\/p>\n<div class=\"keretes w-100\">\n<p><strong>Tov\u00e1bbi inform\u00e1ci\u00f3:<\/strong><\/p>\n<ul>\n<li>\n<ul>\n<li><strong>Utaz\u00e1sorvosi Rendel\u00e9s \u00e9s Nemzetk\u00f6zi Olt\u00f3pontj\u00e1nak c\u00edme:<\/strong>\n<ul>\n<li><strong>1085 Bp.<\/strong><strong>, Gyulai P\u00e1l u. 2.;<\/strong><\/li>\n<li><strong>1089 Bp., Nagyv\u00e1rad t\u00e9r 4., 21. emelet;<\/strong><\/li>\n<li><strong>de ak\u00e1r online is sor ker\u00fclhet a konzult\u00e1ci\u00f3ra<\/strong><\/li>\n<\/ul>\n<\/li>\n<li><strong>Bejelentkez\u00e9s:\u00a0<a href=\"mailto:prevenciosrendelo.nepegeszsegtan@semmelweis.hu\">prevenciosrendelo.nepegeszsegtan@semmelweis.hu<\/a><\/strong><\/li>\n<\/ul>\n<\/li>\n<\/ul>\n<\/div>\n","protected":false},"excerpt":{"rendered":"<p>Ha egzotikus orsz\u00e1gba tervezi nyaral\u00e1s\u00e1t, \u00e9rdemes id\u0151ben felk\u00e9sz\u00fclni eg\u00e9szs\u00e9g\u00fcgyi szempontb\u00f3l is! Az utasbiztos\u00edt\u00e1st m\u00e1r szinte automatikusan megk\u00f6tj\u00fck egy-egy k\u00fclf\u00f6ldi utaz\u00e1s el\u0151tt, de ha Eur\u00f3p\u00e1n k\u00edv\u00fcli ter\u00fcletre utazunk, \u00e9rdemes inform\u00e1l\u00f3dnunk az adott orsz\u00e1gban k\u00f6telez\u0151en vagy aj\u00e1nlottan beadand\u00f3 olt\u00e1sokr\u00f3l. Az utaz\u00e1s el\u0151tt aj\u00e1nlott olt\u00e1sok az \u00fati c\u00e9lt\u00f3l, a l\u00e1togat\u00e1s id\u0151tartam\u00e1t\u00f3l, az utaz\u00f3 eg\u00e9szs\u00e9gi \u00e1llapot\u00e1t\u00f3l, valamint az egy\u00e9ni &hellip;<\/p>\n","protected":false},"author":101174,"featured_media":0,"parent":6434,"menu_order":5,"comment_status":"closed","ping_status":"closed","template":"","meta":{"_acf_changed":false,"footnotes":""},"categories":[],"tags":[],"class_list":["post-6451","page","type-page","status-publish","hentry"],"acf":[],"_links":{"self":[{"href":"https:\/\/semmelweis.hu\/csaladbarat\/wp-json\/wp\/v2\/pages\/6451","targetHints":{"allow":["GET"]}}],"collection":[{"href":"https:\/\/semmelweis.hu\/csaladbarat\/wp-json\/wp\/v2\/pages"}],"about":[{"href":"https:\/\/semmelweis.hu\/csaladbarat\/wp-json\/wp\/v2\/types\/page"}],"author":[{"embeddable":true,"href":"https:\/\/semmelweis.hu\/csaladbarat\/wp-json\/wp\/v2\/users\/101174"}],"replies":[{"embeddable":true,"href":"https:\/\/semmelweis.hu\/csaladbarat\/wp-json\/wp\/v2\/comments?post=6451"}],"version-history":[{"count":4,"href":"https:\/\/semmelweis.hu\/csaladbarat\/wp-json\/wp\/v2\/pages\/6451\/revisions"}],"predecessor-version":[{"id":9833,"href":"https:\/\/semmelweis.hu\/csaladbarat\/wp-json\/wp\/v2\/pages\/6451\/revisions\/9833"}],"up":[{"embeddable":true,"href":"https:\/\/semmelweis.hu\/csaladbarat\/wp-json\/wp\/v2\/pages\/6434"}],"wp:attachment":[{"href":"https:\/\/semmelweis.hu\/csaladbarat\/wp-json\/wp\/v2\/media?parent=6451"}],"wp:term":[{"taxonomy":"category","embeddable":true,"href":"https:\/\/semmelweis.hu\/csaladbarat\/wp-json\/wp\/v2\/categories?post=6451"},{"taxonomy":"post_tag","embeddable":true,"href":"https:\/\/semmelweis.hu\/csaladbarat\/wp-json\/wp\/v2\/tags?post=6451"}],"curies":[{"name":"wp","href":"https:\/\/api.w.org\/{rel}","templated":true}]}}