{"id":6447,"date":"2024-11-19T11:20:45","date_gmt":"2024-11-19T10:20:45","guid":{"rendered":"https:\/\/semmelweis.hu\/csaladbarat\/?page_id=6447"},"modified":"2025-09-10T13:11:37","modified_gmt":"2025-09-10T11:11:37","slug":"medical-fitness","status":"publish","type":"page","link":"https:\/\/semmelweis.hu\/csaladbarat\/eletmod\/medical-fitness\/","title":{"rendered":"Medical Fitness"},"content":{"rendered":"<p style=\"text-align: left;\">Semmelweis Egyetem szakemberei \u00e1ltal kidolgozott <strong>Medical Fitness \u00e9letm\u00f3dv\u00e1lt\u00f3 projekt<\/strong> sor\u00e1n olyan innovat\u00edv \u00e9s komplex programban vehetnek r\u00e9szt a munkat\u00e1rsak, ami teljes eg\u00e9sz\u00e9ben orvosi alapokon \u00e9s bizony\u00edt\u00e9kokon nyugszik: a mozg\u00e1s-gy\u00f3gyszer koncepci\u00f3j\u00e1ra \u00e9p\u00fcl, hetente t\u00f6bb alkalmas gy\u00f3gytorn\u00e1val, edz\u00e9ssel, folyamatos dietetikai, illetve a csoportos pszichol\u00f3giai tr\u00e9ninggel.\u00a0<\/p>\n<div class=\"keretes w-100\">\n<p style=\"text-align: left;\"><strong>A h\u00e1rom h\u00f3napon \u00e1t tart\u00f3 programban alapbetegs\u00e9ggel \u2013 pl. pajzsmirigyzavarral, magas v\u00e9rnyom\u00e1ssal, \u00e9relmeszesed\u00e9ssel, cukorbetegs\u00e9ggel \u2013 \u00e9rintett koll\u00e9g\u00e1k vehetnek r\u00e9szt, akiknek a sikeres \u00e9letm\u00f3dv\u00e1lt\u00e1shoz szakorvosi figyelemre van sz\u00fcks\u00e9g.<\/strong><\/p>\n<\/div>\n<h5 style=\"text-align: center;\">A program k\u00f6vetkez\u0151 turnus\u00e1nak tervezett kezd\u00e9si id\u0151pontja: 2025. \u0151sz<\/h5>\n<p style=\"text-align: center;\"><strong>Jelentkez\u00e9s az <span style=\"font-size: 18pt;\"><a href=\"mailto:eletmodvalto@semmelweis-univ.hu\">eletmodvalto@semmelweis.hu<\/a><\/span> e-mail-c\u00edmen.\u00a0<\/strong><\/p>\n<script type=\"text\/javascript\" src=\"https:\/\/semmelweis.hu\/csaladbarat\/wp-content\/themes\/se18\/dist\/scripts\/carousel.js\"><\/script>    <section class=\"post-cards shortcode-wrapper\">\r\n        <div id=\"news-container\" class=\" d-none d-sm-flex flex-column  full-width-post-cards-shortcode-card news-container-for-card-code\" style=\"\">\r\n                            <div class=\"section-row row mt-0  pr-normal mx-0\">\r\n                    <div class=\"col-auto section-title\">\r\n                        <h2>Kapcsol\u00f3d\u00f3 cikkek<\/h2>\r\n                    <\/div>\r\n                <\/div>\r\n\r\n            \r\n            <div class=\"row card-row my-2 pt-3 pb-0 mx-0 w-100 \">\r\n               \r\n                \ufeff\r\n    <div class=\"card-format col col-12 col-md-4 col-lg-6 pl-1 pl-md-0 pr-1 pr-md-2 mb-2\">\r\n        <a class=\"d-block w-100\"  href=\"https:\/\/semmelweis.hu\/csaladbarat\/2025\/06\/05\/28-fovel-indult-el-a-medical-fitness-eletmodvalto-program-negyedik-turnusa\/\">\r\n      <!--  <a class=\"d-block w-100\" target=\"_blank\" href=\" \"> -->\r\n            <div class=\"card\">\r\n                                    <div class=\"card-image img-fluid \">\r\n                         \r\n                        <img loading=\"lazy\" decoding=\"async\" width=\"753\" height=\"502\" src=\"https:\/\/semmelweis.hu\/csaladbarat\/files\/2025\/06\/RS214964__19A7702-scr-768x512.jpg\" class=\"landscape wp-post-image\" alt=\"\" srcset=\"https:\/\/semmelweis.hu\/csaladbarat\/files\/2025\/06\/RS214964__19A7702-scr-768x512.jpg 768w, https:\/\/semmelweis.hu\/csaladbarat\/files\/2025\/06\/RS214964__19A7702-scr-400x267.jpg 400w, https:\/\/semmelweis.hu\/csaladbarat\/files\/2025\/06\/RS214964__19A7702-scr-1024x683.jpg 1024w, https:\/\/semmelweis.hu\/csaladbarat\/files\/2025\/06\/RS214964__19A7702-scr-753x502.jpg 753w, https:\/\/semmelweis.hu\/csaladbarat\/files\/2025\/06\/RS214964__19A7702-scr-203x135.jpg 203w, https:\/\/semmelweis.hu\/csaladbarat\/files\/2025\/06\/RS214964__19A7702-scr.jpg 1200w\" sizes=\"auto, (max-width: 753px) 100vw, 753px\" \/>                    <\/div>\r\n                \r\n                <div class=\"card-body\">\r\n                    <div class=\"card-date text-uppercase    \">\r\n                                                    <h5><span class=\"font-weight-normal\">2025. <\/span>j\u00fanius 5.<\/h5>\r\n                                            <\/div>\r\n                    <div class=\"card-title\">\r\n                        <h3 class=\"mt-2 entry-title\">28 f\u0151vel indult el a Medical Fitness \u00e9letm\u00f3dv\u00e1lt\u00f3 program negyedik turnusa!<\/h3>\r\n                    <\/div>\r\n                    <style>\r\n                        .card-text-inside{\r\n                                                 display: -webkit-box;\r\n                    -webkit-line-clamp: 4;\r\n                    -webkit-box-orient: vertical;\r\n                     overflow:hidden;\r\n                     text-overflow: ellipsis;\r\n                        }\r\n                        <\/style>\r\n                                    <\/div>\r\n            <\/div>\r\n        <\/a>\r\n    <\/div>\r\n\r\n\r\n\ufeff\r\n    <div class=\"card-format col col-12 col-md-4 col-lg-6 pl-1 pl-md-0 pr-1 pr-md-2 mb-2\">\r\n        <a class=\"d-block w-100\"  href=\"https:\/\/semmelweis.hu\/csaladbarat\/2023\/07\/19\/medical-fitness-2-0-ujabb-21-munkatars-indult-el-az-eletmodvaltas-utjan\/\">\r\n      <!--  <a class=\"d-block w-100\" target=\"_blank\" href=\" \"> -->\r\n            <div class=\"card\">\r\n                                    <div class=\"card-image img-fluid \">\r\n                         \r\n                        <img loading=\"lazy\" decoding=\"async\" width=\"753\" height=\"464\" src=\"https:\/\/semmelweis.hu\/csaladbarat\/files\/2023\/07\/361102608_1668243446933021_6827481622876113737_n-768x473.jpg\" class=\"landscape wp-post-image\" alt=\"\" srcset=\"https:\/\/semmelweis.hu\/csaladbarat\/files\/2023\/07\/361102608_1668243446933021_6827481622876113737_n-768x473.jpg 768w, https:\/\/semmelweis.hu\/csaladbarat\/files\/2023\/07\/361102608_1668243446933021_6827481622876113737_n-400x246.jpg 400w, https:\/\/semmelweis.hu\/csaladbarat\/files\/2023\/07\/361102608_1668243446933021_6827481622876113737_n-1024x630.jpg 1024w, https:\/\/semmelweis.hu\/csaladbarat\/files\/2023\/07\/361102608_1668243446933021_6827481622876113737_n-1536x945.jpg 1536w, https:\/\/semmelweis.hu\/csaladbarat\/files\/2023\/07\/361102608_1668243446933021_6827481622876113737_n-753x463.jpg 753w, https:\/\/semmelweis.hu\/csaladbarat\/files\/2023\/07\/361102608_1668243446933021_6827481622876113737_n.jpg 2048w\" sizes=\"auto, (max-width: 753px) 100vw, 753px\" \/>                    <\/div>\r\n                \r\n                <div class=\"card-body\">\r\n                    <div class=\"card-date text-uppercase    \">\r\n                                                    <h5><span class=\"font-weight-normal\">2023. <\/span>j\u00falius 19.<\/h5>\r\n                                            <\/div>\r\n                    <div class=\"card-title\">\r\n                        <h3 class=\"mt-2 entry-title\">Medical Fitness 2.0 &#8211; \u00fajabb 21 munkat\u00e1rs indult el az \u00e9letm\u00f3dv\u00e1lt\u00e1s \u00fatj\u00e1n<\/h3>\r\n                    <\/div>\r\n                    <style>\r\n                        .card-text-inside{\r\n                                                 display: -webkit-box;\r\n                    -webkit-line-clamp: 4;\r\n                    -webkit-box-orient: vertical;\r\n                     overflow:hidden;\r\n                     text-overflow: ellipsis;\r\n                        }\r\n                        <\/style>\r\n                                    <\/div>\r\n            <\/div>\r\n        <\/a>\r\n    <\/div>\r\n\r\n\r\n\ufeff\r\n    <div class=\"card-format col col-12 col-md-4 col-lg-6 pl-1 pl-md-0 pr-1 pr-md-2 mb-2\">\r\n        <a class=\"d-block w-100\"  href=\"https:\/\/semmelweis.hu\/csaladbarat\/2023\/01\/30\/zarult-a-medical-fitness-pilot-program\/\">\r\n      <!--  <a class=\"d-block w-100\" target=\"_blank\" href=\" \"> -->\r\n            <div class=\"card\">\r\n                                    <div class=\"card-image img-fluid \">\r\n                         \r\n                        <img loading=\"lazy\" decoding=\"async\" width=\"753\" height=\"502\" src=\"https:\/\/semmelweis.hu\/csaladbarat\/files\/2023\/01\/MedicalFitness-768x512.jpg\" class=\"landscape wp-post-image\" alt=\"\" srcset=\"https:\/\/semmelweis.hu\/csaladbarat\/files\/2023\/01\/MedicalFitness-768x512.jpg 768w, https:\/\/semmelweis.hu\/csaladbarat\/files\/2023\/01\/MedicalFitness-400x267.jpg 400w, https:\/\/semmelweis.hu\/csaladbarat\/files\/2023\/01\/MedicalFitness-1024x683.jpg 1024w, https:\/\/semmelweis.hu\/csaladbarat\/files\/2023\/01\/MedicalFitness-753x502.jpg 753w, https:\/\/semmelweis.hu\/csaladbarat\/files\/2023\/01\/MedicalFitness-203x135.jpg 203w, https:\/\/semmelweis.hu\/csaladbarat\/files\/2023\/01\/MedicalFitness.jpg 1500w\" sizes=\"auto, (max-width: 753px) 100vw, 753px\" \/>                    <\/div>\r\n                \r\n                <div class=\"card-body\">\r\n                    <div class=\"card-date text-uppercase    \">\r\n                                                    <h5><span class=\"font-weight-normal\">2023. <\/span>janu\u00e1r 30.<\/h5>\r\n                                            <\/div>\r\n                    <div class=\"card-title\">\r\n                        <h3 class=\"mt-2 entry-title\">Medical Fitness: szakmai team seg\u00edtette a koll\u00e9g\u00e1kat az \u00e9letm\u00f3dv\u00e1lt\u00e1sban<\/h3>\r\n                    <\/div>\r\n                    <style>\r\n                        .card-text-inside{\r\n                                                 display: -webkit-box;\r\n                    -webkit-line-clamp: 4;\r\n                    -webkit-box-orient: vertical;\r\n                     overflow:hidden;\r\n                     text-overflow: ellipsis;\r\n                        }\r\n                        <\/style>\r\n                                    <\/div>\r\n            <\/div>\r\n        <\/a>\r\n    <\/div>\r\n\r\n\r\n\ufeff\r\n    <div class=\"card-format col col-12 col-md-4 col-lg-6 pl-1 pl-md-0 pr-1 pr-md-2 mb-2\">\r\n        <a class=\"d-block w-100\"  href=\"https:\/\/semmelweis.hu\/csaladbarat\/2022\/10\/18\/valts-eletmodot-a-csaladbarat-egyetem-program-tamogatasaval\/\">\r\n      <!--  <a class=\"d-block w-100\" target=\"_blank\" href=\" \"> -->\r\n            <div class=\"card\">\r\n                                    <div class=\"card-image img-fluid \">\r\n                         \r\n                        <img loading=\"lazy\" decoding=\"async\" width=\"753\" height=\"502\" src=\"https:\/\/semmelweis.hu\/csaladbarat\/files\/2022\/10\/pexels-karolina-grabowska-4498606-768x512.jpg\" class=\"landscape wp-post-image\" alt=\"\" srcset=\"https:\/\/semmelweis.hu\/csaladbarat\/files\/2022\/10\/pexels-karolina-grabowska-4498606-768x512.jpg 768w, https:\/\/semmelweis.hu\/csaladbarat\/files\/2022\/10\/pexels-karolina-grabowska-4498606-400x267.jpg 400w, https:\/\/semmelweis.hu\/csaladbarat\/files\/2022\/10\/pexels-karolina-grabowska-4498606-1024x683.jpg 1024w, https:\/\/semmelweis.hu\/csaladbarat\/files\/2022\/10\/pexels-karolina-grabowska-4498606-1536x1024.jpg 1536w, https:\/\/semmelweis.hu\/csaladbarat\/files\/2022\/10\/pexels-karolina-grabowska-4498606-2048x1365.jpg 2048w, https:\/\/semmelweis.hu\/csaladbarat\/files\/2022\/10\/pexels-karolina-grabowska-4498606-753x502.jpg 753w, https:\/\/semmelweis.hu\/csaladbarat\/files\/2022\/10\/pexels-karolina-grabowska-4498606-203x135.jpg 203w\" sizes=\"auto, (max-width: 753px) 100vw, 753px\" \/>                    <\/div>\r\n                \r\n                <div class=\"card-body\">\r\n                    <div class=\"card-date text-uppercase    \">\r\n                                                    <h5><span class=\"font-weight-normal\">2022. <\/span>okt\u00f3ber 18.<\/h5>\r\n                                            <\/div>\r\n                    <div class=\"card-title\">\r\n                        <h3 class=\"mt-2 entry-title\">V\u00e1lts \u00e9letm\u00f3dot a Csal\u00e1dbar\u00e1t Egyetem Program t\u00e1mogat\u00e1s\u00e1val!<\/h3>\r\n                    <\/div>\r\n                    <style>\r\n                        .card-text-inside{\r\n                                                 display: -webkit-box;\r\n                    -webkit-line-clamp: 4;\r\n                    -webkit-box-orient: vertical;\r\n                     overflow:hidden;\r\n                     text-overflow: ellipsis;\r\n                        }\r\n                        <\/style>\r\n                                    <\/div>\r\n            <\/div>\r\n        <\/a>\r\n    <\/div>\r\n\r\n\r\n                \r\n            <\/div>\r\n        <\/div>\r\n\r\n                                <div class=\"section-row row mt-0  pr-normal mx-0 d-md-none\">\r\n                    <div class=\"col-auto section-title\">\r\n                        <h2>Kapcsol\u00f3d\u00f3 cikkek<\/h2>\r\n                    <\/div>\r\n                <\/div>\r\n                        <div class=\"post-slide-hirek row px-0\">\r\n            <style>\r\n                .post-slide-hirek .owl-nav button {\r\n                    margin: 0px !important;\r\n                    height: 100% !important;\r\n                }\r\n\r\n                .card-custom-title {\r\n                    font-size: 17px;\r\n                    line-height: 23px;\r\n                    overflow: hidden;\r\n                    text-overflow: ellipsis;\r\n                    display: -webkit-box;\r\n                    -webkit-line-clamp: 3;\r\n                    -webkit-box-orient: vertical;\r\n                    min-height: 72px;\r\n                }\r\n\r\n                .card-custom-max-h {\r\n                    max-height: 235px !important;\r\n                    object-fit: cover;\r\n                }\r\n\r\n                .post-slide-hirek .owl-item .card-img img {\r\n                    opacity: 1 !important;\r\n                    aspect-ratio: 3\/ 2;\r\n\r\n                }\r\n                .card:has(.card-date:not(.d-none)):not(:has(img)) {\r\n                    margin-top: 20px;\r\n                }\r\n            <\/style>\r\n                            <div class=\"owl-carousel col-12 px-0 mt-2 mb-4 md-md-0 d-sm-none\">\r\n                                            <a class=\"item-1\" href=\"https:\/\/semmelweis.hu\/csaladbarat\/2025\/06\/05\/28-fovel-indult-el-a-medical-fitness-eletmodvalto-program-negyedik-turnusa\/\">\r\n\r\n                            <div class=\"card-img \">\r\n                                <img loading=\"lazy\" decoding=\"async\" width=\"560\" height=\"373\" src=\"https:\/\/semmelweis.hu\/csaladbarat\/files\/2025\/06\/RS214964__19A7702-scr.jpg\" class=\"d-block card-custom-max-h  img-fluid n-1 wp-post-image\" alt=\"\" srcset=\"https:\/\/semmelweis.hu\/csaladbarat\/files\/2025\/06\/RS214964__19A7702-scr.jpg 1200w, https:\/\/semmelweis.hu\/csaladbarat\/files\/2025\/06\/RS214964__19A7702-scr-400x267.jpg 400w, https:\/\/semmelweis.hu\/csaladbarat\/files\/2025\/06\/RS214964__19A7702-scr-1024x683.jpg 1024w, https:\/\/semmelweis.hu\/csaladbarat\/files\/2025\/06\/RS214964__19A7702-scr-768x512.jpg 768w, https:\/\/semmelweis.hu\/csaladbarat\/files\/2025\/06\/RS214964__19A7702-scr-753x502.jpg 753w, https:\/\/semmelweis.hu\/csaladbarat\/files\/2025\/06\/RS214964__19A7702-scr-203x135.jpg 203w\" sizes=\"auto, (max-width: 560px) 100vw, 560px\" \/>                            <\/div>\r\n                            <div class=\"card-title mb-1\">\r\n                                <h3 class=\"mt-0 pt-1 mb-0 px-2 card-custom-title d-flex align-items-center d-md-block\">\r\n                                    <span class=\"entry-title pt-0 pt-md-1\">28 f\u0151vel indult el a Medical Fitness \u00e9letm\u00f3dv\u00e1lt\u00f3 program negyedik turnusa!                                <\/h3>\r\n                            <\/div>\r\n                            \r\n\r\n                        <\/a>\r\n                                            <a class=\"item-2\" href=\"https:\/\/semmelweis.hu\/csaladbarat\/2023\/07\/19\/medical-fitness-2-0-ujabb-21-munkatars-indult-el-az-eletmodvaltas-utjan\/\">\r\n\r\n                            <div class=\"card-img \">\r\n                                <img loading=\"lazy\" decoding=\"async\" width=\"560\" height=\"345\" src=\"https:\/\/semmelweis.hu\/csaladbarat\/files\/2023\/07\/361102608_1668243446933021_6827481622876113737_n.jpg\" class=\"d-block card-custom-max-h  img-fluid n-2 wp-post-image\" alt=\"\" srcset=\"https:\/\/semmelweis.hu\/csaladbarat\/files\/2023\/07\/361102608_1668243446933021_6827481622876113737_n.jpg 2048w, https:\/\/semmelweis.hu\/csaladbarat\/files\/2023\/07\/361102608_1668243446933021_6827481622876113737_n-400x246.jpg 400w, https:\/\/semmelweis.hu\/csaladbarat\/files\/2023\/07\/361102608_1668243446933021_6827481622876113737_n-1024x630.jpg 1024w, https:\/\/semmelweis.hu\/csaladbarat\/files\/2023\/07\/361102608_1668243446933021_6827481622876113737_n-768x473.jpg 768w, https:\/\/semmelweis.hu\/csaladbarat\/files\/2023\/07\/361102608_1668243446933021_6827481622876113737_n-1536x945.jpg 1536w, https:\/\/semmelweis.hu\/csaladbarat\/files\/2023\/07\/361102608_1668243446933021_6827481622876113737_n-753x463.jpg 753w\" sizes=\"auto, (max-width: 560px) 100vw, 560px\" \/>                            <\/div>\r\n                            <div class=\"card-title mb-1\">\r\n                                <h3 class=\"mt-0 pt-1 mb-0 px-2 card-custom-title d-flex align-items-center d-md-block\">\r\n                                    <span class=\"entry-title pt-0 pt-md-1\">Medical Fitness 2.0 &#8211; \u00fajabb 21 munkat\u00e1rs indult el az \u00e9letm\u00f3dv\u00e1lt\u00e1s \u00fatj\u00e1n                                <\/h3>\r\n                            <\/div>\r\n                            \r\n\r\n                        <\/a>\r\n                                            <a class=\"item-3\" href=\"https:\/\/semmelweis.hu\/csaladbarat\/2023\/01\/30\/zarult-a-medical-fitness-pilot-program\/\">\r\n\r\n                            <div class=\"card-img \">\r\n                                <img loading=\"lazy\" decoding=\"async\" width=\"560\" height=\"373\" src=\"https:\/\/semmelweis.hu\/csaladbarat\/files\/2023\/01\/MedicalFitness.jpg\" class=\"d-block card-custom-max-h  img-fluid n-3 wp-post-image\" alt=\"\" srcset=\"https:\/\/semmelweis.hu\/csaladbarat\/files\/2023\/01\/MedicalFitness.jpg 1500w, https:\/\/semmelweis.hu\/csaladbarat\/files\/2023\/01\/MedicalFitness-400x267.jpg 400w, https:\/\/semmelweis.hu\/csaladbarat\/files\/2023\/01\/MedicalFitness-1024x683.jpg 1024w, https:\/\/semmelweis.hu\/csaladbarat\/files\/2023\/01\/MedicalFitness-768x512.jpg 768w, https:\/\/semmelweis.hu\/csaladbarat\/files\/2023\/01\/MedicalFitness-753x502.jpg 753w, https:\/\/semmelweis.hu\/csaladbarat\/files\/2023\/01\/MedicalFitness-203x135.jpg 203w\" sizes=\"auto, (max-width: 560px) 100vw, 560px\" \/>                            <\/div>\r\n                            <div class=\"card-title mb-1\">\r\n                                <h3 class=\"mt-0 pt-1 mb-0 px-2 card-custom-title d-flex align-items-center d-md-block\">\r\n                                    <span class=\"entry-title pt-0 pt-md-1\">Medical Fitness: szakmai team seg\u00edtette a koll\u00e9g\u00e1kat az \u00e9letm\u00f3dv\u00e1lt\u00e1sban                                <\/h3>\r\n                            <\/div>\r\n                            \r\n\r\n                        <\/a>\r\n                                            <a class=\"item-4\" href=\"https:\/\/semmelweis.hu\/csaladbarat\/2022\/10\/18\/valts-eletmodot-a-csaladbarat-egyetem-program-tamogatasaval\/\">\r\n\r\n                            <div class=\"card-img \">\r\n                                <img loading=\"lazy\" decoding=\"async\" width=\"560\" height=\"373\" src=\"https:\/\/semmelweis.hu\/csaladbarat\/files\/2022\/10\/pexels-karolina-grabowska-4498606-scaled.jpg\" class=\"d-block card-custom-max-h  img-fluid n-4 wp-post-image\" alt=\"\" srcset=\"https:\/\/semmelweis.hu\/csaladbarat\/files\/2022\/10\/pexels-karolina-grabowska-4498606-scaled.jpg 2560w, https:\/\/semmelweis.hu\/csaladbarat\/files\/2022\/10\/pexels-karolina-grabowska-4498606-400x267.jpg 400w, https:\/\/semmelweis.hu\/csaladbarat\/files\/2022\/10\/pexels-karolina-grabowska-4498606-1024x683.jpg 1024w, https:\/\/semmelweis.hu\/csaladbarat\/files\/2022\/10\/pexels-karolina-grabowska-4498606-768x512.jpg 768w, https:\/\/semmelweis.hu\/csaladbarat\/files\/2022\/10\/pexels-karolina-grabowska-4498606-1536x1024.jpg 1536w, https:\/\/semmelweis.hu\/csaladbarat\/files\/2022\/10\/pexels-karolina-grabowska-4498606-2048x1365.jpg 2048w, https:\/\/semmelweis.hu\/csaladbarat\/files\/2022\/10\/pexels-karolina-grabowska-4498606-753x502.jpg 753w, https:\/\/semmelweis.hu\/csaladbarat\/files\/2022\/10\/pexels-karolina-grabowska-4498606-203x135.jpg 203w\" sizes=\"auto, (max-width: 560px) 100vw, 560px\" \/>                            <\/div>\r\n                            <div class=\"card-title mb-1\">\r\n                                <h3 class=\"mt-0 pt-1 mb-0 px-2 card-custom-title d-flex align-items-center d-md-block\">\r\n                                    <span class=\"entry-title pt-0 pt-md-1\">V\u00e1lts \u00e9letm\u00f3dot a Csal\u00e1dbar\u00e1t Egyetem Program t\u00e1mogat\u00e1s\u00e1val!                                <\/h3>\r\n                            <\/div>\r\n                            \r\n\r\n                        <\/a>\r\n                                    <\/div>\r\n\r\n                    \r\n        <\/div><!-- owl-carousel -->\r\n    <\/section>\r\n\r\n\n","protected":false},"excerpt":{"rendered":"<p>\u00c9letm\u00f3dv\u00e1lt\u00f3 program indult a Semmelweis Egyetem Szakrendel\u0151 Int\u00e9zet\u00e9ben az egyetemi munkat\u00e1rsak sz\u00e1m\u00e1ra. A h\u00e1rom h\u00f3napon \u00e1t tart\u00f3 folyamat sor\u00e1n olyan innovat\u00edv \u00e9s komplex rendszerbe vonj\u00e1k be a r\u00e9sztvev\u0151ket, aminek elsaj\u00e1t\u00edt\u00e1s\u00e1val az el\u00e9rt eredm\u00e9nyek tart\u00f3san meg\u0151rizhet\u0151k. Az \u00e9letm\u00f3dv\u00e1lt\u00f3 program kardiol\u00f3gus-sportorvos szakorvos, gy\u00f3gytorn\u00e1sz, dietetikus, pszichol\u00f3gus koll\u00e9g\u00e1k k\u00f6zrem\u0171k\u00f6d\u00e9s\u00e9vel n\u00e9gy pill\u00e9rre t\u00e1maszkodik: orvosi vizsg\u00e1lattal \u2013 k\u00fcl\u00f6n\u00f6s tekintettel az esetlegesen &hellip;<\/p>\n","protected":false},"author":101174,"featured_media":0,"parent":6434,"menu_order":6,"comment_status":"closed","ping_status":"closed","template":"","meta":{"_acf_changed":false,"footnotes":""},"categories":[],"tags":[],"class_list":["post-6447","page","type-page","status-publish","hentry"],"acf":[],"_links":{"self":[{"href":"https:\/\/semmelweis.hu\/csaladbarat\/wp-json\/wp\/v2\/pages\/6447","targetHints":{"allow":["GET"]}}],"collection":[{"href":"https:\/\/semmelweis.hu\/csaladbarat\/wp-json\/wp\/v2\/pages"}],"about":[{"href":"https:\/\/semmelweis.hu\/csaladbarat\/wp-json\/wp\/v2\/types\/page"}],"author":[{"embeddable":true,"href":"https:\/\/semmelweis.hu\/csaladbarat\/wp-json\/wp\/v2\/users\/101174"}],"replies":[{"embeddable":true,"href":"https:\/\/semmelweis.hu\/csaladbarat\/wp-json\/wp\/v2\/comments?post=6447"}],"version-history":[{"count":9,"href":"https:\/\/semmelweis.hu\/csaladbarat\/wp-json\/wp\/v2\/pages\/6447\/revisions"}],"predecessor-version":[{"id":9832,"href":"https:\/\/semmelweis.hu\/csaladbarat\/wp-json\/wp\/v2\/pages\/6447\/revisions\/9832"}],"up":[{"embeddable":true,"href":"https:\/\/semmelweis.hu\/csaladbarat\/wp-json\/wp\/v2\/pages\/6434"}],"wp:attachment":[{"href":"https:\/\/semmelweis.hu\/csaladbarat\/wp-json\/wp\/v2\/media?parent=6447"}],"wp:term":[{"taxonomy":"category","embeddable":true,"href":"https:\/\/semmelweis.hu\/csaladbarat\/wp-json\/wp\/v2\/categories?post=6447"},{"taxonomy":"post_tag","embeddable":true,"href":"https:\/\/semmelweis.hu\/csaladbarat\/wp-json\/wp\/v2\/tags?post=6447"}],"curies":[{"name":"wp","href":"https:\/\/api.w.org\/{rel}","templated":true}]}}