{"id":6441,"date":"2024-11-19T11:19:36","date_gmt":"2024-11-19T10:19:36","guid":{"rendered":"https:\/\/semmelweis.hu\/csaladbarat\/?page_id=6441"},"modified":"2026-04-16T10:21:40","modified_gmt":"2026-04-16T08:21:40","slug":"prevencios-rendeles","status":"publish","type":"page","link":"https:\/\/semmelweis.hu\/csaladbarat\/eletmod\/prevencios-rendeles\/","title":{"rendered":"Prevenci\u00f3s Rendel\u00e9s"},"content":{"rendered":"<h5 style=\"text-align: justify\">Az egyetem munkav\u00e1llal\u00f3i \u00e9s hallgat\u00f3i sz\u00e1m\u00e1ra 2023. szeptember\u00e9ben megnyitotta kapuj\u00e1t az orsz\u00e1g els\u0151 prevenci\u00f3s szakrendel\u00e9se.<\/h5>\n<p style=\"text-align: justify\">A prevenci\u00f3, azaz a betegs\u00e9g megel\u0151z\u00e9s mindazon orvosi \u00e9s nem orvosi eg\u00e9szs\u00e9g\u00fcgyi elj\u00e1r\u00e1sokat, \u00e9letviteli m\u00f3dokat jelenti, amelyek c\u00e9lja a betegs\u00e9gek megel\u0151z\u00e9se, korai felismer\u00e9se \u00e9s a sz\u00f6v\u0151dm\u00e9nyek kialakul\u00e1s\u00e1nak megel\u0151z\u00e9se.\u00a0<strong>A prevenci\u00f3s szakrendel\u00e9s sor\u00e1n az olyan \u00e9letm\u00f3dbeli komponensek fejleszt\u00e9s\u00e9n van a hangs\u00faly, mint a rendszeres mozg\u00e1s, eg\u00e9szs\u00e9ges t\u00e1pl\u00e1lkoz\u00e1s vagy ak\u00e1r doh\u00e1nyz\u00e1sr\u00f3l val\u00f3 leszok\u00e1s. <\/strong>A rendel\u00e9sen lehet\u0151s\u00e9g van konzult\u00e1lni azon\u202fsz\u0171r\u0151vizsg\u00e1latokr\u00f3l is, amelyek\u202faz \u00e9letkor, nem, rizik\u00f3faktorok \u00e9s az alapbetegs\u00e9gek miatt javasoltak.\u202f<\/p>\n<p><strong>A szakrendel\u00e9s \u00e1ltal ny\u00fajtott szolg\u00e1ltat\u00e1sok:<\/strong><\/p>\n<ul>\n<li>\u00c9letm\u00f3d-orvosl\u00e1s, m\u00e9gpedig a k\u00f6vetkez\u0151 t\u00e9mak\u00f6r\u00f6kben:\n<ul>\n<li>T\u00e1pl\u00e1lkoz\u00e1s<\/li>\n<li>Testmozg\u00e1s<\/li>\n<li>Doh\u00e1nyz\u00e1s<\/li>\n<li>Alkoholfogyaszt\u00e1s<\/li>\n<li>Stressz<\/li>\n<li>Alv\u00e1s<\/li>\n<\/ul>\n<\/li>\n<li>Olt\u00e1sokkal kapcsolatos tan\u00e1csad\u00e1s, olt\u00e1sok bead\u00e1sa<\/li>\n<li>Utaz\u00e1sok el\u0151tti\/ut\u00e1ni tan\u00e1csad\u00e1s<\/li>\n<\/ul>\n<p style=\"text-align: justify\">A Szwnt R\u00f3kus Eg\u00e9szs\u00e9gk\u00f6zpont \u00e9s a Megel\u0151z\u0151 Orvostani \u00e9s N\u00e9peg\u00e9szs\u00e9gtani Int\u00e9zet szakemberei \u00fan. <strong>motiv\u00e1ci\u00f3s interj\u00fa<\/strong> seg\u00edts\u00e9g\u00e9vel t\u00e9rk\u00e9pezik fel a p\u00e1ciensek c\u00e9lkit\u0171z\u00e9seit. A motiv\u00e1ci\u00f3s interj\u00fa egy olyan tan\u00e1csad\u00e1si forma, amelyben a p\u00e1ciens meghat\u00e1rozza, hogy milyen \u00e9letm\u00f3dbeli ter\u00fclettel szeretne foglalkozni, illetve eld\u00f6nti, hogy a kit\u0171z\u00f6tt c\u00e9lt hogyan k\u00edv\u00e1nja el\u00e9rni.<\/p>\n<p><strong>A szakrendel\u00e9s helysz\u00ednei:<\/strong><\/p>\n<ul>\n<li><strong>Nagyv\u00e1rad t\u00e9ri Elm\u00e9leti T\u00f6mb<\/strong> (1089 Budapest, Nagyv\u00e1rad t\u00e9r 4. 21. emelet)<\/li>\n<\/ul>\n<p style=\"padding-left: 40px\"><strong>bejelentkez\u00e9s:<\/strong> <a href=\"mailto:prevenciosrendelo.nepegeszsegtan@semmelweis.hu\">prevenciosrendelo.nepegeszsegtan@semmelweis.hu<\/a>\u00a0\u00a0<\/p>\n<p style=\"padding-left: 40px\">A tan\u00e1csad\u00e1s t\u00f6rt\u00e9nhet ak\u00e1r online, t\u00e1vkonzult\u00e1ci\u00f3 form\u00e1j\u00e1ban is.<\/p>\n<ul>\n<li><strong>Szent R\u00f3kus Eg\u00e9szs\u00e9gk\u00f6zpont<\/strong> (1085 Budapest, Gyulai P\u00e1l utca 2.)<\/li>\n<\/ul>\n<p style=\"padding-left: 40px\"><strong>bejelentkez\u00e9s:<\/strong> <a class=\"btn btn-warning\" href=\"https:\/\/elojegyzes.meditime.hu\/73\" target=\"_blank\" rel=\"noopener\"><strong>ID\u0150PONTFOGLAL\u00c1S<\/strong><\/a><\/p>\n<p style=\"text-align: left\">V\u00e1rjuk azon Semmelweis Polg\u00e1rok (hallgat\u00f3k, munkat\u00e1rsak) megkeres\u00e9s\u00e9t, akik szeretn\u00e9nek szak\u00e9rt\u0151i seg\u00edts\u00e9get \u00e9letm\u00f3djuk fejleszt\u00e9s\u00e9hez!\u00a0\u00a0<\/p>\n<p><strong>A t\u00e9m\u00e1ban megjelent tov\u00e1bbi cikkek, h\u00edrek:<\/strong><\/p>\n<ul>\n<li><strong><a href=\"https:\/\/semmelweis.hu\/nepegeszsegtan\/prevencios-rendeles\/\">https:\/\/semmelweis.hu\/csaladbarat\/2026\/04\/15\/eletmodorvosi-prevencios-rendeles-az-elso-lepes-az-egeszseg-fele\/<\/a><\/strong><\/li>\n<li><strong><a href=\"https:\/\/semmelweis.hu\/nepegeszsegtan\/prevencios-rendeles\/\">https:\/\/semmelweis.hu\/nepegeszsegtan\/prevencios-rendeles\/\u00a0<\/a><\/strong><\/li>\n<\/ul>\n<p>&nbsp;<\/p>\n","protected":false},"excerpt":{"rendered":"<p>Az egyetem munkav\u00e1llal\u00f3i \u00e9s hallgat\u00f3i sz\u00e1m\u00e1ra 2023. szeptember\u00e9ben megnyitotta kapuj\u00e1t az orsz\u00e1g els\u0151 prevenci\u00f3s szakrendel\u00e9se. A prevenci\u00f3, azaz a betegs\u00e9g megel\u0151z\u00e9s mindazon orvosi \u00e9s nem orvosi eg\u00e9szs\u00e9g\u00fcgyi elj\u00e1r\u00e1sokat, \u00e9letviteli m\u00f3dokat jelenti, amelyek c\u00e9lja a betegs\u00e9gek megel\u0151z\u00e9se, korai felismer\u00e9se \u00e9s a sz\u00f6v\u0151dm\u00e9nyek kialakul\u00e1s\u00e1nak megel\u0151z\u00e9se.\u00a0A prevenci\u00f3s szakrendel\u00e9s sor\u00e1n az olyan \u00e9letm\u00f3dbeli komponensek fejleszt\u00e9s\u00e9n van a hangs\u00faly, mint &hellip;<\/p>\n","protected":false},"author":101174,"featured_media":0,"parent":6434,"menu_order":4,"comment_status":"closed","ping_status":"closed","template":"","meta":{"_acf_changed":false,"footnotes":""},"categories":[],"tags":[],"class_list":["post-6441","page","type-page","status-publish","hentry"],"acf":[],"_links":{"self":[{"href":"https:\/\/semmelweis.hu\/csaladbarat\/wp-json\/wp\/v2\/pages\/6441","targetHints":{"allow":["GET"]}}],"collection":[{"href":"https:\/\/semmelweis.hu\/csaladbarat\/wp-json\/wp\/v2\/pages"}],"about":[{"href":"https:\/\/semmelweis.hu\/csaladbarat\/wp-json\/wp\/v2\/types\/page"}],"author":[{"embeddable":true,"href":"https:\/\/semmelweis.hu\/csaladbarat\/wp-json\/wp\/v2\/users\/101174"}],"replies":[{"embeddable":true,"href":"https:\/\/semmelweis.hu\/csaladbarat\/wp-json\/wp\/v2\/comments?post=6441"}],"version-history":[{"count":7,"href":"https:\/\/semmelweis.hu\/csaladbarat\/wp-json\/wp\/v2\/pages\/6441\/revisions"}],"predecessor-version":[{"id":11873,"href":"https:\/\/semmelweis.hu\/csaladbarat\/wp-json\/wp\/v2\/pages\/6441\/revisions\/11873"}],"up":[{"embeddable":true,"href":"https:\/\/semmelweis.hu\/csaladbarat\/wp-json\/wp\/v2\/pages\/6434"}],"wp:attachment":[{"href":"https:\/\/semmelweis.hu\/csaladbarat\/wp-json\/wp\/v2\/media?parent=6441"}],"wp:term":[{"taxonomy":"category","embeddable":true,"href":"https:\/\/semmelweis.hu\/csaladbarat\/wp-json\/wp\/v2\/categories?post=6441"},{"taxonomy":"post_tag","embeddable":true,"href":"https:\/\/semmelweis.hu\/csaladbarat\/wp-json\/wp\/v2\/tags?post=6441"}],"curies":[{"name":"wp","href":"https:\/\/api.w.org\/{rel}","templated":true}]}}