{"id":5320,"date":"2024-04-10T11:00:44","date_gmt":"2024-04-10T09:00:44","guid":{"rendered":"https:\/\/semmelweis.hu\/csaladbarat\/?page_id=5320"},"modified":"2025-01-29T12:27:54","modified_gmt":"2025-01-29T11:27:54","slug":"csaladbarat-gyermekprogramok-szabalyzata","status":"publish","type":"page","link":"https:\/\/semmelweis.hu\/csaladbarat\/csalad\/gyermekfelugyelet-es-taborok\/csaladbarat-gyermekprogramok-szabalyzata\/","title":{"rendered":"Csal\u00e1dbar\u00e1t Gyermekprogramok Szab\u00e1lyzata"},"content":{"rendered":"<h5 style=\"text-align: center\"><strong>Csal\u00e1dbar\u00e1t Gyermekprogramok Szab\u00e1lyzata<\/strong><\/h5>\n<p>&nbsp;<\/p>\n<ol>\n<li><strong> \u00c1LTAL\u00c1NOS RENDELKEZ\u00c9SEK<\/strong><\/li>\n<\/ol>\n<p><span style=\"text-decoration: underline\"><strong>A dokumentum hat\u00e1lya: <\/strong><\/span>A jelen Csal\u00e1dbar\u00e1t gyermekprogramok szab\u00e1lyzat\u00e1nak (a tov\u00e1bbiakban: szab\u00e1lyzat) hat\u00e1lya kiterjed a Semmelweis Egyetem Csal\u00e1dbar\u00e1t Egyetem K\u00f6zpont (a tov\u00e1bbiakban: K\u00f6zpont) \u00e1ltal szervezett gyermekprogramok valamennyi r\u00e9sztvev\u0151j\u00e9re.<\/p>\n<p><span style=\"text-decoration: underline\"><strong>Fogalmak <\/strong><\/span><\/p>\n<p style=\"text-align: justify\">1.2.1. <strong>Gyermekprogram:<\/strong> A K\u00f6zpont szervez\u00e9s\u00e9ben l\u00e9trehozott olyan esem\u00e9nyek, melyeken a Semmelweis Polg\u00e1rok gyermekei r\u00e9szt vehetnek. Ide tartoznak a ny\u00e1ri gyermekt\u00e1borok, az iskolai sz\u00fcnetekben biztos\u00edtott gyermekfel\u00fcgyelet (\u00fan. minit\u00e1borok), a mutiholdolgozol-nap, a Semmelweis Csal\u00e1di \u00e9s Sportnap, a Csal\u00e1dbar\u00e1t Mikul\u00e1s \u00fcnneps\u00e9g \u00e9s egy\u00e9b gyermekk\u00f6zpont\u00fa-programok.<\/p>\n<p style=\"text-align: justify\">1.2.2. <strong>Semmelweis Polg\u00e1r:<\/strong> A Semmelweis Egyetem akt\u00edv munkaviszonnyal vagy eg\u00e9szs\u00e9g\u00fcgyi szolg\u00e1lati jogviszonnyal b\u00edr\u00f3 munkav\u00e1llal\u00f3ja, valamint a Semmelweis Egyetem akt\u00edv hallgat\u00f3i jogviszonnyal b\u00edr\u00f3 hallgat\u00f3ja.<\/p>\n<p style=\"text-align: justify\">1.2.3. <strong>Semmelweis Polg\u00e1r gyermeke:<\/strong> Lemen\u0151 egyenes\u00e1gi rokon: gyermek, unoka, d\u00e9dunoka; vagy \u00f6r\u00f6kbefogadott gyermek, kor\u00e1bbi h\u00e1zass\u00e1gb\u00f3l sz\u00e1rmaz\u00f3, de egy h\u00e1ztart\u00e1sban \u00e9l\u0151 gyermek.<\/p>\n<ol start=\"2\">\n<li><strong> R\u00c9SZLETES RENDELKEZ\u00c9SEK <\/strong><\/li>\n<\/ol>\n<p><strong>2.1<\/strong> <strong>A gyermekprogramok \u00e1ltal\u00e1nos szab\u00e1lyai<\/strong><\/p>\n<p>(1) A K\u00f6zpont a Semmelweis Polg\u00e1rok 1.2.3. pontban r\u00f6gz\u00edtett gyermekeinek szervezi programjait.<\/p>\n<p style=\"text-align: justify\">(2) A K\u00f6zpont el\u0151zetesen inform\u00e1ci\u00f3t gy\u0171jthet a sz\u00fcl\u0151k ig\u00e9nyeir\u0151l, \u00e9s ennek t\u00fckr\u00e9ben d\u00f6nthet a gyermekprogram megrendez\u00e9s\u00e9r\u0151l. Az el\u0151zetes ig\u00e9nyfelm\u00e9r\u00e9sre adott visszajelz\u00e9s nem min\u0151s\u00fcl regisztr\u00e1ci\u00f3nak.<\/p>\n<p style=\"text-align: justify\">(3) A gyermekprogramokra a K\u00f6zpont \u00e1ltal meghirdetett m\u00f3don lehet jelentkezni.<\/p>\n<p style=\"text-align: justify\">(4) A gyermekprogramok d\u00edjszab\u00e1s\u00e1t a K\u00f6zpont \u00e1llap\u00edtja meg, melyb\u0151l kedvezm\u00e9nyeket, d\u00edjcs\u00f6kkent\u00e9st nem lehet \u00e9rv\u00e9nyes\u00edteni.<\/p>\n<p style=\"text-align: justify\">(5) Amennyiben a gyermekprogram d\u00edjk\u00f6teles, a jelentkez\u00e9s a r\u00e9szv\u00e9teli d\u00edj teljes \u00f6sszeg\u00e9nek megfizet\u00e9se ut\u00e1n v\u00e1lik elfogadott\u00e1.<\/p>\n<p style=\"text-align: justify\">(6) Lemond\u00e1sra vonatkoz\u00f3 szab\u00e1lyok:<\/p>\n<p style=\"text-align: justify\">A) A gyermekprogram elmarad\u00e1sa eset\u00e9n a K\u00f6zpont a r\u00e9szv\u00e9teli d\u00edjat marad\u00e9ktalanul visszafizeti a befizet\u0151k sz\u00e1m\u00e1ra.<\/p>\n<p style=\"text-align: justify\">B) Amennyiben betegs\u00e9g miatt nem tud r\u00e9szt venni a gyermek a gyermekprogramon, err\u0151l a sz\u00fcl\u0151 halad\u00e9ktalanul k\u00f6teles t\u00e1j\u00e9koztatni a K\u00f6zpontot. A kapcsolattart\u00e1s e-mail c\u00edme: <a href=\"mailto:csaladbarat@semmelweis.hu\">csaladbarat@semmelweis.hu<\/a>. Ebben az esetben a gyermekprogram fennmarad\u00f3 idej\u00e9re vonatkoz\u00f3 r\u00e9szv\u00e9teli d\u00edjat, de maximum a gyermekprogram d\u00edj\u00e1nak 50%-\u00e1t visszat\u00e9r\u00edti a K\u00f6zpont.<\/p>\n<p style=\"text-align: justify\">C) Amennyiben nem betegs\u00e9g miatt marad t\u00e1vol a gyermek a gyermekprogramt\u00f3l, a K\u00f6zpont a jelentkez\u00e9s sor\u00e1n befizetett r\u00e9szv\u00e9teli d\u00edjat abban az esetben k\u00f6teles visszat\u00e9r\u00edteni, ha a gyermek t\u00e1volmarad\u00e1s\u00e1r\u00f3l a gyermekprogram kezdete el\u0151tt 2 munkanappal e-mailben \u00e9rtes\u00fcl. A kapcsolattart\u00e1s e-mail c\u00edme: <a href=\"mailto:csaladbarat@semmelweis.hu\">csaladbarat@semmelweis.hu<\/a>.<\/p>\n<p style=\"text-align: justify\">(7) A jelentkez\u00e9s sor\u00e1n megadott adatok\u00e9rt a regisztr\u00e1ci\u00f3t v\u00e9gz\u0151 v\u00e1llal felel\u0151ss\u00e9get, k\u00fcl\u00f6n\u00f6s tekintettel az \u00e9tel-, ital-, gy\u00f3gyszerallergia, a speci\u00e1lis nevel\u00e9si ig\u00e9ny, illetve az el\u00e9rhet\u0151s\u00e9g vonatkoz\u00e1s\u00e1ban.<\/p>\n<p style=\"text-align: justify\">A) A gyermekprogramon s\u00falyos vagy \u00e9letet vesz\u00e9lyeztet\u0151 \u00e9tel-, ital-, gy\u00f3gyszerallergi\u00e1ban szenved\u0151 gyermek kiz\u00e1r\u00f3lag a K\u00f6zpont j\u00f3v\u00e1hagy\u00e1s\u00e1val vehet r\u00e9szt. A sz\u00fcl\u0151, a t\u00e1bor d\u00edj\u00e1nak befizet\u00e9s el\u0151tt k\u00f6teles felvenni a kapcsolatot a K\u00f6zponttal. A kapcsolattart\u00e1s e-mail c\u00edme: <a href=\"mailto:csaladbarat@semmelweis.hu\">csaladbarat@semmelweis.hu<\/a>. Azon gyermek, akin\u00e9l a sz\u00fcl\u0151 nem jelzi el\u0151re \u00e9s nem kap j\u00f3v\u00e1hagy\u00e1st a K\u00f6zpontt\u00f3l, a programr\u00f3l kiz\u00e1rhat\u00f3.<\/p>\n<p style=\"text-align: justify\">B) A gyermekprogramon Speci\u00e1lis Nevel\u00e9si Ig\u00e9ny\u0171 gyermek csak a K\u00f6zpont j\u00f3v\u00e1hagy\u00e1s\u00e1val vehet r\u00e9szt.\u00a0 A sz\u00fcl\u0151, a t\u00e1bor d\u00edj\u00e1nak befizet\u00e9s el\u0151tt k\u00f6teles felvenni a kapcsolatot a K\u00f6zponttal. A kapcsolattart\u00e1s e-mail c\u00edme: <a href=\"mailto:csaladbarat@semmelweis.hu\">csaladbarat@semmelweis.hu<\/a>. Azon gyermek, akin\u00e9l a sz\u00fcl\u0151 nem jelzi el\u0151re \u00e9s nem kap j\u00f3v\u00e1hagy\u00e1st a K\u00f6zpontt\u00f3l, a programr\u00f3l kiz\u00e1rhat\u00f3.<\/p>\n<p style=\"text-align: justify\">(8) A K\u00f6zpont fenntartja a jogot arra, hogy a jelentkez\u00e9si id\u0151szakot tetsz\u0151leges id\u0151pontban lez\u00e1rja.<\/p>\n<p style=\"text-align: justify\">(9) A K\u00f6zpont a programok szervez\u00e9se, lebonyol\u00edt\u00e1sa sor\u00e1n fenntartja a jogot, hogy \u00e9letkori korl\u00e1toz\u00e1st \u00e9rv\u00e9nyes\u00edtsen.<\/p>\n<p style=\"text-align: justify\">(10) A K\u00f6zpont nem v\u00e1llal felel\u0151ss\u00e9get a gyermekprogramokra behozott t\u00e1rgyak \u00e9ps\u00e9g\u00e9\u00e9rt, ide\u00e9rtve a mobiltelefont, tabletet, f\u00fclhallgat\u00f3t, saj\u00e1t j\u00e1t\u00e9kot, ruhanem\u0171t, kieg\u00e9sz\u00edt\u0151 felszerel\u00e9st.\u00a0\u00a0\u00a0\u00a0<\/p>\n<p style=\"text-align: justify\">(11) A gyermek, gyermekprogramra val\u00f3 oda-, illetve az onnan hazajut\u00e1s\u00e1t a sz\u00fcl\u0151 vagy az \u00e1ltala megb\u00edzott szem\u00e9ly biztos\u00edtja. A K\u00f6zpont \u00e1ltal opcion\u00e1lisan szervezett utaztat\u00e1st saj\u00e1t felel\u0151ss\u00e9gre lehet ig\u00e9nybe venni.<\/p>\n<p>(12) A K\u00f6zpont a gyermekprogramok kezdete el\u0151tt legk\u00e9s\u0151bb k\u00e9t nappal r\u00e9szletes t\u00e1j\u00e9koztat\u00f3t k\u00fcld a tudnival\u00f3kr\u00f3l, illetve a sz\u00fcks\u00e9ges felszerel\u00e9sr\u0151l (pl. kulacs, v\u00e1lt\u00f3ruha stb.).<\/p>\n<p>(13) A gyermekprogramokon k\u00e9p- \u00e9s hangfelv\u00e9tel k\u00e9sz\u00fclhet, a jelentkez\u00e9ssel a sz\u00fcl\u0151 hozz\u00e1j\u00e1rul, hogy gyermek\u00e9r\u0151l k\u00e9p-\u00e9s hangfelv\u00e9tel k\u00e9sz\u00fclj\u00f6n.<\/p>\n<p style=\"text-align: justify\">(14) A gyermekprogramra val\u00f3 regisztr\u00e1ci\u00f3val elfogadja a Semmelweis Egyetem <a href=\"https:\/\/semmelweis.hu\/adatvedelem\/\">adatkezel\u00e9si t\u00e1j\u00e9koztat\u00f3j\u00e1ban<\/a> foglaltakat. A Csal\u00e1dbar\u00e1t Egyetem K\u00f6zpont adatkezel\u00e9si t\u00e1j\u00e9koztat\u00f3j\u00e1t a K\u00f6zpont <a href=\"https:\/\/semmelweis.hu\/csaladbarat\/files\/2023\/05\/29286-17_CSEK_2023_adatkezelesi-tajekoztato.pdf\">honlapj\u00e1n<\/a> tal\u00e1lja.<\/p>\n<p>(15) A K\u00f6zpont fenntartja a jogot mag\u00e1nak arra, hogy a gyermekprogramokat el\u00e9rhet\u0151v\u00e9 tegye nem Semmelweis Polg\u00e1rok gyermekei sz\u00e1m\u00e1ra is.<\/p>\n<p>A) K\u00fcls\u0151s r\u00e9sztvev\u0151: olyan gyermek, aki nem rendelkezik egyenes\u00e1gi Semmelweis Polg\u00e1r felmen\u0151vel. Ide tartozik:<\/p>\n<ol>\n<li style=\"list-style-type: none\">\n<ol>\n<li>a Semmelweis k\u00e1rty\u00e1val rendelkez\u0151 alumnus gyermeke\/unok\u00e1ja<\/li>\n<li>a Semmelweis Partner k\u00e1rty\u00e1val rendelkez\u0151 szem\u00e9ly gyermeke\/unok\u00e1ja<\/li>\n<li>a Semmelweis Egyetemen akt\u00edv munkaviszonyban, eg\u00e9szs\u00e9g\u00fcgyi szolg\u00e1lati jogviszonyban vagy hallgat\u00f3i jogviszonyban \u00e1ll\u00f3 szem\u00e9ly k\u00f6zeli hozz\u00e1tartoz\u00f3j\u00e1nak gyermeke (testv\u00e9r, unokatestv\u00e9r)<\/li>\n<\/ol>\n<\/li>\n<\/ol>\n<p style=\"text-align: justify\">B) K\u00fcls\u0151s r\u00e9sztvev\u0151t kiz\u00e1r\u00f3lag a K\u00f6zpont \u00e1ltal, el\u0151zetesen meghat\u00e1rozott gyermekprogram fogad.<\/p>\n<p style=\"text-align: justify\">C) A k\u00fcls\u0151s r\u00e9sztvev\u0151 regisztr\u00e1l\u00e1s\u00e1nak megkezd\u00e9se el\u0151tt minden esetben k\u00f6telez\u0151 felvenni a kapcsolatot a K\u00f6zponttal. A kapcsolattart\u00e1s e-mail c\u00edme: <a class=\"fui-Link ___1rxvrpe f2hkw1w f3rmtva f1ewtqcl fyind8e f1k6fduh f1w7gpdv fk6fouc fjoy568 figsok6 f1hu3pq6 f11qmguv f19f4twv f1tyq0we f1g0x7ka fhxju0i f1qch9an f1cnd47f fqv5qza f1vmzxwi f1o700av f13mvf36 f1cmlufx f9n3di6 f1ids18y f1tx3yz7 f1deo86v f1eh06m1 f1iescvh fhgqx19 f1olyrje f1p93eir f1nev41a f1h8hb77 f1lqvz6u f10aw75t fsle3fq f17ae5zn\" href=\"mailto:csaladbarat@semmelweis.hu\" target=\"_blank\" rel=\"noreferrer noopener\">csaladbarat@semmelweis.hu<\/a>.<\/p>\n<p style=\"text-align: justify\">D) A k\u00fcls\u0151s r\u00e9sztvev\u0151 a mindenkori gyermekprogram d\u00edj\u00e1nak k\u00e9tszeres\u00e9\u00e9rt vehet r\u00e9szt a gyermekprogramon.\u00a0<\/p>\n<p style=\"text-align: justify\"><strong>2.2. A gyermekprogramok r\u00e9szletes r\u00e9szv\u00e9teli szab\u00e1lyai\u00a0\u00a0\u00a0\u00a0\u00a0\u00a0 <\/strong><\/p>\n<p style=\"text-align: justify\"><strong>2.2.1 Ny\u00e1ri gyermekt\u00e1bor \u00e9s az iskolai sz\u00fcnetek alatti gyermekfel\u00fcgyelet (tov\u00e1bbiakban: minit\u00e1bor; egy\u00fcttesen t\u00e1bor)<\/strong><\/p>\n<p style=\"text-align: justify\">(1) A ny\u00e1ri gyermekt\u00e1bor teljes t\u00e1borhet\u00e9re lehets\u00e9ges a jelentkez\u00e9s. A K\u00f6zpont a minit\u00e1bor alatt egy-egy napra is fogadja a gyermeket.<\/p>\n<p style=\"text-align: justify\">(2) A gyermek t\u00f6rv\u00e9nyes k\u00e9pvisel\u0151je k\u00f6teles a t\u00e1boroz\u00e1st megel\u0151z\u0151 k\u00e9t napon bel\u00fcl ki\u00e1ll\u00edtott, a szab\u00e1lyzat 1. sz\u00e1m\u00fa mell\u00e9klet\u00e9t k\u00e9pez\u0151 nyilatkozattal igazolni a gyermek megfelel\u0151 eg\u00e9szs\u00e9gi \u00e1llapot\u00e1t. A t\u00e1boroz\u00e1s els\u0151 napj\u00e1n a r\u00e9sztvev\u0151 gyermek t\u00f6rv\u00e9nyes k\u00e9pvisel\u0151je k\u00f6teles \u00e1tadni a gyermek eg\u00e9szs\u00e9gi \u00e1llapot\u00e1r\u00f3l sz\u00f3l\u00f3 sz\u00fcl\u0151i nyilatkozatot, valamint a program ideje alatt mobilon el\u00e9rhet\u0151 sz\u00fcl\u0151(k), hozz\u00e1tartoz\u00f3(k) el\u00e9rhet\u0151s\u00e9g\u00e9t.<\/p>\n<p style=\"text-align: justify\">(3) A sz\u00fcl\u0151 k\u00f6teles t\u00e1j\u00e9koztatni a t\u00e1borvezet\u0151t arr\u00f3l,<\/p>\n<p style=\"text-align: justify\">A) ha gyermeke gy\u00f3gyszeres kezel\u00e9s alatt \u00e1ll, vagy gy\u00f3gyszert szed. Egy\u00e9b esetben az egynapos gyermekprogramra a nem hozhat\u00f3 gy\u00f3gyszer.<\/p>\n<p style=\"text-align: justify\">B) ha gyermeke allergi\u00e1s, az allergia t\u00edpus\u00e1nak megjel\u00f6l\u00e9s\u00e9vel \u00e9s az orvos \u00e1ltal el\u0151\u00edrt kezel\u00e9s menet\u00e9nek le\u00edr\u00e1s\u00e1val.<\/p>\n<p style=\"text-align: justify\">(5) A szakmai fel\u00fcgyeletet ell\u00e1t\u00f3 szakemberek a t\u00e1bor sor\u00e1n \u00f6sszegy\u0171jthetik a mobiltelefonokat, \u00edgy azokat csak meghat\u00e1rozott intervallumban haszn\u00e1lhatj\u00e1k a r\u00e9sztvev\u0151k.<\/p>\n<p>(6) A t\u00e1bor sor\u00e1n napi h\u00e1romszori \u00e9tkez\u00e9s (t\u00edz\u00f3rai, eb\u00e9d, uzsonna) biztos\u00edtott a gyermekeknek.<\/p>\n<p style=\"text-align: justify\">A) S\u00falyos, vagy \u00e9letet vesz\u00e9lyeztet\u0151 \u00e9telallergi\u00e1s tanul\u00f3 \u00e9tkeztet\u00e9s\u00e9t a K\u00f6zpontnak nem \u00e1ll m\u00f3dj\u00e1ban biztos\u00edtani.\u00a0<\/p>\n<p>B) <span class=\"TrackChangeTextInsertion TrackedChange SCXW45671751 BCX0\"><span class=\"TextRun SCXW45671751 BCX0\" lang=\"HU-HU\" xml:lang=\"HU-HU\" data-contrast=\"auto\"><span class=\"NormalTextRun SCXW45671751 BCX0\">Glut\u00e9nmentes eb\u00e9det a K\u00f6z<\/span><\/span><\/span><span class=\"TrackChangeTextInsertion TrackedChange SCXW45671751 BCX0\"><span class=\"TextRun SCXW45671751 BCX0\" lang=\"HU-HU\" xml:lang=\"HU-HU\" data-contrast=\"auto\"><span class=\"NormalTextRun SCXW45671751 BCX0\">pontnak nem \u00e1ll m\u00f3dj\u00e1ban biztos\u00edtani.<\/span><\/span><\/span><span class=\"TrackChangeTextInsertion TrackedChange SCXW45671751 BCX0\"><span class=\"TextRun SCXW45671751 BCX0\" lang=\"HU-HU\" xml:lang=\"HU-HU\" data-contrast=\"auto\"><span class=\"NormalTextRun SCXW45671751 BCX0\">\u00a0<\/span><\/span><\/span><span class=\"EOP TrackedChange SCXW45671751 BCX0\" data-ccp-props=\"{&quot;201341983&quot;:0,&quot;335551550&quot;:6,&quot;335551620&quot;:6,&quot;335559739&quot;:160,&quot;335559740&quot;:259}\">\u00a0<\/span><\/p>\n<p style=\"text-align: justify\">C) A K\u00f6zpont nem v\u00e1llal felel\u0151ss\u00e9get az olyan megbeteged\u00e9sek\u00e9rt, amelyeket nem az \u00e1ltala biztos\u00edtott \u00e9lelmiszer elfogyaszt\u00e1sa okozott.<\/p>\n<p style=\"text-align: justify\">(7) A t\u00e1bor, az aktu\u00e1lis t\u00e1borra vonatkoz\u00f3 t\u00e1j\u00e9koztat\u00f3ban megjel\u00f6lt helyen \u00e9s id\u0151ben kezd\u0151dik, \u00e9s az abban z\u00e1r\u00e1sk\u00e9nt meghat\u00e1rozott helyen \u00e9s id\u0151pontban \u00e9r v\u00e9get. Ezen id\u0151szak alatt a t\u00e1bori szab\u00e1lyzat betart\u00e1sa minden r\u00e9sztvev\u0151 sz\u00e1m\u00e1ra k\u00f6telez\u0151.<\/p>\n<p style=\"text-align: justify\">A t\u00e1borok ideje alatt az al\u00e1bbi szab\u00e1lyok:<\/p>\n<p style=\"text-align: justify\">(7.1) A t\u00e1borvezet\u0151k, \u00f6nk\u00e9ntes seg\u00edt\u0151k \u00e1ltal adott utas\u00edt\u00e1sok pontos betart\u00e1sa<\/p>\n<p style=\"text-align: justify\">(7.2) Tilos elhagyni a t\u00e1bor helysz\u00edn\u00e9t\/tev\u00e9kenys\u00e9gi hely\u00e9t a t\u00e1borvezet\u0151 enged\u00e9lye n\u00e9lk\u00fcl.<\/p>\n<p style=\"text-align: justify\">(7.3) Tilos rong\u00e1lni a berendez\u00e9st, felszerel\u00e9st vagy m\u00e1s gyerekek javait. A szab\u00e1lyszeg\u00e9s a t\u00e1borb\u00f3l val\u00f3 kiz\u00e1r\u00e1st vonja maga ut\u00e1n \u00e9s az okozott k\u00e1rok kifizet\u00e9s\u00e9t.<\/p>\n<p style=\"text-align: justify\">(7.4) Szigor\u00faan tilos a gyufa \u00e9s minden olyan eszk\u00f6z haszn\u00e1lata, amely t\u00fczet okozhat.<\/p>\n<p style=\"text-align: justify\">(7.5) A gyermekt\u00e1borba nem hozhat\u00f3 be olyan eszk\u00f6z, amely m\u00e1sok testi vagy lelki \u00e9ps\u00e9g\u00e9t vesz\u00e9lyezteti, vagy kock\u00e1ztatja.<\/p>\n<p style=\"text-align: justify\">(7.6) A gyermek er\u0151szakos vagy rasszista megnyilv\u00e1nul\u00e1sa a t\u00e1borb\u00f3l val\u00f3 azonnali kiz\u00e1r\u00e1st vonja maga ut\u00e1n, a t\u00e1bor d\u00edj\u00e1nak visszat\u00e9r\u00edt\u00e9se n\u00e9lk\u00fcl.<\/p>\n<p style=\"text-align: justify\"><strong>2.2.2 Mutiholdolgozol-nap, Semmelweis Csal\u00e1di \u00e9s Sportnap, Csal\u00e1dbar\u00e1t Mikul\u00e1s \u00fcnneps\u00e9g \u00e9s egy\u00e9b egynapos gyermekprogramok (tov\u00e1bbiakban: egynapos gyermekprogram)<\/strong><\/p>\n<p style=\"text-align: justify\">(1) Amennyiben a gyermek feln\u0151tt csal\u00e1dtagja nem vesz r\u00e9szt az egynapos gyermekprogramon, a sz\u00fcl\u0151 k\u00f6teles t\u00e1j\u00e9koztatni a szakmai fel\u00fcgyeletet ell\u00e1t\u00f3 szakembereket arr\u00f3l,<\/p>\n<p style=\"text-align: justify\">A) ha gyermeke gy\u00f3gyszeres kezel\u00e9s alatt \u00e1ll, vagy gy\u00f3gyszert szed. Egy\u00e9b esetben az egynapos gyermekprogramra a nem hozhat\u00f3 gy\u00f3gyszer.<\/p>\n<p style=\"text-align: justify\">B) ha gyermeke allergi\u00e1s, az allergia t\u00edpus\u00e1nak megjel\u00f6l\u00e9s\u00e9vel \u00e9s az orvos \u00e1ltal el\u0151\u00edrt kezel\u00e9s menet\u00e9nek le\u00edr\u00e1s\u00e1val.<\/p>\n<p style=\"text-align: justify\">(2) Az egynapos gyermekprogramon a r\u00e9sztvev\u0151k sz\u00e1m\u00e1ra k\u00edn\u00e1lt \u00e9lelmiszerek tartalmazhatnak olyan \u00f6sszetev\u0151ket, melyek allergi\u00e1s reakci\u00f3kat okozhatnak az arra \u00e9rz\u00e9kenyek sz\u00e1m\u00e1ra.\u00a0 Az egynapos gyermekprogramon r\u00e9szt vev\u0151 gyermekek \u00e9tel-ital fogyaszt\u00e1s\u00e1b\u00f3l ered\u0151 allergi\u00e1s reakci\u00f3k, megbeteged\u00e9sek felel\u0151ss\u00e9g\u00e9t a K\u00f6zpont nem v\u00e1llalja.<\/p>\n<p style=\"text-align: justify\">(3) A szakmai fel\u00fcgyeletet ell\u00e1t\u00f3 szakemberek az egynapos gyermekprogram sor\u00e1n \u00f6sszegy\u0171jthetik a mobiltelefonokat, \u00edgy azokat csak meghat\u00e1rozott intervallumban haszn\u00e1lhatj\u00e1k a r\u00e9sztvev\u0151k.<\/p>\n<p style=\"text-align: justify\">(4) Az egynapos gyermekprogram az adott gyermekprogramra vonatkoz\u00f3 t\u00e1j\u00e9koztat\u00f3ban megjel\u00f6lt helyen \u00e9s id\u0151ben kezd\u0151dik, \u00e9s az abban z\u00e1r\u00e1sk\u00e9nt meghat\u00e1rozott helyen \u00e9s id\u0151pontban \u00e9r v\u00e9get. Ezen id\u0151szak alatt az egynapos gyermekprogram szab\u00e1lyzat\u00e1nak betart\u00e1sa minden r\u00e9sztvev\u0151 sz\u00e1m\u00e1ra k\u00f6telez\u0151.<\/p>\n<p style=\"text-align: justify\">Az egynapos gyermekprogram ideje alatt az al\u00e1bbi szab\u00e1lyok:<\/p>\n<p style=\"text-align: justify\">(4.1) A szakmai fel\u00fcgyeletet ell\u00e1t\u00f3 szakemberek \u00e1ltal adott utas\u00edt\u00e1sok pontos betart\u00e1sa<\/p>\n<p style=\"text-align: justify\">(4.2) A gyermek egyed\u00fcl nem hagyhatja el az egynapos gyermekprogram helysz\u00edn\u00e9t\/tev\u00e9kenys\u00e9gi hely\u00e9t a szakmai fel\u00fcgyeletet ell\u00e1t\u00f3 szakemberek enged\u00e9lye n\u00e9lk\u00fcl.<\/p>\n<p style=\"text-align: justify\">(4.3) Tilos rong\u00e1lni a berendez\u00e9st, felszerel\u00e9st vagy m\u00e1s gyerekek javait. A szab\u00e1lyszeg\u00e9s az egynapos gyermekprogramr\u00f3l val\u00f3 kiz\u00e1r\u00e1st vonja maga ut\u00e1n \u00e9s az okozott k\u00e1rok kifizet\u00e9s\u00e9t.<\/p>\n<p style=\"text-align: justify\">(4.4) Szigor\u00faan tilos a gyufa \u00e9s minden olyan eszk\u00f6z haszn\u00e1lata, amely t\u00fczet okozhat.<\/p>\n<p style=\"text-align: justify\">(4.5) Az egynapos gyermekprogramra nem hozhat\u00f3 be olyan eszk\u00f6z, amely m\u00e1sok testi vagy lelki \u00e9ps\u00e9g\u00e9t vesz\u00e9lyezteti, vagy kock\u00e1ztatja.<\/p>\n<p style=\"text-align: justify\">(4.6) A gyermek er\u0151szakos vagy rasszista megnyilv\u00e1nul\u00e1sa az egynapos gyermekprogramr\u00f3l val\u00f3 azonnali kiz\u00e1r\u00e1st vonja maga ut\u00e1n, az egynapos gyermekprogram d\u00edj\u00e1nak visszat\u00e9r\u00edt\u00e9se n\u00e9lk\u00fcl.<\/p>\n<p><strong><u>2.2.3 K\u00f6telez\u0151 k\u00f6z\u00e9piskolai k\u00f6z\u00f6ss\u00e9gi szolg\u00e1lat <\/u><\/strong><\/p>\n<p style=\"text-align: justify\">(1) A k\u00f6telez\u0151 k\u00f6z\u00e9piskolai k\u00f6z\u00f6ss\u00e9gi szolg\u00e1lat (tov\u00e1bbiakban: k\u00f6z\u00f6ss\u00e9gi szolg\u00e1lat) teljes\u00edt\u00e9s\u00e9hez a K\u00f6zpont \u00e1ltal szervezett ny\u00e1ri gyermekt\u00e1borok teljes t\u00e1borhet\u00e9re lehets\u00e9ges a jelentkez\u00e9s.<\/p>\n<p style=\"text-align: justify\">(2) A k\u00f6z\u00f6ss\u00e9gi szolg\u00e1lat teljes\u00edt\u00e9s\u00e9hez a K\u00f6zpont \u00e1ltal meghirdetett m\u00f3don \u00e9s felt\u00e9telekkel sz\u00fcks\u00e9ges regisztr\u00e1lni. Csak a meghirdetett f\u00e9r\u0151helyek erej\u00e9ig van m\u00f3d a jelentkez\u00e9sek befogad\u00e1s\u00e1ra.<\/p>\n<p style=\"text-align: justify\">(3) A k\u00f6z\u00f6ss\u00e9gi szolg\u00e1latra jelentkez\u0151 \u00e9s regisztr\u00e1lt tanul\u00f3k a szolg\u00e1latot megel\u0151z\u0151en eligaz\u00edt\u00e1ssal egybek\u00f6t\u00f6tt bej\u00e1r\u00e1son k\u00f6telesek r\u00e9szt venni.<\/p>\n<p style=\"text-align: justify\">(4) A k\u00f6z\u00f6ss\u00e9gi szolg\u00e1lat id\u0151tartama h\u00e9tf\u0151t\u0151l p\u00e9ntekig napi 5 munka\u00f3r\u00e1ban teljes\u00edtend\u0151 a pedag\u00f3giai programok\u00e9rt felel\u0151s vezet\u0151vel egyeztetettek szerint.<\/p>\n<p style=\"text-align: justify\">(5) A t\u00e1bor sor\u00e1n napi h\u00e1romszori \u00a0(t\u00edz\u00f3rai, eb\u00e9d, uzsonna) \u00e9tkez\u00e9st a K\u00f6zpont biztos\u00edt.<\/p>\n<p style=\"text-align: justify\">A) S\u00falyos, vagy \u00e9letet vesz\u00e9lyeztet\u0151 \u00e9telallergi\u00e1s tanul\u00f3 \u00e9tkeztet\u00e9s\u00e9t a K\u00f6zpontnak nem \u00e1ll m\u00f3dj\u00e1ban biztos\u00edtani.\u00a0<\/p>\n<p style=\"text-align: justify\">B) Glut\u00e9nmentes eb\u00e9det a K\u00f6zpontnak nem \u00e1ll m\u00f3dj\u00e1ban biztos\u00edtani.<\/p>\n<p style=\"text-align: justify\">C) A K\u00f6zpont nem v\u00e1llal felel\u0151ss\u00e9get az olyan megbeteged\u00e9sek\u00e9rt, amelyeket nem az \u00e1ltala biztos\u00edtott \u00e9lelmiszer elfogyaszt\u00e1sa okozott.<\/p>\n<p style=\"text-align: justify\">(6) A k\u00f6z\u00f6ss\u00e9gi szolg\u00e1lat teljes\u00edt\u00e9se alatt az al\u00e1bbi szab\u00e1lyok betart\u00e1sa minden r\u00e9sztvev\u0151 sz\u00e1m\u00e1ra k\u00f6telez\u0151:<\/p>\n<p style=\"text-align: justify\">(7.1) A t\u00e1borvezet\u0151k \u00e1ltal adott utas\u00edt\u00e1sok pontos betart\u00e1sa.<\/p>\n<p style=\"text-align: justify\">(7.2) A szolg\u00e1lat ideje alatt a mobiltelefonok haszn\u00e1lat\u00e1nak mell\u0151z\u00e9se.<\/p>\n<p style=\"text-align: justify\">(7.3) Tilos elhagyni a t\u00e1bor helysz\u00edn\u00e9t\/tev\u00e9kenys\u00e9gi hely\u00e9t a t\u00e1borvezet\u0151 enged\u00e9lye n\u00e9lk\u00fcl.<\/p>\n<p style=\"text-align: justify\">(7.4) Tilos rong\u00e1lni a berendez\u00e9st, felszerel\u00e9st. A szab\u00e1lyszeg\u00e9s a t\u00e1borb\u00f3l val\u00f3 kiz\u00e1r\u00e1st vonja maga ut\u00e1n \u00e9s az okozott k\u00e1rok kifizet\u00e9s\u00e9t.<\/p>\n<p style=\"text-align: justify\">(7.5) Szigor\u00faan tilos a gyufa \u00e9s minden olyan eszk\u00f6z haszn\u00e1lata, amely t\u00fczet okozhat.<\/p>\n<p style=\"text-align: justify\">(7.6) A gyermekt\u00e1borba nem hozhat\u00f3 be olyan eszk\u00f6z, amely m\u00e1sok testi vagy lelki \u00e9ps\u00e9g\u00e9t vesz\u00e9lyezteti, vagy kock\u00e1ztatja.<\/p>\n<p style=\"text-align: justify\">(7.7) A tanul\u00f3 er\u0151szakos vagy rasszista megnyilv\u00e1nul\u00e1sa a k\u00f6z\u00f6ss\u00e9gi szolg\u00e1latb\u00f3l val\u00f3 azonnali kiz\u00e1r\u00e1st vonja maga ut\u00e1n.<\/p>\n<p><em><strong>Csal\u00e1dbar\u00e1t Egyetem K\u00f6zpont<\/strong><\/em><\/p>\n<p>&nbsp;<\/p>\n<p><strong>1.sz. mell\u00e9klet: sz\u00fcl\u0151i nyilatkozat arr\u00f3l, hogy a gyermek eg\u00e9szs\u00e9gi \u00e1llapota alapj\u00e1n k\u00f6z\u00f6ss\u00e9gbe engedhet\u0151<\/strong><\/p>\n<p><strong>Let\u00f6lthet\u0151: <a href=\"https:\/\/semmelweis.hu\/csaladbarat\/files\/2024\/04\/1.-szamu-melleklet.pdf\">ITT<\/a><\/strong><\/p>\n","protected":false},"excerpt":{"rendered":"<p>Csal\u00e1dbar\u00e1t Gyermekprogramok Szab\u00e1lyzata &nbsp; \u00c1LTAL\u00c1NOS RENDELKEZ\u00c9SEK A dokumentum hat\u00e1lya: A jelen Csal\u00e1dbar\u00e1t gyermekprogramok szab\u00e1lyzat\u00e1nak (a tov\u00e1bbiakban: szab\u00e1lyzat) hat\u00e1lya kiterjed a Semmelweis Egyetem Csal\u00e1dbar\u00e1t Egyetem K\u00f6zpont (a tov\u00e1bbiakban: K\u00f6zpont) \u00e1ltal szervezett gyermekprogramok valamennyi r\u00e9sztvev\u0151j\u00e9re. Fogalmak 1.2.1. Gyermekprogram: A K\u00f6zpont szervez\u00e9s\u00e9ben l\u00e9trehozott olyan esem\u00e9nyek, melyeken a Semmelweis Polg\u00e1rok gyermekei r\u00e9szt vehetnek. Ide tartoznak a ny\u00e1ri gyermekt\u00e1borok, az &hellip;<\/p>\n","protected":false},"author":101174,"featured_media":5322,"parent":70,"menu_order":0,"comment_status":"closed","ping_status":"closed","template":"","meta":{"_acf_changed":false,"footnotes":""},"categories":[],"tags":[],"class_list":["post-5320","page","type-page","status-publish","has-post-thumbnail","hentry"],"acf":[],"_links":{"self":[{"href":"https:\/\/semmelweis.hu\/csaladbarat\/wp-json\/wp\/v2\/pages\/5320","targetHints":{"allow":["GET"]}}],"collection":[{"href":"https:\/\/semmelweis.hu\/csaladbarat\/wp-json\/wp\/v2\/pages"}],"about":[{"href":"https:\/\/semmelweis.hu\/csaladbarat\/wp-json\/wp\/v2\/types\/page"}],"author":[{"embeddable":true,"href":"https:\/\/semmelweis.hu\/csaladbarat\/wp-json\/wp\/v2\/users\/101174"}],"replies":[{"embeddable":true,"href":"https:\/\/semmelweis.hu\/csaladbarat\/wp-json\/wp\/v2\/comments?post=5320"}],"version-history":[{"count":7,"href":"https:\/\/semmelweis.hu\/csaladbarat\/wp-json\/wp\/v2\/pages\/5320\/revisions"}],"predecessor-version":[{"id":5670,"href":"https:\/\/semmelweis.hu\/csaladbarat\/wp-json\/wp\/v2\/pages\/5320\/revisions\/5670"}],"up":[{"embeddable":true,"href":"https:\/\/semmelweis.hu\/csaladbarat\/wp-json\/wp\/v2\/pages\/70"}],"wp:featuredmedia":[{"embeddable":true,"href":"https:\/\/semmelweis.hu\/csaladbarat\/wp-json\/wp\/v2\/media\/5322"}],"wp:attachment":[{"href":"https:\/\/semmelweis.hu\/csaladbarat\/wp-json\/wp\/v2\/media?parent=5320"}],"wp:term":[{"taxonomy":"category","embeddable":true,"href":"https:\/\/semmelweis.hu\/csaladbarat\/wp-json\/wp\/v2\/categories?post=5320"},{"taxonomy":"post_tag","embeddable":true,"href":"https:\/\/semmelweis.hu\/csaladbarat\/wp-json\/wp\/v2\/tags?post=5320"}],"curies":[{"name":"wp","href":"https:\/\/api.w.org\/{rel}","templated":true}]}}