{"id":4963,"date":"2024-02-07T11:31:24","date_gmt":"2024-02-07T10:31:24","guid":{"rendered":"https:\/\/semmelweis.hu\/csaladbarat\/?page_id=4963"},"modified":"2025-01-29T12:39:04","modified_gmt":"2025-01-29T11:39:04","slug":"segitseg-az-egeszsegugyi-szolgaltatasokhoz","status":"publish","type":"page","link":"https:\/\/semmelweis.hu\/csaladbarat\/egeszseg\/segitseg-az-egeszsegugyi-szolgaltatasokhoz\/","title":{"rendered":"\u00datmutat\u00f3 a csal\u00e1dbar\u00e1t eg\u00e9szs\u00e9g\u00fcgyi szolg\u00e1ltat\u00e1sokhoz"},"content":{"rendered":"<p><img loading=\"lazy\" decoding=\"async\" class=\"wp-image-4964 aligncenter\" src=\"https:\/\/semmelweis.hu\/csaladbarat\/files\/2024\/02\/hova-jelentkezzek-be-1-160x400.png\" alt=\"\" width=\"711\" height=\"1778\" srcset=\"https:\/\/semmelweis.hu\/csaladbarat\/files\/2024\/02\/hova-jelentkezzek-be-1-160x400.png 160w, https:\/\/semmelweis.hu\/csaladbarat\/files\/2024\/02\/hova-jelentkezzek-be-1-410x1024.png 410w, https:\/\/semmelweis.hu\/csaladbarat\/files\/2024\/02\/hova-jelentkezzek-be-1-768x1920.png 768w, https:\/\/semmelweis.hu\/csaladbarat\/files\/2024\/02\/hova-jelentkezzek-be-1-614x1536.png 614w, https:\/\/semmelweis.hu\/csaladbarat\/files\/2024\/02\/hova-jelentkezzek-be-1-753x1883.png 753w, https:\/\/semmelweis.hu\/csaladbarat\/files\/2024\/02\/hova-jelentkezzek-be-1.png 800w\" sizes=\"auto, (max-width: 711px) 100vw, 711px\" \/><\/p>\n","protected":false},"excerpt":{"rendered":"","protected":false},"author":101174,"featured_media":0,"parent":7204,"menu_order":1,"comment_status":"closed","ping_status":"closed","template":"","meta":{"_acf_changed":false,"footnotes":""},"categories":[],"tags":[],"class_list":["post-4963","page","type-page","status-publish","hentry"],"acf":[],"_links":{"self":[{"href":"https:\/\/semmelweis.hu\/csaladbarat\/wp-json\/wp\/v2\/pages\/4963","targetHints":{"allow":["GET"]}}],"collection":[{"href":"https:\/\/semmelweis.hu\/csaladbarat\/wp-json\/wp\/v2\/pages"}],"about":[{"href":"https:\/\/semmelweis.hu\/csaladbarat\/wp-json\/wp\/v2\/types\/page"}],"author":[{"embeddable":true,"href":"https:\/\/semmelweis.hu\/csaladbarat\/wp-json\/wp\/v2\/users\/101174"}],"replies":[{"embeddable":true,"href":"https:\/\/semmelweis.hu\/csaladbarat\/wp-json\/wp\/v2\/comments?post=4963"}],"version-history":[{"count":2,"href":"https:\/\/semmelweis.hu\/csaladbarat\/wp-json\/wp\/v2\/pages\/4963\/revisions"}],"predecessor-version":[{"id":7188,"href":"https:\/\/semmelweis.hu\/csaladbarat\/wp-json\/wp\/v2\/pages\/4963\/revisions\/7188"}],"up":[{"embeddable":true,"href":"https:\/\/semmelweis.hu\/csaladbarat\/wp-json\/wp\/v2\/pages\/7204"}],"wp:attachment":[{"href":"https:\/\/semmelweis.hu\/csaladbarat\/wp-json\/wp\/v2\/media?parent=4963"}],"wp:term":[{"taxonomy":"category","embeddable":true,"href":"https:\/\/semmelweis.hu\/csaladbarat\/wp-json\/wp\/v2\/categories?post=4963"},{"taxonomy":"post_tag","embeddable":true,"href":"https:\/\/semmelweis.hu\/csaladbarat\/wp-json\/wp\/v2\/tags?post=4963"}],"curies":[{"name":"wp","href":"https:\/\/api.w.org\/{rel}","templated":true}]}}