{"id":4838,"date":"2024-01-31T11:38:24","date_gmt":"2024-01-31T10:38:24","guid":{"rendered":"https:\/\/semmelweis.hu\/csaladbarat\/?page_id=4838"},"modified":"2025-11-04T15:16:12","modified_gmt":"2025-11-04T14:16:12","slug":"csaladbarat-nagykovetek","status":"publish","type":"page","link":"https:\/\/semmelweis.hu\/csaladbarat\/a-program-bemutatasa\/csaladbarat-nagykovetek\/","title":{"rendered":"Csal\u00e1dbar\u00e1t Nagyk\u00f6vetek"},"content":{"rendered":"<p style=\"text-align: justify\"><strong>A Csal\u00e1dbar\u00e1t Egyetem K\u00f6zpont c\u00e9lja a kezdetekt\u0151l, hogy a munkat\u00e1rsak \u00e9let\u00e9t olyan programokkal seg\u00edtse, melyekre sz\u00fcks\u00e9g\u00fck van, \u00e9s az mag\u00e1n \u00e9s szakmai j\u00f3ll\u00e9tet is szolg\u00e1lja. Azonban mindez mit sem \u00e9r, ha ezen szolg\u00e1ltat\u00e1sok h\u00edre nem jut el minden Semmelweis Polg\u00e1rhoz!<\/strong><\/p>\n<p style=\"text-align: justify\"><img loading=\"lazy\" decoding=\"async\" class=\"size-full wp-image-4927 alignleft\" src=\"https:\/\/semmelweis.hu\/csaladbarat\/files\/2024\/01\/Neutral-Minimal-Thank-You-Instagram-Post-1-e1706699608202.png\" alt=\"\" width=\"350\" height=\"290\" \/>A nagyk\u00f6veti programot \u00e9ppen annak \u00e9rdek\u00e9ben hoztuk l\u00e9tre, hogy azon munkat\u00e1rsaink is \u00e9rtes\u00fclhessenek aktu\u00e1lis \u00e9s \u00e1lland\u00f3 csal\u00e1dbar\u00e1t szolg\u00e1ltat\u00e1sainkr\u00f3l, esem\u00e9nyeinkr\u0151l, akik nem sz\u00e1m\u00edt\u00f3g\u00e9p el\u0151tt v\u00e9gzik munk\u00e1jukat \u00e9s \u00edgy nehezebben jut el hozz\u00e1juk az online kommunik\u00e1ci\u00f3.\u00a0\u00a0<\/p>\n<p style=\"text-align: justify\"><strong>A Csal\u00e1dbar\u00e1t Egyetem Program nagyk\u00f6vetei hidat k\u00e9peznek a K\u00f6zpont \u00e9s a k\u00e9pviselt szervezeti egys\u00e9g munkat\u00e1rsai k\u00f6z\u00f6tt.\u00a0<\/strong><\/p>\n<p>A csal\u00e1dbar\u00e1t program profilj\u00e1ba ill\u0151 k\u00e9rd\u00e9s eset\u00e9n b\u00e1tran keress\u00e9k szervezeti egys\u00e9g\u00fck nagyk\u00f6vet\u00e9t, vagy <a href=\"https:\/\/semmelweis.hu\/csaladbarat\/a-program-bemutatasa\/munkatarsak\/\">a K\u00f6zpont munkat\u00e1rsait<\/a>!<\/p>\n\n<table id=\"tablepress-8\" class=\"tablepress tablepress-id-8\">\n<thead>\n<tr class=\"row-1\">\n\t<th class=\"column-1\">A csal\u00e1dbar\u00e1t nagyk\u00f6vet <br \/>\nszervezeti egys\u00e9ge<\/th><th class=\"column-2\">neve<\/th><th class=\"column-3\">el\u00e9rhet?s\u00e9gei<\/th>\n<\/tr>\n<\/thead>\n<tbody class=\"row-striping row-hover\">\n<tr class=\"row-2\">\n\t<td class=\"column-1\">Alumni Igazgat\u00f3s\u00e1g<\/td><td class=\"column-2\">Kar\u00e1csony Anna<\/td><td class=\"column-3\">06-30-016-4792<br \/>\nkaracsony.anna@semmelweis.hu<\/td>\n<\/tr>\n<tr class=\"row-3\">\n\t<td class=\"column-1\">Aneszteziol\u00f3giai \u00e9s Perioperat\u00edv Betegell\u00e1t\u00f3 Int\u00e9zet<\/td><td class=\"column-2\">Koszta-Blazsek Ildik\u00f3<\/td><td class=\"column-3\">koszta-blazsek.ildiko@semmelweis.hu<\/td>\n<\/tr>\n<tr class=\"row-4\">\n\t<td class=\"column-1\">Aneszteziol\u00f3giai \u00e9s Perioperat\u00edv Betegell\u00e1t\u00f3 Int\u00e9zet<\/td><td class=\"column-2\">Kov\u00e1cs-Ol\u00e1h M\u00e1ria<\/td><td class=\"column-3\">kovacs.olah.maria@semmelweis.hu<\/td>\n<\/tr>\n<tr class=\"row-5\">\n\t<td class=\"column-1\">\u00c1OK Gazdas\u00e1gi Igazgat\u00f3s\u00e1g<\/td><td class=\"column-2\">Cserj\u00e9s Vikt\u00f3ria<\/td><td class=\"column-3\">06-20-666-3733<br \/>\ncserjes.viktoria@semmelweis.hu <\/td>\n<\/tr>\n<tr class=\"row-6\">\n\t<td class=\"column-1\">\u00c1OK Gazdas\u00e1gi Igazgat\u00f3s\u00e1g<\/td><td class=\"column-2\">Leszt\u00e1k \u00c9va<\/td><td class=\"column-3\">lesztak.eva@semmelweis.hu<\/td>\n<\/tr>\n<tr class=\"row-7\">\n\t<td class=\"column-1\">\u00c1OK Gazdas\u00e1gi Igazgat\u00f3s\u00e1g<\/td><td class=\"column-2\">Pint\u00e9r Ibolya Katalin<\/td><td class=\"column-3\">pinter.ibolya@semmelweis.hu<\/td>\n<\/tr>\n<tr class=\"row-8\">\n\t<td class=\"column-1\">\u00c1OK hallgat\u00f3k<\/td><td class=\"column-2\">Majl\u00e1ty Bence <\/td><td class=\"column-3\">majlaty.bence@stud.semmelweis.hu<\/td>\n<\/tr>\n<tr class=\"row-9\">\n\t<td class=\"column-1\">\u00c1pol\u00e1svezet\u00e9si \u00e9s Szakdolgoz\u00f3i Igazgat\u00f3s\u00e1g<\/td><td class=\"column-2\">L\u00f3csi Anna M\u00e1ria<\/td><td class=\"column-3\">locsi.anna.maria@semmelweis.hu<\/td>\n<\/tr>\n<tr class=\"row-10\">\n\t<td class=\"column-1\">\u00c1pol\u00e1svezet\u00e9si \u00e9s Szakdolgoz\u00f3i Igazgat\u00f3s\u00e1g<\/td><td class=\"column-2\">R\u00f3zsa Erzs\u00e9bet<\/td><td class=\"column-3\">06-20-825-0794<br \/>\nrozsa.erzsebet@semmelweis.hu <\/td>\n<\/tr>\n<tr class=\"row-11\">\n\t<td class=\"column-1\">Belgy\u00f3gy\u00e1szati \u00e9s Hematol\u00f3giai Klinika<\/td><td class=\"column-2\">Incze Oliv\u00e9r Antaln\u00e9 (Marcsi)<\/td><td class=\"column-3\">06 30 016 4957<br \/>\nincze.oliver.antalne@semmelweis.hu<\/td>\n<\/tr>\n<tr class=\"row-12\">\n\t<td class=\"column-1\">Beszerz\u00e9si Igazgat\u00f3s\u00e1g<\/td><td class=\"column-2\">T\u00f3th Beatrix<\/td><td class=\"column-3\">toth.beatrix1@semmelweis.hu<\/td>\n<\/tr>\n<tr class=\"row-13\">\n\t<td class=\"column-1\">Biztons\u00e1gtechnikai Igazgat\u00f3s\u00e1g<\/td><td class=\"column-2\">Nov\u00e1k Brigitta<\/td><td class=\"column-3\">novak.brigitta@semmelweis.hu<\/td>\n<\/tr>\n<tr class=\"row-14\">\n\t<td class=\"column-1\">B\u0151r-, Nemik\u00f3rtani \u00e9s B\u0151ronkol\u00f3giai Klinika<\/td><td class=\"column-2\">Gombk\u00f6t\u0151 Anna<\/td><td class=\"column-3\">gombkoto.anna@semmelweis.hu<\/td>\n<\/tr>\n<tr class=\"row-15\">\n\t<td class=\"column-1\">B\u0151r-, Nemik\u00f3rtani \u00e9s B\u0151ronkol\u00f3giai Klinika<\/td><td class=\"column-2\">Szab\u00f3n\u00e9 T\u00f3th Ren\u00e1ta Krisztina<\/td><td class=\"column-3\">06-70-604-3081<br \/>\ntoth.renata@semmelweis.hu <br \/>\n<\/td>\n<\/tr>\n<tr class=\"row-16\">\n\t<td class=\"column-1\">Corvin-negyedi Klinikai T\u00f6mbigazgat\u00f3s\u00e1g<\/td><td class=\"column-2\">D\u00f3zsa L\u00e1szl\u00f3 Ferencn\u00e9 (R\u00f3zsika)<\/td><td class=\"column-3\">dozsa.laszlone@semmelweis.hu<\/td>\n<\/tr>\n<tr class=\"row-17\">\n\t<td class=\"column-1\">Eg\u00e9szs\u00e9gtudom\u00e1nyi Programkoordin\u00e1ci\u00f3s \u00e9s Fejleszt\u00e9si Iroda<\/td><td class=\"column-2\">Gy\u0151rfi Judit M\u00e1rta <\/td><td class=\"column-3\">06 20 670 1959<br \/>\ngyorfi.judit.marta@semmelweis.hu<\/td>\n<\/tr>\n<tr class=\"row-18\">\n\t<td class=\"column-1\">Ellen\u0151rz\u00e9si Igazgat\u00f3s\u00e1g<\/td><td class=\"column-2\">Adorj\u00e1nn\u00e9 Feh\u00e9r \u00c9va<\/td><td class=\"column-3\">adorjanne.feher.eva@semmelweis.hu<\/td>\n<\/tr>\n<tr class=\"row-19\">\n\t<td class=\"column-1\">Farmakol\u00f3giai \u00e9s Farmakoter\u00e1pi\u00e1s Int\u00e9zet<\/td><td class=\"column-2\">Szab\u00f3 M\u00e1rta Gabriella<\/td><td class=\"column-3\">06 20 825 0337<br \/>\nszabo.marta1@semmelweis.hu<\/td>\n<\/tr>\n<tr class=\"row-20\">\n\t<td class=\"column-1\">Fog\u00e1szati \u00e9s Sz\u00e1jseb\u00e9szeti Oktat\u00f3 Int\u00e9zet<\/td><td class=\"column-2\">Fodorn\u00e9 Feh\u00e9r Lilian<\/td><td class=\"column-3\">feher.lilian@semmelweis.hu<\/td>\n<\/tr>\n<tr class=\"row-21\">\n\t<td class=\"column-1\">Fog\u00e1szati-, \u00e9s Sz\u00e1jseb\u00e9szeti Oktat\u00f3 Int\u00e9zet<\/td><td class=\"column-2\">Kocsis Be\u00e1ta Zsuzsanna<\/td><td class=\"column-3\">06 30 554 2480<br \/>\nkocsis.beata@semmelweis.hu<\/td>\n<\/tr>\n<tr class=\"row-22\">\n\t<td class=\"column-1\">Foglalkoz\u00e1s-eg\u00e9szs\u00e9g\u00fcgyi Szolg\u00e1lat<\/td><td class=\"column-2\">Halla Hajnalka<\/td><td class=\"column-3\">06 20 670 1557<br \/>\nhalla.hajnalka@semmelweis.hu<\/td>\n<\/tr>\n<tr class=\"row-23\">\n\t<td class=\"column-1\">Fogp\u00f3tl\u00e1stani Klinika<\/td><td class=\"column-2\">Goda \u00c9va<\/td><td class=\"column-3\">goda.eva@semmelweis.hu<\/td>\n<\/tr>\n<tr class=\"row-24\">\n\t<td class=\"column-1\">Geri\u00e1triai Klinika \u00e9s \u00c1pol\u00e1studom\u00e1nyi K\u00f6zpont<\/td><td class=\"column-2\">Ksuz Szilvia Zs\u00f3fia<\/td><td class=\"column-3\">ksuz.szilvia@semmelweis.hu<\/td>\n<\/tr>\n<tr class=\"row-25\">\n\t<td class=\"column-1\">G\u00f6d\u00f6ll\u0151i Semmelweis Eg\u00e9szs\u00e9gk\u00f6zpont<\/td><td class=\"column-2\">K\u00fcrti Gabriella<\/td><td class=\"column-3\">kurti.gabriella@semmelweis.hu<\/td>\n<\/tr>\n<tr class=\"row-26\">\n\t<td class=\"column-1\">Gyermekgy\u00f3gy\u00e1szati Klinika (B\u00f3kay)<\/td><td class=\"column-2\">Kapros Andrea T\u00fcnde<\/td><td class=\"column-3\">kapros.andrea@semmelweis.hu<\/td>\n<\/tr>\n<tr class=\"row-27\">\n\t<td class=\"column-1\">Karriermenedzsment Oszt\u00e1ly<\/td><td class=\"column-2\">P\u00e9m-Urb\u00e1n Anita<\/td><td class=\"column-3\">urban.anita@semmelweis.hu<\/td>\n<\/tr>\n<tr class=\"row-28\">\n\t<td class=\"column-1\">Idegseb\u00e9szeti \u00e9s Neurointervenci\u00f3s Klinika <\/td><td class=\"column-2\">Kiss T\u00edmea <\/td><td class=\"column-3\">06 20 354 8908<br \/>\nkiss.timea@semmelweis.hu<\/td>\n<\/tr>\n<tr class=\"row-29\">\n\t<td class=\"column-1\">Idegseb\u00e9szeti \u00e9s Neurointervenci\u00f3s Klinika<\/td><td class=\"column-2\">Lantosn\u00e9 Kemenczei Erika<\/td><td class=\"column-3\">lantosne.kemenczei.erika@semmelweis.hu<\/td>\n<\/tr>\n<tr class=\"row-30\">\n\t<td class=\"column-1\">Intenz\u00edv Ter\u00e1pi\u00e1s Klinika <\/td><td class=\"column-2\">Sz\u0171cs Zsolt<\/td><td class=\"column-3\">szucs.zsolt@semmelweis.hu<\/td>\n<\/tr>\n<tr class=\"row-31\">\n\t<td class=\"column-1\">Informatikai F\u0151igazgat\u00f3s\u00e1g, Fejleszt\u00e9si Igazgat\u00f3s\u00e1g<\/td><td class=\"column-2\">R\u00f3ka-Kov\u00e1cs Anik\u00f3<\/td><td class=\"column-3\">roka.kovacs.aniko@semmelweis.hu<\/td>\n<\/tr>\n<tr class=\"row-32\">\n\t<td class=\"column-1\">Intenz\u00edv Ter\u00e1pi\u00e1s Klinika <\/td><td class=\"column-2\">Szatm\u00e1rin\u00e9 Reichardt Krisztina \u00a0<\/td><td class=\"column-3\">06 20 825 8403<br \/>\nreichardt.krisztina@semmelweis.hu<\/td>\n<\/tr>\n<tr class=\"row-33\">\n\t<td class=\"column-1\">Jogi \u00e9s Igazgat\u00e1si F\u0151igazgat\u00f3s\u00e1g<\/td><td class=\"column-2\">Nyitrain\u00e9 Gerg\u0151 Judit<\/td><td class=\"column-3\">nyitraine.gergo.judit@semmelweis.hu<\/td>\n<\/tr>\n<tr class=\"row-34\">\n\t<td class=\"column-1\">Koll\u00e9giumok Igazgat\u00f3s\u00e1ga<\/td><td class=\"column-2\">Szak\u00e1l D\u00f6niz<\/td><td class=\"column-3\">szakal.doniz@semmelweis.hu<\/td>\n<\/tr>\n<tr class=\"row-35\">\n\t<td class=\"column-1\">Kontrolling Igazgat\u00f3s\u00e1g<\/td><td class=\"column-2\">Horv\u00e1th-Hegedus Ang\u00e9la<\/td><td class=\"column-3\">hegedus.angela@semmelweis.hu<\/td>\n<\/tr>\n<tr class=\"row-36\">\n\t<td class=\"column-1\">Kommunik\u00e1ci\u00f3s Igazgat\u00f3s\u00e1g<\/td><td class=\"column-2\">Orosz Ilona<\/td><td class=\"column-3\">orosz.ilona@semmelweis.hu<\/td>\n<\/tr>\n<tr class=\"row-37\">\n\t<td class=\"column-1\">Kompetencia K\u00f6zpont<\/td><td class=\"column-2\">Dr. B\u00e9res \u00c1gnes<\/td><td class=\"column-3\">beres.agnes@semmelweis.hu<\/td>\n<\/tr>\n<tr class=\"row-38\">\n\t<td class=\"column-1\">Kompetencia K\u00f6zpont<\/td><td class=\"column-2\">Haszon-Nagy Zs\u00f3fia<\/td><td class=\"column-3\">haszon.zsofia@semmelweis.hu<\/td>\n<\/tr>\n<tr class=\"row-39\">\n\t<td class=\"column-1\">Kompetencia K\u00f6zpont<\/td><td class=\"column-2\">Feh\u00e9r G\u00e1bor<\/td><td class=\"column-3\">feher.gabor@semmelweis.hu<\/td>\n<\/tr>\n<tr class=\"row-40\">\n\t<td class=\"column-1\">L\u00e9tes\u00edtm\u00e9nyfejleszt\u00e9si \u00e9s -\u00fczemeltet\u00e9si Igazgat\u00f3s\u00e1g<\/td><td class=\"column-2\">Szab\u00f3 Gy\u00f6rgy<\/td><td class=\"column-3\">szabo.gyorgy@semmelweis.hu<\/td>\n<\/tr>\n<tr class=\"row-41\">\n\t<td class=\"column-1\">Mer\u00e9nyi Klinikai T\u00f6mbigazgat\u00f3s\u00e1g<\/td><td class=\"column-2\">Baksa Anita<\/td><td class=\"column-3\">baksa.anita@semmelweis.hu<\/td>\n<\/tr>\n<tr class=\"row-42\">\n\t<td class=\"column-1\">Mer\u00e9nyi Klinikai T\u00f6mbigazgat\u00f3s\u00e1g<\/td><td class=\"column-2\">Farkas Vanda Alexa<\/td><td class=\"column-3\">06-30-877-4275<br \/>\nfarkas.vanda@semmelweis.hu<br \/>\n<\/td>\n<\/tr>\n<tr class=\"row-43\">\n\t<td class=\"column-1\">Mer\u00e9nyi Klinikai T\u00f6mbigazgat\u00f3s\u00e1g<\/td><td class=\"column-2\">Szalontai Edit<\/td><td class=\"column-3\">szalontai.edit@semmelweis.hu<\/td>\n<\/tr>\n<tr class=\"row-44\">\n\t<td class=\"column-1\">Nemzetk\u00f6zi Hallgat\u00f3k K\u00e9pz\u00e9seinek K\u00f6zpontja<\/td><td class=\"column-2\">Jordanov-S\u00e1ndor Edina<\/td><td class=\"column-3\">sandor.edina@semmelweis.hu<\/td>\n<\/tr>\n<tr class=\"row-45\">\n\t<td class=\"column-1\">Or\u00e1lbiol\u00f3giai Tansz\u00e9k<\/td><td class=\"column-2\">Cs\u00f6r\u00f6gi G\u00e1born\u00e9 ildik\u00f3<\/td><td class=\"column-3\">csorogi.gaborne@semmelweis.hu<\/td>\n<\/tr>\n<tr class=\"row-46\">\n\t<td class=\"column-1\">Orvosi K\u00e9palkot\u00f3 Klinika<\/td><td class=\"column-2\">Vieira Gabriella<\/td><td class=\"column-3\">vieira.gabriella@semmelweis.hu<\/td>\n<\/tr>\n<tr class=\"row-47\">\n\t<td class=\"column-1\">PAK Gazdas\u00e1gi Igazgat\u00f3s\u00e1g<\/td><td class=\"column-2\">Kr\u00e1nicz Alexandra<\/td><td class=\"column-3\">kranicz.alexandra@semmelweis.hu<\/td>\n<\/tr>\n<tr class=\"row-48\">\n\t<td class=\"column-1\">P\u00e1ly\u00e1zati Menedzsment K\u00f6zpont<\/td><td class=\"column-2\">Kalocsai Ildik\u00f3 Katalin<\/td><td class=\"column-3\">kalocsai.ildiko@semmelweis.hu<\/td>\n<\/tr>\n<tr class=\"row-49\">\n\t<td class=\"column-1\">Pankre\u00e1sz Betegs\u00e9gek Int\u00e9zete<\/td><td class=\"column-2\">Petlickij Fruzsina Hedvig<\/td><td class=\"column-3\">06 30 656 7540<br \/>\npetlickij.fruzsina.hedvig@semmelweis.hu<\/td>\n<\/tr>\n<tr class=\"row-50\">\n\t<td class=\"column-1\">P\u00e1ly\u00e1zati Menedzsment K\u00f6zpont<\/td><td class=\"column-2\">Sz\u0171csn\u00e9 Tam\u00e1si Erzs\u00e9bet<\/td><td class=\"column-3\">szucsne.tamasi.erzsebet@semmelweis.hu<\/td>\n<\/tr>\n<tr class=\"row-51\">\n\t<td class=\"column-1\">Pet\u0151 Andr\u00e1s Kar, Hum\u00e1ntudom\u00e1nyi Int\u00e9zet<\/td><td class=\"column-2\">Elek \u00c1gnes<\/td><td class=\"column-3\">elek.agnes@semmelweis.hu<\/td>\n<\/tr>\n<tr class=\"row-52\">\n\t<td class=\"column-1\">Propedeutikai Tansz\u00e9k<\/td><td class=\"column-2\">Dr. D\u00e9zsi Anna J\u00falia<\/td><td class=\"column-3\">mell\u00e9k: 59111<br \/>\ndezsi.anna@semmelweis.hu <br \/>\n<\/td>\n<\/tr>\n<tr class=\"row-53\">\n\t<td class=\"column-1\">Pszichi\u00e1triai \u00e9s Pszichoter\u00e1pi\u00e1s Klinika<\/td><td class=\"column-2\">Roszkopf Be\u00e1ta M\u00e1ria<\/td><td class=\"column-3\">roszkopf.beata.maria@semmelweis.hu<\/td>\n<\/tr>\n<tr class=\"row-54\">\n\t<td class=\"column-1\">Rehabilit\u00e1ci\u00f3s Klinika<\/td><td class=\"column-2\">Zsupp\u00e1n M\u00f3nika<\/td><td class=\"column-3\">zsuppan.monika@semmelweis.hu<\/td>\n<\/tr>\n<tr class=\"row-55\">\n\t<td class=\"column-1\">S\u00fcrg\u0151ss\u00e9gi Orvostani Klinika<\/td><td class=\"column-2\">R\u00e1cz Vikt\u00f3ria<\/td><td class=\"column-3\">racz.viktoria@semmelweis.hu<\/td>\n<\/tr>\n<tr class=\"row-56\">\n\t<td class=\"column-1\">Szaknyelvi Int\u00e9zet<\/td><td class=\"column-2\">Dr. Rausch-Moln\u00e1r Luca<\/td><td class=\"column-3\">rausch.molnar.luca@semmelweis.hu<\/td>\n<\/tr>\n<tr class=\"row-57\">\n\t<td class=\"column-1\">Szakrendel\u0151 Int\u00e9zet<\/td><td class=\"column-2\">Skrapits \u00c1gnes<\/td><td class=\"column-3\">skrapits.agnes@semmelweis.hu<\/td>\n<\/tr>\n<tr class=\"row-58\">\n\t<td class=\"column-1\">Szent R\u00f3kus Klinikai T\u00f6mbigazgat\u00f3s\u00e1g<\/td><td class=\"column-2\">Farkas-Macz\u00e1k Melinda<\/td><td class=\"column-3\">06-30-507-6695<br \/>\nfarkas.maczak.melinda@semmelweis.hu <\/td>\n<\/tr>\n<tr class=\"row-59\">\n\t<td class=\"column-1\">Szem\u00e9szeti Klinika (BTI)<\/td><td class=\"column-2\">Kojnok Tam\u00e1s Andr\u00e1s<\/td><td class=\"column-3\">kojnok.tamas.andras@semmelweis.hu<\/td>\n<\/tr>\n<tr class=\"row-60\">\n\t<td class=\"column-1\">Szervez\u00e9si \u00e9s Igazgat\u00e1si K\u00f6zpont<\/td><td class=\"column-2\">M\u00e1rton No\u00e9mi<\/td><td class=\"column-3\">marton.noemi@semmelweis.hu<\/td>\n<\/tr>\n<tr class=\"row-61\">\n\t<td class=\"column-1\">Szolg\u00e1ltat\u00e1si Igazgat\u00f3s\u00e1g<\/td><td class=\"column-2\">Ny\u00edr\u0151 Tam\u00e1s<\/td><td class=\"column-3\">nyiro.tamas@semmelweis.hu<\/td>\n<\/tr>\n<tr class=\"row-62\">\n\t<td class=\"column-1\">Transzl\u00e1ci\u00f3s Medicina K\u00f6zpont<\/td><td class=\"column-2\">N\u00e9methn\u00e9 Nobilis Fanni<\/td><td class=\"column-3\">nemethne.nobilis.fanni@semmelweis.hu<\/td>\n<\/tr>\n<tr class=\"row-63\">\n\t<td class=\"column-1\">Traumatol\u00f3giai Klinika<\/td><td class=\"column-2\">Somody Emese<\/td><td class=\"column-3\">somody.emese@semmelweis.hu<\/td>\n<\/tr>\n<tr class=\"row-64\">\n\t<td class=\"column-1\">Urol\u00f3giai Klinika<\/td><td class=\"column-2\">T\u00f3dorn\u00e9 Bogn\u00e1r Krisztina<\/td><td class=\"column-3\">bognar.krisztina@semmelweis.hu<\/td>\n<\/tr>\n<tr class=\"row-65\">\n\t<td class=\"column-1\">V\u00e1rosmajori Sz\u00edv- \u00e9s \u00c9rgy\u00f3gy\u00e1szati Klinika<\/td><td class=\"column-2\">Szab\u00f3-S\u00fcmegi Andrea<\/td><td class=\"column-3\">06-20-825-8134<\/td>\n<\/tr>\n<\/tbody>\n<\/table>\n<!-- #tablepress-8 from cache -->\n<p>&nbsp;<\/p>\n","protected":false},"excerpt":{"rendered":"<p>A Csal\u00e1dbar\u00e1t Egyetem K\u00f6zpont c\u00e9lja a kezdetekt\u0151l, hogy a munkat\u00e1rsak \u00e9let\u00e9t olyan programokkal seg\u00edtse, melyekre sz\u00fcks\u00e9g\u00fck van, \u00e9s az mag\u00e1n \u00e9s szakmai j\u00f3ll\u00e9tet is szolg\u00e1lja. Azonban mindez mit sem \u00e9r, ha ezen szolg\u00e1ltat\u00e1sok h\u00edre nem jut el minden Semmelweis Polg\u00e1rhoz! A nagyk\u00f6veti programot \u00e9ppen annak \u00e9rdek\u00e9ben hoztuk l\u00e9tre, hogy azon munkat\u00e1rsaink is \u00e9rtes\u00fclhessenek aktu\u00e1lis \u00e9s &hellip;<\/p>\n","protected":false},"author":101174,"featured_media":0,"parent":8,"menu_order":1,"comment_status":"closed","ping_status":"closed","template":"","meta":{"_acf_changed":false,"footnotes":""},"categories":[],"tags":[],"class_list":["post-4838","page","type-page","status-publish","hentry"],"acf":[],"_links":{"self":[{"href":"https:\/\/semmelweis.hu\/csaladbarat\/wp-json\/wp\/v2\/pages\/4838","targetHints":{"allow":["GET"]}}],"collection":[{"href":"https:\/\/semmelweis.hu\/csaladbarat\/wp-json\/wp\/v2\/pages"}],"about":[{"href":"https:\/\/semmelweis.hu\/csaladbarat\/wp-json\/wp\/v2\/types\/page"}],"author":[{"embeddable":true,"href":"https:\/\/semmelweis.hu\/csaladbarat\/wp-json\/wp\/v2\/users\/101174"}],"replies":[{"embeddable":true,"href":"https:\/\/semmelweis.hu\/csaladbarat\/wp-json\/wp\/v2\/comments?post=4838"}],"version-history":[{"count":10,"href":"https:\/\/semmelweis.hu\/csaladbarat\/wp-json\/wp\/v2\/pages\/4838\/revisions"}],"predecessor-version":[{"id":6426,"href":"https:\/\/semmelweis.hu\/csaladbarat\/wp-json\/wp\/v2\/pages\/4838\/revisions\/6426"}],"up":[{"embeddable":true,"href":"https:\/\/semmelweis.hu\/csaladbarat\/wp-json\/wp\/v2\/pages\/8"}],"wp:attachment":[{"href":"https:\/\/semmelweis.hu\/csaladbarat\/wp-json\/wp\/v2\/media?parent=4838"}],"wp:term":[{"taxonomy":"category","embeddable":true,"href":"https:\/\/semmelweis.hu\/csaladbarat\/wp-json\/wp\/v2\/categories?post=4838"},{"taxonomy":"post_tag","embeddable":true,"href":"https:\/\/semmelweis.hu\/csaladbarat\/wp-json\/wp\/v2\/tags?post=4838"}],"curies":[{"name":"wp","href":"https:\/\/api.w.org\/{rel}","templated":true}]}}