{"id":39,"date":"2020-10-21T13:47:51","date_gmt":"2020-10-21T11:47:51","guid":{"rendered":"https:\/\/semmelweis.hu\/csaladbarat\/?page_id=39"},"modified":"2024-09-20T14:01:26","modified_gmt":"2024-09-20T12:01:26","slug":"egeszsegmegorzes","status":"publish","type":"page","link":"https:\/\/semmelweis.hu\/csaladbarat\/egeszsegugyi-ellatas\/egeszsegmegorzes\/","title":{"rendered":"Prevenci\u00f3"},"content":{"rendered":"<div class=\"responsive-tabs\">\n<h2 class=\"tabtitle\"><strong>Prevenci\u00f3s szakrendel\u00e9s<\/strong><\/h2>\n<div class=\"tabcontent\">\n\n<p style=\"text-align: justify\"><img loading=\"lazy\" decoding=\"async\" class=\" wp-image-3919 alignleft\" src=\"https:\/\/semmelweis.hu\/csaladbarat\/files\/2023\/09\/prevencio-400x320.jpg\" alt=\"\" width=\"273\" height=\"218\" srcset=\"https:\/\/semmelweis.hu\/csaladbarat\/files\/2023\/09\/prevencio-400x320.jpg 400w, https:\/\/semmelweis.hu\/csaladbarat\/files\/2023\/09\/prevencio-1024x819.jpg 1024w, https:\/\/semmelweis.hu\/csaladbarat\/files\/2023\/09\/prevencio-768x614.jpg 768w, https:\/\/semmelweis.hu\/csaladbarat\/files\/2023\/09\/prevencio-1536x1229.jpg 1536w, https:\/\/semmelweis.hu\/csaladbarat\/files\/2023\/09\/prevencio-2048x1638.jpg 2048w, https:\/\/semmelweis.hu\/csaladbarat\/files\/2023\/09\/prevencio-753x602.jpg 753w\" sizes=\"auto, (max-width: 273px) 100vw, 273px\" \/>Az egyetem munkav\u00e1llal\u00f3i \u00e9s hallgat\u00f3i sz\u00e1m\u00e1ra szeptemberben megnyitotta kapuj\u00e1t az orsz\u00e1g els\u0151 prevenci\u00f3s szakrendel\u00e9se a Semmelweis Egyetem Szakrendel\u0151 Int\u00e9zet\u00e9ben, a N\u00e9peg\u00e9szs\u00e9gtani Int\u00e9zet szakembereivel egy\u00fcttm\u0171k\u00f6dve.<\/p>\n<p style=\"text-align: justify\">A prevenci\u00f3, azaz a betegs\u00e9g megel\u0151z\u00e9s mindazon orvosi \u00e9s nem orvosi eg\u00e9szs\u00e9g\u00fcgyi elj\u00e1r\u00e1sokat, \u00e9letviteli m\u00f3dokat jelenti, amelyek c\u00e9lja a betegs\u00e9gek megel\u0151z\u00e9se, korai felismer\u00e9se \u00e9s a sz\u00f6v\u0151dm\u00e9nyek kialakul\u00e1s\u00e1nak megel\u0151z\u00e9se.\u00a0<strong>A prevenci\u00f3s szakrendel\u00e9s sor\u00e1n az olyan \u00e9letm\u00f3dbeli komponensek fejleszt\u00e9s\u00e9n van a hangs\u00faly, mint a rendszeres mozg\u00e1s, eg\u00e9szs\u00e9ges t\u00e1pl\u00e1lkoz\u00e1s vagy ak\u00e1r doh\u00e1nyz\u00e1sr\u00f3l val\u00f3 leszok\u00e1s.<\/strong><\/p>\n<p style=\"text-align: justify\">A Semmelweis Egyetem Szakrendel\u0151 Int\u00e9zet\u00e9nek \u00e9s N\u00e9peg\u00e9szs\u00e9gtani Int\u00e9zet\u00e9nek szakemberei \u00fan. motiv\u00e1ci\u00f3s interj\u00fa seg\u00edts\u00e9g\u00e9vel t\u00e9rk\u00e9pezik fel a p\u00e1ciensek c\u00e9lkit\u0171z\u00e9seit. A motiv\u00e1ci\u00f3s interj\u00fa egy olyan tan\u00e1csad\u00e1si forma, amelyben a p\u00e1ciens meghat\u00e1rozza, hogy milyen \u00e9letm\u00f3dbeli ter\u00fclettel szeretne foglalkozni, illetve eld\u00f6nti, hogy a kit\u0171z\u00f6tt c\u00e9lt hogyan k\u00edv\u00e1nja el\u00e9rni.<\/p>\n<p style=\"text-align: justify\">V\u00e1rjuk azon Semmelweis Polg\u00e1rok (hallgat\u00f3k, munkat\u00e1rsak) megkeres\u00e9s\u00e9t, akik szeretn\u00e9nek szak\u00e9rt\u0151i seg\u00edts\u00e9get \u00e9letm\u00f3djuk fejleszt\u00e9s\u00e9hez! A tan\u00e1csad\u00e1s szem\u00e9lyesen vagy online is megval\u00f3s\u00edthat\u00f3.\u00a0<\/p>\n<h3 style=\"text-align: center\"><strong>Bejelentkez\u00e9s: <a href=\"mailto:prevenciosrendelo.nepegeszsegtan@semmelweis.hu\">prevenciosrendelo.nepegeszsegtan@semmelweis.hu<\/a> \u00a0<\/strong><\/h3>\n<p style=\"text-align: justify\">\n<\/div><h2 class=\"tabtitle\"><strong>Egy\u00e9ni \u00e9letm\u00f3d tan\u00e1csad\u00e1s<\/strong><\/h2>\n<div class=\"tabcontent\">\n<\/p>\n<p><img loading=\"lazy\" decoding=\"async\" class=\" wp-image-3596 alignleft\" src=\"https:\/\/semmelweis.hu\/csaladbarat\/files\/2023\/08\/real-food-pyramid-assortment-still-life-400x286.jpg\" alt=\"\" width=\"326\" height=\"233\" srcset=\"https:\/\/semmelweis.hu\/csaladbarat\/files\/2023\/08\/real-food-pyramid-assortment-still-life-400x286.jpg 400w, https:\/\/semmelweis.hu\/csaladbarat\/files\/2023\/08\/real-food-pyramid-assortment-still-life-768x548.jpg 768w, https:\/\/semmelweis.hu\/csaladbarat\/files\/2023\/08\/real-food-pyramid-assortment-still-life-753x538.jpg 753w, https:\/\/semmelweis.hu\/csaladbarat\/files\/2023\/08\/real-food-pyramid-assortment-still-life.jpg 1000w\" sizes=\"auto, (max-width: 326px) 100vw, 326px\" \/><\/p>\n<p style=\"text-align: justify\">A Semmelweis Egyetem egyik f\u0151 c\u00e9lja az egyetemi polg\u00e1rok eg\u00e9szs\u00e9gi \u00e1llapot\u00e1nak \u00e9s eg\u00e9szs\u00e9gmagatart\u00e1s\u00e1nak a jav\u00edt\u00e1sa. A Csal\u00e1dbar\u00e1t Egyetem Program keret\u00e9ben az Eg\u00e9szs\u00e9gfejleszt\u00e9si\u00a0K\u00f6zpont szakemberei dietetikai tan\u00e1csad\u00e1st biztos\u00edtanak.\u00a0<\/p>\n<p style=\"text-align: justify\">Az els\u0151 tan\u00e1csad\u00e1s sor\u00e1n a szakemberek felm\u00e9rik eg\u00e9szs\u00e9gi \u00e1llapot\u00e1t, majd egy <strong>komplex eg\u00e9szs\u00e9gtervet \u00e1ll\u00edtanak \u00f6ssze<\/strong>. Ez tartalmazhat t\u00e1pl\u00e1lkoz\u00e1si tan\u00e1csad\u00e1st, \u00e9trendtervez\u00e9st, konzult\u00e1ci\u00f3s lehet\u0151s\u00e9get okleveles t\u00e1pl\u00e1lkoz\u00e1studom\u00e1nyi szakemberrel, tov\u00e1bb\u00e1 egy\u00e9ni vagy csoportos mozg\u00e1sprogramot is.<\/p>\n<p style=\"text-align: justify\">A konzult\u00e1ci\u00f3ra <a href=\"https:\/\/semmelweis.hu\/egeszsegfejlesztes\/online-egeszsegszolgaltatasok\/egyeni-tanacsadas\/szemelyes-egyeni-eletmod-tanacsadas-bejelentkezes\/\"><strong>online<\/strong><\/a> \u00e9s <a href=\"https:\/\/semmelweis.hu\/egeszsegfejlesztes\/online-egeszsegszolgaltatasok\/egyeni-tanacsadas\/szemelyes-egyeni-eletmod-tanacsadas-bejelentkezes\/\"><strong>szem\u00e9lyesen<\/strong><\/a> is lehet\u0151s\u00e9g van, a bejelentkez\u00e9shez kattintson a prefer\u00e1lt tan\u00e1csad\u00e1si form\u00e1ra.\u00a0<\/p>\n\n<\/div><h2 class=\"tabtitle\"><strong>Medical Fitness<\/strong><\/h2>\n<div class=\"tabcontent\">\n\n<p style=\"text-align: justify\"><img loading=\"lazy\" decoding=\"async\" class=\" wp-image-3314 alignleft\" src=\"https:\/\/semmelweis.hu\/csaladbarat\/files\/2023\/07\/Nevtelen-1920-\u00d7-1080-keppont-400x225.png\" alt=\"\" width=\"380\" height=\"214\" \/>A Semmelweis Egyetem szakemberei \u00e1ltal kidolgozott Medical Fitness \u00e9letm\u00f3dv\u00e1lt\u00f3 projekt sor\u00e1n olyan innovat\u00edv \u00e9s komplex programban vehetnek r\u00e9szt a munkat\u00e1rsak, ami teljes eg\u00e9sz\u00e9ben orvosi alapokon \u00e9s bizony\u00edt\u00e9kokon nyugszik: a mozg\u00e1s-gy\u00f3gyszer koncepci\u00f3j\u00e1ra \u00e9p\u00fcl, hetente t\u00f6bb alkalmas gy\u00f3gytorn\u00e1val, edz\u00e9ssel, folyamatos dietetikai, illetve a csoportos pszichol\u00f3giai tr\u00e9ninggel.\u00a0<\/p>\n<p style=\"text-align: justify\">A h\u00e1rom h\u00f3napon \u00e1t tart\u00f3 programban alapbetegs\u00e9ggel \u2013 pl. pajzsmirigyzavarral, magas v\u00e9rnyom\u00e1ssal, \u00e9relmeszesed\u00e9ssel, cukorbetegs\u00e9ggel \u2013 \u00e9rintett koll\u00e9g\u00e1k vehetnek r\u00e9szt, akiknek a sikeres \u00e9letm\u00f3dv\u00e1lt\u00e1shoz szakorvosi figyelemre van sz\u00fcks\u00e9g.<\/p>\n<p>A programra az <a href=\"mailto:eletmodvalto@semmelweis-univ.hu\">eletmodvalto@semmelweis-univ.hu<\/a> e-mail-c\u00edmen jelentkezhet.\u00a0<\/p>\n<p><strong><em>Cikkek, besz\u00e1mol\u00f3k:<\/em><\/strong><\/p>\n<p><strong><a href=\"https:\/\/semmelweis.hu\/csaladbarat\/2022\/10\/18\/valts-eletmodot-a-csaladbarat-egyetem-program-tamogatasaval\/\">Medical Fitness &#8211; indul\u00e1s<\/a><\/strong><\/p>\n<p><strong><a href=\"https:\/\/semmelweis.hu\/csaladbarat\/2023\/01\/30\/zarult-a-medical-fitness-pilot-program\/\">Medical Fitness &#8211; pilot (besz\u00e1mol\u00f3)<\/a><\/strong><\/p>\n<p><strong><a href=\"https:\/\/semmelweis.hu\/csaladbarat\/2023\/07\/19\/medical-fitness-2-0-ujabb-21-munkatars-indult-el-az-eletmodvaltas-utjan\/\">Medical Fitness 2.0<\/a><\/strong><\/p>\n<\/div><\/div>\n","protected":false},"excerpt":{"rendered":"<p>Az egyetem munkav\u00e1llal\u00f3i \u00e9s hallgat\u00f3i sz\u00e1m\u00e1ra szeptemberben megnyitotta kapuj\u00e1t az orsz\u00e1g els\u0151 prevenci\u00f3s szakrendel\u00e9se a Semmelweis Egyetem Szakrendel\u0151 Int\u00e9zet\u00e9ben, a N\u00e9peg\u00e9szs\u00e9gtani Int\u00e9zet szakembereivel egy\u00fcttm\u0171k\u00f6dve. A prevenci\u00f3, azaz a betegs\u00e9g megel\u0151z\u00e9s mindazon orvosi \u00e9s nem orvosi eg\u00e9szs\u00e9g\u00fcgyi elj\u00e1r\u00e1sokat, \u00e9letviteli m\u00f3dokat jelenti, amelyek c\u00e9lja a betegs\u00e9gek megel\u0151z\u00e9se, korai felismer\u00e9se \u00e9s a sz\u00f6v\u0151dm\u00e9nyek kialakul\u00e1s\u00e1nak megel\u0151z\u00e9se.\u00a0A prevenci\u00f3s szakrendel\u00e9s sor\u00e1n &hellip;<\/p>\n","protected":false},"author":12,"featured_media":0,"parent":37,"menu_order":1,"comment_status":"closed","ping_status":"closed","template":"","meta":{"_acf_changed":false,"footnotes":""},"categories":[],"tags":[],"class_list":["post-39","page","type-page","status-publish","hentry"],"acf":[],"_links":{"self":[{"href":"https:\/\/semmelweis.hu\/csaladbarat\/wp-json\/wp\/v2\/pages\/39","targetHints":{"allow":["GET"]}}],"collection":[{"href":"https:\/\/semmelweis.hu\/csaladbarat\/wp-json\/wp\/v2\/pages"}],"about":[{"href":"https:\/\/semmelweis.hu\/csaladbarat\/wp-json\/wp\/v2\/types\/page"}],"author":[{"embeddable":true,"href":"https:\/\/semmelweis.hu\/csaladbarat\/wp-json\/wp\/v2\/users\/12"}],"replies":[{"embeddable":true,"href":"https:\/\/semmelweis.hu\/csaladbarat\/wp-json\/wp\/v2\/comments?post=39"}],"version-history":[{"count":9,"href":"https:\/\/semmelweis.hu\/csaladbarat\/wp-json\/wp\/v2\/pages\/39\/revisions"}],"predecessor-version":[{"id":6132,"href":"https:\/\/semmelweis.hu\/csaladbarat\/wp-json\/wp\/v2\/pages\/39\/revisions\/6132"}],"up":[{"embeddable":true,"href":"https:\/\/semmelweis.hu\/csaladbarat\/wp-json\/wp\/v2\/pages\/37"}],"wp:attachment":[{"href":"https:\/\/semmelweis.hu\/csaladbarat\/wp-json\/wp\/v2\/media?parent=39"}],"wp:term":[{"taxonomy":"category","embeddable":true,"href":"https:\/\/semmelweis.hu\/csaladbarat\/wp-json\/wp\/v2\/categories?post=39"},{"taxonomy":"post_tag","embeddable":true,"href":"https:\/\/semmelweis.hu\/csaladbarat\/wp-json\/wp\/v2\/tags?post=39"}],"curies":[{"name":"wp","href":"https:\/\/api.w.org\/{rel}","templated":true}]}}