{"id":3424,"date":"2023-08-01T15:08:27","date_gmt":"2023-08-01T13:08:27","guid":{"rendered":"https:\/\/semmelweis.hu\/csaladbarat\/?page_id=3424"},"modified":"2026-04-16T08:37:22","modified_gmt":"2026-04-16T06:37:22","slug":"lakascelu-munkaltatoi-kolcson","status":"publish","type":"page","link":"https:\/\/semmelweis.hu\/csaladbarat\/tamogatas\/lakascelu-munkaltatoi-kolcson\/","title":{"rendered":"Lak\u00e1sc\u00e9l\u00fa munk\u00e1ltat\u00f3i k\u00f6lcs\u00f6n"},"content":{"rendered":"<h5 style=\"text-align: justify\">Kamatmentes munk\u00e1ltat\u00f3i k\u00f6lcs\u00f6nt vehetnek ig\u00e9nybe a Semmelweis Egyetem munkat\u00e1rsai lakhat\u00e1si felt\u00e9teleik megteremt\u00e9s\u00e9re \u00e9s lak\u00e1skorszer\u0171s\u00edt\u00e9si c\u00e9lokra.\u00a0<\/h5>\n<p style=\"text-align: justify\">A munk\u00e1ltat\u00f3i k\u00f6lcs\u00f6n ig\u00e9nyl\u00e9s\u00e9re az a munkav\u00e1llal\u00f3 jogosult, aki a k\u00e9relem beny\u00fajt\u00e1sakor az egyetemmel legal\u00e1bb \u00f6t \u00e9ve folyamatosan fenn\u00e1ll\u00f3 hat\u00e1rozatlan idej\u0171, teljes munkaid\u0151s munkaviszonyban vagy eg\u00e9szs\u00e9g\u00fcgyi szolg\u00e1lati jogviszonyban \u00e1ll. A munkaviszony id\u0151tartam\u00e1nak sz\u00e1m\u00edt\u00e1sa sor\u00e1n a folyamatosan fenn\u00e1ll\u00f3 Semmelweis Egyetemen t\u00f6lt\u00f6tt k\u00f6zalkalmazotti jogviszony id\u0151tartam\u00e1t is figyelembe kell venni.<\/p>\n<h5>A lak\u00e1sk\u00f6lcs\u00f6n maxim\u00e1lis \u00f6sszege \u00e9s visszat\u00e9r\u00edt\u00e9s\u00e9nek futamideje:<\/h5>\n<ul>\n<li><strong>lak\u00e1sv\u00e1s\u00e1rl\u00e1s, \u00e9p\u00edt\u00e9s vagy \u00e9p\u00edttet\u00e9s<\/strong> eset\u00e9n maximum 5 000 000 Ft, legfeljebb 8 \u00e9ves futamid\u0151re,<\/li>\n<li><strong>b\u0151v\u00edt\u00e9s, korszer\u0171s\u00edt\u00e9s \u00e9s akad\u00e1lymentes\u00edt\u00e9s<\/strong> eset\u00e9n maximum 2 500 000 Ft, legfeljebb 5 \u00e9ves id\u0151tartamra.<\/li>\n<\/ul>\n<p style=\"text-align: justify\">A lak\u00e1sc\u00e9l\u00fa k\u00f6lcs\u00f6n ir\u00e1nti k\u00e9relmet az ig\u00e9nyl\u0151nek az erre a c\u00e9lra rendszeres\u00edtett nyomtatv\u00e1nyon a munk\u00e1ltat\u00f3i jogk\u00f6r gyakorl\u00f3j\u00e1nak javaslat\u00e1val egy\u00fctt kell beny\u00fajtani.<\/p>\n<p style=\"text-align: center\"><span style=\"color: #000000;font-size: 24pt\"><strong>A kamatmentes munk\u00e1ltat\u00f3i k\u00f6lcs\u00f6n ig\u00e9nyl\u00e9s\u00e9nek hat\u00e1rideje: <\/strong><\/span><span style=\"font-size: 24pt;color: #ff0000\"><strong>2026. m\u00e1jus 15.<\/strong><\/span><span style=\"color: #000000;font-size: 24pt\"><strong> (Az utas\u00edt\u00e1st <a href=\"https:\/\/semmelweis.hu\/alkalmazottitanacs\/lakascelu-munkaltatoi-kolcson\/\">ide<\/a> kattintva tekintheti meg.)<\/strong><\/span><\/p>\n<div class=\"keretes w-100\">\n<h5 style=\"text-align: center\">\u00c9rdekl\u0151dni a <a href=\"mailto:lakastamogatas@semmelweis.hu\">lakastamogatas@semmelweis.hu<\/a> email c\u00edmen lehet.<\/h5>\n<\/div>\n<p>&nbsp;<\/p>\n","protected":false},"excerpt":{"rendered":"<p>Kamatmentes munk\u00e1ltat\u00f3i k\u00f6lcs\u00f6nt vehetnek ig\u00e9nybe a Semmelweis Egyetem munkat\u00e1rsai lakhat\u00e1si felt\u00e9teleik megteremt\u00e9s\u00e9re \u00e9s lak\u00e1skorszer\u0171s\u00edt\u00e9si c\u00e9lokra.\u00a0 A munk\u00e1ltat\u00f3i k\u00f6lcs\u00f6n ig\u00e9nyl\u00e9s\u00e9re az a munkav\u00e1llal\u00f3 jogosult, aki a k\u00e9relem beny\u00fajt\u00e1sakor az egyetemmel legal\u00e1bb \u00f6t \u00e9ve folyamatosan fenn\u00e1ll\u00f3 hat\u00e1rozatlan idej\u0171, teljes munkaid\u0151s munkaviszonyban vagy eg\u00e9szs\u00e9g\u00fcgyi szolg\u00e1lati jogviszonyban \u00e1ll. A munkaviszony id\u0151tartam\u00e1nak sz\u00e1m\u00edt\u00e1sa sor\u00e1n a folyamatosan fenn\u00e1ll\u00f3 Semmelweis Egyetemen t\u00f6lt\u00f6tt &hellip;<\/p>\n","protected":false},"author":101174,"featured_media":0,"parent":6486,"menu_order":0,"comment_status":"closed","ping_status":"closed","template":"","meta":{"_acf_changed":false,"footnotes":""},"categories":[],"tags":[],"class_list":["post-3424","page","type-page","status-publish","hentry"],"acf":[],"_links":{"self":[{"href":"https:\/\/semmelweis.hu\/csaladbarat\/wp-json\/wp\/v2\/pages\/3424","targetHints":{"allow":["GET"]}}],"collection":[{"href":"https:\/\/semmelweis.hu\/csaladbarat\/wp-json\/wp\/v2\/pages"}],"about":[{"href":"https:\/\/semmelweis.hu\/csaladbarat\/wp-json\/wp\/v2\/types\/page"}],"author":[{"embeddable":true,"href":"https:\/\/semmelweis.hu\/csaladbarat\/wp-json\/wp\/v2\/users\/101174"}],"replies":[{"embeddable":true,"href":"https:\/\/semmelweis.hu\/csaladbarat\/wp-json\/wp\/v2\/comments?post=3424"}],"version-history":[{"count":10,"href":"https:\/\/semmelweis.hu\/csaladbarat\/wp-json\/wp\/v2\/pages\/3424\/revisions"}],"predecessor-version":[{"id":11859,"href":"https:\/\/semmelweis.hu\/csaladbarat\/wp-json\/wp\/v2\/pages\/3424\/revisions\/11859"}],"up":[{"embeddable":true,"href":"https:\/\/semmelweis.hu\/csaladbarat\/wp-json\/wp\/v2\/pages\/6486"}],"wp:attachment":[{"href":"https:\/\/semmelweis.hu\/csaladbarat\/wp-json\/wp\/v2\/media?parent=3424"}],"wp:term":[{"taxonomy":"category","embeddable":true,"href":"https:\/\/semmelweis.hu\/csaladbarat\/wp-json\/wp\/v2\/categories?post=3424"},{"taxonomy":"post_tag","embeddable":true,"href":"https:\/\/semmelweis.hu\/csaladbarat\/wp-json\/wp\/v2\/tags?post=3424"}],"curies":[{"name":"wp","href":"https:\/\/api.w.org\/{rel}","templated":true}]}}