{"id":334,"date":"2022-03-09T16:41:05","date_gmt":"2022-03-09T15:41:05","guid":{"rendered":"https:\/\/semmelweis.hu\/csaladbarat\/?page_id=334"},"modified":"2025-01-29T12:26:17","modified_gmt":"2025-01-29T11:26:17","slug":"szocialis-krizis-tamogatas","status":"publish","type":"page","link":"https:\/\/semmelweis.hu\/csaladbarat\/tamogatas\/szocialis-krizis-tamogatas\/","title":{"rendered":"Szoci\u00e1lis Kr\u00edzis T\u00e1mogat\u00e1s"},"content":{"rendered":"<p>A Semmelweis Egyetem, mint munk\u00e1ltat\u00f3, elk\u00f6telezett a kr\u00edzishelyzetbe ker\u00fclt munkav\u00e1llal\u00f3i megseg\u00edt\u00e9se ir\u00e1nt, ez\u00e9rt a Semmelweis \u00c9rdekv\u00e9delmi Sz\u00f6vets\u00e9ggel \u00e9s az Alkalmazotti Tan\u00e1ccsal egyet\u00e9rt\u00e9sben Szoci\u00e1lis Kr\u00edzis Alap, \u00e9s az abb\u00f3l ny\u00fajthat\u00f3 kr\u00edzis-t\u00e1mogat\u00e1s l\u00e9trehoz\u00e1s\u00e1r\u00f3l d\u00f6nt\u00f6tt.<\/p>\n<p>Aki legal\u00e1bb 3 \u00e9ve az egyetemen dolgozik, \u00e9s kr\u00edzishelyzet ok\u00e1n megromlottak az \u00e9letk\u00f6r\u00fclm\u00e9nyei, t\u00e1mogat\u00e1si ig\u00e9nyt ny\u00fajthat be a\u00a0<a href=\"mailto:krizisalap@semmelweis-univ.hu\">krizisalap@semmelweis.hu<\/a>\u00a0email c\u00edmre elk\u00fcldve a kit\u00f6lt\u00f6tt formanyomtatv\u00e1nyt, valamint a sz\u00fcks\u00e9ges al\u00e1t\u00e1maszt\u00f3 dokumentumokat.\u00a0<\/p>\n<p>A rektori-kancell\u00e1ri utas\u00edt\u00e1s\u00a0<strong><a href=\"https:\/\/semmelweis.hu\/jogigfoig\/2023\/04\/27\/e-1-2023-i-26-sz-rektori-kancellari-utasitas-a-szocialis-krizis-alap-felhasznalasanak-szabalyairol-az-e-5-2023-iv-24-szamu-rektori-kancellari-utasitas-modositasaival-egyseges-szerk\/\">IDE KATTINTVA<\/a><\/strong>\u00a0olvashat\u00f3, a formanyomtatv\u00e1nyt pedig<strong>\u00a0<a href=\"https:\/\/semmelweis.hu\/csaladbarat\/files\/2023\/07\/E_1_2023_I.26._sz_RK_uta_Szoc_KA_mell_2023.IV_.26-tol-1.docx\">ITT<\/a><\/strong>\u00a0tudja let\u00f6lteni.<\/p>\n","protected":false},"excerpt":{"rendered":"<p>A Semmelweis Egyetem, mint munk\u00e1ltat\u00f3, elk\u00f6telezett a kr\u00edzishelyzetbe ker\u00fclt munkav\u00e1llal\u00f3i megseg\u00edt\u00e9se ir\u00e1nt, ez\u00e9rt a Semmelweis \u00c9rdekv\u00e9delmi Sz\u00f6vets\u00e9ggel \u00e9s az Alkalmazotti Tan\u00e1ccsal egyet\u00e9rt\u00e9sben Szoci\u00e1lis Kr\u00edzis Alap, \u00e9s az abb\u00f3l ny\u00fajthat\u00f3 kr\u00edzis-t\u00e1mogat\u00e1s l\u00e9trehoz\u00e1s\u00e1r\u00f3l d\u00f6nt\u00f6tt. Aki legal\u00e1bb 3 \u00e9ve az egyetemen dolgozik, \u00e9s kr\u00edzishelyzet ok\u00e1n megromlottak az \u00e9letk\u00f6r\u00fclm\u00e9nyei, t\u00e1mogat\u00e1si ig\u00e9nyt ny\u00fajthat be a\u00a0 <a href=\"mailto:krizisalap@semmelweis-univ.hu\">krizisalap@semmelweis.hu<\/a> \u00a0email c\u00edmre elk\u00fcldve a kit\u00f6lt\u00f6tt &hellip;<\/p>\n","protected":false},"author":101813,"featured_media":0,"parent":6486,"menu_order":2,"comment_status":"closed","ping_status":"closed","template":"template-fullwidth.php","meta":{"_acf_changed":false,"footnotes":""},"categories":[],"tags":[],"class_list":["post-334","page","type-page","status-publish","hentry"],"acf":[],"_links":{"self":[{"href":"https:\/\/semmelweis.hu\/csaladbarat\/wp-json\/wp\/v2\/pages\/334","targetHints":{"allow":["GET"]}}],"collection":[{"href":"https:\/\/semmelweis.hu\/csaladbarat\/wp-json\/wp\/v2\/pages"}],"about":[{"href":"https:\/\/semmelweis.hu\/csaladbarat\/wp-json\/wp\/v2\/types\/page"}],"author":[{"embeddable":true,"href":"https:\/\/semmelweis.hu\/csaladbarat\/wp-json\/wp\/v2\/users\/101813"}],"replies":[{"embeddable":true,"href":"https:\/\/semmelweis.hu\/csaladbarat\/wp-json\/wp\/v2\/comments?post=334"}],"version-history":[{"count":7,"href":"https:\/\/semmelweis.hu\/csaladbarat\/wp-json\/wp\/v2\/pages\/334\/revisions"}],"predecessor-version":[{"id":6428,"href":"https:\/\/semmelweis.hu\/csaladbarat\/wp-json\/wp\/v2\/pages\/334\/revisions\/6428"}],"up":[{"embeddable":true,"href":"https:\/\/semmelweis.hu\/csaladbarat\/wp-json\/wp\/v2\/pages\/6486"}],"wp:attachment":[{"href":"https:\/\/semmelweis.hu\/csaladbarat\/wp-json\/wp\/v2\/media?parent=334"}],"wp:term":[{"taxonomy":"category","embeddable":true,"href":"https:\/\/semmelweis.hu\/csaladbarat\/wp-json\/wp\/v2\/categories?post=334"},{"taxonomy":"post_tag","embeddable":true,"href":"https:\/\/semmelweis.hu\/csaladbarat\/wp-json\/wp\/v2\/tags?post=334"}],"curies":[{"name":"wp","href":"https:\/\/api.w.org\/{rel}","templated":true}]}}