{"id":2951,"date":"2023-06-14T10:53:40","date_gmt":"2023-06-14T08:53:40","guid":{"rendered":"https:\/\/semmelweis.hu\/csaladbarat\/?page_id=2951"},"modified":"2026-04-08T10:49:47","modified_gmt":"2026-04-08T08:49:47","slug":"csaladorvosi-rendeles","status":"publish","type":"page","link":"https:\/\/semmelweis.hu\/csaladbarat\/egeszseg\/csaladorvosi-rendeles\/","title":{"rendered":"Csal\u00e1dorvosi (h\u00e1ziorvosi) rendel\u00e9s"},"content":{"rendered":"<p style=\"text-align: justify\"><strong>A rektori program kiemelt eleme a Csal\u00e1dbar\u00e1t Egyetem Program, melynek gerinc\u00e9t az eg\u00e9sz\u00e9gmeg\u0151rz\u0151, betegs\u00e9gmegel\u0151z\u0151 eg\u00e9szs\u00e9g\u00fcgyi ell\u00e1t\u00e1sok, prevenci\u00f3s szolg\u00e1ltat\u00e1sok adj\u00e1k. \u00a0A Semmelweis Polg\u00e1rok, valamint 14 \u00e9ven fel\u00fcli egy h\u00e1ztart\u00e1sban \u00e9l\u0151 csal\u00e1dtagjaik m\u00e1r teljesk\u00f6r\u0171 csal\u00e1dorvosi (h\u00e1ziorvosi) ell\u00e1t\u00e1sra is bejelentkezhetnek.<\/strong><\/p>\n<p style=\"text-align: center\"><a class=\"btn btn-warning\" href=\"https:\/\/elojegyzes.meditime.hu\/73\" target=\"_blank\" rel=\"noopener\">Id\u0151pontfoglal\u00e1s<\/a><\/p>\n<p style=\"text-align: justify\">Mostant\u00f3l a Semmelweis Polg\u00e1rok d\u00f6nthetnek \u00fagy, hogy h\u00e1ziorvosv\u00e1lt\u00e1ssal \u00e1tjelentkeznek a Semmelweis praxisk\u00f6z\u00f6ss\u00e9gi modellbe. Fontos megjegyezni, hogy a csal\u00e1dtagoknak \u2013 az ell\u00e1t\u00e1s ig\u00e9nybev\u00e9tel\u00e9hez \u2013 mindenk\u00e9ppen sz\u00fcks\u00e9ges \u00e1tjelentkezni a jelenlegi h\u00e1ziorvost\u00f3l. Az \u00e1tjelentkez\u00e9sben a Semmelweis Egyetem teljesk\u00f6r\u0171 t\u00e1mogat\u00e1st ny\u00fajt a Semmelweis Polg\u00e1roknak, a csal\u00e1dorvosi rendel\u00e9sen t\u00f6rt\u00e9n\u0151 megjelen\u00e9s ut\u00e1n, a szem\u00e9lyes adatok felv\u00e9tel\u00e9vel a Szakrendel\u0151 Int\u00e9zet munkat\u00e1rsai kezdem\u00e9nyezik a csal\u00e1dorvos-v\u00e1lt\u00e1st.<\/p>\n<p style=\"text-align: justify\">A csal\u00e1dorvosi ell\u00e1t\u00e1s bevezet\u00e9s\u00e9vel a Semmelweis Polg\u00e1rok egyszer\u0171bben, helyben hozz\u00e1f\u00e9rnek az eg\u00e9szs\u00e9g\u00fcgyi szolg\u00e1ltat\u00e1sokhoz, valamint komolyabb eg\u00e9szs\u00e9g\u00fcgyi probl\u00e9m\u00e1k eset\u00e9n a betegutak megszervez\u00e9se is k\u00f6nnyebb\u00e9 v\u00e1lik a Klinikai K\u00f6zpont eg\u00e9szs\u00e9g\u00fcgyi szolg\u00e1ltat\u00e1sainak ig\u00e9nybev\u00e9tel\u00e9hez.<\/p>\n<blockquote>\n<p>A praxisk\u00f6z\u00f6ss\u00e9gi modell hat\u00e9konyan t\u00e1mogathatja a munkat\u00e1rsak eg\u00e9szs\u00e9ges \u00e9letm\u00f3dra val\u00f3 \u00f6szt\u00f6nz\u00e9s\u00e9t \u00e9s hozz\u00e1j\u00e1rulhat az eg\u00e9szs\u00e9ges munkak\u00f6rnyezet megteremt\u00e9s\u00e9hez is.<\/p>\n<\/blockquote>\n<p>\u2013 vallja dr. Varga P\u00e9ter, a Semmelweis Egyetem Szakrendel\u0151 Int\u00e9zet\u00e9nek vezet\u0151je.<\/p>\n<p style=\"text-align: justify\">A \u201emegszokott\u201d h\u00e1ziorvosi alapell\u00e1t\u00e1son t\u00fal kiemelten foglalkoznak a prevenci\u00f3val, az eg\u00e9szs\u00e9ges \u00e9letm\u00f3d megismertet\u00e9s\u00e9vel \u00e9s a pszich\u00e9s, ment\u00e1lis eg\u00e9szs\u00e9gmeg\u0151rz\u00e9ssel. Lehet\u0151s\u00e9get biztos\u00edtanak a k\u00f6z\u00f6sen dolgoz\u00f3 eg\u00e9szs\u00e9g\u00fcgyi szakemberek sz\u00e1m\u00e1ra, hogy \u2013 egym\u00e1ssal konzult\u00e1lva \u2013 megalapozottabb d\u00f6nt\u00e9seket hozzanak m\u00e1r az alapell\u00e1t\u00e1sban. A praxisban a Csal\u00e1dorvosi Tansz\u00e9k t\u00f6bb oktat\u00f3 munkat\u00e1rsa is rendel, ami azon p\u00e1ciensek sz\u00e1m\u00e1ra kiss\u00e9 szokatlan lehet, akik sz\u00edvesebben fordulnak eg\u00e9szs\u00e9g\u00fcgyi probl\u00e9m\u00e1jukkal mindig ugyanazon h\u00e1ziorvoshoz.<\/p>\n<div class=\"fontos_div\">\n<p style=\"text-align: center\"><strong>K\u00e9rj\u00fck foglaljon id\u0151pontot a rendel\u00e9sre!<\/strong><\/p>\n<p>&nbsp;<\/p>\n<p style=\"text-align: center\"><a class=\"btn btn-warning\" href=\"https:\/\/elojegyzes.meditime.hu\/73\" target=\"_blank\" rel=\"noopener\">Id\u0151pontfoglal\u00e1s<\/a><\/p>\n<p>&nbsp;<\/p>\n<p><strong>Rendel\u00e9s ideje:<\/strong><\/p>\n<ul>\n<li>\n<div class=\"schedule-day open\"><span class=\"day-name\">H\u00e9tf\u0151: <\/span><span class=\"day-hours\">12:00\u00a0&#8211;\u00a015:00<\/span><\/div>\n<\/li>\n<li>\n<div class=\"schedule-day open\"><span class=\"day-name\">Kedd: <\/span><span class=\"day-hours\">11:00\u00a0&#8211;\u00a018:00<\/span><\/div>\n<\/li>\n<li>\n<div class=\"schedule-day open\"><span class=\"day-name\">Szerda: <\/span><span class=\"day-hours\">11:00\u00a0&#8211;\u00a012:00<\/span><\/div>\n<\/li>\n<li>\n<div class=\"schedule-day open\"><span class=\"day-name\">Cs\u00fct\u00f6rt\u00f6k: <\/span><span class=\"day-hours\">11:00\u00a0&#8211;\u00a018:00<\/span><\/div>\n<\/li>\n<li>\n<div class=\"schedule-day open\"><span class=\"day-name\">P\u00e9ntek: <\/span><span class=\"day-hours\">11:00\u00a0&#8211;\u00a012:00<\/span><\/div>\n<\/li>\n<\/ul>\n<p>&nbsp;<\/p>\n<p style=\"text-align: justify\"><strong>Helysz\u00edne: <\/strong>Szent R\u00f3kus Klinikai T\u00f6mb\u00a0t\u00f6rt\u00e9nelmi k\u00f3rh\u00e1zi \u00e9p\u00fcletr\u00e9sz\u00e9ben\u00a0(Gyulai P\u00e1l utca 2.)<\/p>\n<p>&nbsp;<\/p>\n<p><strong>K\u00e9rd\u00e9s eset\u00e9n keresse a praxis szakembereit e-mailben vagy telefonon!<\/strong><\/p>\n<ul>\n<li>E-mail c\u00edm: <strong><a href=\"mailto:csaladorvosipraxis.seszi@semmelweis.hu\">csaladorvosipraxis.seszi@semmelweis.hu<\/a><\/strong><\/li>\n<li>Telefonsz\u00e1m: +36-30-016-4645\u00a0<\/li>\n<\/ul>\n<\/div>\n","protected":false},"excerpt":{"rendered":"<p>A rektori program kiemelt eleme a Csal\u00e1dbar\u00e1t Egyetem Program, melynek gerinc\u00e9t az eg\u00e9sz\u00e9gmeg\u0151rz\u0151, betegs\u00e9gmegel\u0151z\u0151 eg\u00e9szs\u00e9g\u00fcgyi ell\u00e1t\u00e1sok, prevenci\u00f3s szolg\u00e1ltat\u00e1sok adj\u00e1k. \u00a0A Semmelweis Polg\u00e1rok, valamint 14 \u00e9ven fel\u00fcli egy h\u00e1ztart\u00e1sban \u00e9l\u0151 csal\u00e1dtagjaik m\u00e1r teljesk\u00f6r\u0171 csal\u00e1dorvosi (h\u00e1ziorvosi) ell\u00e1t\u00e1sra is bejelentkezhetnek. <a class=\"btn btn-warning\" href=\"https:\/\/elojegyzes.meditime.hu\/73\" target=\"_blank\" rel=\"noopener\">Id\u0151pontfoglal\u00e1s<\/a> Mostant\u00f3l a Semmelweis Polg\u00e1rok d\u00f6nthetnek \u00fagy, hogy h\u00e1ziorvosv\u00e1lt\u00e1ssal \u00e1tjelentkeznek a Semmelweis praxisk\u00f6z\u00f6ss\u00e9gi modellbe. Fontos megjegyezni, hogy a csal\u00e1dtagoknak &hellip;<\/p>\n","protected":false},"author":101174,"featured_media":0,"parent":7204,"menu_order":2,"comment_status":"closed","ping_status":"closed","template":"template-fullwidth.php","meta":{"_acf_changed":false,"footnotes":""},"categories":[14,13],"tags":[9],"class_list":["post-2951","page","type-page","status-publish","hentry","category-hallgatok","category-munkatarsak","tag-egeszsegugyi-szolgaltatas"],"acf":[],"_links":{"self":[{"href":"https:\/\/semmelweis.hu\/csaladbarat\/wp-json\/wp\/v2\/pages\/2951","targetHints":{"allow":["GET"]}}],"collection":[{"href":"https:\/\/semmelweis.hu\/csaladbarat\/wp-json\/wp\/v2\/pages"}],"about":[{"href":"https:\/\/semmelweis.hu\/csaladbarat\/wp-json\/wp\/v2\/types\/page"}],"author":[{"embeddable":true,"href":"https:\/\/semmelweis.hu\/csaladbarat\/wp-json\/wp\/v2\/users\/101174"}],"replies":[{"embeddable":true,"href":"https:\/\/semmelweis.hu\/csaladbarat\/wp-json\/wp\/v2\/comments?post=2951"}],"version-history":[{"count":10,"href":"https:\/\/semmelweis.hu\/csaladbarat\/wp-json\/wp\/v2\/pages\/2951\/revisions"}],"predecessor-version":[{"id":11815,"href":"https:\/\/semmelweis.hu\/csaladbarat\/wp-json\/wp\/v2\/pages\/2951\/revisions\/11815"}],"up":[{"embeddable":true,"href":"https:\/\/semmelweis.hu\/csaladbarat\/wp-json\/wp\/v2\/pages\/7204"}],"wp:attachment":[{"href":"https:\/\/semmelweis.hu\/csaladbarat\/wp-json\/wp\/v2\/media?parent=2951"}],"wp:term":[{"taxonomy":"category","embeddable":true,"href":"https:\/\/semmelweis.hu\/csaladbarat\/wp-json\/wp\/v2\/categories?post=2951"},{"taxonomy":"post_tag","embeddable":true,"href":"https:\/\/semmelweis.hu\/csaladbarat\/wp-json\/wp\/v2\/tags?post=2951"}],"curies":[{"name":"wp","href":"https:\/\/api.w.org\/{rel}","templated":true}]}}