{"id":1664,"date":"2022-12-11T22:37:47","date_gmt":"2022-12-11T21:37:47","guid":{"rendered":"https:\/\/semmelweis.hu\/csaladbarat\/?page_id=1664"},"modified":"2025-11-04T15:16:04","modified_gmt":"2025-11-04T14:16:04","slug":"munkatarsak","status":"publish","type":"page","link":"https:\/\/semmelweis.hu\/csaladbarat\/a-program-bemutatasa\/munkatarsak\/","title":{"rendered":"Munkat\u00e1rsak \u00e9s el\u00e9rhet\u0151s\u00e9geink"},"content":{"rendered":"<h5><a href=\"https:\/\/semmelweis.hu\/telefonkonyv\/?emp_id=20116\" target=\"_blank\" rel=\"noopener\"><img loading=\"lazy\" decoding=\"async\" class=\"wp-image-1703 size-thumbnail alignleft\" src=\"https:\/\/semmelweis.hu\/csaladbarat\/files\/2022\/12\/RS163787_Ko\u0301kai-Dorottya-150x150.jpg\" alt=\"\" width=\"150\" height=\"150\" \/><\/a><\/h5>\n<h5><a href=\"https:\/\/semmelweis.hu\/telefonkonyv\/?emp_id=20116\" target=\"_blank\" rel=\"noopener\">K\u00f3kai Dorottya<\/a><br \/>\nigazgat\u00f3<\/h5>\n<p style=\"text-align: justify\">Vezeti a Csal\u00e1dbar\u00e1t Egyetem K\u00f6zpontot, \u00f6sszefogja a csapat munk\u00e1j\u00e1t, r\u00e9szt vesz a projektek szervez\u00e9s\u00e9ben. Felel a bels\u0151 \u00e9s k\u00fcls\u0151 kommunik\u00e1ci\u00f3\u00e9rt, cikkek, h\u00edrlevelek, kommunik\u00e1ci\u00f3s anyagok \u00edr\u00e1s\u00e1val, szerkeszt\u00e9s\u00e9vel, kommunik\u00e1ci\u00f3s kamp\u00e1nyok tervez\u00e9s\u00e9vel foglalkozik \u00e9s k\u00e9zben tartja a Csal\u00e1dbar\u00e1t Egyetem K\u00f6zpont hivatalos\u00a0<a href=\"https:\/\/www.facebook.com\/profile.php?id=100086392266295\">Facebook<\/a>\u00a0\u00e9s Instagram oldal\u00e1t.<\/p>\n<p>Telefonsz\u00e1m: 06208250915<\/p>\n<p>E-mail: <a href=\"mailto:kokai.dorottya@semmelweis.hu\">kokai.dorottya@semmelweis.hu<\/a><\/p>\n<hr \/>\n<h5><a href=\"https:\/\/semmelweis.hu\/csaladbarat\/files\/2022\/12\/RS163789_Varga-Pe\u0301ter-scaled.jpg\"><img loading=\"lazy\" decoding=\"async\" class=\"alignleft wp-image-1666 size-thumbnail\" src=\"https:\/\/semmelweis.hu\/csaladbarat\/files\/2022\/12\/RS163789_Varga-Pe\u0301ter-150x150.jpg\" alt=\"\" width=\"150\" height=\"150\" \/><\/a><\/h5>\n<h5><a href=\"https:\/\/semmelweis.hu\/telefonkonyv\/?inst_id=486\" target=\"_blank\" rel=\"noopener\">Dr. Varga P\u00e9ter<\/a><br \/>\norvosszakmai vezet\u0151<\/h5>\n<p style=\"text-align: justify\">Fejleszti a munkat\u00e1rsak sz\u00e1m\u00e1ra el\u00e9rhet\u0151 eg\u00e9szs\u00e9g\u00fcgyi sz\u0171r\u0151vizsg\u00e1latok \u00e9s egy\u00e9b prevenci\u00f3s, \u00e9letm\u00f3dprogramok k\u00edn\u00e1lat\u00e1t, szakmai tartalm\u00e1t. Az egyetem oktat\u00f3praxis\u00e1ban h\u00e1ziorvosk\u00e9nt \u00e9s \u00e9letm\u00f3dorvosk\u00e9nt \u00e1ll azon munkat\u00e1rsak rendelkez\u00e9sre, akik orvosi tan\u00e1csot, t\u00e1mogat\u00e1st ig\u00e9nyelnek az \u00e9letm\u00f3dv\u00e1lt\u00e1shoz. Munkat\u00e1rsaival egy\u00fctt m\u0171k\u00f6dteti \u00e9s fejleszti a Semmelweis Praxisk\u00f6z\u00f6ss\u00e9gi Modellt \u00e9s az ig\u00e9nybevehet\u0151 eg\u00e9szs\u00e9g\u00fcgyi szolg\u00e1ltat\u00e1sokhoz kapcsol\u00f3d\u00f3 dolgoz\u00f3i beteg\u00fatmenedzsmentet.<\/p>\n<hr \/>\n<h5><a href=\"https:\/\/semmelweis.hu\/telefonkonyv\/?emp_id=1586\">Dr. Purebl Gy\u00f6rgy<\/a><img loading=\"lazy\" decoding=\"async\" class=\"alignleft wp-image-5695 size-thumbnail\" src=\"https:\/\/semmelweis.hu\/csaladbarat\/files\/2024\/06\/Purebl-Tiesmile-150x150.jpg\" alt=\"\" width=\"150\" height=\"150\" \/><br \/>\nment\u00e1lis eg\u00e9szs\u00e9gprogramok\u00e9rt felel\u0151s vezet\u0151<\/h5>\n<p style=\"text-align: justify\">A csal\u00e1dbar\u00e1t eg\u00e9szs\u00e9gprogramok keret\u00e9ben a Semmelweis Polg\u00e1rok pszichol\u00f3giai egy\u00e9ni konzult\u00e1ci\u00f3it, valamint csoportos foglalkoz\u00e1sait szervezi \u00e9s vezeti a Magatart\u00e1studom\u00e1nyi Int\u00e9zet szakembereivel.<\/p>\n<p style=\"text-align: justify\">A munkav\u00e1llal\u00f3k ment\u00e1lis eg\u00e9szs\u00e9g\u00e9re ir\u00e1nyul\u00f3 eduk\u00e1ci\u00f3s programok kialak\u00edt\u00e1s\u00e1ban seg\u00edti a K\u00f6zpont munk\u00e1j\u00e1t.<\/p>\n<hr \/>\n<h5 style=\"padding-top: 20px\"><img loading=\"lazy\" decoding=\"async\" class=\"alignleft wp-image-7240 size-thumbnail\" src=\"https:\/\/semmelweis.hu\/csaladbarat\/files\/2025\/01\/RS208410_GV5A7133-scr-150x150.jpg\" alt=\"\" width=\"150\" height=\"150\" \/><a href=\"https:\/\/semmelweis.hu\/telefonkonyv\/?emp_id=19643\">Skrapits \u00c1gnes<\/a><br \/>\neg\u00e9szs\u00e9gprogram koordin\u00e1tor<\/h5>\n<p style=\"text-align: justify\">R\u00e9szt vesz a k\u00fcl\u00f6nb\u00f6z\u0151 eg\u00e9szs\u00e9ges \u00e9letm\u00f3dot t\u00e1mogat\u00f3 programok tervez\u00e9s\u00e9ben \u00e9s szervez\u00e9s\u00e9ben, seg\u00edtve azok g\u00f6rd\u00fcl\u00e9keny \u00e9s magas sz\u00ednvonal\u00fa megval\u00f3s\u00edt\u00e1s\u00e1t. Szem\u00e9lyi tr\u00e9nerk\u00e9nt elhivatott az eg\u00e9szs\u00e9gtudatos \u00e9letm\u00f3d kialak\u00edt\u00e1sa \u00e9s sz\u00e9les k\u00f6rben val\u00f3 n\u00e9pszer\u0171s\u00edt\u00e9se ir\u00e1nt.<\/p>\n<p>Telefonsz\u00e1m: 06300164608<\/p>\n<p>E-mail: <a href=\"mailto:skrapits.agnes@semmelweis.hu\">skrapits.agnes@semmelweis.hu<\/a><\/p>\n<hr \/>\n<h5 style=\"padding-top: 20px\"><img loading=\"lazy\" decoding=\"async\" class=\"alignleft wp-image-1685 size-thumbnail\" src=\"https:\/\/semmelweis.hu\/csaladbarat\/files\/2022\/12\/RS163784_Bere\u0301nyi-No\u0301ra-150x150.jpg\" alt=\"\" width=\"150\" height=\"150\" \/><a href=\"https:\/\/semmelweis.hu\/telefonkonyv\/?emp_id=20070\" target=\"_blank\" rel=\"noopener\">Ber\u00e9nyi N\u00f3ra<\/a><br \/>\nprojektmenedzser<\/h5>\n<p style=\"margin-top: 0cm;text-align: justify;background: white\"><span class=\"ui-provider\"><span style=\"color: #1e2326\">Ell\u00e1tja az egy\u00fcttm\u0171k\u00f6d\u0151 partnereinkkel kapcsolatos feladatokat, r\u00e9szt vesz a tan\u00fas\u00edtv\u00e1nyok megszerz\u00e9s\u00e9ben \u00e9s a p\u00e1ly\u00e1zatok lebonyol\u00edt\u00e1s\u00e1ban, valamint a rendezv\u00e9nyek koordin\u00e1l\u00e1s\u00e1ban is szerepet v\u00e1llal. <\/span><\/span><span style=\"color: #1e2326;background: white\">A Csal\u00e1dbar\u00e1t Egyetem K\u00f6zpont gazdas\u00e1gi \u00e9s p\u00e9nz\u00fcgyi feladatait is k\u00e9zbe tartja.<\/span><\/p>\n<p>Telefonsz\u00e1m: 06300164795<\/p>\n<p>E-mail: <a href=\"mailto:berenyi.nora@semmelweis.hu\">berenyi.nora@semmelweis.hu<\/a><\/p>\n<hr \/>\n<h5 style=\"padding-top: 20px\"><a href=\"https:\/\/semmelweis.hu\/telefonkonyv\/?emp_id=20743\">Csatl\u00f3s-Bod\u00f3 Nikoletta<\/a><img loading=\"lazy\" decoding=\"async\" class=\"alignleft wp-image-5828 \" src=\"https:\/\/semmelweis.hu\/csaladbarat\/files\/2024\/06\/20240620_130858-scaled.jpg\" alt=\"\" width=\"150\" height=\"189\" srcset=\"https:\/\/semmelweis.hu\/csaladbarat\/files\/2024\/06\/20240620_130858-scaled.jpg 2035w, https:\/\/semmelweis.hu\/csaladbarat\/files\/2024\/06\/20240620_130858-318x400.jpg 318w, https:\/\/semmelweis.hu\/csaladbarat\/files\/2024\/06\/20240620_130858-814x1024.jpg 814w, https:\/\/semmelweis.hu\/csaladbarat\/files\/2024\/06\/20240620_130858-768x966.jpg 768w, https:\/\/semmelweis.hu\/csaladbarat\/files\/2024\/06\/20240620_130858-1221x1536.jpg 1221w, https:\/\/semmelweis.hu\/csaladbarat\/files\/2024\/06\/20240620_130858-1628x2048.jpg 1628w, https:\/\/semmelweis.hu\/csaladbarat\/files\/2024\/06\/20240620_130858-753x947.jpg 753w\" sizes=\"auto, (max-width: 150px) 100vw, 150px\" \/><br \/>\nprojektmenedzser<\/h5>\n<p style=\"text-align: justify\">Az iskol\u00e1skor\u00fa gyermeket nevel\u0151 csal\u00e1dokat t\u00e1mogat\u00f3 programok szervez\u0151je \u00e9s lebonyol\u00edt\u00f3ja. Hozz\u00e1 tartoznak a ny\u00e1ri gyermekt\u00e1borok, az iskolai sz\u00fcnetek minit\u00e1borai \u00e9s a k\u00fcl\u00f6nb\u00f6z\u0151 pedag\u00f3giai vonatkoz\u00e1s\u00fa aktivit\u00e1sok. <span class=\"ui-provider\"><span style=\"color: #1e2326\">R\u00e9szt vesz az \u00faj egy\u00fcttm\u0171k\u00f6d\u0151 partnereink felkutat\u00e1s\u00e1ban.<\/span><\/span><\/p>\n<p>Telefonsz\u00e1m: 06308774140<\/p>\n<p>E-mail: <a href=\"mailto:bodo.nikoletta@semmelweis.hu\">bodo.nikoletta@semmelweis.hu<\/a><\/p>\n<hr \/>\n<h5 style=\"margin-top: 0cm;text-align: justify;background: white\"><span class=\"ui-provider\"><span style=\"color: #1e2326\"><a href=\"https:\/\/semmelweis.hu\/telefonkonyv\/?emp_id=24192\"><img loading=\"lazy\" decoding=\"async\" class=\" wp-image-10394 alignleft\" src=\"https:\/\/semmelweis.hu\/csaladbarat\/files\/2025\/10\/honlap-foto-Petra-400x400.jpg\" alt=\"\" width=\"172\" height=\"172\" \/>Kom\u00e1romi Petra Liliom<\/a><\/span><b><span style=\"color: #1e2326\"><br \/>\n<\/span><\/b><\/span><span class=\"ui-provider\"><span style=\"color: #1e2326\">rendezv\u00e9nyszervez\u0151<\/span><span style=\"color: #1e2326\">\u00a0<\/span><\/span><\/h5>\n<p style=\"margin-top: 0cm;text-align: justify;background: white\"><span class=\"ui-provider\"><span style=\"color: #1e2326\">R\u00e9szt vesz a projektek szervez\u00e9s\u00e9ben \u00e9s lebonyol\u00edt\u00e1s\u00e1ban. T<\/span><\/span><span style=\"color: #1e2326;background: white\">artalomgy\u00e1rt\u00e1ssal, <\/span><span class=\"ui-provider\"><span style=\"color: #1e2326\">cikkek, h\u00edrlevelek \u00e9s k\u00f6z\u00f6ss\u00e9gi m\u00e9dia bejegyz\u00e9sek elk\u00e9sz\u00edt\u00e9s\u00e9vel foglalkozik. R\u00e9szt vesz a babacsomagok \u00f6sszek\u00e9sz\u00edt\u00e9s\u00e9ben \u00e9s kioszt\u00e1s\u00e1ban. Elv\u00e9gzi a Semmelweis K\u00e1rty\u00e1val kapcsolatos feladatokat \u00e9s seg\u00edts\u00e9get ny\u00fajt a munkat\u00e1rsaknak a k\u00e1rty\u00e1val kapcsolatos k\u00e9rd\u00e9sek, probl\u00e9m\u00e1k megold\u00e1s\u00e1ban.\u00a0<\/span><\/span><\/p>\n<p>Telefonsz\u00e1m: 06308775925<\/p>\n<p>E-mail: <a href=\"mailto:komaromi.petra.liliom@semmelweis.hu\">komaromi.petra.liliom@semmelweis.hu<\/a><\/p>\n<hr \/>\n<h5 style=\"text-align: center\">K\u00e9rd\u00e9seiket, \u00e9szrev\u00e9teleiket a <span style=\"color: #3366ff\">csaladbarat@semmelweis.hu<\/span> e-mail c\u00edmen v\u00e1rjuk.<\/h5>\n","protected":false},"excerpt":{"rendered":"<p><a href=\"https:\/\/semmelweis.hu\/telefonkonyv\/?emp_id=20116\" target=\"_blank\" rel=\"noopener\"><\/a> <a href=\"https:\/\/semmelweis.hu\/telefonkonyv\/?emp_id=20116\" target=\"_blank\" rel=\"noopener\">K\u00f3kai Dorottya<\/a> igazgat\u00f3 Vezeti a Csal\u00e1dbar\u00e1t Egyetem K\u00f6zpontot, \u00f6sszefogja a csapat munk\u00e1j\u00e1t, r\u00e9szt vesz a projektek szervez\u00e9s\u00e9ben. Felel a bels\u0151 \u00e9s k\u00fcls\u0151 kommunik\u00e1ci\u00f3\u00e9rt, cikkek, h\u00edrlevelek, kommunik\u00e1ci\u00f3s anyagok \u00edr\u00e1s\u00e1val, szerkeszt\u00e9s\u00e9vel, kommunik\u00e1ci\u00f3s kamp\u00e1nyok tervez\u00e9s\u00e9vel foglalkozik \u00e9s k\u00e9zben tartja a Csal\u00e1dbar\u00e1t Egyetem K\u00f6zpont hivatalos\u00a0 <a href=\"https:\/\/www.facebook.com\/profile.php?id=100086392266295\">Facebook<\/a> \u00a0\u00e9s Instagram oldal\u00e1t. Telefonsz\u00e1m: 06208250915 E-mail: <a href=\"mailto:kokai.dorottya@semmelweis.hu\">kokai.dorottya@semmelweis.hu<\/a> <a href=\"https:\/\/semmelweis.hu\/csaladbarat\/files\/2022\/12\/RS163789_Varga-Pe\u0301ter-scaled.jpg\"><\/a> <a href=\"https:\/\/semmelweis.hu\/telefonkonyv\/?inst_id=486\" target=\"_blank\" rel=\"noopener\">Dr. Varga P\u00e9ter<\/a> orvosszakmai vezet\u0151 Fejleszti a munkat\u00e1rsak sz\u00e1m\u00e1ra el\u00e9rhet\u0151 eg\u00e9szs\u00e9g\u00fcgyi sz\u0171r\u0151vizsg\u00e1latok \u00e9s &hellip;<\/p>\n","protected":false},"author":101405,"featured_media":0,"parent":8,"menu_order":0,"comment_status":"closed","ping_status":"closed","template":"","meta":{"_acf_changed":false,"footnotes":""},"categories":[],"tags":[],"class_list":["post-1664","page","type-page","status-publish","hentry"],"acf":[],"_links":{"self":[{"href":"https:\/\/semmelweis.hu\/csaladbarat\/wp-json\/wp\/v2\/pages\/1664","targetHints":{"allow":["GET"]}}],"collection":[{"href":"https:\/\/semmelweis.hu\/csaladbarat\/wp-json\/wp\/v2\/pages"}],"about":[{"href":"https:\/\/semmelweis.hu\/csaladbarat\/wp-json\/wp\/v2\/types\/page"}],"author":[{"embeddable":true,"href":"https:\/\/semmelweis.hu\/csaladbarat\/wp-json\/wp\/v2\/users\/101405"}],"replies":[{"embeddable":true,"href":"https:\/\/semmelweis.hu\/csaladbarat\/wp-json\/wp\/v2\/comments?post=1664"}],"version-history":[{"count":12,"href":"https:\/\/semmelweis.hu\/csaladbarat\/wp-json\/wp\/v2\/pages\/1664\/revisions"}],"predecessor-version":[{"id":10395,"href":"https:\/\/semmelweis.hu\/csaladbarat\/wp-json\/wp\/v2\/pages\/1664\/revisions\/10395"}],"up":[{"embeddable":true,"href":"https:\/\/semmelweis.hu\/csaladbarat\/wp-json\/wp\/v2\/pages\/8"}],"wp:attachment":[{"href":"https:\/\/semmelweis.hu\/csaladbarat\/wp-json\/wp\/v2\/media?parent=1664"}],"wp:term":[{"taxonomy":"category","embeddable":true,"href":"https:\/\/semmelweis.hu\/csaladbarat\/wp-json\/wp\/v2\/categories?post=1664"},{"taxonomy":"post_tag","embeddable":true,"href":"https:\/\/semmelweis.hu\/csaladbarat\/wp-json\/wp\/v2\/tags?post=1664"}],"curies":[{"name":"wp","href":"https:\/\/api.w.org\/{rel}","templated":true}]}}