{"id":1399,"date":"2022-10-13T12:08:17","date_gmt":"2022-10-13T10:08:17","guid":{"rendered":"https:\/\/semmelweis.hu\/csaladbarat\/?page_id=1399"},"modified":"2025-01-29T12:36:17","modified_gmt":"2025-01-29T11:36:17","slug":"bolcsodei-ferohelyek","status":"publish","type":"page","link":"https:\/\/semmelweis.hu\/csaladbarat\/csalad\/bolcsodei-ferohelyek\/","title":{"rendered":"B\u00f6lcs\u0151dei f\u00e9r\u0151helyek"},"content":{"rendered":"<p>A Semmelweis Egyetem elk\u00f6telezett abban az ir\u00e1nyban, hogy koll\u00e9g\u00e1i sz\u00e1m\u00e1ra \u2013 szakmai elismer\u00e9s\u00fck \u00e9s karrierj\u00fck t\u00e1mogat\u00e1sa mellett \u2013 olyan munkak\u00f6r\u00fclm\u00e9nyeket biztos\u00edtson, mely el\u0151seg\u00edti a csal\u00e1dalap\u00edt\u00e1s \u00e9s gyermeknevel\u00e9s munkav\u00e1llal\u00e1ssal t\u00f6rt\u00e9n\u0151 \u00f6sszeegyeztet\u00e9s\u00e9t. Ennek egyik lehet\u0151s\u00e9ge a kisgyermekek fel\u00fcgyelet\u00e9ben val\u00f3 seg\u00edts\u00e9gny\u00fajt\u00e1s.\u00a0<\/p>\n<p>Mivel a 2021. november v\u00e9gi, Csal\u00e1dbar\u00e1t Egyetem programmal kapcsolatos felm\u00e9r\u00e9s\u00fcnk\u00f6n a v\u00e1laszad\u00f3k 17,5 sz\u00e1zal\u00e9ka jelezte, hogy sz\u00edvesen ig\u00e9nybe venne az egyetem \u00e1ltal biztos\u00edtott b\u00f6lcs\u0151dei f\u00e9r\u0151helyet, ez\u00e9rt egy\u00fcttm\u0171k\u00f6d\u00e9si meg\u00e1llapod\u00e1st k\u00f6t\u00fcnk a <a href=\"http:\/\/www.bolcsode-bp08.hu\/index.html\">J\u00f3zsefv\u00e1rosi Egyes\u00edtett B\u00f6lcs\u0151d\u00e9kkel<\/a>.<\/p>\n<p>Az egy\u00fcttm\u0171k\u00f6d\u00e9s keret\u00e9ben m\u00e1r \u00e9vente 30 f\u00e9r\u0151helyet biztos\u00edtanak a 8. ker\u00fcleti tagint\u00e9zm\u00e9nyekben a munkav\u00e1llal\u00f3k \u00e9s hallgat\u00f3k kisgyermekei sz\u00e1m\u00e1ra.\u00a0<\/p>\n<p>Jelentkez\u00e9si vagy \u00e9rdekl\u0151d\u00e9si sz\u00e1nd\u00e9kukat jelezz\u00e9k <a href=\"mailto:csaladbarat@semmelweis-univ.hu\">csaladbarat@semmelweis.hu<\/a> email c\u00edmen Ber\u00e9nyi N\u00f3ra koll\u00e9gan\u0151nk sz\u00e1m\u00e1ra. K\u00e9rj\u00fck, a lev\u00e9lben t\u00fcntess\u00e9k fel a saj\u00e1t nev\u00fcket, szervezeti egys\u00e9g\u00fcket \u00e9s telefonos el\u00e9rhet\u0151s\u00e9g\u00fcket is.\u00a0<\/p>\n<div class=\"keretes w-100\">\n<h5>Az al\u00e1bbi b\u00f6lcs\u0151d\u00e9k \u00e1llnak rendelkez\u00e9sre a Semmelweis Polg\u00e1rok sz\u00e1m\u00e1ra:<\/h5>\n<ul>\n<li>Mini-Man\u00f3 B\u00f6lcs\u0151de (1083 Budapest, Baross u. 103\/A.)<\/li>\n<li>Bab\u00f3ca B\u00f6lcs\u0151de (1083 Budapest, Baross u. 117.)<\/li>\n<li>J\u00e1t\u00e9kv\u00e1r B\u00f6lcs\u0151de (1085 Budapest, Hor\u00e1nszky u. 21.)<\/li>\n<li>Gyermekkert B\u00f6lcs\u0151de (1082 Budapest, Nagy Templom u. 3.)<\/li>\n<li>Fecseg\u0151-tipeg\u0151k B\u00f6lcs\u0151de (1087 Budapest, Sz\u00e1zados \u00fat 1.)<\/li>\n<li>T\u00fccs\u00f6k-lak B\u00f6lcs\u0151de (1084 Budapest, Tolnai Lajos u. 19.)<\/li>\n<li>Katica B\u00f6lcs\u0151de (1089 Budapest, Vajda P\u00e9ter u. 37-39.)<\/li>\n<\/ul>\n<p>A b\u00f6lcs\u0151d\u00e9kr\u0151l b\u0151vebben <a href=\"http:\/\/www.bolcsode-bp08.hu\/index.html\">IDE KATTINTVA<\/a> t\u00e1j\u00e9koz\u00f3dhatnak.<\/p>\n<\/div>\n","protected":false},"excerpt":{"rendered":"<p>A Semmelweis Egyetem elk\u00f6telezett abban az ir\u00e1nyban, hogy koll\u00e9g\u00e1i sz\u00e1m\u00e1ra \u2013 szakmai elismer\u00e9s\u00fck \u00e9s karrierj\u00fck t\u00e1mogat\u00e1sa mellett \u2013 olyan munkak\u00f6r\u00fclm\u00e9nyeket biztos\u00edtson, mely el\u0151seg\u00edti a csal\u00e1dalap\u00edt\u00e1s \u00e9s gyermeknevel\u00e9s munkav\u00e1llal\u00e1ssal t\u00f6rt\u00e9n\u0151 \u00f6sszeegyeztet\u00e9s\u00e9t. Ennek egyik lehet\u0151s\u00e9ge a kisgyermekek fel\u00fcgyelet\u00e9ben val\u00f3 seg\u00edts\u00e9gny\u00fajt\u00e1s.\u00a0 Mivel a 2021. november v\u00e9gi, Csal\u00e1dbar\u00e1t Egyetem programmal kapcsolatos felm\u00e9r\u00e9s\u00fcnk\u00f6n a v\u00e1laszad\u00f3k 17,5 sz\u00e1zal\u00e9ka jelezte, hogy sz\u00edvesen &hellip;<\/p>\n","protected":false},"author":101405,"featured_media":0,"parent":6484,"menu_order":2,"comment_status":"closed","ping_status":"closed","template":"template-fullwidth.php","meta":{"_acf_changed":false,"footnotes":""},"categories":[],"tags":[],"class_list":["post-1399","page","type-page","status-publish","hentry"],"acf":[],"_links":{"self":[{"href":"https:\/\/semmelweis.hu\/csaladbarat\/wp-json\/wp\/v2\/pages\/1399","targetHints":{"allow":["GET"]}}],"collection":[{"href":"https:\/\/semmelweis.hu\/csaladbarat\/wp-json\/wp\/v2\/pages"}],"about":[{"href":"https:\/\/semmelweis.hu\/csaladbarat\/wp-json\/wp\/v2\/types\/page"}],"author":[{"embeddable":true,"href":"https:\/\/semmelweis.hu\/csaladbarat\/wp-json\/wp\/v2\/users\/101405"}],"replies":[{"embeddable":true,"href":"https:\/\/semmelweis.hu\/csaladbarat\/wp-json\/wp\/v2\/comments?post=1399"}],"version-history":[{"count":5,"href":"https:\/\/semmelweis.hu\/csaladbarat\/wp-json\/wp\/v2\/pages\/1399\/revisions"}],"predecessor-version":[{"id":6382,"href":"https:\/\/semmelweis.hu\/csaladbarat\/wp-json\/wp\/v2\/pages\/1399\/revisions\/6382"}],"up":[{"embeddable":true,"href":"https:\/\/semmelweis.hu\/csaladbarat\/wp-json\/wp\/v2\/pages\/6484"}],"wp:attachment":[{"href":"https:\/\/semmelweis.hu\/csaladbarat\/wp-json\/wp\/v2\/media?parent=1399"}],"wp:term":[{"taxonomy":"category","embeddable":true,"href":"https:\/\/semmelweis.hu\/csaladbarat\/wp-json\/wp\/v2\/categories?post=1399"},{"taxonomy":"post_tag","embeddable":true,"href":"https:\/\/semmelweis.hu\/csaladbarat\/wp-json\/wp\/v2\/tags?post=1399"}],"curies":[{"name":"wp","href":"https:\/\/api.w.org\/{rel}","templated":true}]}}