{"id":11896,"date":"2026-04-20T16:27:07","date_gmt":"2026-04-20T14:27:07","guid":{"rendered":"https:\/\/semmelweis.hu\/csaladbarat\/?page_id=11896"},"modified":"2026-04-20T16:27:07","modified_gmt":"2026-04-20T14:27:07","slug":"csoportos-elet-es-balesetbiztositas","status":"publish","type":"page","link":"https:\/\/semmelweis.hu\/csaladbarat\/csoportos-elet-es-balesetbiztositas\/","title":{"rendered":"Csoportos \u00c9let- \u00e9s Balesetbiztos\u00edt\u00e1s"},"content":{"rendered":"<p style=\"text-align: justify\">2026. janu\u00e1r 1-j\u00e9t\u0151l \u00faj szerz\u0151d\u00e9s keret\u00e9ben m\u0171k\u00f6dik az Egyetem munkav\u00e1llal\u00f3ira, hallgat\u00f3ira \u00e9s tanul\u00f3ira kiterjed\u0151 Csoportos \u00c9let- \u00e9s Balesetbiztos\u00edt\u00e1s (CS\u00c9B). A szerz\u0151d\u00e9ses partner\u00fcnk az UNIQA Biztos\u00edt\u00f3.<\/p>\n<p>\nA biztos\u00edt\u00e1s szem\u00e9lyi hat\u00e1lya az Egyetem<\/p>\n<ul>\n<li>teljes \u00e9s r\u00e9szmunkaid\u0151s dolgoz\u00f3ira (bele\u00e9rtve a GYES, CSED, \u00d6FD \u00e9s GYET ell\u00e1t\u00e1sban r\u00e9szes\u00fcl\u0151kre, valamint a fizet\u00e9s n\u00e9lk\u00fcli szabads\u00e1gon l\u00e9v\u0151kre is), tov\u00e1bb\u00e1<\/li>\n<li>\u00a0az emeritusokra,<\/li>\n<li>\u00a0az igazgat\u00f3s\u00e1gi \u00e9s fel\u00fcgyel\u0151bizotts\u00e1gi tagokra,<\/li>\n<li>\u00a0az \u00fcgyvezet\u0151 igazgat\u00f3kra, illetve<\/li>\n<li>\u00a0a hallgat\u00f3i jogviszonyban,<\/li>\n<li>\u00a0\u00e9s tanul\u00f3i jogviszonyban \u00e1ll\u00f3kra is kiterjed.<\/li>\n<\/ul>\n<p>A biztos\u00edt\u00e1s kock\u00e1zatvisel\u00e9se napi 0\u201324 \u00f3r\u00e1ban, a vil\u00e1g teljes ter\u00fclet\u00e9re kiterjed.<\/p>\n<p>\n<strong>K\u00e1resem\u00e9ny bejelent\u00e9se <\/strong><\/p>\n<p>A k\u00e1rig\u00e9nyt a <a href=\"mailto:biztositas@semmelweis.hu\">biztositas@semmelweis.hu<\/a> e-mail c\u00edmen tudja bejelenteni az \u00e9rintett Semmelweis Polg\u00e1r (vagy hozz\u00e1tartoz\u00f3ja), a k\u00e1rrendez\u00e9st a Szolg\u00e1ltat\u00e1si Igazgat\u00f3s\u00e1g (a tov\u00e1bbiakban: SZI) biztos\u00edt\u00e1si \u00fcgyekkel foglalkoz\u00f3 munkat\u00e1rsai v\u00e9gzik.<\/p>\n<p><strong>Baleset <\/strong><\/p>\n<p>Baleseti k\u00e1rig\u00e9nyhez csatolni kell:<\/p>\n<ul>\n<li>kit\u00f6lt\u00f6tt szolg\u00e1ltat\u00e1si ig\u00e9nybejelent\u0151 lapot,<\/li>\n<li>t\u00e1pp\u00e9nzes igazol\u00e1st,<\/li>\n<li>ambul\u00e1ns lapot,<\/li>\n<li>munk\u00e1ltat\u00f3i\/hallgat\u00f3i jogviszony igazol\u00e1st,<br \/>\nkell bek\u00fcldeni az SZI biztos\u00edt\u00e1ssal foglalkoz\u00f3 munkat\u00e1rsainak.<\/li>\n<\/ul>\n<p>A biztos\u00edt\u00e1si \u00fcgyint\u00e9z\u0151 a be\u00e9rkez\u0151 dokumentumok alapj\u00e1n megteszi a bejelent\u00e9st a Biztos\u00edt\u00f3 fel\u00e9, amely a jogalap elb\u00edr\u00e1l\u00e1s\u00e1t k\u00f6vet\u0151en a k\u00e1rt\u00e9r\u00edt\u00e9st k\u00f6zvetlen\u00fcl az \u00e9rintett r\u00e9sz\u00e9re fizeti ki.<\/p>\n<p>\n<strong>Hal\u00e1leset <\/strong><\/p>\n<p>A hal\u00e1lesetet bejelenteni jogosult a <a href=\"mailto:biztositas@semmelweis.hu\">biztositas@semmelweis.hu<\/a> email c\u00edmre az SZI biztos\u00edt\u00e1ssal foglalkoz\u00f3 munkat\u00e1rsainak:<\/p>\n<ul>\n<li>a munkav\u00e1llal\u00f3, hallgat\u00f3\/tanul\u00f3 hozz\u00e1tartoz\u00f3ja, vagy<\/li>\n<li>az \u00e9rintett szervezeti egys\u00e9g munkat\u00e1rsa is jelezheti azt.<\/li>\n<\/ul>\n<p>\n<strong>Kedvezm\u00e9nyezett kijel\u00f6l\u00e9se<\/strong><\/p>\n<p>A kedvezm\u00e9nyezett kijel\u00f6l\u0151 nyilatkozat lehet\u0151v\u00e9 teszi, hogy hal\u00e1leset eset\u00e9n a megjel\u00f6lt szem\u00e9ly a k\u00e1rt\u00e9r\u00edt\u00e9si \u00f6sszeget a hagyat\u00e9ki elj\u00e1r\u00e1s lez\u00e1r\u00e1sa n\u00e9lk\u00fcl, gyorsabban megkaphassa.<br \/>\nFelh\u00edvjuk figyelm\u00e9t, hogy amennyiben kor\u00e1bban az Allianz Biztos\u00edt\u00f3hoz kapcsol\u00f3d\u00f3 kedvezm\u00e9nyezett kijel\u00f6l\u0151 nyilatkozat ker\u00fclt kit\u00f6lt\u00e9sre, azt az \u00faj szerz\u0151d\u00e9sre tekintettel ism\u00e9telten sz\u00fcks\u00e9ges megtenni az UNIQA Biztos\u00edt\u00f3 r\u00e9sz\u00e9re. A munkav\u00e1llal\u00f3k r\u00e9sz\u00e9re az \u00fcres dokumentum itt tal\u00e1lhat\u00f3: \u2013 <a href=\"https:\/\/semmelweis.hu\/szolgaltatas\/files\/2026\/04\/3D-Plusz_Kedvezmenyezetti-nyilatkozat_Semmelweis_Egyetem.pdf\">kedvezm\u00e9nyezett jel\u00f6l\u0151 nyilatkozat<\/a>,<br \/>\nvalamint az e-t\u00e1rhelyen is kik\u00fcld\u00e9sre ker\u00fcl az \u00e1prilis havi b\u00e9rjegyz\u00e9kkel egyid\u0151ben.<\/p>\n<p>\n<strong>A kedvezm\u00e9nyezett kijel\u00f6l\u0151 nyomtatv\u00e1ny beny\u00fajt\u00e1s\u00e1nak m\u00f3djai:<\/strong><\/p>\n<ol>\n<li>hagyom\u00e1nyos m\u00f3don, pap\u00edr alapon kit\u00f6ltve \u00e9s al\u00e1\u00edrva, a biztos\u00edtott egyetemi munkav\u00e1llal\u00f3 vagy hallgat\u00f3\/tanul\u00f3 nev\u00e9vel \u00e9s szervezeti egys\u00e9g\u00e9vel ell\u00e1tott lez\u00e1rt bor\u00edt\u00e9kban eljuttatva az SZI-re, melyet \u00f6sszegy\u0171jtve az SZI tov\u00e1bb\u00edt az UNIQA Biztos\u00edt\u00f3 r\u00e9sz\u00e9re.<\/li>\n<li>\u00a0elektronikusan kit\u00f6ltve, a D\u00c1P alkalmaz\u00e1sban al\u00e1\u00edr\u00e1ssal ell\u00e1tva, az egyetemi e-mail c\u00edmr\u0151l megk\u00fcldve az <a href=\"mailto:betegseginfo@uniqa.hu\">betegseginfo@uniqa.hu<\/a> e-mail c\u00edmre.<\/li>\n<\/ol>\n<p>A<strong> D\u00c1P<\/strong> alkalmaz\u00e1s haszn\u00e1lat\u00e1val kapcsolatos seg\u00e9danyag itt \u00e9rhet\u0151 el: <a href=\"https:\/\/dap.gov.hu\/ugyintezes\/digitalis-alairas\">D\u00c1P Digit\u00e1lis al\u00e1\u00edr\u00e1shoz seg\u00e9dlet<\/a><\/p>\n<p>A sikeresen bek\u00fcld\u00f6tt dokumentumr\u00f3l az UNIQA Biztos\u00edt\u00f3 v\u00e1laszemailt k\u00fcld.<\/p>\n<p>\nTov\u00e1bbi inform\u00e1ci\u00f3k \u00e9s az \u0171rlapok a Szolg\u00e1ltat\u00e1si Igazgat\u00f3s\u00e1g <a href=\"https:\/\/semmelweis.hu\/szolgaltatas\/szervezeti-egysegek\/biztositas\/\">honlapj\u00e1n<\/a> \u00e9rhet\u0151k el.<\/p>\n<p>K\u00e9rd\u00e9s eset\u00e9n a <a href=\"mailto:biztositas@semmelweis.hu\">biztositas@semmelweis.hu<\/a> e-mail c\u00edmen \u00e9rdekl\u0151dhet.<\/p>\n","protected":false},"excerpt":{"rendered":"<p>2026. janu\u00e1r 1-j\u00e9t\u0151l \u00faj szerz\u0151d\u00e9s keret\u00e9ben m\u0171k\u00f6dik az Egyetem munkav\u00e1llal\u00f3ira, hallgat\u00f3ira \u00e9s tanul\u00f3ira kiterjed\u0151 Csoportos \u00c9let- \u00e9s Balesetbiztos\u00edt\u00e1s (CS\u00c9B). A szerz\u0151d\u00e9ses partner\u00fcnk az UNIQA Biztos\u00edt\u00f3. A biztos\u00edt\u00e1s szem\u00e9lyi hat\u00e1lya az Egyetem teljes \u00e9s r\u00e9szmunkaid\u0151s dolgoz\u00f3ira (bele\u00e9rtve a GYES, CSED, \u00d6FD \u00e9s GYET ell\u00e1t\u00e1sban r\u00e9szes\u00fcl\u0151kre, valamint a fizet\u00e9s n\u00e9lk\u00fcli szabads\u00e1gon l\u00e9v\u0151kre is), tov\u00e1bb\u00e1 \u00a0az emeritusokra, \u00a0az &hellip;<\/p>\n","protected":false},"author":102441,"featured_media":0,"parent":0,"menu_order":0,"comment_status":"closed","ping_status":"closed","template":"","meta":{"_acf_changed":false,"footnotes":""},"categories":[],"tags":[],"class_list":["post-11896","page","type-page","status-publish","hentry"],"acf":[],"_links":{"self":[{"href":"https:\/\/semmelweis.hu\/csaladbarat\/wp-json\/wp\/v2\/pages\/11896","targetHints":{"allow":["GET"]}}],"collection":[{"href":"https:\/\/semmelweis.hu\/csaladbarat\/wp-json\/wp\/v2\/pages"}],"about":[{"href":"https:\/\/semmelweis.hu\/csaladbarat\/wp-json\/wp\/v2\/types\/page"}],"author":[{"embeddable":true,"href":"https:\/\/semmelweis.hu\/csaladbarat\/wp-json\/wp\/v2\/users\/102441"}],"replies":[{"embeddable":true,"href":"https:\/\/semmelweis.hu\/csaladbarat\/wp-json\/wp\/v2\/comments?post=11896"}],"version-history":[{"count":1,"href":"https:\/\/semmelweis.hu\/csaladbarat\/wp-json\/wp\/v2\/pages\/11896\/revisions"}],"predecessor-version":[{"id":11897,"href":"https:\/\/semmelweis.hu\/csaladbarat\/wp-json\/wp\/v2\/pages\/11896\/revisions\/11897"}],"wp:attachment":[{"href":"https:\/\/semmelweis.hu\/csaladbarat\/wp-json\/wp\/v2\/media?parent=11896"}],"wp:term":[{"taxonomy":"category","embeddable":true,"href":"https:\/\/semmelweis.hu\/csaladbarat\/wp-json\/wp\/v2\/categories?post=11896"},{"taxonomy":"post_tag","embeddable":true,"href":"https:\/\/semmelweis.hu\/csaladbarat\/wp-json\/wp\/v2\/tags?post=11896"}],"curies":[{"name":"wp","href":"https:\/\/api.w.org\/{rel}","templated":true}]}}