{"id":16542,"date":"2025-01-23T15:28:19","date_gmt":"2025-01-23T14:28:19","guid":{"rendered":"https:\/\/semmelweis.hu\/corefacility\/?page_id=16542"},"modified":"2026-01-20T14:05:31","modified_gmt":"2026-01-20T13:05:31","slug":"biomimetic-oxidation-of-drugs","status":"publish","type":"page","link":"https:\/\/semmelweis.hu\/corefacility\/home\/biomimetic-oxidation-of-drugs\/","title":{"rendered":"Biomimetic oxidation and oxidative metab\u200eolite and impurity synthesis for drug discovery and development"},"content":{"rendered":"<div class=\"keretes\" style=\"width: 40% !important;border-left: 6px solid #4d9de0 !important\">\n<p><strong>Head of Core Facility<br \/>\n<\/strong>Gy\u00f6rgy Tibor Balogh Prof. Dr.\u00a0<br \/>\nIstv\u00e1n M\u00e1ndity Dr.<\/p>\n<p><strong>Core Facility Address<br \/>\n<\/strong>Department of Pharmaceutical Chemistry<br \/>\nH-1092 Budapest, <br \/>\nH\u0151gyes Endre u. 7-9.<\/p>\n<p><strong>Contact E-mail<br \/>\n<\/strong><a href=\"mailto:biomimox.medchem@semmelweis.hu\">biomimox.medchem@semmelweis.hu<\/a><\/p>\n<p><strong>Staff<br \/>\n<\/strong>5<\/p>\n<p><strong>Quality Control<br \/>\n<\/strong>ISO9001<\/p>\n<\/div>\n<h4><strong>What we offer<\/strong><\/h4>\n<ul style=\"list-style-type: square\">\n<li>Biomimetic system for oxidative metabolite synthesis (flow chemistry, electrochemical oxidation, HTS in ambient mass spectrometry).<\/li>\n<li>Scanning electron microscopy and dynamic light scattering analysis.<\/li>\n<\/ul>\n<h4><strong>Why work with us<\/strong><\/h4>\n<p style=\"text-align: justify\">Biomimetic oxidation of drugs catalyzed by metalloporphyrins using continuous flow chemistry is a powerful method for the effective synthesis of drug metabolites. Our core facility offers efficient synthesis of new API derivative and liver related phase I oxidation major metabolite characterization using immobilized catalysts or continuous-flow magnetic chip reactors.\u00a0<\/p>\n<h4><strong>Our equipment<\/strong><\/h4>\n<ul style=\"list-style-type: square\">\n<li>Immobilized porphyrin magnetic nanoparticle reactors\u00a0<\/li>\n<li>HPLC-DAD-MS<\/li>\n<li>SEM\/DLS<\/li>\n<\/ul>\n<h4><strong>References<\/strong><\/h4>\n<ul style=\"list-style-type: square\">\n<li><a href=\"https:\/\/doi.org\/10.3390\/mi10100668\" target=\"_blank\" rel=\"noopener\">https:\/\/doi.org\/10.3390\/mi10100668<\/a><\/li>\n<li><a href=\"https:\/\/doi.org\/10.1002\/chem.201800892\">https:\/\/doi.org\/10.1002\/chem.201800892\u00a0<\/a><\/li>\n<li><a href=\"https:\/\/doi.org\/10.1016\/S0040-4020(99)00134-9\">https:\/\/doi.org\/10.1016\/S0040-4020(99)00134-9<\/a><\/li>\n<\/ul>\n","protected":false},"excerpt":{"rendered":"<p>Head of Core Facility Gy\u00f6rgy Tibor Balogh Prof. Dr.\u00a0 Istv\u00e1n M\u00e1ndity Dr. Core Facility Address Department of Pharmaceutical Chemistry H-1092 Budapest, H\u0151gyes Endre u. 7-9. Contact E-mail <a href=\"mailto:biomimox.medchem@semmelweis.hu\">biomimox.medchem@semmelweis.hu<\/a> Staff 5 Quality Control ISO9001 What we offer Biomimetic system for oxidative metabolite synthesis (flow chemistry, electrochemical oxidation, HTS in ambient mass spectrometry). Scanning electron microscopy and dynamic &hellip;<\/p>\n","protected":false},"author":102026,"featured_media":0,"parent":14502,"menu_order":0,"comment_status":"closed","ping_status":"closed","template":"template-fullwidth.php","meta":{"_acf_changed":false,"footnotes":""},"categories":[15,37],"tags":[],"class_list":["post-16542","page","type-page","status-publish","hentry","category-core-facility","category-medicinal-chemistry"],"acf":[],"_links":{"self":[{"href":"https:\/\/semmelweis.hu\/corefacility\/wp-json\/wp\/v2\/pages\/16542","targetHints":{"allow":["GET"]}}],"collection":[{"href":"https:\/\/semmelweis.hu\/corefacility\/wp-json\/wp\/v2\/pages"}],"about":[{"href":"https:\/\/semmelweis.hu\/corefacility\/wp-json\/wp\/v2\/types\/page"}],"author":[{"embeddable":true,"href":"https:\/\/semmelweis.hu\/corefacility\/wp-json\/wp\/v2\/users\/102026"}],"replies":[{"embeddable":true,"href":"https:\/\/semmelweis.hu\/corefacility\/wp-json\/wp\/v2\/comments?post=16542"}],"version-history":[{"count":5,"href":"https:\/\/semmelweis.hu\/corefacility\/wp-json\/wp\/v2\/pages\/16542\/revisions"}],"predecessor-version":[{"id":16598,"href":"https:\/\/semmelweis.hu\/corefacility\/wp-json\/wp\/v2\/pages\/16542\/revisions\/16598"}],"up":[{"embeddable":true,"href":"https:\/\/semmelweis.hu\/corefacility\/wp-json\/wp\/v2\/pages\/14502"}],"wp:attachment":[{"href":"https:\/\/semmelweis.hu\/corefacility\/wp-json\/wp\/v2\/media?parent=16542"}],"wp:term":[{"taxonomy":"category","embeddable":true,"href":"https:\/\/semmelweis.hu\/corefacility\/wp-json\/wp\/v2\/categories?post=16542"},{"taxonomy":"post_tag","embeddable":true,"href":"https:\/\/semmelweis.hu\/corefacility\/wp-json\/wp\/v2\/tags?post=16542"}],"curies":[{"name":"wp","href":"https:\/\/api.w.org\/{rel}","templated":true}]}}