{"id":16524,"date":"2025-01-23T14:41:01","date_gmt":"2025-01-23T13:41:01","guid":{"rendered":"https:\/\/semmelweis.hu\/corefacility\/?page_id=16524"},"modified":"2026-01-20T13:51:54","modified_gmt":"2026-01-20T12:51:54","slug":"molecular-bank-and-inventory-system","status":"publish","type":"page","link":"https:\/\/semmelweis.hu\/corefacility\/home\/molecular-bank-and-inventory-system\/","title":{"rendered":"Molecular bank and inventory system"},"content":{"rendered":"<div class=\"keretes\" style=\"width: 40% !important;border-left: 6px solid #4d9de0 !important\">\n<p><strong>Head of Core Facility<br \/>\n<\/strong>Istv\u00e1n M\u00e1ndity Dr.<br \/>\nGy\u00f6rgy Tibor Balogh Prof. Dr.<\/p>\n<p><strong>Core Facility Address<br \/>\n<\/strong>Department of Organic Chemistry<br \/>\nH-1092 Budapest, <br \/>\nH\u0151gyes Endre u. 7-9.<\/p>\n<p><strong>Contact E-mail<br \/>\n<\/strong><a href=\"mailto:molbank.medchem@semmelweis.hu\">molbank.medchem@semmelweis.hu\u00a0<\/a><\/p>\n<p><strong>Staff<br \/>\n<\/strong>6<\/p>\n<p><strong>Quality Control<br \/>\n<\/strong>ISO9001<\/p>\n<\/div>\n<h4><strong>What we offer<\/strong><\/h4>\n<ul style=\"list-style-type: square\">\n<li>Online and ready-to-use drug discovery platform and database: Reliable information on samples available at our various institutions with quality information.<\/li>\n<li>Sample storage, identification, and traffic is handled under a unified system with quality certification.<\/li>\n<\/ul>\n<h4><strong>Why work with us<\/strong><\/h4>\n<p style=\"text-align: justify\">Our database enables rapid identification and retrieval of natural and synthetic chemical samples, including preparation and purity\/integrity data, with fast access to full documentation. It is fully compatible with in silico prediction platforms, supporting rapid compound selection and optional lead identification and characterization using next-generation computational methods.<\/p>\n<h4><strong>Our equipment<\/strong><\/h4>\n<ul style=\"list-style-type: square\">\n<li>ACD\/Labs ChemFolder 2014\u00a0<\/li>\n<\/ul>\n<h4><strong>References<\/strong><\/h4>\n<ul style=\"list-style-type: square\">\n<li>Our molecular bank was created based on industry standards<\/li>\n<li>We have established a partnership with Mcule, a leading provider of virtual screening, compound sourcing, and medicinal chemistry services.\u00a0<\/li>\n<li>Collaboration with TargetEx Biosciences Ltd.: <a href=\"https:\/\/doi.org\/10.3390\/molecules24203641\">https:\/\/doi.org\/10.3390\/molecules24203641<\/a><\/li>\n<\/ul>\n","protected":false},"excerpt":{"rendered":"<p>Head of Core Facility Istv\u00e1n M\u00e1ndity Dr. Gy\u00f6rgy Tibor Balogh Prof. Dr. Core Facility Address Department of Organic Chemistry H-1092 Budapest, H\u0151gyes Endre u. 7-9. Contact E-mail <a href=\"mailto:molbank.medchem@semmelweis.hu\">molbank.medchem@semmelweis.hu\u00a0<\/a> Staff 6 Quality Control ISO9001 What we offer Online and ready-to-use drug discovery platform and database: Reliable information on samples available at our various institutions with quality information. &hellip;<\/p>\n","protected":false},"author":102026,"featured_media":0,"parent":14502,"menu_order":0,"comment_status":"closed","ping_status":"closed","template":"template-fullwidth.php","meta":{"_acf_changed":false,"footnotes":""},"categories":[15,37],"tags":[50],"class_list":["post-16524","page","type-page","status-publish","hentry","category-core-facility","category-medicinal-chemistry","tag-mcule"],"acf":[],"_links":{"self":[{"href":"https:\/\/semmelweis.hu\/corefacility\/wp-json\/wp\/v2\/pages\/16524","targetHints":{"allow":["GET"]}}],"collection":[{"href":"https:\/\/semmelweis.hu\/corefacility\/wp-json\/wp\/v2\/pages"}],"about":[{"href":"https:\/\/semmelweis.hu\/corefacility\/wp-json\/wp\/v2\/types\/page"}],"author":[{"embeddable":true,"href":"https:\/\/semmelweis.hu\/corefacility\/wp-json\/wp\/v2\/users\/102026"}],"replies":[{"embeddable":true,"href":"https:\/\/semmelweis.hu\/corefacility\/wp-json\/wp\/v2\/comments?post=16524"}],"version-history":[{"count":7,"href":"https:\/\/semmelweis.hu\/corefacility\/wp-json\/wp\/v2\/pages\/16524\/revisions"}],"predecessor-version":[{"id":16594,"href":"https:\/\/semmelweis.hu\/corefacility\/wp-json\/wp\/v2\/pages\/16524\/revisions\/16594"}],"up":[{"embeddable":true,"href":"https:\/\/semmelweis.hu\/corefacility\/wp-json\/wp\/v2\/pages\/14502"}],"wp:attachment":[{"href":"https:\/\/semmelweis.hu\/corefacility\/wp-json\/wp\/v2\/media?parent=16524"}],"wp:term":[{"taxonomy":"category","embeddable":true,"href":"https:\/\/semmelweis.hu\/corefacility\/wp-json\/wp\/v2\/categories?post=16524"},{"taxonomy":"post_tag","embeddable":true,"href":"https:\/\/semmelweis.hu\/corefacility\/wp-json\/wp\/v2\/tags?post=16524"}],"curies":[{"name":"wp","href":"https:\/\/api.w.org\/{rel}","templated":true}]}}