{"id":15912,"date":"2023-06-02T12:04:23","date_gmt":"2023-06-02T10:04:23","guid":{"rendered":"https:\/\/semmelweis.hu\/corefacility\/?page_id=15912"},"modified":"2026-01-20T13:35:36","modified_gmt":"2026-01-20T12:35:36","slug":"structure-elucidation","status":"publish","type":"page","link":"https:\/\/semmelweis.hu\/corefacility\/home\/structure-elucidation\/","title":{"rendered":"Structure elucidation"},"content":{"rendered":"<div class=\"keretes\" style=\"border-left: 6px solid #4d9de0 !important\">\n<p><strong>Head of Core Facility<br \/>\n<\/strong>Istv\u00e1n M\u00e1ndity Dr.<br \/>\nGy\u00f6rgy Tibor Balogh Prof. Dr.<\/p>\n<p><strong>Core Facility Address<br \/>\n<\/strong>Department of Organic Chemistry<br \/>\nH-1092 Budapest, <br \/>\nH\u0151gyes Endre u. 7-9.<\/p>\n<p><strong>Contact E-mail<br \/>\n<\/strong><a href=\"mailto:structure.medchem@semmelweis.hu\">structure.medchem@semmelweis.hu\u00a0<\/a><\/p>\n<p><strong>Number of staff<br \/>\n<\/strong>4<\/p>\n<p><strong>Quality Control<br \/>\n<\/strong>ISO 9001<\/p>\n<\/div>\n<h4><strong>What we offer<\/strong><\/h4>\n<ul style=\"list-style-type: square\">\n<li>The service includes measurement, provision of spectral data, structure determination, interpretation of the results and supporting publication process.\u00a0<\/li>\n<\/ul>\n<h4><strong>Why work with us<\/strong><\/h4>\n<ul style=\"list-style-type: square\">\n<li style=\"text-align: justify\">Our service is carried out by experienced researchers and could be useful in structure determination studies: e.g. support of synthesis, investigation of natural compounds, forensic chemistry.\u00a0<\/li>\n<\/ul>\n<h4><strong>equipmentS<\/strong><\/h4>\n<ul style=\"list-style-type: square\">\n<li>Varian Mercury Plus 400 MHz NMR spectrometer\u00a0<\/li>\n<li>Waters HR-MS (ESI- and LA-REIMS &#8211; qTOF instrument) QDa LC-MS\/MS, methods for quantitative and qualitative investigation for early-stage metabolism studies<\/li>\n<li>Shimadzu LCMS-2020\u00a0<\/li>\n<li>Shimadzu MS\u00a0<\/li>\n<li>Shimadzu IR spectrometer (single ATR, horizonal ATR, transmittance)\u00a0<\/li>\n<li>Jasco 4600 FT-IR, ATR-FT-IR, optical polarimeter\u00a0<\/li>\n<li>TECAN Infinite M200 plate reader\u00a0<\/li>\n<li>\u03bcFlux and Gut-Box\u2122 (Pion Inc.)\u00a0<\/li>\n<li>Shimadzu AA-7000 equipped with graphite furnace atomizer and auto-sampler<\/li>\n<\/ul>\n<p><img loading=\"lazy\" decoding=\"async\" class=\"alignleft\" src=\"https:\/\/semmelweis.hu\/corefacility\/files\/2023\/06\/Structure-characterization2.png\" width=\"472\" height=\"294\" data-wp-editing=\"1\" \/><img loading=\"lazy\" decoding=\"async\" class=\"alignleft\" src=\"https:\/\/semmelweis.hu\/corefacility\/files\/2023\/06\/Structure-characterization3.png\" alt=\"\" width=\"454\" height=\"293\" \/><\/p>\n<h4>\u00a0<\/h4>\n<h4>\u00a0<\/h4>\n<h4>\u00a0<\/h4>\n<h4>\u00a0<\/h4>\n<h4>\u00a0<\/h4>\n<h4>\u00a0<\/h4>\n<h4>\u00a0<\/h4>\n<h4><strong><img loading=\"lazy\" decoding=\"async\" class=\"alignright\" src=\"https:\/\/semmelweis.hu\/corefacility\/files\/2023\/06\/Structure-characterization.jpg\" alt=\"\" width=\"386\" height=\"730\" \/>References<\/strong><\/h4>\n<ul style=\"list-style-type: square\">\n<li><a href=\"https:\/\/doi.org\/10.24820\/ark.5550190.p011.900\">https:\/\/doi.org\/10.24820\/ark.5550190.p011.900<\/a> &#8211; collaboration with Femtonics Ltd.<\/li>\n<li><a href=\"https:\/\/doi.org\/10.1007\/s00216-013-6987-x\">https:\/\/doi.org\/10.1007\/s00216-013-6987-x<\/a> &#8211; collaboration with University of California, Riverside<\/li>\n<li><a href=\"https:\/\/doi.org\/10.1002\/mrc.4750\">https:\/\/doi.org\/10.1002\/mrc.4750<\/a> &#8211; collaboration with University of Szeged<\/li>\n<\/ul>\n","protected":false},"excerpt":{"rendered":"<p>Head of Core Facility Istv\u00e1n M\u00e1ndity Dr. Gy\u00f6rgy Tibor Balogh Prof. Dr. Core Facility Address Department of Organic Chemistry H-1092 Budapest, H\u0151gyes Endre u. 7-9. Contact E-mail <a href=\"mailto:structure.medchem@semmelweis.hu\">structure.medchem@semmelweis.hu\u00a0<\/a> Number of staff 4 Quality Control ISO 9001 What we offer The service includes measurement, provision of spectral data, structure determination, interpretation of the results and supporting publication &hellip;<\/p>\n","protected":false},"author":102026,"featured_media":15959,"parent":14502,"menu_order":0,"comment_status":"closed","ping_status":"closed","template":"template-fullwidth.php","meta":{"_acf_changed":false,"footnotes":""},"categories":[15,37],"tags":[],"class_list":["post-15912","page","type-page","status-publish","has-post-thumbnail","hentry","category-core-facility","category-medicinal-chemistry"],"acf":[],"_links":{"self":[{"href":"https:\/\/semmelweis.hu\/corefacility\/wp-json\/wp\/v2\/pages\/15912","targetHints":{"allow":["GET"]}}],"collection":[{"href":"https:\/\/semmelweis.hu\/corefacility\/wp-json\/wp\/v2\/pages"}],"about":[{"href":"https:\/\/semmelweis.hu\/corefacility\/wp-json\/wp\/v2\/types\/page"}],"author":[{"embeddable":true,"href":"https:\/\/semmelweis.hu\/corefacility\/wp-json\/wp\/v2\/users\/102026"}],"replies":[{"embeddable":true,"href":"https:\/\/semmelweis.hu\/corefacility\/wp-json\/wp\/v2\/comments?post=15912"}],"version-history":[{"count":10,"href":"https:\/\/semmelweis.hu\/corefacility\/wp-json\/wp\/v2\/pages\/15912\/revisions"}],"predecessor-version":[{"id":16593,"href":"https:\/\/semmelweis.hu\/corefacility\/wp-json\/wp\/v2\/pages\/15912\/revisions\/16593"}],"up":[{"embeddable":true,"href":"https:\/\/semmelweis.hu\/corefacility\/wp-json\/wp\/v2\/pages\/14502"}],"wp:featuredmedia":[{"embeddable":true,"href":"https:\/\/semmelweis.hu\/corefacility\/wp-json\/wp\/v2\/media\/15959"}],"wp:attachment":[{"href":"https:\/\/semmelweis.hu\/corefacility\/wp-json\/wp\/v2\/media?parent=15912"}],"wp:term":[{"taxonomy":"category","embeddable":true,"href":"https:\/\/semmelweis.hu\/corefacility\/wp-json\/wp\/v2\/categories?post=15912"},{"taxonomy":"post_tag","embeddable":true,"href":"https:\/\/semmelweis.hu\/corefacility\/wp-json\/wp\/v2\/tags?post=15912"}],"curies":[{"name":"wp","href":"https:\/\/api.w.org\/{rel}","templated":true}]}}