{"id":15894,"date":"2023-05-17T14:16:35","date_gmt":"2023-05-17T12:16:35","guid":{"rendered":"https:\/\/semmelweis.hu\/corefacility\/?page_id=15894"},"modified":"2024-11-07T16:09:41","modified_gmt":"2024-11-07T15:09:41","slug":"rodent-behaviour-testing-facility","status":"publish","type":"page","link":"https:\/\/semmelweis.hu\/corefacility\/home\/rodent-behaviour-testing-facility\/","title":{"rendered":"Rodent behaviour testing facility"},"content":{"rendered":"<div class=\"keretes\" style=\"border-left: 6px solid #4d9de0 !important\">\n<p><strong>Head of Core Facility<br \/>\n<\/strong>Istv\u00e1n Gyerty\u00e1n Dr.<\/p>\n<p><strong>Core Facility Address<br \/>\n<\/strong>Department of Pharmacology and Pharmacotherapy<br \/>\n3rd floor, room 311<br \/>\nNagyv\u00e1rad t\u00e9r 4.<br \/>\n1089 Budapest<\/p>\n<p><strong>Contact E-mail<br \/>\n<\/strong>to: Istv\u00e1n Gyerty\u00e1n Dr.<strong><br \/>\n<\/strong><a href=\"mailto:gyertyan.istvan@semmelweis.hu\">gyertyan.istvan@semmelweis.hu<\/a><\/p>\n<p><strong>Number of staff<br \/>\n<\/strong>3<\/p>\n<p><strong>Quality Control<br \/>\n<\/strong>ISO 9001<\/p>\n<\/div>\n<h4><strong>What we offer<\/strong><\/h4>\n<ul style=\"list-style-type: square\">\n<li>Broad range of cognitive assays (e.g. operant chambers, various maze-learning paradigms, aversive conditioning, etc.)<\/li>\n<li>Non invasive blood pressure measurement<\/li>\n<\/ul>\n<h4><strong>Why work with us<\/strong><\/h4>\n<ul style=\"list-style-type: square\">\n<li>Effects on behaviour, specifically on cognitive performance can be measured<\/li>\n<\/ul>\n<h4><strong>equipmentS<\/strong><\/h4>\n<ul style=\"list-style-type: square\">\n<li>5-CSRTT apparatus (rat)<\/li>\n<li>Skinner-box (rat)<\/li>\n<li>touch-screen apparatus (rat)<\/li>\n<li>fear-condtioning apparatus (rat, mouse)<\/li>\n<li>shuttle-box (rat)<\/li>\n<li>passive avoidance box (rat)<\/li>\n<li>Morris water-maze (rat)<\/li>\n<li>Barnes-maze (mouse)<\/li>\n<li>Y-maze (mouse)<\/li>\n<li>symmetrical Y-maze (mouse)<\/li>\n<li>elevated plus-maze (rat)<\/li>\n<li>NOR box (rat)<\/li>\n<li>motimeter (rat)<\/li>\n<li>rotarod (rat)<\/li>\n<li>pot jumping setup (rat)<\/li>\n<li>tail cuff BP apparatus (rat)<\/li>\n<li>Phenomaster (rat)<\/li>\n<\/ul>\n<h4><strong>References<\/strong><\/h4>\n<ul style=\"list-style-type: square\">\n<li>\u00a0<\/li>\n<li>\u00a0<\/li>\n<li>\u00a0<\/li>\n<\/ul>\n","protected":false},"excerpt":{"rendered":"<p>Head of Core Facility Istv\u00e1n Gyerty\u00e1n Dr. Core Facility Address Department of Pharmacology and Pharmacotherapy 3rd floor, room 311 Nagyv\u00e1rad t\u00e9r 4. 1089 Budapest Contact E-mail to: Istv\u00e1n Gyerty\u00e1n Dr. <a href=\"mailto:gyertyan.istvan@semmelweis.hu\">gyertyan.istvan@semmelweis.hu<\/a> Number of staff 3 Quality Control ISO 9001 What we offer Broad range of cognitive assays (e.g. operant chambers, various maze-learning paradigms, aversive conditioning, etc.) &hellip;<\/p>\n","protected":false},"author":102026,"featured_media":0,"parent":14502,"menu_order":0,"comment_status":"closed","ping_status":"closed","template":"template-fullwidth.php","meta":{"_acf_changed":false,"footnotes":""},"categories":[15,17],"tags":[],"class_list":["post-15894","page","type-page","status-publish","hentry","category-core-facility","category-preclinical-research"],"acf":[],"_links":{"self":[{"href":"https:\/\/semmelweis.hu\/corefacility\/wp-json\/wp\/v2\/pages\/15894","targetHints":{"allow":["GET"]}}],"collection":[{"href":"https:\/\/semmelweis.hu\/corefacility\/wp-json\/wp\/v2\/pages"}],"about":[{"href":"https:\/\/semmelweis.hu\/corefacility\/wp-json\/wp\/v2\/types\/page"}],"author":[{"embeddable":true,"href":"https:\/\/semmelweis.hu\/corefacility\/wp-json\/wp\/v2\/users\/102026"}],"replies":[{"embeddable":true,"href":"https:\/\/semmelweis.hu\/corefacility\/wp-json\/wp\/v2\/comments?post=15894"}],"version-history":[{"count":10,"href":"https:\/\/semmelweis.hu\/corefacility\/wp-json\/wp\/v2\/pages\/15894\/revisions"}],"predecessor-version":[{"id":16509,"href":"https:\/\/semmelweis.hu\/corefacility\/wp-json\/wp\/v2\/pages\/15894\/revisions\/16509"}],"up":[{"embeddable":true,"href":"https:\/\/semmelweis.hu\/corefacility\/wp-json\/wp\/v2\/pages\/14502"}],"wp:attachment":[{"href":"https:\/\/semmelweis.hu\/corefacility\/wp-json\/wp\/v2\/media?parent=15894"}],"wp:term":[{"taxonomy":"category","embeddable":true,"href":"https:\/\/semmelweis.hu\/corefacility\/wp-json\/wp\/v2\/categories?post=15894"},{"taxonomy":"post_tag","embeddable":true,"href":"https:\/\/semmelweis.hu\/corefacility\/wp-json\/wp\/v2\/tags?post=15894"}],"curies":[{"name":"wp","href":"https:\/\/api.w.org\/{rel}","templated":true}]}}