{"id":15787,"date":"2023-05-08T15:17:23","date_gmt":"2023-05-08T13:17:23","guid":{"rendered":"https:\/\/semmelweis.hu\/corefacility\/?page_id=15787"},"modified":"2024-03-01T13:45:40","modified_gmt":"2024-03-01T12:45:40","slug":"cardiovascular-imaging-core-laboratory","status":"publish","type":"page","link":"https:\/\/semmelweis.hu\/corefacility\/home\/cardiovascular-imaging-core-laboratory\/","title":{"rendered":"Cardiovascular Imaging Core Laboratory"},"content":{"rendered":"<div class=\"keretes\" style=\"border-left: 6px solid #4d9de0 !important\">\n<p><strong>Head of Core Facility<br \/>\n<\/strong>Prof. Dr. Hajnalka V\u00e1g\u00f3 habil. PhD<\/p>\n<p><strong>Core Facility Address<br \/>\n<\/strong>Department of Cardiology<br \/>\nHat\u00e1r\u0151r \u00fat 18.<br \/>\n1122 Budapest<\/p>\n<p><strong>Contact E-mail<br \/>\n<\/strong>to: Hajnalka V\u00e1g\u00f3 PhD<strong><br \/>\n<\/strong><a href=\"mailto:vago.hajnalka@semmelweis.hu\">vago.hajnalka@semmelweis.hu<\/a><\/p>\n<p><strong>Number of staff<br \/>\n<\/strong>15<\/p>\n<p><strong>Quality Control<br \/>\n<\/strong>ISO 9001<\/p>\n<\/div>\n<h4><strong>What we offer<\/strong><\/h4>\n<ul style=\"list-style-type: square\">\n<li>Full range of cardiovascular imaging procedures including large and small animal experimental imaging.<\/li>\n<li>MR, CT for large animals, US for small animals.<\/li>\n<li>Basic, translational, and clinical research services, research protocol design, data transfer options, advanced image analysis, and reporting.<\/li>\n<\/ul>\n<h4><strong>Why work with us<\/strong><\/h4>\n<ul style=\"list-style-type: square\">\n<li>With its ever-growing capacity and ongoing innovations, the Cardiovascular Imaging Core Laboratory of the Heart and Vascular Center of Semmelweis University is created to perform experimental and clinical cardiovascular imaging at the highest levels.<\/li>\n<li>Having state-of-the-art equipment concerning cardiac MR, CT, cardiac and vascular ultrasonography, the core facility is a unique concept in our region.<\/li>\n<li>Special fields of scientific interests include athlete\u2019s heart, heart transplantation, artificial intelligence, among others.\u00a0<\/li>\n<\/ul>\n<h4><strong>equipmentS<\/strong><\/h4>\n<ul style=\"list-style-type: square\">\n<li><strong><img loading=\"lazy\" decoding=\"async\" class=\"alignright\" style=\"font-weight: 400\" src=\"https:\/\/semmelweis.hu\/corefacility\/files\/2022\/05\/RS97113_ADZ_20190619_0359-scr.jpg\" alt=\"\" width=\"242\" height=\"161\" \/>MR equipment<\/strong><br \/>\n1.5T Siemens Magnetom Aera, Software VE11E. Postprocesing: Medis Suite Software (Medis Medical Imaging Software, The Netherlands)<\/p>\n<hr \/>\n<\/li>\n<\/ul>\n<ul style=\"list-style-type: square\">\n<li><strong><img loading=\"lazy\" decoding=\"async\" class=\"alignright\" style=\"font-weight: 400\" src=\"https:\/\/semmelweis.hu\/corefacility\/files\/2023\/05\/Philips-iCT-128-and-256-Slice-CT-Scanner.png\" alt=\"\" width=\"239\" height=\"247\" \/>CT equipment<\/strong><br \/>\nA single source 256-slice Philips iCT scanner and a dedicated 560-slice cardiac scanner (GE Cardiographe). 3 workstations for quantitative plaque analysis (MEDIS Qangio) and pericoronary fat assessment. Syngio.via and Philips Intellispace applications for the evaluation of cardiac CT scans<\/p>\n<hr \/>\n<\/li>\n<\/ul>\n<ul style=\"list-style-type: square\">\n<li><strong>US equipment<\/strong><br \/>\n(including experimental US): 7 high-end echocardiography systems (Philips EPIQ, GE Vivid E95, equipped with 4D transthoracic and transesophageal transducers, high frequency linear transducers), TomTec Arena portfolio for advanced analysis (speckle tracking, 3D analysis)<\/li>\n<\/ul>\n<p>\u00a0<img loading=\"lazy\" decoding=\"async\" src=\"https:\/\/semmelweis.hu\/corefacility\/files\/2023\/05\/ge-vivid-e95-011-600x600-1.jpg\" alt=\"\" width=\"300\" height=\"300\" \/>\u00a0<img loading=\"lazy\" decoding=\"async\" src=\"https:\/\/semmelweis.hu\/corefacility\/files\/2023\/05\/PHILIPS-EPIQ-Elite-1000x1000-1.jpg\" alt=\"\" width=\"300\" height=\"300\" \/><\/p>\n<h4>\u00a0<\/h4>\n<h4><strong>References<\/strong><\/h4>\n<ul style=\"list-style-type: square\">\n<li><a href=\"http:\/\/www.ncbi.nlm.nih.gov\/pmc\/articles\/pmc8788018\/\" target=\"_blank\" rel=\"noopener\">http:\/\/www.ncbi.nlm.nih.gov\/pmc\/articles\/pmc8788018\/<\/a><\/li>\n<\/ul>\n","protected":false},"excerpt":{"rendered":"<p>Head of Core Facility Prof. Dr. Hajnalka V\u00e1g\u00f3 habil. PhD Core Facility Address Department of Cardiology Hat\u00e1r\u0151r \u00fat 18. 1122 Budapest Contact E-mail to: Hajnalka V\u00e1g\u00f3 PhD <a href=\"mailto:vago.hajnalka@semmelweis.hu\">vago.hajnalka@semmelweis.hu<\/a> Number of staff 15 Quality Control ISO 9001 What we offer Full range of cardiovascular imaging procedures including large and small animal experimental imaging. MR, CT for large &hellip;<\/p>\n","protected":false},"author":102026,"featured_media":15347,"parent":14502,"menu_order":0,"comment_status":"closed","ping_status":"closed","template":"template-fullwidth.php","meta":{"_acf_changed":false,"footnotes":""},"categories":[15,16],"tags":[28,27,29],"class_list":["post-15787","page","type-page","status-publish","has-post-thumbnail","hentry","category-core-facility","category-imaging","tag-ct","tag-mr","tag-ultrasound"],"acf":[],"_links":{"self":[{"href":"https:\/\/semmelweis.hu\/corefacility\/wp-json\/wp\/v2\/pages\/15787","targetHints":{"allow":["GET"]}}],"collection":[{"href":"https:\/\/semmelweis.hu\/corefacility\/wp-json\/wp\/v2\/pages"}],"about":[{"href":"https:\/\/semmelweis.hu\/corefacility\/wp-json\/wp\/v2\/types\/page"}],"author":[{"embeddable":true,"href":"https:\/\/semmelweis.hu\/corefacility\/wp-json\/wp\/v2\/users\/102026"}],"replies":[{"embeddable":true,"href":"https:\/\/semmelweis.hu\/corefacility\/wp-json\/wp\/v2\/comments?post=15787"}],"version-history":[{"count":10,"href":"https:\/\/semmelweis.hu\/corefacility\/wp-json\/wp\/v2\/pages\/15787\/revisions"}],"predecessor-version":[{"id":16409,"href":"https:\/\/semmelweis.hu\/corefacility\/wp-json\/wp\/v2\/pages\/15787\/revisions\/16409"}],"up":[{"embeddable":true,"href":"https:\/\/semmelweis.hu\/corefacility\/wp-json\/wp\/v2\/pages\/14502"}],"wp:featuredmedia":[{"embeddable":true,"href":"https:\/\/semmelweis.hu\/corefacility\/wp-json\/wp\/v2\/media\/15347"}],"wp:attachment":[{"href":"https:\/\/semmelweis.hu\/corefacility\/wp-json\/wp\/v2\/media?parent=15787"}],"wp:term":[{"taxonomy":"category","embeddable":true,"href":"https:\/\/semmelweis.hu\/corefacility\/wp-json\/wp\/v2\/categories?post=15787"},{"taxonomy":"post_tag","embeddable":true,"href":"https:\/\/semmelweis.hu\/corefacility\/wp-json\/wp\/v2\/tags?post=15787"}],"curies":[{"name":"wp","href":"https:\/\/api.w.org\/{rel}","templated":true}]}}