{"id":15774,"date":"2023-05-08T14:51:22","date_gmt":"2023-05-08T12:51:22","guid":{"rendered":"https:\/\/semmelweis.hu\/corefacility\/?page_id=15774"},"modified":"2024-03-01T13:43:49","modified_gmt":"2024-03-01T12:43:49","slug":"live-cell-3d-bioprinting-unit","status":"publish","type":"page","link":"https:\/\/semmelweis.hu\/corefacility\/home\/live-cell-3d-bioprinting-unit\/","title":{"rendered":"Live-Cell 3D Bioprinting"},"content":{"rendered":"<div class=\"keretes\" style=\"border-left: 6px solid #4d9de0 !important\">\n<p><strong>Head of Core Facility<br \/>\n<\/strong>Anna Sebesty\u00e9n, PhD<\/p>\n<p><strong>Core Facility Address<br \/>\n<\/strong>Department of Pathology and Experimental Cancer Research<br \/>\n\u00dcll\u0151i \u00fat 26.<br \/>\n1085 Budapest<\/p>\n<p><strong>Contact E-mail<br \/>\n<\/strong>to: Anna Sebesty\u00e9n, PhD<strong><br \/>\n<\/strong><a href=\"mailto:sebestyen.anna@semmelweis.hu\" target=\"_blank\" rel=\"noopener\">sebestyen.anna@semmelweis.hu<\/a><\/p>\n<p><strong>Number of staff<br \/>\n<\/strong>4<\/p>\n<p><strong>Quality Control<br \/>\n<\/strong>ISO 9001<\/p>\n<\/div>\n<h4><strong>What we offer<\/strong><\/h4>\n<p>Experimental cell culturing with human cancer cell lines in 2D and 3D cell culture systems, primary cell culturing and 3D bioprinting with living cells.<\/p>\n<ul style=\"list-style-type: square\">\n<li>3D bioprinting with different type of cancer cells and other non-cancer cells<\/li>\n<li>bioink preparation (bioink selection for the current cells)<\/li>\n<li>in vitro cell growth tests in 3D spheroid and 3D bioprinted tissue like grafts<\/li>\n<li>routine cell culturing technologies and related equipments, laboratories<\/li>\n<li>primary cell culture laboratory<\/li>\n<li>steril cell culture laboratory<\/li>\n<li>cell proliferation, apoptosis and other functional tests in vitro<\/li>\n<li>Mycoplasma tests<\/li>\n<li>cell line storage in liquid nitrogen<\/li>\n<li>in vivo xenotransplantation and growing tests<\/li>\n<\/ul>\n<h4><strong>Why work with us<\/strong><\/h4>\n<ul style=\"list-style-type: square\">\n<li>The Tissue and Cell Culture Laboratory at 1st Department of Pathology and Experimental Cancer Research Institute has a decades-long tradition in tumour biology studies<\/li>\n<li>In the connected cell line storage capacities several different type of cancer cell lines (more than human tumour 200 cell lines) and related primary, sterile tissue cell culture and 3D bioprinting Unit are available<\/li>\n<li>The Laboratory has wide experience in 2D and 3D cell culturing, primary cell culture and cell line stabilization and working with cell lines with different in vivo xenograft models<\/li>\n<li>the 3D bioprinting technology was established using Bioscaffolder 3.2 (3D bioprinter, GeSiM, Radeberg, Germany) for printing extrusion-based 3D scaffolds with special bioinks containing living tumour or normal cells<\/li>\n<\/ul>\n<p>&nbsp;<\/p>\n<h4><strong>equipment<\/strong><\/h4>\n<ul style=\"list-style-type: square\">\n<li><img loading=\"lazy\" decoding=\"async\" class=\"alignright\" style=\"font-size: 1rem\" src=\"https:\/\/semmelweis.hu\/corefacility\/files\/2022\/01\/3D-Bioprinter.png\" alt=\"\" width=\"230\" height=\"172\" \/>Bioscaffolder 3.2 (3D bioprinter, GeSiM, Radeberg, Germany) for printing extrusion-based 3D scaffolds with special bioinks containing living cells<\/li>\n<\/ul>\n<p style=\"padding-left: 40px\">The Live-Cell 3D Bioprinting Unit provides facilities and available technologies at the Tissue and Cell Culture Laboratory in 1st Department of Pathology and Experimental Cancer Research to print and work with in vitro growing 3 dimensional tumour models for basic research and drug testing experiments<\/p>\n<h4><strong>References<\/strong><\/h4>\n<ul style=\"list-style-type: square\">\n<li><a href=\"http:\/\/www.ncbi.nlm.nih.gov\/pmc\/articles\/pmc9267600\/\" target=\"_blank\" rel=\"noopener\">http:\/\/www.ncbi.nlm.nih.gov\/pmc\/articles\/pmc9267600\/<\/a><\/li>\n<li><a href=\"http:\/\/www.ncbi.nlm.nih.gov\/pmc\/articles\/pmc9946983\/\" target=\"_blank\" rel=\"noopener\">http:\/\/www.ncbi.nlm.nih.gov\/pmc\/articles\/pmc9946983\/<\/a><\/li>\n<\/ul>\n<h4 style=\"padding-left: 40px\"><strong>Invited Conference Speeches<\/strong><\/h4>\n<ul>\n<li style=\"list-style-type: none\">\n<ul style=\"list-style-type: square\">\n<li>Sebesty\u00e9n A \u2013 3D bioprinted tumor models in metabolic adaptation studies 51. <br \/>\nMembrane-Tnasport Conference S\u00fcmeg 2022<\/li>\n<li>BEYOND LIMITS 3D BIOPRINTING- 3D bioprinting and its application Budapest 2021<br \/>\n(Perform-Cellink organized scientific meeting)<\/li>\n<\/ul>\n<\/li>\n<\/ul>\n","protected":false},"excerpt":{"rendered":"<p>Head of Core Facility Anna Sebesty\u00e9n, PhD Core Facility Address Department of Pathology and Experimental Cancer Research \u00dcll\u0151i \u00fat 26. 1085 Budapest Contact E-mail to: Anna Sebesty\u00e9n, PhD <a href=\"mailto:sebestyen.anna@semmelweis.hu\" target=\"_blank\" rel=\"noopener\">sebestyen.anna@semmelweis.hu<\/a> Number of staff 4 Quality Control ISO 9001 What we offer Experimental cell culturing with human cancer cell lines in 2D and 3D cell culture systems, primary &hellip;<\/p>\n","protected":false},"author":102026,"featured_media":15371,"parent":14502,"menu_order":0,"comment_status":"closed","ping_status":"closed","template":"template-fullwidth.php","meta":{"_acf_changed":false,"footnotes":""},"categories":[25,15],"tags":[],"class_list":["post-15774","page","type-page","status-publish","has-post-thumbnail","hentry","category-bioprinting","category-core-facility"],"acf":[],"_links":{"self":[{"href":"https:\/\/semmelweis.hu\/corefacility\/wp-json\/wp\/v2\/pages\/15774","targetHints":{"allow":["GET"]}}],"collection":[{"href":"https:\/\/semmelweis.hu\/corefacility\/wp-json\/wp\/v2\/pages"}],"about":[{"href":"https:\/\/semmelweis.hu\/corefacility\/wp-json\/wp\/v2\/types\/page"}],"author":[{"embeddable":true,"href":"https:\/\/semmelweis.hu\/corefacility\/wp-json\/wp\/v2\/users\/102026"}],"replies":[{"embeddable":true,"href":"https:\/\/semmelweis.hu\/corefacility\/wp-json\/wp\/v2\/comments?post=15774"}],"version-history":[{"count":10,"href":"https:\/\/semmelweis.hu\/corefacility\/wp-json\/wp\/v2\/pages\/15774\/revisions"}],"predecessor-version":[{"id":16408,"href":"https:\/\/semmelweis.hu\/corefacility\/wp-json\/wp\/v2\/pages\/15774\/revisions\/16408"}],"up":[{"embeddable":true,"href":"https:\/\/semmelweis.hu\/corefacility\/wp-json\/wp\/v2\/pages\/14502"}],"wp:featuredmedia":[{"embeddable":true,"href":"https:\/\/semmelweis.hu\/corefacility\/wp-json\/wp\/v2\/media\/15371"}],"wp:attachment":[{"href":"https:\/\/semmelweis.hu\/corefacility\/wp-json\/wp\/v2\/media?parent=15774"}],"wp:term":[{"taxonomy":"category","embeddable":true,"href":"https:\/\/semmelweis.hu\/corefacility\/wp-json\/wp\/v2\/categories?post=15774"},{"taxonomy":"post_tag","embeddable":true,"href":"https:\/\/semmelweis.hu\/corefacility\/wp-json\/wp\/v2\/tags?post=15774"}],"curies":[{"name":"wp","href":"https:\/\/api.w.org\/{rel}","templated":true}]}}