{"id":15613,"date":"2023-04-28T13:36:15","date_gmt":"2023-04-28T11:36:15","guid":{"rendered":"https:\/\/semmelweis.hu\/corefacility\/?page_id=15613"},"modified":"2023-09-19T13:34:26","modified_gmt":"2023-09-19T11:34:26","slug":"fully-automated-purification-of-nucleic-acids-and-proteins","status":"publish","type":"page","link":"https:\/\/semmelweis.hu\/corefacility\/home\/fully-automated-purification-of-nucleic-acids-and-proteins\/","title":{"rendered":"Fully automated purification of nucleic acids and proteins"},"content":{"rendered":"<div class=\"keretes\" style=\"border-left: 6px solid #4d9de0 !important;\">\n<p><strong>Head of Core Facility<br \/>\n<\/strong>Gy\u00f6ngyi Munk\u00e1csy\u00a0Dr.<\/p>\n<p><strong>Core Facility Address<br \/>\n<\/strong>T\u0171zolt\u00f3 u. 7.<br \/>\n1094 Budapest<br \/>\nHungary<\/p>\n<p><strong>Contact E-mail<br \/>\n<\/strong>to: Gy\u00f6ngyi Munk\u00e1csy Dr.<br \/>\n<a href=\"mailto:munkacsy.gyongyi@med.semmelweis-univ.hu\">munkacsy.gyongyi@med.semmelweis-univ.hu<\/a><\/p>\n<p><strong>Staff<br \/>\n<\/strong>1<\/p>\n<p><strong>Quality Control<br \/>\n<\/strong>ISO 9001<\/p>\n<\/div>\n<h4><strong>What we offer<\/strong><\/h4>\n<p>QIAcube Connect is designed to perform fully automated purification of nucleic acids and proteins in molecular biology applications up to 12 samples in a single run.<\/p>\n<p>&nbsp;<\/p>\n<h4><strong>Why work with us<\/strong><\/h4>\n<ul style=\"list-style-type: square;\">\n<li>lets you automate your manual spin-column-based sample preparation kits right out of the box and purify up to 12 samples in a single run.<\/li>\n<li>strong background of Semmelweis University<\/li>\n<li>more than ten years experience<\/li>\n<\/ul>\n<p>&nbsp;<\/p>\n<h4><strong>equipment<\/strong><\/h4>\n<ul style=\"list-style-type: square;\">\n<li>QIACube Connect<br \/>\nincludes a centrifuge, heated shaker, pipetting system and robotic gripper<\/li>\n<\/ul>\n<p>&nbsp;<\/p>\n<h4><strong>References<\/strong><\/h4>\n<ul style=\"list-style-type: square;\">\n<li>\u00a0<\/li>\n<li>\u00a0<\/li>\n<li>\u00a0<\/li>\n<\/ul>\n","protected":false},"excerpt":{"rendered":"<p>Head of Core Facility Gy\u00f6ngyi Munk\u00e1csy\u00a0Dr. Core Facility Address T\u0171zolt\u00f3 u. 7. 1094 Budapest Hungary Contact E-mail to: Gy\u00f6ngyi Munk\u00e1csy Dr. <a href=\"mailto:munkacsy.gyongyi@med.semmelweis-univ.hu\">munkacsy.gyongyi@med.semmelweis-univ.hu<\/a> Staff 1 Quality Control ISO 9001 What we offer QIAcube Connect is designed to perform fully automated purification of nucleic acids and proteins in molecular biology applications up to 12 samples in a single &hellip;<\/p>\n","protected":false},"author":102026,"featured_media":15619,"parent":14502,"menu_order":0,"comment_status":"closed","ping_status":"closed","template":"template-fullwidth.php","meta":{"_acf_changed":false,"footnotes":""},"categories":[],"tags":[],"class_list":["post-15613","page","type-page","status-publish","has-post-thumbnail","hentry"],"acf":[],"_links":{"self":[{"href":"https:\/\/semmelweis.hu\/corefacility\/wp-json\/wp\/v2\/pages\/15613","targetHints":{"allow":["GET"]}}],"collection":[{"href":"https:\/\/semmelweis.hu\/corefacility\/wp-json\/wp\/v2\/pages"}],"about":[{"href":"https:\/\/semmelweis.hu\/corefacility\/wp-json\/wp\/v2\/types\/page"}],"author":[{"embeddable":true,"href":"https:\/\/semmelweis.hu\/corefacility\/wp-json\/wp\/v2\/users\/102026"}],"replies":[{"embeddable":true,"href":"https:\/\/semmelweis.hu\/corefacility\/wp-json\/wp\/v2\/comments?post=15613"}],"version-history":[{"count":10,"href":"https:\/\/semmelweis.hu\/corefacility\/wp-json\/wp\/v2\/pages\/15613\/revisions"}],"predecessor-version":[{"id":16273,"href":"https:\/\/semmelweis.hu\/corefacility\/wp-json\/wp\/v2\/pages\/15613\/revisions\/16273"}],"up":[{"embeddable":true,"href":"https:\/\/semmelweis.hu\/corefacility\/wp-json\/wp\/v2\/pages\/14502"}],"wp:featuredmedia":[{"embeddable":true,"href":"https:\/\/semmelweis.hu\/corefacility\/wp-json\/wp\/v2\/media\/15619"}],"wp:attachment":[{"href":"https:\/\/semmelweis.hu\/corefacility\/wp-json\/wp\/v2\/media?parent=15613"}],"wp:term":[{"taxonomy":"category","embeddable":true,"href":"https:\/\/semmelweis.hu\/corefacility\/wp-json\/wp\/v2\/categories?post=15613"},{"taxonomy":"post_tag","embeddable":true,"href":"https:\/\/semmelweis.hu\/corefacility\/wp-json\/wp\/v2\/tags?post=15613"}],"curies":[{"name":"wp","href":"https:\/\/api.w.org\/{rel}","templated":true}]}}