{"id":15602,"date":"2023-04-28T13:38:31","date_gmt":"2023-04-28T11:38:31","guid":{"rendered":"https:\/\/semmelweis.hu\/corefacility\/?page_id=15602"},"modified":"2024-11-07T15:19:07","modified_gmt":"2024-11-07T14:19:07","slug":"small-animal-ultrasound","status":"publish","type":"page","link":"https:\/\/semmelweis.hu\/corefacility\/home\/small-animal-ultrasound\/","title":{"rendered":"Small Animal Ultrasound"},"content":{"rendered":"<div class=\"keretes\" style=\"border-left: 6px solid #4d9de0 !important\">\n<p><strong>Head of Core Facility<br \/>\n<\/strong>Zolt\u00e1n Varga PhD<\/p>\n<p><strong>Core Facility Address<br \/>\n<\/strong>Department of Pharmacology and Pharmacotherapy<br \/>\nNagyvarad t\u00e9r 4.<br \/>\n1089 Budapest<br \/>\nHungary<\/p>\n<p><strong>Contact E-mail<br \/>\n<\/strong>to: Csenger Kov\u00e1csh\u00e1zi PhD Predoktor<br \/>\n<a href=\"mailto:kovacshazi.csenger@semmelweis.hu\" target=\"_blank\" rel=\"noopener\">kovacshazi.csenger@semmelweis.hu<\/a><\/p>\n<p><span style=\"font-size: 1rem\">cc: Zolt\u00e1n Varga PhD<br \/>\n<\/span><a href=\"mailto:varga.zoltan@med.semmelweis-univ.hu\">varga.zoltan@med.semmelweis-univ.hu<\/a><\/p>\n<p><strong>Number of staff<br \/>\n<\/strong>3<\/p>\n<p><strong>Quality Control<br \/>\n<\/strong>ISO 9001<\/p>\n<\/div>\n<h4><strong>What we offer<\/strong><\/h4>\n<ul style=\"list-style-type: square\">\n<li>Collection of anatomical, hemodynamic, functional real-time data with a resolution to 30 \u03bcm<\/li>\n<\/ul>\n<h4><strong>Why work with us<\/strong><\/h4>\n<ul style=\"list-style-type: square\">\n<li>The system can be used in preclinical cardiovascular, oncology, developmental, neurobiology, vascular biology, drug discovery and development experiments<\/li>\n<li>Monitoring of ECG, heart rate, core temperature, respiration<\/li>\n<li>Precision micro-injection system is suitable for injections or extraction procedures<\/li>\n<li>The system contains warmed platform for maintaining optimal physiological conditions for small animals<\/li>\n<\/ul>\n<h4><strong>equipment<\/strong><\/h4>\n<ul style=\"list-style-type: square\">\n<li>Vevo 3100 ultrasound imaging system<\/li>\n<\/ul>\n<h4><strong>References<\/strong><\/h4>\n<ul style=\"list-style-type: square\">\n<li>\u00a0 \u00a0<\/li>\n<\/ul>\n<p><img decoding=\"async\" src=\"https:\/\/semmelweis.hu\/corefacility\/files\/2022\/02\/Vevo-3100_633-core-facility.jpg\" alt=\"\" \/><img decoding=\"async\" src=\"https:\/\/semmelweis.hu\/corefacility\/files\/2023\/02\/VEVO_3100_sample_pics-e1676901281239.jpg\" alt=\"\" \/><\/p>\n","protected":false},"excerpt":{"rendered":"<p>Head of Core Facility Zolt\u00e1n Varga PhD Core Facility Address Department of Pharmacology and Pharmacotherapy Nagyvarad t\u00e9r 4. 1089 Budapest Hungary Contact E-mail to: Csenger Kov\u00e1csh\u00e1zi PhD Predoktor <a href=\"mailto:kovacshazi.csenger@semmelweis.hu\" target=\"_blank\" rel=\"noopener\">kovacshazi.csenger@semmelweis.hu<\/a> cc: Zolt\u00e1n Varga PhD <a href=\"mailto:varga.zoltan@med.semmelweis-univ.hu\">varga.zoltan@med.semmelweis-univ.hu<\/a> Number of staff 3 Quality Control ISO 9001 What we offer Collection of anatomical, hemodynamic, functional real-time data with a resolution to 30 &hellip;<\/p>\n","protected":false},"author":102026,"featured_media":15563,"parent":14502,"menu_order":0,"comment_status":"closed","ping_status":"closed","template":"template-fullwidth.php","meta":{"_acf_changed":false,"footnotes":""},"categories":[15,17],"tags":[],"class_list":["post-15602","page","type-page","status-publish","has-post-thumbnail","hentry","category-core-facility","category-preclinical-research"],"acf":[],"_links":{"self":[{"href":"https:\/\/semmelweis.hu\/corefacility\/wp-json\/wp\/v2\/pages\/15602","targetHints":{"allow":["GET"]}}],"collection":[{"href":"https:\/\/semmelweis.hu\/corefacility\/wp-json\/wp\/v2\/pages"}],"about":[{"href":"https:\/\/semmelweis.hu\/corefacility\/wp-json\/wp\/v2\/types\/page"}],"author":[{"embeddable":true,"href":"https:\/\/semmelweis.hu\/corefacility\/wp-json\/wp\/v2\/users\/102026"}],"replies":[{"embeddable":true,"href":"https:\/\/semmelweis.hu\/corefacility\/wp-json\/wp\/v2\/comments?post=15602"}],"version-history":[{"count":10,"href":"https:\/\/semmelweis.hu\/corefacility\/wp-json\/wp\/v2\/pages\/15602\/revisions"}],"predecessor-version":[{"id":16503,"href":"https:\/\/semmelweis.hu\/corefacility\/wp-json\/wp\/v2\/pages\/15602\/revisions\/16503"}],"up":[{"embeddable":true,"href":"https:\/\/semmelweis.hu\/corefacility\/wp-json\/wp\/v2\/pages\/14502"}],"wp:featuredmedia":[{"embeddable":true,"href":"https:\/\/semmelweis.hu\/corefacility\/wp-json\/wp\/v2\/media\/15563"}],"wp:attachment":[{"href":"https:\/\/semmelweis.hu\/corefacility\/wp-json\/wp\/v2\/media?parent=15602"}],"wp:term":[{"taxonomy":"category","embeddable":true,"href":"https:\/\/semmelweis.hu\/corefacility\/wp-json\/wp\/v2\/categories?post=15602"},{"taxonomy":"post_tag","embeddable":true,"href":"https:\/\/semmelweis.hu\/corefacility\/wp-json\/wp\/v2\/tags?post=15602"}],"curies":[{"name":"wp","href":"https:\/\/api.w.org\/{rel}","templated":true}]}}