{"id":9,"date":"2019-02-26T09:49:14","date_gmt":"2019-02-26T08:49:14","guid":{"rendered":"http:\/\/semmelweis.hu\/cadavercourse\/?page_id=9"},"modified":"2025-12-09T10:33:53","modified_gmt":"2025-12-09T09:33:53","slug":"elerhetoseg","status":"publish","type":"page","link":"https:\/\/semmelweis.hu\/cadavercourse\/elerhetoseg\/","title":{"rendered":"El\u00e9rhet\u0151s\u00e9g"},"content":{"rendered":"<div class=\"keretes w-100\">\n<p><span style=\"font-family: Montserrat;\">C\u00edm: <strong>1094 Budapest, T\u0171zolt\u00f3 utca 58.<\/strong><\/span><br \/>\n<span style=\"font-family: Montserrat;\">Postac\u00edm: 1085 Budapest, \u00dcll\u0151i \u00fat 26. <em>(Anat\u00f3miai, Sz\u00f6vet- \u00e9s Fejl\u0151d\u00e9stani Int\u00e9zet: Gadanecz Beatrix kez\u00e9hez)<br \/>\n<\/em>Telefon: <strong>+36 1 4591500 \/ 53688<\/strong><\/span><br \/>\n<span style=\"font-family: Montserrat;\">Email: <a href=\"mailto:gadanecz.beatrix@semmelweis.hu\">gadanecz.beatrix@semmelweis.hu<\/a><\/span><\/p>\n<\/div>\n<p><span style=\"font-family: Montserrat;\">Az Anat\u00f3miai, Sz\u00f6vet- \u00e9s Fejl\u0151d\u00e9stani Int\u00e9zet \u00e9p\u00fclete a belv\u00e1ros sz\u00edv\u00e9hez k\u00f6zel helyezkedik el. Megk\u00f6zel\u00edthet\u0151s\u00e9ge optim\u00e1lis, a rept\u00e9rr\u0151l egyenes \u00fat vezet int\u00e9zet\u00fcnkig, m\u00edg t\u00f6megk\u00f6zleked\u00e9ssel az M3 metr\u00f3 Klinik\u00e1k meg\u00e1ll\u00f3j\u00e1t\u00f3l n\u00e9h\u00e1ny perces s\u00e9t\u00e1val el\u00e9rhet\u0151. A parkol\u00e1s bels\u0151 udvarunkon megoldhat\u00f3. Sz\u00e1mos \u00faj \u00e9p\u00edt\u00e9s\u0171 hotel \u00e9s \u00e9tterem, rendezett park veszi k\u00f6r\u00fcl, a Duna partj\u00e1hoz k\u00f6zel fekszik. A hozz\u00e1nk l\u00e1togat\u00f3k a kifog\u00e1stalan szakmai k\u00f6rnyezet mellett Budapest sokr\u00e9t\u0171 kultur\u00e1lis \u00e9s pihentet\u0151 programja k\u00f6z\u00fcl v\u00e1laszthatnak szabadidej\u00fck elt\u00f6lt\u00e9s\u00e9hez.<\/span><\/p>\n\n<!-- iframe plugin v.4.9 wordpress.org\/plugins\/iframe\/ -->\n<iframe loading=\"lazy\" src=\"https:\/\/www.google.com\/maps\/embed?pb=!1m18!1m12!1m3!1d2696.4573124366243!2d19.076829015626142!3d47.48100387917658!2m3!1f0!2f0!3f0!3m2!1i1024!2i768!4f13.1!3m3!1m2!1s0x4741dcfbaf6789b3%3A0x47f863f5e27f66db!2zQnVkYXBlc3QsIFTFsXpvbHTDsyB1LiA1OCwgMTA5NA!5e0!3m2!1shu!2shu!4v1501766738998\" width=\"100%\" height=\"400\" scrolling=\"yes\" class=\"iframe-class\" frameborder=\"0\"><\/iframe>\n\n<p>&nbsp;<\/p>\n","protected":false},"excerpt":{"rendered":"<p>C\u00edm: 1094 Budapest, T\u0171zolt\u00f3 utca 58. Postac\u00edm: 1085 Budapest, \u00dcll\u0151i \u00fat 26. (Anat\u00f3miai, Sz\u00f6vet- \u00e9s Fejl\u0151d\u00e9stani Int\u00e9zet: Gadanecz Beatrix kez\u00e9hez) Telefon: +36 1 4591500 \/ 53688 Email: <a href=\"mailto:gadanecz.beatrix@semmelweis.hu\">gadanecz.beatrix@semmelweis.hu<\/a> Az Anat\u00f3miai, Sz\u00f6vet- \u00e9s Fejl\u0151d\u00e9stani Int\u00e9zet \u00e9p\u00fclete a belv\u00e1ros sz\u00edv\u00e9hez k\u00f6zel helyezkedik el. Megk\u00f6zel\u00edthet\u0151s\u00e9ge optim\u00e1lis, a rept\u00e9rr\u0151l egyenes \u00fat vezet int\u00e9zet\u00fcnkig, m\u00edg t\u00f6megk\u00f6zleked\u00e9ssel az M3 metr\u00f3 Klinik\u00e1k meg\u00e1ll\u00f3j\u00e1t\u00f3l &hellip;<\/p>\n","protected":false},"author":12,"featured_media":0,"parent":0,"menu_order":8,"comment_status":"closed","ping_status":"closed","template":"template-fullwidth.php","meta":{"_acf_changed":false,"footnotes":""},"categories":[],"tags":[],"class_list":["post-9","page","type-page","status-publish","hentry"],"acf":[],"_links":{"self":[{"href":"https:\/\/semmelweis.hu\/cadavercourse\/wp-json\/wp\/v2\/pages\/9","targetHints":{"allow":["GET"]}}],"collection":[{"href":"https:\/\/semmelweis.hu\/cadavercourse\/wp-json\/wp\/v2\/pages"}],"about":[{"href":"https:\/\/semmelweis.hu\/cadavercourse\/wp-json\/wp\/v2\/types\/page"}],"author":[{"embeddable":true,"href":"https:\/\/semmelweis.hu\/cadavercourse\/wp-json\/wp\/v2\/users\/12"}],"replies":[{"embeddable":true,"href":"https:\/\/semmelweis.hu\/cadavercourse\/wp-json\/wp\/v2\/comments?post=9"}],"version-history":[{"count":12,"href":"https:\/\/semmelweis.hu\/cadavercourse\/wp-json\/wp\/v2\/pages\/9\/revisions"}],"predecessor-version":[{"id":1783,"href":"https:\/\/semmelweis.hu\/cadavercourse\/wp-json\/wp\/v2\/pages\/9\/revisions\/1783"}],"wp:attachment":[{"href":"https:\/\/semmelweis.hu\/cadavercourse\/wp-json\/wp\/v2\/media?parent=9"}],"wp:term":[{"taxonomy":"category","embeddable":true,"href":"https:\/\/semmelweis.hu\/cadavercourse\/wp-json\/wp\/v2\/categories?post=9"},{"taxonomy":"post_tag","embeddable":true,"href":"https:\/\/semmelweis.hu\/cadavercourse\/wp-json\/wp\/v2\/tags?post=9"}],"curies":[{"name":"wp","href":"https:\/\/api.w.org\/{rel}","templated":true}]}}