{"id":548,"date":"2023-01-16T13:37:49","date_gmt":"2023-01-16T12:37:49","guid":{"rendered":"https:\/\/semmelweis.hu\/cadavercourse\/?page_id=548"},"modified":"2025-11-27T14:48:15","modified_gmt":"2025-11-27T13:48:15","slug":"kurzusok","status":"publish","type":"page","link":"https:\/\/semmelweis.hu\/cadavercourse\/kurzusok\/","title":{"rendered":"Kurzusaink"},"content":{"rendered":"<style>\n           #page-grid .card-body > .line-clamp-box.excerpt{\n        width: inherit;\n        max-width: inherit;\n        display:flex;\n        min-height: 2.4em;\n        flex-direction: column;\n        justify-content: space-around;\n        background-color: #D6E4EA;\n        min-height: 3.4rem;\n        font-family: \"Montserrat\", sans-serif;\n    }\n\n    #page-grid a:hover .card-body > .line-clamp-box.excerpt {\n        background-color: #fff;\n        color: #313B40;\n    }\n\n    #page-grid .card-body .line-clamp-box.excerpt section{\n        max-width: inherit;\n        display: -webkit-box;\n        -webkit-line-clamp: 2;\n        -webkit-box-orient: vertical;\n        overflow: hidden;\n        text-overflow: ellipsis;\n        hyphens: auto;\n        margin: auto;\n        \n    }\n    .line-clamp-box.excerpt section, .line-clamp-box.excerpt section p{\n        font-size:0.8em;\n    }\n    \n<\/style>\n    <section id=\"page-grid\">\n        \n        <div class=\"row row-cols-1 row-cols-md-2 row-cols-lg-3 no-gutters mx-0 \">    <div class =\"col  mb-2 card-wrapper\">\n        <a class=\"d-flex flex-fill card-link-warapper m-md-1\" href=\"https:\/\/semmelweis.hu\/cadavercourse\/kurzusok\/halado-legutbiztositasi-cadaveres-tanfolyam\/\">\n            <div class=\"card border border-secondary se-border flex-fill\">\n                <div class=\"row no-gutters mx-0 d-flex flex-nowrap flex-md-wrap align-items-center\">\n                    <div class =\"  col-5 col-md-12   card-image justify-content-center\">\n                        <img loading=\"lazy\" decoding=\"async\" width=\"753\" height=\"547\" src=\"https:\/\/semmelweis.hu\/cadavercourse\/files\/2021\/06\/KURZUS_06_18_SZD_010-1024x744.jpg\" class=\"landscape wp-post-image\" alt=\"\" srcset=\"https:\/\/semmelweis.hu\/cadavercourse\/files\/2021\/06\/KURZUS_06_18_SZD_010-1024x744.jpg 1024w, https:\/\/semmelweis.hu\/cadavercourse\/files\/2021\/06\/KURZUS_06_18_SZD_010-400x291.jpg 400w, https:\/\/semmelweis.hu\/cadavercourse\/files\/2021\/06\/KURZUS_06_18_SZD_010-768x558.jpg 768w, https:\/\/semmelweis.hu\/cadavercourse\/files\/2021\/06\/KURZUS_06_18_SZD_010-1536x1117.jpg 1536w, https:\/\/semmelweis.hu\/cadavercourse\/files\/2021\/06\/KURZUS_06_18_SZD_010-2048x1489.jpg 2048w, https:\/\/semmelweis.hu\/cadavercourse\/files\/2021\/06\/KURZUS_06_18_SZD_010-753x547.jpg 753w\" sizes=\"auto, (max-width: 753px) 100vw, 753px\" \/>\n                    <\/div>\n                    <div class=\"card-body  col flex-column  col-md-12 p-0\">\n                        <div class=\"line-clamp-box p-3\">\n                            <h5 class=\"ml-0 ml-sm-1 mt-2 align-items-center\"  >Halad\u00f3 l\u00e9g\u00fatbiztos\u00edt\u00e1si cadaveres tanfolyam<\/h5>\n                        <\/div>\n                        \n                    <\/div>\n                <\/div>\n\n            <\/div>\n        <\/a>\n    <\/div>    <div class =\"col  mb-2 card-wrapper\">\n        <a class=\"d-flex flex-fill card-link-warapper m-md-1\" href=\"https:\/\/semmelweis.hu\/cadavercourse\/kurzusok\/ersebeszeti_tanfolyam\/\">\n            <div class=\"card border border-secondary se-border flex-fill\">\n                <div class=\"row no-gutters mx-0 d-flex flex-nowrap flex-md-wrap align-items-center\">\n                    <div class =\"  col-5 col-md-12   card-image justify-content-center\">\n                        <img loading=\"lazy\" decoding=\"async\" width=\"753\" height=\"502\" src=\"https:\/\/semmelweis.hu\/cadavercourse\/files\/2025\/11\/RS208810__19A2043_scr-1024x683.jpg\" class=\"landscape wp-post-image\" alt=\"\" srcset=\"https:\/\/semmelweis.hu\/cadavercourse\/files\/2025\/11\/RS208810__19A2043_scr-1024x683.jpg 1024w, https:\/\/semmelweis.hu\/cadavercourse\/files\/2025\/11\/RS208810__19A2043_scr-400x267.jpg 400w, https:\/\/semmelweis.hu\/cadavercourse\/files\/2025\/11\/RS208810__19A2043_scr-768x512.jpg 768w, https:\/\/semmelweis.hu\/cadavercourse\/files\/2025\/11\/RS208810__19A2043_scr-753x502.jpg 753w, https:\/\/semmelweis.hu\/cadavercourse\/files\/2025\/11\/RS208810__19A2043_scr-203x135.jpg 203w, https:\/\/semmelweis.hu\/cadavercourse\/files\/2025\/11\/RS208810__19A2043_scr.jpg 1200w\" sizes=\"auto, (max-width: 753px) 100vw, 753px\" \/>\n                    <\/div>\n                    <div class=\"card-body  col flex-column  col-md-12 p-0\">\n                        <div class=\"line-clamp-box p-3\">\n                            <h5 class=\"ml-0 ml-sm-1 mt-2 align-items-center\"  >Nyitott \u00e9rseb\u00e9szeti felt\u00e1r\u00e1sok cadaverkurzus<\/h5>\n                        <\/div>\n                        \n                    <\/div>\n                <\/div>\n\n            <\/div>\n        <\/a>\n    <\/div>    <div class =\"col  mb-2 card-wrapper\">\n        <a class=\"d-flex flex-fill card-link-warapper m-md-1\" href=\"https:\/\/semmelweis.hu\/cadavercourse\/kurzusok\/vats-es-nyitott-mellkassebeszeti-cadaver-kurzus\/\">\n            <div class=\"card border border-secondary se-border flex-fill\">\n                <div class=\"row no-gutters mx-0 d-flex flex-nowrap flex-md-wrap align-items-center\">\n                    <div class =\"  col-5 col-md-12   card-image justify-content-center\">\n                        <img loading=\"lazy\" decoding=\"async\" width=\"753\" height=\"502\" src=\"https:\/\/semmelweis.hu\/cadavercourse\/files\/2025\/11\/RS208647_GV5A9251_scr-1024x683.jpg\" class=\"landscape wp-post-image\" alt=\"\" srcset=\"https:\/\/semmelweis.hu\/cadavercourse\/files\/2025\/11\/RS208647_GV5A9251_scr-1024x683.jpg 1024w, https:\/\/semmelweis.hu\/cadavercourse\/files\/2025\/11\/RS208647_GV5A9251_scr-400x267.jpg 400w, https:\/\/semmelweis.hu\/cadavercourse\/files\/2025\/11\/RS208647_GV5A9251_scr-768x512.jpg 768w, https:\/\/semmelweis.hu\/cadavercourse\/files\/2025\/11\/RS208647_GV5A9251_scr-753x502.jpg 753w, https:\/\/semmelweis.hu\/cadavercourse\/files\/2025\/11\/RS208647_GV5A9251_scr-203x135.jpg 203w, https:\/\/semmelweis.hu\/cadavercourse\/files\/2025\/11\/RS208647_GV5A9251_scr.jpg 1200w\" sizes=\"auto, (max-width: 753px) 100vw, 753px\" \/>\n                    <\/div>\n                    <div class=\"card-body  col flex-column  col-md-12 p-0\">\n                        <div class=\"line-clamp-box p-3\">\n                            <h5 class=\"ml-0 ml-sm-1 mt-2 align-items-center\"  >VATS \u00e9s nyitott mellkasseb\u00e9szeti cadaver kurzus<\/h5>\n                        <\/div>\n                        \n                    <\/div>\n                <\/div>\n\n            <\/div>\n        <\/a>\n    <\/div>        <\/div>\n    <\/section>\n","protected":false},"excerpt":{"rendered":"","protected":false},"author":101434,"featured_media":0,"parent":0,"menu_order":1,"comment_status":"closed","ping_status":"closed","template":"template-fullwidth.php","meta":{"_acf_changed":false,"footnotes":""},"categories":[],"tags":[],"class_list":["post-548","page","type-page","status-publish","hentry"],"acf":[],"_links":{"self":[{"href":"https:\/\/semmelweis.hu\/cadavercourse\/wp-json\/wp\/v2\/pages\/548","targetHints":{"allow":["GET"]}}],"collection":[{"href":"https:\/\/semmelweis.hu\/cadavercourse\/wp-json\/wp\/v2\/pages"}],"about":[{"href":"https:\/\/semmelweis.hu\/cadavercourse\/wp-json\/wp\/v2\/types\/page"}],"author":[{"embeddable":true,"href":"https:\/\/semmelweis.hu\/cadavercourse\/wp-json\/wp\/v2\/users\/101434"}],"replies":[{"embeddable":true,"href":"https:\/\/semmelweis.hu\/cadavercourse\/wp-json\/wp\/v2\/comments?post=548"}],"version-history":[{"count":5,"href":"https:\/\/semmelweis.hu\/cadavercourse\/wp-json\/wp\/v2\/pages\/548\/revisions"}],"predecessor-version":[{"id":1764,"href":"https:\/\/semmelweis.hu\/cadavercourse\/wp-json\/wp\/v2\/pages\/548\/revisions\/1764"}],"wp:attachment":[{"href":"https:\/\/semmelweis.hu\/cadavercourse\/wp-json\/wp\/v2\/media?parent=548"}],"wp:term":[{"taxonomy":"category","embeddable":true,"href":"https:\/\/semmelweis.hu\/cadavercourse\/wp-json\/wp\/v2\/categories?post=548"},{"taxonomy":"post_tag","embeddable":true,"href":"https:\/\/semmelweis.hu\/cadavercourse\/wp-json\/wp\/v2\/tags?post=548"}],"curies":[{"name":"wp","href":"https:\/\/api.w.org\/{rel}","templated":true}]}}