{"id":1735,"date":"2025-11-27T10:00:13","date_gmt":"2025-11-27T09:00:13","guid":{"rendered":"https:\/\/semmelweis.hu\/cadavercourse\/?page_id=1735"},"modified":"2025-11-30T11:22:54","modified_gmt":"2025-11-30T10:22:54","slug":"prof-sebastian-debus","status":"publish","type":"page","link":"https:\/\/semmelweis.hu\/cadavercourse\/oktatok\/prof-sebastian-debus\/","title":{"rendered":"Prof. Sebastian Debus"},"content":{"rendered":"<p><img loading=\"lazy\" decoding=\"async\" class=\"size-medium wp-image-1509 alignright\" src=\"https:\/\/semmelweis.hu\/cadavercourse\/files\/2025\/11\/Kepernyofoto-2025-11-10-13.32.10-265x400.png\" alt=\"\" width=\"265\" height=\"400\" srcset=\"https:\/\/semmelweis.hu\/cadavercourse\/files\/2025\/11\/Kepernyofoto-2025-11-10-13.32.10-265x400.png 265w, https:\/\/semmelweis.hu\/cadavercourse\/files\/2025\/11\/Kepernyofoto-2025-11-10-13.32.10.png 613w\" sizes=\"auto, (max-width: 265px) 100vw, 265px\" \/>Az Eur\u00f3pai \u00c9rseb\u00e9szeti T\u00e1rsas\u00e1g eln\u00f6ke, valamint a Hamburgi Egyetemi Sz\u00edvk\u00f6zpont \u00c9rseb\u00e9szeti Oszt\u00e1ly\u00e1nak vezet\u0151je. Klinikai \u00e9rdekl\u0151d\u00e9si k\u00f6re a zsigeri seb\u00e9szet, a seb\u00e9szet, az \u00e9rseb\u00e9szet \u00e9s a phlebol\u00f3gia.<\/p>\n","protected":false},"excerpt":{"rendered":"<p>Az Eur\u00f3pai \u00c9rseb\u00e9szeti T\u00e1rsas\u00e1g eln\u00f6ke, valamint a Hamburgi Egyetemi Sz\u00edvk\u00f6zpont \u00c9rseb\u00e9szeti Oszt\u00e1ly\u00e1nak vezet\u0151je. Klinikai \u00e9rdekl\u0151d\u00e9si k\u00f6re a zsigeri seb\u00e9szet, a seb\u00e9szet, az \u00e9rseb\u00e9szet \u00e9s a phlebol\u00f3gia.<\/p>\n","protected":false},"author":102572,"featured_media":1502,"parent":1747,"menu_order":0,"comment_status":"closed","ping_status":"closed","template":"template-fullwidth.php","meta":{"_acf_changed":false,"footnotes":""},"categories":[62,64],"tags":[],"class_list":["post-1735","page","type-page","status-publish","has-post-thumbnail","hentry","category-ersebeszet","category-klinikus-oktatok"],"acf":[],"_links":{"self":[{"href":"https:\/\/semmelweis.hu\/cadavercourse\/wp-json\/wp\/v2\/pages\/1735","targetHints":{"allow":["GET"]}}],"collection":[{"href":"https:\/\/semmelweis.hu\/cadavercourse\/wp-json\/wp\/v2\/pages"}],"about":[{"href":"https:\/\/semmelweis.hu\/cadavercourse\/wp-json\/wp\/v2\/types\/page"}],"author":[{"embeddable":true,"href":"https:\/\/semmelweis.hu\/cadavercourse\/wp-json\/wp\/v2\/users\/102572"}],"replies":[{"embeddable":true,"href":"https:\/\/semmelweis.hu\/cadavercourse\/wp-json\/wp\/v2\/comments?post=1735"}],"version-history":[{"count":1,"href":"https:\/\/semmelweis.hu\/cadavercourse\/wp-json\/wp\/v2\/pages\/1735\/revisions"}],"predecessor-version":[{"id":1736,"href":"https:\/\/semmelweis.hu\/cadavercourse\/wp-json\/wp\/v2\/pages\/1735\/revisions\/1736"}],"up":[{"embeddable":true,"href":"https:\/\/semmelweis.hu\/cadavercourse\/wp-json\/wp\/v2\/pages\/1747"}],"wp:featuredmedia":[{"embeddable":true,"href":"https:\/\/semmelweis.hu\/cadavercourse\/wp-json\/wp\/v2\/media\/1502"}],"wp:attachment":[{"href":"https:\/\/semmelweis.hu\/cadavercourse\/wp-json\/wp\/v2\/media?parent=1735"}],"wp:term":[{"taxonomy":"category","embeddable":true,"href":"https:\/\/semmelweis.hu\/cadavercourse\/wp-json\/wp\/v2\/categories?post=1735"},{"taxonomy":"post_tag","embeddable":true,"href":"https:\/\/semmelweis.hu\/cadavercourse\/wp-json\/wp\/v2\/tags?post=1735"}],"curies":[{"name":"wp","href":"https:\/\/api.w.org\/{rel}","templated":true}]}}