{"id":1732,"date":"2025-11-27T12:00:13","date_gmt":"2025-11-27T11:00:13","guid":{"rendered":"https:\/\/semmelweis.hu\/cadavercourse\/?page_id=1732"},"modified":"2025-11-30T11:22:18","modified_gmt":"2025-11-30T10:22:18","slug":"prof-szeberin-zoltan","status":"publish","type":"page","link":"https:\/\/semmelweis.hu\/cadavercourse\/oktatok\/prof-szeberin-zoltan\/","title":{"rendered":"Prof. Szeberin Zolt\u00e1n"},"content":{"rendered":"<p><img loading=\"lazy\" decoding=\"async\" class=\"size-medium wp-image-1659 alignright\" src=\"https:\/\/semmelweis.hu\/cadavercourse\/files\/2025\/11\/szeberin_zoltan-266x400.jpg\" alt=\"\" width=\"266\" height=\"400\" srcset=\"https:\/\/semmelweis.hu\/cadavercourse\/files\/2025\/11\/szeberin_zoltan-266x400.jpg 266w, https:\/\/semmelweis.hu\/cadavercourse\/files\/2025\/11\/szeberin_zoltan.jpg 599w\" sizes=\"auto, (max-width: 266px) 100vw, 266px\" \/>\u00c9rseb\u00e9sz szakorvos a budapesti V\u00e1rosmajori Sz\u00edv- \u00e9s \u00c9rgy\u00f3gy\u00e1szati Klinik\u00e1n. T\u00f6bb ezer m\u0171t\u00e9tet v\u00e9gzett, r\u00e9szt vesz orvostanhallgat\u00f3k oktat\u00e1s\u00e1ban \u00e9s szakorvosjel\u00f6ltek k\u00e9pz\u00e9s\u00e9ben. Az \u00e9rbetegs\u00e9gek minden ter\u00fclet\u00e9vel foglalkozik, bele\u00e9rtve a gy\u00f3gyszeres, kat\u00e9teres \u00e9s seb\u00e9szi kezel\u00e9seket is.<\/p>\n","protected":false},"excerpt":{"rendered":"<p>\u00c9rseb\u00e9sz szakorvos a budapesti V\u00e1rosmajori Sz\u00edv- \u00e9s \u00c9rgy\u00f3gy\u00e1szati Klinik\u00e1n. T\u00f6bb ezer m\u0171t\u00e9tet v\u00e9gzett, r\u00e9szt vesz orvostanhallgat\u00f3k oktat\u00e1s\u00e1ban \u00e9s szakorvosjel\u00f6ltek k\u00e9pz\u00e9s\u00e9ben. Az \u00e9rbetegs\u00e9gek minden ter\u00fclet\u00e9vel foglalkozik, bele\u00e9rtve a gy\u00f3gyszeres, kat\u00e9teres \u00e9s seb\u00e9szi kezel\u00e9seket is.<\/p>\n","protected":false},"author":102572,"featured_media":1661,"parent":1747,"menu_order":0,"comment_status":"closed","ping_status":"closed","template":"template-fullwidth.php","meta":{"_acf_changed":false,"footnotes":""},"categories":[62,64],"tags":[],"class_list":["post-1732","page","type-page","status-publish","has-post-thumbnail","hentry","category-ersebeszet","category-klinikus-oktatok"],"acf":[],"_links":{"self":[{"href":"https:\/\/semmelweis.hu\/cadavercourse\/wp-json\/wp\/v2\/pages\/1732","targetHints":{"allow":["GET"]}}],"collection":[{"href":"https:\/\/semmelweis.hu\/cadavercourse\/wp-json\/wp\/v2\/pages"}],"about":[{"href":"https:\/\/semmelweis.hu\/cadavercourse\/wp-json\/wp\/v2\/types\/page"}],"author":[{"embeddable":true,"href":"https:\/\/semmelweis.hu\/cadavercourse\/wp-json\/wp\/v2\/users\/102572"}],"replies":[{"embeddable":true,"href":"https:\/\/semmelweis.hu\/cadavercourse\/wp-json\/wp\/v2\/comments?post=1732"}],"version-history":[{"count":1,"href":"https:\/\/semmelweis.hu\/cadavercourse\/wp-json\/wp\/v2\/pages\/1732\/revisions"}],"predecessor-version":[{"id":1733,"href":"https:\/\/semmelweis.hu\/cadavercourse\/wp-json\/wp\/v2\/pages\/1732\/revisions\/1733"}],"up":[{"embeddable":true,"href":"https:\/\/semmelweis.hu\/cadavercourse\/wp-json\/wp\/v2\/pages\/1747"}],"wp:featuredmedia":[{"embeddable":true,"href":"https:\/\/semmelweis.hu\/cadavercourse\/wp-json\/wp\/v2\/media\/1661"}],"wp:attachment":[{"href":"https:\/\/semmelweis.hu\/cadavercourse\/wp-json\/wp\/v2\/media?parent=1732"}],"wp:term":[{"taxonomy":"category","embeddable":true,"href":"https:\/\/semmelweis.hu\/cadavercourse\/wp-json\/wp\/v2\/categories?post=1732"},{"taxonomy":"post_tag","embeddable":true,"href":"https:\/\/semmelweis.hu\/cadavercourse\/wp-json\/wp\/v2\/tags?post=1732"}],"curies":[{"name":"wp","href":"https:\/\/api.w.org\/{rel}","templated":true}]}}