{"id":1730,"date":"2025-11-27T13:00:15","date_gmt":"2025-11-27T12:00:15","guid":{"rendered":"https:\/\/semmelweis.hu\/cadavercourse\/?page_id=1730"},"modified":"2025-11-30T11:21:56","modified_gmt":"2025-11-30T10:21:56","slug":"dr-olah-zoltan","status":"publish","type":"page","link":"https:\/\/semmelweis.hu\/cadavercourse\/oktatok\/dr-olah-zoltan\/","title":{"rendered":"Dr. Ol\u00e1h Zolt\u00e1n"},"content":{"rendered":"<p><img loading=\"lazy\" decoding=\"async\" class=\"size-medium wp-image-1503 alignright\" src=\"https:\/\/semmelweis.hu\/cadavercourse\/files\/2025\/11\/Kepernyofoto-2025-11-10-14.09.05-1-265x400.png\" alt=\"\" width=\"265\" height=\"400\" srcset=\"https:\/\/semmelweis.hu\/cadavercourse\/files\/2025\/11\/Kepernyofoto-2025-11-10-14.09.05-1-265x400.png 265w, https:\/\/semmelweis.hu\/cadavercourse\/files\/2025\/11\/Kepernyofoto-2025-11-10-14.09.05-1.png 609w\" sizes=\"auto, (max-width: 265px) 100vw, 265px\" \/>Mesteroktat\u00f3, f\u0151orvos a budapesti <strong>V\u00e1rosmajori Sz\u00edv- \u00e9s \u00c9rgy\u00f3gy\u00e1szati Klinik\u00e1n<\/strong>.<\/p>\n<p>Szakter\u00fclete a ny\u00edlt \u00e9s hibrid endovaszkul\u00e1ris beavatkoz\u00e1sok a nyaki, mellkasi, hasi \u00e9s rectalis art\u00e9ri\u00e1kban. Rendszeresen tan\u00edt, el\u0151ad\u00e1st tart \u00e9s r\u00e9szt vesz az angiol\u00f3gia \u00e9s \u00e9rseb\u00e9szet szakorvosok tov\u00e1bbk\u00e9pz\u00e9s\u00e9ben.<\/p>\n","protected":false},"excerpt":{"rendered":"<p>Mesteroktat\u00f3, f\u0151orvos a budapesti V\u00e1rosmajori Sz\u00edv- \u00e9s \u00c9rgy\u00f3gy\u00e1szati Klinik\u00e1n.<br \/>\nSzakter\u00fclete a ny\u00edlt \u00e9s hibrid endovaszkul\u00e1ris beavatkoz\u00e1sok a nyaki, mellkasi, hasi \u00e9s rectalis art\u00e9ri\u00e1kban. Rendszeresen tan\u00edt, el\u0151ad\u00e1st tart \u00e9s r\u00e9szt vesz az angiol\u00f3gia \u00e9s \u00e9rseb\u00e9szet szakorvosok tov\u00e1bbk\u00e9pz\u00e9s\u00e9ben.<\/p>\n","protected":false},"author":102572,"featured_media":1498,"parent":1747,"menu_order":0,"comment_status":"closed","ping_status":"closed","template":"template-fullwidth.php","meta":{"_acf_changed":false,"footnotes":""},"categories":[62,64],"tags":[],"class_list":["post-1730","page","type-page","status-publish","has-post-thumbnail","hentry","category-ersebeszet","category-klinikus-oktatok"],"acf":[],"_links":{"self":[{"href":"https:\/\/semmelweis.hu\/cadavercourse\/wp-json\/wp\/v2\/pages\/1730","targetHints":{"allow":["GET"]}}],"collection":[{"href":"https:\/\/semmelweis.hu\/cadavercourse\/wp-json\/wp\/v2\/pages"}],"about":[{"href":"https:\/\/semmelweis.hu\/cadavercourse\/wp-json\/wp\/v2\/types\/page"}],"author":[{"embeddable":true,"href":"https:\/\/semmelweis.hu\/cadavercourse\/wp-json\/wp\/v2\/users\/102572"}],"replies":[{"embeddable":true,"href":"https:\/\/semmelweis.hu\/cadavercourse\/wp-json\/wp\/v2\/comments?post=1730"}],"version-history":[{"count":2,"href":"https:\/\/semmelweis.hu\/cadavercourse\/wp-json\/wp\/v2\/pages\/1730\/revisions"}],"predecessor-version":[{"id":1734,"href":"https:\/\/semmelweis.hu\/cadavercourse\/wp-json\/wp\/v2\/pages\/1730\/revisions\/1734"}],"up":[{"embeddable":true,"href":"https:\/\/semmelweis.hu\/cadavercourse\/wp-json\/wp\/v2\/pages\/1747"}],"wp:featuredmedia":[{"embeddable":true,"href":"https:\/\/semmelweis.hu\/cadavercourse\/wp-json\/wp\/v2\/media\/1498"}],"wp:attachment":[{"href":"https:\/\/semmelweis.hu\/cadavercourse\/wp-json\/wp\/v2\/media?parent=1730"}],"wp:term":[{"taxonomy":"category","embeddable":true,"href":"https:\/\/semmelweis.hu\/cadavercourse\/wp-json\/wp\/v2\/categories?post=1730"},{"taxonomy":"post_tag","embeddable":true,"href":"https:\/\/semmelweis.hu\/cadavercourse\/wp-json\/wp\/v2\/tags?post=1730"}],"curies":[{"name":"wp","href":"https:\/\/api.w.org\/{rel}","templated":true}]}}