{"id":1728,"date":"2025-11-27T14:00:13","date_gmt":"2025-11-27T13:00:13","guid":{"rendered":"https:\/\/semmelweis.hu\/cadavercourse\/?page_id=1728"},"modified":"2025-11-30T11:21:31","modified_gmt":"2025-11-30T10:21:31","slug":"prof-sotonyi-peter","status":"publish","type":"page","link":"https:\/\/semmelweis.hu\/cadavercourse\/oktatok\/prof-sotonyi-peter\/","title":{"rendered":"Prof. S\u00f3tonyi P\u00e9ter"},"content":{"rendered":"<p><img loading=\"lazy\" decoding=\"async\" class=\"size-medium wp-image-1505 alignright\" src=\"https:\/\/semmelweis.hu\/cadavercourse\/files\/2025\/11\/Kepernyofoto-2025-11-10-13.39.26-266x400.png\" alt=\"\" width=\"266\" height=\"400\" srcset=\"https:\/\/semmelweis.hu\/cadavercourse\/files\/2025\/11\/Kepernyofoto-2025-11-10-13.39.26-266x400.png 266w, https:\/\/semmelweis.hu\/cadavercourse\/files\/2025\/11\/Kepernyofoto-2025-11-10-13.39.26.png 611w\" sizes=\"auto, (max-width: 266px) 100vw, 266px\" \/>A budapesti <strong>V\u00e1rosmajori Sz\u00edv- \u00e9s \u00c9rgy\u00f3gy\u00e1szati Klinika<\/strong> \u00c9rseb\u00e9szeti Oszt\u00e1ly\u00e1nak igazgat\u00f3ja.<\/p>\n<p>F\u0151 klinikai \u00e9rdekl\u0151d\u00e9si ter\u00fcletei az \u00e9rseb\u00e9szetben alkalmazott hibrid seb\u00e9szeti technik\u00e1k \u00e9s az aorta patol\u00f3gi\u00e1inak diagnosztik\u00e1ja.<\/p>\n","protected":false},"excerpt":{"rendered":"<p>A budapesti V\u00e1rosmajori Sz\u00edv- \u00e9s \u00c9rgy\u00f3gy\u00e1szati Klinika \u00c9rseb\u00e9szeti Oszt\u00e1ly\u00e1nak igazgat\u00f3ja.<br \/>\nF\u0151 klinikai \u00e9rdekl\u0151d\u00e9si ter\u00fcletei az \u00e9rseb\u00e9szetben alkalmazott hibrid seb\u00e9szeti technik\u00e1k \u00e9s az aorta patol\u00f3gi\u00e1inak diagnosztik\u00e1ja.<\/p>\n","protected":false},"author":102572,"featured_media":1500,"parent":1747,"menu_order":0,"comment_status":"closed","ping_status":"closed","template":"template-fullwidth.php","meta":{"_acf_changed":false,"footnotes":""},"categories":[62,64],"tags":[],"class_list":["post-1728","page","type-page","status-publish","has-post-thumbnail","hentry","category-ersebeszet","category-klinikus-oktatok"],"acf":[],"_links":{"self":[{"href":"https:\/\/semmelweis.hu\/cadavercourse\/wp-json\/wp\/v2\/pages\/1728","targetHints":{"allow":["GET"]}}],"collection":[{"href":"https:\/\/semmelweis.hu\/cadavercourse\/wp-json\/wp\/v2\/pages"}],"about":[{"href":"https:\/\/semmelweis.hu\/cadavercourse\/wp-json\/wp\/v2\/types\/page"}],"author":[{"embeddable":true,"href":"https:\/\/semmelweis.hu\/cadavercourse\/wp-json\/wp\/v2\/users\/102572"}],"replies":[{"embeddable":true,"href":"https:\/\/semmelweis.hu\/cadavercourse\/wp-json\/wp\/v2\/comments?post=1728"}],"version-history":[{"count":1,"href":"https:\/\/semmelweis.hu\/cadavercourse\/wp-json\/wp\/v2\/pages\/1728\/revisions"}],"predecessor-version":[{"id":1729,"href":"https:\/\/semmelweis.hu\/cadavercourse\/wp-json\/wp\/v2\/pages\/1728\/revisions\/1729"}],"up":[{"embeddable":true,"href":"https:\/\/semmelweis.hu\/cadavercourse\/wp-json\/wp\/v2\/pages\/1747"}],"wp:featuredmedia":[{"embeddable":true,"href":"https:\/\/semmelweis.hu\/cadavercourse\/wp-json\/wp\/v2\/media\/1500"}],"wp:attachment":[{"href":"https:\/\/semmelweis.hu\/cadavercourse\/wp-json\/wp\/v2\/media?parent=1728"}],"wp:term":[{"taxonomy":"category","embeddable":true,"href":"https:\/\/semmelweis.hu\/cadavercourse\/wp-json\/wp\/v2\/categories?post=1728"},{"taxonomy":"post_tag","embeddable":true,"href":"https:\/\/semmelweis.hu\/cadavercourse\/wp-json\/wp\/v2\/tags?post=1728"}],"curies":[{"name":"wp","href":"https:\/\/api.w.org\/{rel}","templated":true}]}}