{"id":1726,"date":"2025-11-27T11:00:14","date_gmt":"2025-11-27T10:00:14","guid":{"rendered":"https:\/\/semmelweis.hu\/cadavercourse\/?page_id=1726"},"modified":"2025-11-30T11:22:42","modified_gmt":"2025-11-30T10:22:42","slug":"dr-ruttkay-tamas-phd","status":"publish","type":"page","link":"https:\/\/semmelweis.hu\/cadavercourse\/oktatok\/dr-ruttkay-tamas-phd\/","title":{"rendered":"Dr. Ruttkay Tam\u00e1s PhD"},"content":{"rendered":"<p><img loading=\"lazy\" decoding=\"async\" class=\"size-medium wp-image-1637 alignright\" src=\"https:\/\/semmelweis.hu\/cadavercourse\/files\/2025\/11\/Ruttkay_T-275x400.jpg\" alt=\"\" width=\"275\" height=\"400\" srcset=\"https:\/\/semmelweis.hu\/cadavercourse\/files\/2025\/11\/Ruttkay_T-275x400.jpg 275w, https:\/\/semmelweis.hu\/cadavercourse\/files\/2025\/11\/Ruttkay_T.jpg 619w\" sizes=\"auto, (max-width: 275px) 100vw, 275px\" \/>Ruttkay Tam\u00e1s 2012-ben szerezte meg \u00e1ltal\u00e1nos orvosi diplom\u00e1j\u00e1t a Semmelweis Egyetemen. Tudom\u00e1nyos munk\u00e1j\u00e1t m\u00e9g egyetemi hallgat\u00f3k\u00e9nt kezdte meg az Alkalmazott \u00e9s Klinikai Anat\u00f3miai Laborat\u00f3riumban, Patonay Lajos doktor \u00e9s Galajda Zolt\u00e1n professzor ir\u00e1ny\u00edt\u00e1sa alatt.<\/p>\n<p>Diplom\u00e1ja megszerz\u00e9se ut\u00e1n n\u00e9gy \u00e9vig sz\u00edvseb\u00e9szk\u00e9nt dolgozott Stuttgartban, a Sana Herzchirurgie klinik\u00e1n, Prof. Dr. Nicolas Doll vezet\u00e9se alatt. \u00c9rdekl\u0151d\u00e9si k\u00f6re mindig is a mitr\u00e1lis billenty\u0171 m\u0171t\u00e9tek voltak, ez\u00e9rt a klinik\u00e1n egyik f\u0151 feladata a MitraClip program fel\u00e1ll\u00edt\u00e1sa \u00e9s koordin\u00e1l\u00e1sa, valamint a m\u0171t\u00e9tek elv\u00e9gz\u00e9se volt. 2017-ben a P\u00e9csi Tudom\u00e1nyegyetemen v\u00e9dte meg doktori \u00e9rtekez\u00e9s\u00e9t, amelynek c\u00edme\u00a0<em>Experimental model and anatomic principles of transapical mitral repair<\/em> volt, \u00e9s amely \u00f6sszefoglalta a hallgat\u00f3i \u00e9vei alatt megkezdett kutat\u00e1sait.<\/p>\n<p>N\u00e9metorsz\u00e1gban t\u00f6lt\u00f6tt t\u00f6bb \u00e9v ut\u00e1n \u00fagy d\u00f6nt\u00f6tt, hogy visszat\u00e9r a Semmelweis Egyetem Anat\u00f3miai, Sz\u00f6vet- \u00e9s Fejl\u0151d\u00e9stani Int\u00e9zet\u00e9be, hogy megszerzett klinikai tapasztalatait oktat\u00f3i \u00e9s kutat\u00f3i poz\u00edci\u00f3ban kamatoztassa. Kezdetben tan\u00e1rseg\u00e9dk\u00e9nt dolgozott, 2018 \u00f3ta pedig adjunktusk\u00e9nt vesz r\u00e9szt magyar \u00e9s n\u00e9met nyelv\u0171 alap- \u00e9s posztgradu\u00e1lis anat\u00f3miai oktat\u00e1sban. Sok\u00e9ves tapasztalattal rendelkezik hazai \u00e9s k\u00fclf\u00f6ldi orvos koll\u00e9g\u00e1k sz\u00e1m\u00e1ra szervezett \u00e9s lebonyol\u00edtott gyakorlati cadaveres kurzusok, valamint orvostechnikai eszk\u00f6z\u00f6ket gy\u00e1rt\u00f3 c\u00e9gek fejleszt\u00e9si folyamataiban. 2020 \u00f3ta az Int\u00e9zet holttestfelaj\u00e1nl\u00e1s\u00e9rt felel\u0151s orvosa.<\/p>\n","protected":false},"excerpt":{"rendered":"<p>Ruttkay Tam\u00e1s 2012-ben szerezte meg \u00e1ltal\u00e1nos orvosi diplom\u00e1j\u00e1t a Semmelweis Egyetemen. Tudom\u00e1nyos munk\u00e1j\u00e1t m\u00e9g egyetemi hallgat\u00f3k\u00e9nt kezdte meg az Alkalmazott \u00e9s Klinikai Anat\u00f3miai Laborat\u00f3riumban, Patonay Lajos doktor \u00e9s Galajda Zolt\u00e1n professzor ir\u00e1ny\u00edt\u00e1sa alatt. Diplom\u00e1ja megszerz\u00e9se ut\u00e1n n\u00e9gy \u00e9vig sz\u00edvseb\u00e9szk\u00e9nt dolgozott Stuttgartban, a Sana Herzchirurgie klinik\u00e1n, Prof. Dr. Nicolas Doll vezet\u00e9se alatt. \u00c9rdekl\u0151d\u00e9si k\u00f6re mindig is &hellip;<\/p>\n","protected":false},"author":102572,"featured_media":1638,"parent":1747,"menu_order":0,"comment_status":"closed","ping_status":"closed","template":"template-fullwidth.php","meta":{"_acf_changed":false,"footnotes":""},"categories":[62,66],"tags":[],"class_list":["post-1726","page","type-page","status-publish","has-post-thumbnail","hentry","category-ersebeszet","category-klinikai-anatomia-munkacsoport"],"acf":[],"_links":{"self":[{"href":"https:\/\/semmelweis.hu\/cadavercourse\/wp-json\/wp\/v2\/pages\/1726","targetHints":{"allow":["GET"]}}],"collection":[{"href":"https:\/\/semmelweis.hu\/cadavercourse\/wp-json\/wp\/v2\/pages"}],"about":[{"href":"https:\/\/semmelweis.hu\/cadavercourse\/wp-json\/wp\/v2\/types\/page"}],"author":[{"embeddable":true,"href":"https:\/\/semmelweis.hu\/cadavercourse\/wp-json\/wp\/v2\/users\/102572"}],"replies":[{"embeddable":true,"href":"https:\/\/semmelweis.hu\/cadavercourse\/wp-json\/wp\/v2\/comments?post=1726"}],"version-history":[{"count":1,"href":"https:\/\/semmelweis.hu\/cadavercourse\/wp-json\/wp\/v2\/pages\/1726\/revisions"}],"predecessor-version":[{"id":1727,"href":"https:\/\/semmelweis.hu\/cadavercourse\/wp-json\/wp\/v2\/pages\/1726\/revisions\/1727"}],"up":[{"embeddable":true,"href":"https:\/\/semmelweis.hu\/cadavercourse\/wp-json\/wp\/v2\/pages\/1747"}],"wp:featuredmedia":[{"embeddable":true,"href":"https:\/\/semmelweis.hu\/cadavercourse\/wp-json\/wp\/v2\/media\/1638"}],"wp:attachment":[{"href":"https:\/\/semmelweis.hu\/cadavercourse\/wp-json\/wp\/v2\/media?parent=1726"}],"wp:term":[{"taxonomy":"category","embeddable":true,"href":"https:\/\/semmelweis.hu\/cadavercourse\/wp-json\/wp\/v2\/categories?post=1726"},{"taxonomy":"post_tag","embeddable":true,"href":"https:\/\/semmelweis.hu\/cadavercourse\/wp-json\/wp\/v2\/tags?post=1726"}],"curies":[{"name":"wp","href":"https:\/\/api.w.org\/{rel}","templated":true}]}}