{"id":1574,"date":"2025-11-14T11:06:31","date_gmt":"2025-11-14T10:06:31","guid":{"rendered":"https:\/\/semmelweis.hu\/cadavercourse\/?page_id=1574"},"modified":"2025-11-17T17:07:21","modified_gmt":"2025-11-17T16:07:21","slug":"laszlo-sandor-erdelyi-md-phd","status":"publish","type":"page","link":"https:\/\/semmelweis.hu\/cadavercourse\/en\/instructores\/laszlo-sandor-erdelyi-md-phd\/","title":{"rendered":"L\u00e1szl\u00f3 S\u00e1ndor Erd\u00e9lyi MD, PhD"},"content":{"rendered":"<h6><span style=\"font-weight: 400\"><img loading=\"lazy\" decoding=\"async\" class=\"size-medium wp-image-1575 alignright\" src=\"https:\/\/semmelweis.hu\/cadavercourse\/files\/2025\/11\/Laszlo-Sandor-Erdelyi-MD-PhD-DESAIC_picture-265x400.jpg\" alt=\"\" width=\"265\" height=\"400\" srcset=\"https:\/\/semmelweis.hu\/cadavercourse\/files\/2025\/11\/Laszlo-Sandor-Erdelyi-MD-PhD-DESAIC_picture-265x400.jpg 265w, https:\/\/semmelweis.hu\/cadavercourse\/files\/2025\/11\/Laszlo-Sandor-Erdelyi-MD-PhD-DESAIC_picture.jpg 661w\" sizes=\"auto, (max-width: 265px) 100vw, 265px\" \/>L\u00e1szl\u00f3 S\u00e1ndor Erd\u00e9lyi (MD, PhD) obtained his PhD in 2015 and completed his specialist training in anaesthesiology and intensive therapy in 2020. He also earned the European Diploma in Anaesthesiology and Intensive Care (EDAIC) in the same year.\u00a0<\/span><\/h6>\n<h6><span style=\"font-weight: 400\">He is currently an assistant professor and consultant at the <\/span><b>Adult Cardiovascular Intensive Care Unit of the Gottsegen Gy\u00f6rgy National Cardiovascular Institute<\/b><span style=\"font-weight: 400\">, and an external lecturer at the Department of Anaesthesiology and Intensive Therapy, Semmelweis University. Previously, he worked as a clinical specialist and educator at the university\u2019s Department of Anaesthesiology and Intensive Therapy.<\/span><\/h6>\n<h6><span style=\"font-weight: 400\">Dr. Erd\u00e9lyi has been serving as an emergency physician with the <\/span><b>Hungarian Air Ambulance<\/b><span style=\"font-weight: 400\"> since 2013 and has several years of experience with the National Ambulance Service. His academic background includes research and teaching in physiology at Semmelweis University\u2019s Institute of Physiology and the MTA\u2013SE Molecular Physiology Research Group.<\/span><\/h6>\n<h6><span style=\"font-weight: 400\">His main professional interests include cardiovascular intensive care, anaesthesia for high-risk patients, airway management, and medical education.<\/span><\/h6>\n","protected":false},"excerpt":{"rendered":"<p>L\u00e1szl\u00f3 S\u00e1ndor Erd\u00e9lyi (MD, PhD) obtained his PhD in 2015 and completed his specialist training in anaesthesiology and intensive therapy in 2020. He also earned the European Diploma in Anaesthesiology and Intensive Care (EDAIC) in the same year.\u00a0 He is currently an assistant professor and consultant at the Adult Cardiovascular Intensive Care Unit of the &hellip;<\/p>\n","protected":false},"author":102572,"featured_media":1585,"parent":1292,"menu_order":0,"comment_status":"closed","ping_status":"closed","template":"template-fullwidth.php","meta":{"_acf_changed":false,"footnotes":""},"categories":[50],"tags":[],"class_list":["post-1574","page","type-page","status-publish","has-post-thumbnail","hentry","category-airway-en"],"acf":[],"_links":{"self":[{"href":"https:\/\/semmelweis.hu\/cadavercourse\/wp-json\/wp\/v2\/pages\/1574","targetHints":{"allow":["GET"]}}],"collection":[{"href":"https:\/\/semmelweis.hu\/cadavercourse\/wp-json\/wp\/v2\/pages"}],"about":[{"href":"https:\/\/semmelweis.hu\/cadavercourse\/wp-json\/wp\/v2\/types\/page"}],"author":[{"embeddable":true,"href":"https:\/\/semmelweis.hu\/cadavercourse\/wp-json\/wp\/v2\/users\/102572"}],"replies":[{"embeddable":true,"href":"https:\/\/semmelweis.hu\/cadavercourse\/wp-json\/wp\/v2\/comments?post=1574"}],"version-history":[{"count":1,"href":"https:\/\/semmelweis.hu\/cadavercourse\/wp-json\/wp\/v2\/pages\/1574\/revisions"}],"predecessor-version":[{"id":1576,"href":"https:\/\/semmelweis.hu\/cadavercourse\/wp-json\/wp\/v2\/pages\/1574\/revisions\/1576"}],"up":[{"embeddable":true,"href":"https:\/\/semmelweis.hu\/cadavercourse\/wp-json\/wp\/v2\/pages\/1292"}],"wp:featuredmedia":[{"embeddable":true,"href":"https:\/\/semmelweis.hu\/cadavercourse\/wp-json\/wp\/v2\/media\/1585"}],"wp:attachment":[{"href":"https:\/\/semmelweis.hu\/cadavercourse\/wp-json\/wp\/v2\/media?parent=1574"}],"wp:term":[{"taxonomy":"category","embeddable":true,"href":"https:\/\/semmelweis.hu\/cadavercourse\/wp-json\/wp\/v2\/categories?post=1574"},{"taxonomy":"post_tag","embeddable":true,"href":"https:\/\/semmelweis.hu\/cadavercourse\/wp-json\/wp\/v2\/tags?post=1574"}],"curies":[{"name":"wp","href":"https:\/\/api.w.org\/{rel}","templated":true}]}}