{"id":1561,"date":"2025-11-14T11:03:46","date_gmt":"2025-11-14T10:03:46","guid":{"rendered":"https:\/\/semmelweis.hu\/cadavercourse\/?page_id=1561"},"modified":"2025-11-19T14:25:16","modified_gmt":"2025-11-19T13:25:16","slug":"andras-cseko-md","status":"publish","type":"page","link":"https:\/\/semmelweis.hu\/cadavercourse\/en\/instructores\/andras-cseko-md\/","title":{"rendered":"Andr\u00e1s Cs\u00e9k\u00f3 MD"},"content":{"rendered":"<h6><span style=\"font-weight: 400\"><img loading=\"lazy\" decoding=\"async\" class=\"size-medium wp-image-1562 alignright\" src=\"https:\/\/semmelweis.hu\/cadavercourse\/files\/2025\/11\/Andras-Cseko-MD_picture-265x400.jpeg\" alt=\"\" width=\"265\" height=\"400\" srcset=\"https:\/\/semmelweis.hu\/cadavercourse\/files\/2025\/11\/Andras-Cseko-MD_picture-265x400.jpeg 265w, https:\/\/semmelweis.hu\/cadavercourse\/files\/2025\/11\/Andras-Cseko-MD_picture-679x1024.jpeg 679w, https:\/\/semmelweis.hu\/cadavercourse\/files\/2025\/11\/Andras-Cseko-MD_picture-768x1158.jpeg 768w, https:\/\/semmelweis.hu\/cadavercourse\/files\/2025\/11\/Andras-Cseko-MD_picture-753x1135.jpeg 753w, https:\/\/semmelweis.hu\/cadavercourse\/files\/2025\/11\/Andras-Cseko-MD_picture.jpeg 806w\" sizes=\"auto, (max-width: 265px) 100vw, 265px\" \/>Andr\u00e1s Cs\u00e9k\u00f3 (MD) obtained his specialist qualification in anaesthesiology and intensive therapy with distinction in 2022. He has extensive experience in both hospital-based and prehospital emergency medicine.<\/span><\/h6>\n<h6><span style=\"font-weight: 400\">He currently works as an anaesthesiologist and emergency consultant at the <\/span><b>Emergency Department of the Central Hospital of Northern Pest \u2013 Military Hospital<\/b><span style=\"font-weight: 400\">, where he is also involved in undergraduate and postgraduate education, including simulation-based training and protocol development. Since 2024, he has also served as an emergency physician with the <\/span><b>National Ambulance Service<\/b><span style=\"font-weight: 400\">, and since 2025 as a <\/span><b>HEMS doctor with the Hungarian Air Ambulance<\/b><span style=\"font-weight: 400\">.<\/span><\/h6>\n<h6><span style=\"font-weight: 400\">Dr. Cs\u00e9k\u00f3 teaches theoretical intensive care in the <\/span><b>paramedic training program at Semmelweis University<\/b><span style=\"font-weight: 400\"> and is a full ERC instructor for the European Trauma Course. He also contributes to advanced airway management education as an instructor at the <\/span><b>Cadaveric Airway School<\/b><span style=\"font-weight: 400\">, where he participates in cadaver-based, high-fidelity simulation training and plays an active role in the ongoing development of the course.<\/span><\/h6>\n<h6><span style=\"font-weight: 400\">His main professional interests include prehospital critical care, trauma management, airway management, and simulation-based medical education.<\/span><\/h6>\n","protected":false},"excerpt":{"rendered":"<p>Andr\u00e1s Cs\u00e9k\u00f3 (MD) obtained his specialist qualification in anaesthesiology and intensive therapy with distinction in 2022. He has extensive experience in both hospital-based and prehospital emergency medicine. He currently works as an anaesthesiologist and emergency consultant at the Emergency Department of the Central Hospital of Northern Pest \u2013 Military Hospital, where he is also involved &hellip;<\/p>\n","protected":false},"author":102572,"featured_media":1584,"parent":1292,"menu_order":0,"comment_status":"closed","ping_status":"closed","template":"template-fullwidth.php","meta":{"_acf_changed":false,"footnotes":""},"categories":[50],"tags":[],"class_list":["post-1561","page","type-page","status-publish","has-post-thumbnail","hentry","category-airway-en"],"acf":[],"_links":{"self":[{"href":"https:\/\/semmelweis.hu\/cadavercourse\/wp-json\/wp\/v2\/pages\/1561","targetHints":{"allow":["GET"]}}],"collection":[{"href":"https:\/\/semmelweis.hu\/cadavercourse\/wp-json\/wp\/v2\/pages"}],"about":[{"href":"https:\/\/semmelweis.hu\/cadavercourse\/wp-json\/wp\/v2\/types\/page"}],"author":[{"embeddable":true,"href":"https:\/\/semmelweis.hu\/cadavercourse\/wp-json\/wp\/v2\/users\/102572"}],"replies":[{"embeddable":true,"href":"https:\/\/semmelweis.hu\/cadavercourse\/wp-json\/wp\/v2\/comments?post=1561"}],"version-history":[{"count":3,"href":"https:\/\/semmelweis.hu\/cadavercourse\/wp-json\/wp\/v2\/pages\/1561\/revisions"}],"predecessor-version":[{"id":1656,"href":"https:\/\/semmelweis.hu\/cadavercourse\/wp-json\/wp\/v2\/pages\/1561\/revisions\/1656"}],"up":[{"embeddable":true,"href":"https:\/\/semmelweis.hu\/cadavercourse\/wp-json\/wp\/v2\/pages\/1292"}],"wp:featuredmedia":[{"embeddable":true,"href":"https:\/\/semmelweis.hu\/cadavercourse\/wp-json\/wp\/v2\/media\/1584"}],"wp:attachment":[{"href":"https:\/\/semmelweis.hu\/cadavercourse\/wp-json\/wp\/v2\/media?parent=1561"}],"wp:term":[{"taxonomy":"category","embeddable":true,"href":"https:\/\/semmelweis.hu\/cadavercourse\/wp-json\/wp\/v2\/categories?post=1561"},{"taxonomy":"post_tag","embeddable":true,"href":"https:\/\/semmelweis.hu\/cadavercourse\/wp-json\/wp\/v2\/tags?post=1561"}],"curies":[{"name":"wp","href":"https:\/\/api.w.org\/{rel}","templated":true}]}}