{"id":1320,"date":"2025-11-13T14:03:56","date_gmt":"2025-11-13T13:03:56","guid":{"rendered":"https:\/\/semmelweis.hu\/cadavercourse\/?page_id=1320"},"modified":"2025-11-14T09:53:49","modified_gmt":"2025-11-14T08:53:49","slug":"klara-torok-md-phd","status":"publish","type":"page","link":"https:\/\/semmelweis.hu\/cadavercourse\/en\/instructores\/klara-torok-md-phd\/","title":{"rendered":"Kl\u00e1ra T\u00f6r\u00f6k MD PhD"},"content":{"rendered":"<h6 class=\"p1\"><b><img loading=\"lazy\" decoding=\"async\" class=\"size-medium wp-image-1321 alignright\" src=\"https:\/\/semmelweis.hu\/cadavercourse\/files\/2025\/11\/Torok_Klara-282x400.jpg\" alt=\"\" width=\"282\" height=\"400\" srcset=\"https:\/\/semmelweis.hu\/cadavercourse\/files\/2025\/11\/Torok_Klara-282x400.jpg 282w, https:\/\/semmelweis.hu\/cadavercourse\/files\/2025\/11\/Torok_Klara-723x1024.jpg 723w, https:\/\/semmelweis.hu\/cadavercourse\/files\/2025\/11\/Torok_Klara.jpg 751w\" sizes=\"auto, (max-width: 282px) 100vw, 282px\" \/>Kl\u00e1ra T\u00f6r\u00f6k (<\/b>MD, PhD) graduated from Semmelweis University&#8217;s Faculty of Medicine in 2003. She obtained her general surgery specialist qualification in 2008 and her thoracic surgery specialist qualification in 2012.<\/h6>\n<h6 class=\"p1\">Since 2012, she has been a specialist at the Thoracic Surgery Center of the National Institute of Oncology, and since 2014, she has been a <b>specialist at the Thoracic Surgery Clinic of Semmelweis University<\/b>. Her professional interests focus on the <b>surgical treatment of lung and mediastinal tumors<\/b>, as well as minimally invasive thoracic surgery techniques (VATS, robotic surgery). As a <b>transplant surgeon<\/b>, she participates in the Hungarian lung transplant program. She gained her international experience through several European training courses, including laryngo-tracheal surgery courses, VATS segmentectomy and robotic surgery training, and a study trip to the Vienna Lung Transplant Center.<\/h6>\n<h6 class=\"p1\">Her scientific work focuses on the immunological characterization of lung tumors and the investigation of the immunophenotype of KRAS-mutant adenocarcinomas and neuroendocrine lung tumors. She obtained her <b>PhD degree in 2025<\/b>. As an educator, she has been involved in the practical training of medical students in thoracic surgery since 2014.<\/h6>\n<h4><strong>INSTRUCTOR OF:<\/strong><\/h4>\n<p><a href=\"https:\/\/semmelweis.hu\/cadavercourse\/en\/current-courses\/thoracic-surgery\/\">Thoracic surgery hands-on cadaver course<\/a><\/p>\n","protected":false},"excerpt":{"rendered":"<p>Kl\u00e1ra T\u00f6r\u00f6k (MD, PhD) graduated from Semmelweis University&#8217;s Faculty of Medicine in 2003. She obtained her general surgery specialist qualification in 2008 and her thoracic surgery specialist qualification in 2012. Since 2012, she has been a specialist at the Thoracic Surgery Center of the National Institute of Oncology, and since 2014, she has been a &hellip;<\/p>\n","protected":false},"author":102572,"featured_media":1493,"parent":1292,"menu_order":0,"comment_status":"closed","ping_status":"closed","template":"template-fullwidth.php","meta":{"_acf_changed":false,"footnotes":""},"categories":[29],"tags":[],"class_list":["post-1320","page","type-page","status-publish","has-post-thumbnail","hentry","category-thoracic-surgery-en"],"acf":[],"_links":{"self":[{"href":"https:\/\/semmelweis.hu\/cadavercourse\/wp-json\/wp\/v2\/pages\/1320","targetHints":{"allow":["GET"]}}],"collection":[{"href":"https:\/\/semmelweis.hu\/cadavercourse\/wp-json\/wp\/v2\/pages"}],"about":[{"href":"https:\/\/semmelweis.hu\/cadavercourse\/wp-json\/wp\/v2\/types\/page"}],"author":[{"embeddable":true,"href":"https:\/\/semmelweis.hu\/cadavercourse\/wp-json\/wp\/v2\/users\/102572"}],"replies":[{"embeddable":true,"href":"https:\/\/semmelweis.hu\/cadavercourse\/wp-json\/wp\/v2\/comments?post=1320"}],"version-history":[{"count":4,"href":"https:\/\/semmelweis.hu\/cadavercourse\/wp-json\/wp\/v2\/pages\/1320\/revisions"}],"predecessor-version":[{"id":1549,"href":"https:\/\/semmelweis.hu\/cadavercourse\/wp-json\/wp\/v2\/pages\/1320\/revisions\/1549"}],"up":[{"embeddable":true,"href":"https:\/\/semmelweis.hu\/cadavercourse\/wp-json\/wp\/v2\/pages\/1292"}],"wp:featuredmedia":[{"embeddable":true,"href":"https:\/\/semmelweis.hu\/cadavercourse\/wp-json\/wp\/v2\/media\/1493"}],"wp:attachment":[{"href":"https:\/\/semmelweis.hu\/cadavercourse\/wp-json\/wp\/v2\/media?parent=1320"}],"wp:term":[{"taxonomy":"category","embeddable":true,"href":"https:\/\/semmelweis.hu\/cadavercourse\/wp-json\/wp\/v2\/categories?post=1320"},{"taxonomy":"post_tag","embeddable":true,"href":"https:\/\/semmelweis.hu\/cadavercourse\/wp-json\/wp\/v2\/tags?post=1320"}],"curies":[{"name":"wp","href":"https:\/\/api.w.org\/{rel}","templated":true}]}}