{"id":345,"date":"2025-01-22T16:29:17","date_gmt":"2025-01-22T15:29:17","guid":{"rendered":"https:\/\/semmelweis.hu\/c80\/?page_id=345"},"modified":"2025-01-23T19:20:38","modified_gmt":"2025-01-23T18:20:38","slug":"simon-zsuzsi-ongyogyito-folyamatok","status":"publish","type":"page","link":"https:\/\/semmelweis.hu\/c80\/simon-zsuzsi-ongyogyito-folyamatok\/","title":{"rendered":"Simon Zsuzsi: \u00d6ngy\u00f3gy\u00edt\u00f3 folyamatok"},"content":{"rendered":"<p><img loading=\"lazy\" decoding=\"async\" class=\"alignnone size-full wp-image-327\" src=\"https:\/\/semmelweis.hu\/c80\/files\/2025\/01\/dsc6719_optimized-scaled.jpg\" alt=\"\" width=\"1709\" height=\"2560\" srcset=\"https:\/\/semmelweis.hu\/c80\/files\/2025\/01\/dsc6719_optimized-scaled.jpg 1709w, https:\/\/semmelweis.hu\/c80\/files\/2025\/01\/dsc6719_optimized-267x400.jpg 267w, https:\/\/semmelweis.hu\/c80\/files\/2025\/01\/dsc6719_optimized-683x1024.jpg 683w, https:\/\/semmelweis.hu\/c80\/files\/2025\/01\/dsc6719_optimized-768x1151.jpg 768w, https:\/\/semmelweis.hu\/c80\/files\/2025\/01\/dsc6719_optimized-1025x1536.jpg 1025w, https:\/\/semmelweis.hu\/c80\/files\/2025\/01\/dsc6719_optimized-1367x2048.jpg 1367w, https:\/\/semmelweis.hu\/c80\/files\/2025\/01\/dsc6719_optimized-753x1128.jpg 753w\" sizes=\"auto, (max-width: 1709px) 100vw, 1709px\" \/><\/p>\n<h6><em><strong>\u00d6ngy\u00f3gy\u00edt\u00f3 folyamatok<\/strong><\/em><br \/>\nvide\u00f3install\u00e1ci\u00f3, fa, pap\u00edr<br \/>\n2024<\/h6>\n<h6>Simon Zsuzsi gyakran foglalkozik a n\u0151i testtel, k\u00fcl\u00f6n\u00f6sen annak t\u00e1rsadalmi meg\u00edt\u00e9l\u00e9s\u00e9vel. \u00d6ngy\u00f3gy\u00edt\u00f3 folyamatok c\u00edm\u0171 m\u0171v\u00e9nek l\u00e9trehoz\u00e1s\u00e1hoz mell- \u00e9s m\u00e9hnyakr\u00e1k t\u00fal\u00e9l\u0151ket keresett meg, akik m\u00e9lyinterj\u00fak sor\u00e1n mes\u00e9ltek t\u00f6bbek k\u00f6z\u00f6tt azokr\u00f3l a prof\u00e1n, h\u00e9tk\u00f6znapi cselekv\u00e9sekr\u0151l, amelyek seg\u00edtettek nekik \u00e1tlend\u00fclni a betegs\u00e9g \u00e9s a kezel\u00e9sek legnehezebb pillanatain. Ezeket a tev\u00e9kenys\u00e9geket azt\u00e1n az alkot\u00f3 \u00e9s az interj\u00faalany k\u00f6z\u00f6sen is elv\u00e9gezte, a folyamatot pedig vide\u00f3n dokument\u00e1lt\u00e1k. Simon r\u00e9szv\u00e9tele ki\u00e1ll\u00e1s \u00e9s tiszteletteljes egy\u00fctt\u00e9rz\u00e9s is egyben, amely a mindennapi, az otthonhoz, a h\u00e1ztart\u00e1shoz k\u00f6t\u0151d\u0151 teend\u0151ket \u00e9s a sportot egy n\u0151i k\u00f6z\u00f6ss\u00e9g gy\u00f3gy\u00edt\u00f3 r\u00edtus\u00e1v\u00e1 v\u00e1ltoztatja. A vide\u00f3k m\u00f6g\u00f6tt a k\u00f6zel h\u00fasz m\u00e9lyinterj\u00fa \u00f6sszevonva olvashat\u00f3, az install\u00e1ci\u00f3t alkot\u00f3 t\u00e1bl\u00e1k pedig amellett, hogy form\u00e1jukban n\u0151i szervekre eml\u00e9keztetnek, a feminista transzparenseket is megid\u00e9zik, amely mozgalom p\u00e9ld\u00e1ul a mellr\u00e1k meg\u00edt\u00e9l\u00e9s\u00e9ben \u00e9s kezel\u00e9si m\u00f3djaiban is fontos v\u00e1ltoz\u00e1sokat \u00e9rt el.<\/h6>\n<p>&nbsp;<\/p>\n<p><a href=\"https:\/\/semmelweis.hu\/c80\/files\/2025\/01\/dsc6719_optimized-scaled.jpg\"><img loading=\"lazy\" decoding=\"async\" class=\"alignnone wp-image-327\" src=\"https:\/\/semmelweis.hu\/c80\/files\/2025\/01\/dsc6719_optimized-scaled.jpg\" alt=\"\" width=\"197\" height=\"295\" srcset=\"https:\/\/semmelweis.hu\/c80\/files\/2025\/01\/dsc6719_optimized-scaled.jpg 1709w, https:\/\/semmelweis.hu\/c80\/files\/2025\/01\/dsc6719_optimized-267x400.jpg 267w, https:\/\/semmelweis.hu\/c80\/files\/2025\/01\/dsc6719_optimized-683x1024.jpg 683w, https:\/\/semmelweis.hu\/c80\/files\/2025\/01\/dsc6719_optimized-768x1151.jpg 768w, https:\/\/semmelweis.hu\/c80\/files\/2025\/01\/dsc6719_optimized-1025x1536.jpg 1025w, https:\/\/semmelweis.hu\/c80\/files\/2025\/01\/dsc6719_optimized-1367x2048.jpg 1367w, https:\/\/semmelweis.hu\/c80\/files\/2025\/01\/dsc6719_optimized-753x1128.jpg 753w\" sizes=\"auto, (max-width: 197px) 100vw, 197px\" \/><\/a> <a href=\"https:\/\/semmelweis.hu\/c80\/files\/2025\/01\/dsc6722_optimized.tif-masolata-scaled.jpg\"><img loading=\"lazy\" decoding=\"async\" class=\"alignnone wp-image-326\" src=\"https:\/\/semmelweis.hu\/c80\/files\/2025\/01\/dsc6722_optimized.tif-masolata-scaled.jpg\" alt=\"\" width=\"197\" height=\"295\" srcset=\"https:\/\/semmelweis.hu\/c80\/files\/2025\/01\/dsc6722_optimized.tif-masolata-scaled.jpg 1709w, https:\/\/semmelweis.hu\/c80\/files\/2025\/01\/dsc6722_optimized.tif-masolata-267x400.jpg 267w, https:\/\/semmelweis.hu\/c80\/files\/2025\/01\/dsc6722_optimized.tif-masolata-684x1024.jpg 684w, https:\/\/semmelweis.hu\/c80\/files\/2025\/01\/dsc6722_optimized.tif-masolata-768x1151.jpg 768w, https:\/\/semmelweis.hu\/c80\/files\/2025\/01\/dsc6722_optimized.tif-masolata-1025x1536.jpg 1025w, https:\/\/semmelweis.hu\/c80\/files\/2025\/01\/dsc6722_optimized.tif-masolata-1367x2048.jpg 1367w, https:\/\/semmelweis.hu\/c80\/files\/2025\/01\/dsc6722_optimized.tif-masolata-753x1128.jpg 753w\" sizes=\"auto, (max-width: 197px) 100vw, 197px\" \/><\/a> <a href=\"https:\/\/semmelweis.hu\/c80\/files\/2025\/01\/dsc6723_optimized-scaled.jpg\"><img loading=\"lazy\" decoding=\"async\" class=\"alignnone wp-image-325\" src=\"https:\/\/semmelweis.hu\/c80\/files\/2025\/01\/dsc6723_optimized-scaled.jpg\" alt=\"\" width=\"197\" height=\"295\" srcset=\"https:\/\/semmelweis.hu\/c80\/files\/2025\/01\/dsc6723_optimized-scaled.jpg 1708w, https:\/\/semmelweis.hu\/c80\/files\/2025\/01\/dsc6723_optimized-267x400.jpg 267w, https:\/\/semmelweis.hu\/c80\/files\/2025\/01\/dsc6723_optimized-683x1024.jpg 683w, https:\/\/semmelweis.hu\/c80\/files\/2025\/01\/dsc6723_optimized-768x1151.jpg 768w, https:\/\/semmelweis.hu\/c80\/files\/2025\/01\/dsc6723_optimized-1025x1536.jpg 1025w, https:\/\/semmelweis.hu\/c80\/files\/2025\/01\/dsc6723_optimized-1367x2048.jpg 1367w, https:\/\/semmelweis.hu\/c80\/files\/2025\/01\/dsc6723_optimized-753x1128.jpg 753w\" sizes=\"auto, (max-width: 197px) 100vw, 197px\" \/><\/a> <a href=\"https:\/\/semmelweis.hu\/c80\/files\/2025\/01\/dsc6726_optimized-scaled.jpg\"><img loading=\"lazy\" decoding=\"async\" class=\"alignnone wp-image-324\" src=\"https:\/\/semmelweis.hu\/c80\/files\/2025\/01\/dsc6726_optimized-scaled.jpg\" alt=\"\" width=\"197\" height=\"295\" srcset=\"https:\/\/semmelweis.hu\/c80\/files\/2025\/01\/dsc6726_optimized-scaled.jpg 1709w, https:\/\/semmelweis.hu\/c80\/files\/2025\/01\/dsc6726_optimized-267x400.jpg 267w, https:\/\/semmelweis.hu\/c80\/files\/2025\/01\/dsc6726_optimized-683x1024.jpg 683w, https:\/\/semmelweis.hu\/c80\/files\/2025\/01\/dsc6726_optimized-768x1151.jpg 768w, https:\/\/semmelweis.hu\/c80\/files\/2025\/01\/dsc6726_optimized-1025x1536.jpg 1025w, https:\/\/semmelweis.hu\/c80\/files\/2025\/01\/dsc6726_optimized-1367x2048.jpg 1367w, https:\/\/semmelweis.hu\/c80\/files\/2025\/01\/dsc6726_optimized-753x1128.jpg 753w\" sizes=\"auto, (max-width: 197px) 100vw, 197px\" \/><\/a> <a href=\"https:\/\/semmelweis.hu\/c80\/files\/2025\/01\/dsc6728_optimized.tif-masolata-scaled.jpg\"><img loading=\"lazy\" decoding=\"async\" class=\"alignnone wp-image-322\" src=\"https:\/\/semmelweis.hu\/c80\/files\/2025\/01\/dsc6728_optimized.tif-masolata-scaled.jpg\" alt=\"\" width=\"197\" height=\"295\" srcset=\"https:\/\/semmelweis.hu\/c80\/files\/2025\/01\/dsc6728_optimized.tif-masolata-scaled.jpg 1709w, https:\/\/semmelweis.hu\/c80\/files\/2025\/01\/dsc6728_optimized.tif-masolata-267x400.jpg 267w, https:\/\/semmelweis.hu\/c80\/files\/2025\/01\/dsc6728_optimized.tif-masolata-684x1024.jpg 684w, https:\/\/semmelweis.hu\/c80\/files\/2025\/01\/dsc6728_optimized.tif-masolata-768x1151.jpg 768w, https:\/\/semmelweis.hu\/c80\/files\/2025\/01\/dsc6728_optimized.tif-masolata-1025x1536.jpg 1025w, https:\/\/semmelweis.hu\/c80\/files\/2025\/01\/dsc6728_optimized.tif-masolata-1367x2048.jpg 1367w, https:\/\/semmelweis.hu\/c80\/files\/2025\/01\/dsc6728_optimized.tif-masolata-753x1128.jpg 753w\" sizes=\"auto, (max-width: 197px) 100vw, 197px\" \/><\/a><\/p>\n<p><a target=\"null\" rel=\"noopener\">\u00a0 \u00a0 \u00a0 \u00a0 \u00a0 \u00a0 \u00a0 \u00a0 \u00a0 \u00a0 \u00a0 \u00a0 \u00a0 \u00a0 \u00a0 \u00a0 \u00a0 \u00a0 <\/a><a href=\"https:\/\/semmelweis.hu\/c80\/files\/2025\/01\/fonas_optimized.00_01_11_09.still002.jpg\"><img loading=\"lazy\" decoding=\"async\" class=\"alignnone wp-image-321\" src=\"https:\/\/semmelweis.hu\/c80\/files\/2025\/01\/fonas_optimized.00_01_11_09.still002.jpg\" alt=\"\" width=\"350\" height=\"197\" srcset=\"https:\/\/semmelweis.hu\/c80\/files\/2025\/01\/fonas_optimized.00_01_11_09.still002.jpg 1920w, https:\/\/semmelweis.hu\/c80\/files\/2025\/01\/fonas_optimized.00_01_11_09.still002-400x225.jpg 400w, https:\/\/semmelweis.hu\/c80\/files\/2025\/01\/fonas_optimized.00_01_11_09.still002-1024x576.jpg 1024w, https:\/\/semmelweis.hu\/c80\/files\/2025\/01\/fonas_optimized.00_01_11_09.still002-768x432.jpg 768w, https:\/\/semmelweis.hu\/c80\/files\/2025\/01\/fonas_optimized.00_01_11_09.still002-1536x864.jpg 1536w, https:\/\/semmelweis.hu\/c80\/files\/2025\/01\/fonas_optimized.00_01_11_09.still002-753x424.jpg 753w\" sizes=\"auto, (max-width: 350px) 100vw, 350px\" \/><\/a> <a href=\"https:\/\/semmelweis.hu\/c80\/files\/2025\/01\/futas_optimized.00_01_34_15.still002-scaled.jpg\"><img loading=\"lazy\" decoding=\"async\" class=\"alignnone wp-image-320\" src=\"https:\/\/semmelweis.hu\/c80\/files\/2025\/01\/futas_optimized.00_01_34_15.still002-scaled.jpg\" alt=\"\" width=\"350\" height=\"197\" srcset=\"https:\/\/semmelweis.hu\/c80\/files\/2025\/01\/futas_optimized.00_01_34_15.still002-scaled.jpg 2560w, https:\/\/semmelweis.hu\/c80\/files\/2025\/01\/futas_optimized.00_01_34_15.still002-400x225.jpg 400w, https:\/\/semmelweis.hu\/c80\/files\/2025\/01\/futas_optimized.00_01_34_15.still002-1024x576.jpg 1024w, https:\/\/semmelweis.hu\/c80\/files\/2025\/01\/futas_optimized.00_01_34_15.still002-768x432.jpg 768w, https:\/\/semmelweis.hu\/c80\/files\/2025\/01\/futas_optimized.00_01_34_15.still002-1536x864.jpg 1536w, https:\/\/semmelweis.hu\/c80\/files\/2025\/01\/futas_optimized.00_01_34_15.still002-2048x1152.jpg 2048w, https:\/\/semmelweis.hu\/c80\/files\/2025\/01\/futas_optimized.00_01_34_15.still002-753x424.jpg 753w\" sizes=\"auto, (max-width: 350px) 100vw, 350px\" \/><\/a><\/p>\n<h6 style=\"text-align: right\"><span style=\"font-size: 12pt\"><strong>Enteri\u0151r \u00e9s m\u0171t\u00e1rgytot\u00f3k:<\/strong> Reg\u0151s Benedek<\/span><\/h6>\n","protected":false},"excerpt":{"rendered":"<p>\u00d6ngy\u00f3gy\u00edt\u00f3 folyamatok vide\u00f3install\u00e1ci\u00f3, fa, pap\u00edr 2024 Simon Zsuzsi gyakran foglalkozik a n\u0151i testtel, k\u00fcl\u00f6n\u00f6sen annak t\u00e1rsadalmi meg\u00edt\u00e9l\u00e9s\u00e9vel. \u00d6ngy\u00f3gy\u00edt\u00f3 folyamatok c\u00edm\u0171 m\u0171v\u00e9nek l\u00e9trehoz\u00e1s\u00e1hoz mell- \u00e9s m\u00e9hnyakr\u00e1k t\u00fal\u00e9l\u0151ket keresett meg, akik m\u00e9lyinterj\u00fak sor\u00e1n mes\u00e9ltek t\u00f6bbek k\u00f6z\u00f6tt azokr\u00f3l a prof\u00e1n, h\u00e9tk\u00f6znapi cselekv\u00e9sekr\u0151l, amelyek seg\u00edtettek nekik \u00e1tlend\u00fclni a betegs\u00e9g \u00e9s a kezel\u00e9sek legnehezebb pillanatain. Ezeket a tev\u00e9kenys\u00e9geket azt\u00e1n az &hellip;<\/p>\n","protected":false},"author":102325,"featured_media":0,"parent":0,"menu_order":0,"comment_status":"closed","ping_status":"closed","template":"","meta":{"_acf_changed":false,"footnotes":""},"categories":[],"tags":[],"class_list":["post-345","page","type-page","status-publish","hentry"],"acf":[],"_links":{"self":[{"href":"https:\/\/semmelweis.hu\/c80\/wp-json\/wp\/v2\/pages\/345","targetHints":{"allow":["GET"]}}],"collection":[{"href":"https:\/\/semmelweis.hu\/c80\/wp-json\/wp\/v2\/pages"}],"about":[{"href":"https:\/\/semmelweis.hu\/c80\/wp-json\/wp\/v2\/types\/page"}],"author":[{"embeddable":true,"href":"https:\/\/semmelweis.hu\/c80\/wp-json\/wp\/v2\/users\/102325"}],"replies":[{"embeddable":true,"href":"https:\/\/semmelweis.hu\/c80\/wp-json\/wp\/v2\/comments?post=345"}],"version-history":[{"count":10,"href":"https:\/\/semmelweis.hu\/c80\/wp-json\/wp\/v2\/pages\/345\/revisions"}],"predecessor-version":[{"id":374,"href":"https:\/\/semmelweis.hu\/c80\/wp-json\/wp\/v2\/pages\/345\/revisions\/374"}],"wp:attachment":[{"href":"https:\/\/semmelweis.hu\/c80\/wp-json\/wp\/v2\/media?parent=345"}],"wp:term":[{"taxonomy":"category","embeddable":true,"href":"https:\/\/semmelweis.hu\/c80\/wp-json\/wp\/v2\/categories?post=345"},{"taxonomy":"post_tag","embeddable":true,"href":"https:\/\/semmelweis.hu\/c80\/wp-json\/wp\/v2\/tags?post=345"}],"curies":[{"name":"wp","href":"https:\/\/api.w.org\/{rel}","templated":true}]}}