{"id":335,"date":"2025-01-22T16:14:07","date_gmt":"2025-01-22T15:14:07","guid":{"rendered":"https:\/\/semmelweis.hu\/c80\/?page_id=335"},"modified":"2025-01-23T20:15:05","modified_gmt":"2025-01-23T19:15:05","slug":"poor-dorottya-nincs-kedvem-erosnek-lenni-de-van-mas-valasztasom","status":"publish","type":"page","link":"https:\/\/semmelweis.hu\/c80\/poor-dorottya-nincs-kedvem-erosnek-lenni-de-van-mas-valasztasom\/","title":{"rendered":"Po\u00f3r Dorottya: Nincs kedvem er\u0151snek lenni, de van m\u00e1s v\u00e1laszt\u00e1som?"},"content":{"rendered":"<h6><img loading=\"lazy\" decoding=\"async\" class=\"alignnone size-full wp-image-257\" src=\"https:\/\/semmelweis.hu\/c80\/files\/2025\/01\/dsc6745-retus_optimized-scaled.jpg\" alt=\"\" width=\"2560\" height=\"1708\" srcset=\"https:\/\/semmelweis.hu\/c80\/files\/2025\/01\/dsc6745-retus_optimized-scaled.jpg 2560w, https:\/\/semmelweis.hu\/c80\/files\/2025\/01\/dsc6745-retus_optimized-400x267.jpg 400w, https:\/\/semmelweis.hu\/c80\/files\/2025\/01\/dsc6745-retus_optimized-1024x683.jpg 1024w, https:\/\/semmelweis.hu\/c80\/files\/2025\/01\/dsc6745-retus_optimized-768x513.jpg 768w, https:\/\/semmelweis.hu\/c80\/files\/2025\/01\/dsc6745-retus_optimized-1536x1025.jpg 1536w, https:\/\/semmelweis.hu\/c80\/files\/2025\/01\/dsc6745-retus_optimized-2048x1367.jpg 2048w, https:\/\/semmelweis.hu\/c80\/files\/2025\/01\/dsc6745-retus_optimized-753x503.jpg 753w, https:\/\/semmelweis.hu\/c80\/files\/2025\/01\/dsc6745-retus_optimized-203x135.jpg 203w\" sizes=\"auto, (max-width: 2560px) 100vw, 2560px\" \/><\/h6>\n<h6><strong><em>Nincs kedvem er\u0151snek lenni, de van m\u00e1s v\u00e1laszt\u00e1som?<\/em><br \/>\n<\/strong>selyem, selyemfest\u00e9k<br \/>\n2024<\/h6>\n<h6>\n<em>1. nem szoktam golfozni<\/em><br \/>\n<em>2. doktor \u00far<\/em><br \/>\n<em>3. I &lt;3 F.Z.<\/em><br \/>\n<em>4. \u00e9jjel \u00e9rkezem<\/em><br \/>\n<em>5. m\u00e9g a hajatok sz\u00e1lai is mind sz\u00e1mon vannak tartva<\/em><br \/>\n<em>6. nem eml\u00e9kszem, csak a c\u00e9klal\u00e9re<\/em><\/h6>\n<h6>Po\u00f3r Dorottya hat, k\u00e9preg\u00e9nyszer\u0171 festm\u00e9nyb\u0151l \u00e1ll\u00f3 alkot\u00e1s\u00e1ban egyszerre van jelen a daganatos betegs\u00e9ggel kapcsolatos szem\u00e9lyes \u00e9s kollekt\u00edv n\u00e9z\u0151pont. M\u0171egy\u00fcttes\u00e9ben enigmatikus k\u00e9pkock\u00e1kra bontotta a betegs\u00e9g k\u00fcl\u00f6nb\u00f6z\u0151 aspektusait, amelyekhez tapasztalatait \u00e9s olvasm\u00e1ny\u00e9lm\u00e9nyeit t\u00fckr\u00f6z\u0151 id\u00e9zeteket, sz\u00f6vegfoszl\u00e1nyokat rendelt. A t\u00f6rt\u00e9net dramaturgi\u00e1j\u00e1t szem\u00e9lyes \u00e9lm\u00e9nyei adj\u00e1k, ugyanis tin\u00e9dzser volt, amikor \u00e9desanyj\u00e1n\u00e1l daganatot diagnosztiz\u00e1ltak. Po\u00f3r feln\u0151tt fejjel szembes\u00fclt csak igaz\u00e1n azzal, miken ment kereszt\u00fcl az \u00e9desanyja. Most, k\u00f6zel egy \u00e9vtizeddel k\u00e9s\u0151bb, besz\u00e9lget\u00e9seken kereszt\u00fcl, k\u00f6z\u00f6sen pr\u00f3b\u00e1lt\u00e1k meg feleleven\u00edteni a betegs\u00e9g k\u00f6r\u00fcl zajl\u00f3 esem\u00e9nyeket. A k\u00e9pek fesz\u00fclts\u00e9g\u00e9t a h\u00e9tk\u00f6znapi, olykor sz\u00fcrre\u00e1lis jelenetek, az elbesz\u00e9l\u0151 szerepeinek vegy\u00edt\u00e9se, illetve az id\u0151beli t\u00e1vols\u00e1gok v\u00e1ltoztat\u00e1sa adja. A m\u0171 anyag\u00e1nak kiv\u00e1laszt\u00e1s\u00e1ban els\u0151dlegesen az eml\u00e9kk\u00e9pszer\u0171 rajzok felnagy\u00edt\u00e1sa \u00e9s az elb\u00e9sz\u00e9lend\u0151 t\u00f6rt\u00e9net transzparenss\u00e9 t\u00e9tele j\u00e1tszott szerepet.<\/h6>\n<p>&nbsp;<\/p>\n<p><a href=\"https:\/\/semmelweis.hu\/c80\/files\/2025\/01\/dsc6714_optimized-scaled.jpg\"><img loading=\"lazy\" decoding=\"async\" class=\"alignnone wp-image-316\" src=\"https:\/\/semmelweis.hu\/c80\/files\/2025\/01\/dsc6714_optimized-scaled.jpg\" alt=\"\" width=\"250\" height=\"167\" srcset=\"https:\/\/semmelweis.hu\/c80\/files\/2025\/01\/dsc6714_optimized-scaled.jpg 2560w, https:\/\/semmelweis.hu\/c80\/files\/2025\/01\/dsc6714_optimized-400x267.jpg 400w, https:\/\/semmelweis.hu\/c80\/files\/2025\/01\/dsc6714_optimized-1024x683.jpg 1024w, https:\/\/semmelweis.hu\/c80\/files\/2025\/01\/dsc6714_optimized-768x513.jpg 768w, https:\/\/semmelweis.hu\/c80\/files\/2025\/01\/dsc6714_optimized-1536x1025.jpg 1536w, https:\/\/semmelweis.hu\/c80\/files\/2025\/01\/dsc6714_optimized-2048x1367.jpg 2048w, https:\/\/semmelweis.hu\/c80\/files\/2025\/01\/dsc6714_optimized-753x503.jpg 753w, https:\/\/semmelweis.hu\/c80\/files\/2025\/01\/dsc6714_optimized-203x135.jpg 203w\" sizes=\"auto, (max-width: 250px) 100vw, 250px\" \/><\/a> <a href=\"https:\/\/semmelweis.hu\/c80\/files\/2025\/01\/dsc6795_optimized-scaled.jpg\"><img loading=\"lazy\" decoding=\"async\" class=\"alignnone wp-image-317\" src=\"https:\/\/semmelweis.hu\/c80\/files\/2025\/01\/dsc6795_optimized-scaled.jpg\" alt=\"\" width=\"250\" height=\"167\" srcset=\"https:\/\/semmelweis.hu\/c80\/files\/2025\/01\/dsc6795_optimized-scaled.jpg 2560w, https:\/\/semmelweis.hu\/c80\/files\/2025\/01\/dsc6795_optimized-400x267.jpg 400w, https:\/\/semmelweis.hu\/c80\/files\/2025\/01\/dsc6795_optimized-1024x683.jpg 1024w, https:\/\/semmelweis.hu\/c80\/files\/2025\/01\/dsc6795_optimized-768x512.jpg 768w, https:\/\/semmelweis.hu\/c80\/files\/2025\/01\/dsc6795_optimized-1536x1025.jpg 1536w, https:\/\/semmelweis.hu\/c80\/files\/2025\/01\/dsc6795_optimized-2048x1367.jpg 2048w, https:\/\/semmelweis.hu\/c80\/files\/2025\/01\/dsc6795_optimized-753x502.jpg 753w, https:\/\/semmelweis.hu\/c80\/files\/2025\/01\/dsc6795_optimized-203x135.jpg 203w\" sizes=\"auto, (max-width: 250px) 100vw, 250px\" \/><\/a><a href=\"https:\/\/semmelweis.hu\/c80\/files\/2025\/01\/dsc6749_optimized-scaled.jpg\"><img loading=\"lazy\" decoding=\"async\" class=\"alignnone wp-image-319\" src=\"https:\/\/semmelweis.hu\/c80\/files\/2025\/01\/dsc6749_optimized-scaled.jpg\" alt=\"\" width=\"250\" height=\"167\" srcset=\"https:\/\/semmelweis.hu\/c80\/files\/2025\/01\/dsc6749_optimized-scaled.jpg 2560w, https:\/\/semmelweis.hu\/c80\/files\/2025\/01\/dsc6749_optimized-400x267.jpg 400w, https:\/\/semmelweis.hu\/c80\/files\/2025\/01\/dsc6749_optimized-1024x683.jpg 1024w, https:\/\/semmelweis.hu\/c80\/files\/2025\/01\/dsc6749_optimized-768x513.jpg 768w, https:\/\/semmelweis.hu\/c80\/files\/2025\/01\/dsc6749_optimized-1536x1025.jpg 1536w, https:\/\/semmelweis.hu\/c80\/files\/2025\/01\/dsc6749_optimized-2048x1367.jpg 2048w, https:\/\/semmelweis.hu\/c80\/files\/2025\/01\/dsc6749_optimized-753x503.jpg 753w, https:\/\/semmelweis.hu\/c80\/files\/2025\/01\/dsc6749_optimized-203x135.jpg 203w\" sizes=\"auto, (max-width: 250px) 100vw, 250px\" \/><\/a> <a href=\"https:\/\/semmelweis.hu\/c80\/files\/2025\/01\/dsc6750_optimized.tif-masolata-scaled.jpg\"><img loading=\"lazy\" decoding=\"async\" class=\"alignnone wp-image-318\" src=\"https:\/\/semmelweis.hu\/c80\/files\/2025\/01\/dsc6750_optimized.tif-masolata-scaled.jpg\" alt=\"\" width=\"167\" height=\"250\" srcset=\"https:\/\/semmelweis.hu\/c80\/files\/2025\/01\/dsc6750_optimized.tif-masolata-scaled.jpg 1708w, https:\/\/semmelweis.hu\/c80\/files\/2025\/01\/dsc6750_optimized.tif-masolata-267x400.jpg 267w, https:\/\/semmelweis.hu\/c80\/files\/2025\/01\/dsc6750_optimized.tif-masolata-683x1024.jpg 683w, https:\/\/semmelweis.hu\/c80\/files\/2025\/01\/dsc6750_optimized.tif-masolata-768x1151.jpg 768w, https:\/\/semmelweis.hu\/c80\/files\/2025\/01\/dsc6750_optimized.tif-masolata-1025x1536.jpg 1025w, https:\/\/semmelweis.hu\/c80\/files\/2025\/01\/dsc6750_optimized.tif-masolata-1367x2048.jpg 1367w, https:\/\/semmelweis.hu\/c80\/files\/2025\/01\/dsc6750_optimized.tif-masolata-753x1128.jpg 753w\" sizes=\"auto, (max-width: 167px) 100vw, 167px\" \/><\/a>\u00a0<\/p>\n<h6 style=\"text-align: right\"><span style=\"font-size: 12pt\"><strong>Fot\u00f3k:<\/strong> Reg\u0151s Benedek<\/span><\/h6>\n","protected":false},"excerpt":{"rendered":"<p>Nincs kedvem er\u0151snek lenni, de van m\u00e1s v\u00e1laszt\u00e1som? selyem, selyemfest\u00e9k 2024 1. nem szoktam golfozni 2. doktor \u00far 3. I &lt;3 F.Z. 4. \u00e9jjel \u00e9rkezem 5. m\u00e9g a hajatok sz\u00e1lai is mind sz\u00e1mon vannak tartva 6. nem eml\u00e9kszem, csak a c\u00e9klal\u00e9re Po\u00f3r Dorottya hat, k\u00e9preg\u00e9nyszer\u0171 festm\u00e9nyb\u0151l \u00e1ll\u00f3 alkot\u00e1s\u00e1ban egyszerre van jelen a daganatos betegs\u00e9ggel kapcsolatos &hellip;<\/p>\n","protected":false},"author":102325,"featured_media":0,"parent":0,"menu_order":0,"comment_status":"closed","ping_status":"closed","template":"","meta":{"_acf_changed":false,"footnotes":""},"categories":[],"tags":[],"class_list":["post-335","page","type-page","status-publish","hentry"],"acf":[],"_links":{"self":[{"href":"https:\/\/semmelweis.hu\/c80\/wp-json\/wp\/v2\/pages\/335","targetHints":{"allow":["GET"]}}],"collection":[{"href":"https:\/\/semmelweis.hu\/c80\/wp-json\/wp\/v2\/pages"}],"about":[{"href":"https:\/\/semmelweis.hu\/c80\/wp-json\/wp\/v2\/types\/page"}],"author":[{"embeddable":true,"href":"https:\/\/semmelweis.hu\/c80\/wp-json\/wp\/v2\/users\/102325"}],"replies":[{"embeddable":true,"href":"https:\/\/semmelweis.hu\/c80\/wp-json\/wp\/v2\/comments?post=335"}],"version-history":[{"count":9,"href":"https:\/\/semmelweis.hu\/c80\/wp-json\/wp\/v2\/pages\/335\/revisions"}],"predecessor-version":[{"id":391,"href":"https:\/\/semmelweis.hu\/c80\/wp-json\/wp\/v2\/pages\/335\/revisions\/391"}],"wp:attachment":[{"href":"https:\/\/semmelweis.hu\/c80\/wp-json\/wp\/v2\/media?parent=335"}],"wp:term":[{"taxonomy":"category","embeddable":true,"href":"https:\/\/semmelweis.hu\/c80\/wp-json\/wp\/v2\/categories?post=335"},{"taxonomy":"post_tag","embeddable":true,"href":"https:\/\/semmelweis.hu\/c80\/wp-json\/wp\/v2\/tags?post=335"}],"curies":[{"name":"wp","href":"https:\/\/api.w.org\/{rel}","templated":true}]}}